{"id":12782,"date":"2026-03-13T20:23:05","date_gmt":"2026-03-13T20:23:05","guid":{"rendered":"https:\/\/aquabluebursa.com\/magaza\/kategorilenmemis\/prodibio-biodigest-12-ampul\/"},"modified":"2026-03-13T20:23:05","modified_gmt":"2026-03-13T20:23:05","slug":"prodibio-biodigest-12-ampul","status":"publish","type":"product","link":"https:\/\/aquabluebursa.com\/en\/magaza\/bakteri-kulturleri\/prodibio-biodigest-12-ampul\/","title":{"rendered":"Prodibio &#8211; BioDigest 12 Amp\u00fcl"},"content":{"rendered":"<p>&nbsp;<\/p>\n<p style=\"text-align: justify;\"><span style=\"line-height: 23px; font-weight: bold; font-family: Arial, Helvetica, sans-serif; font-size: 10pt;\">Prodibio &#8211; Bio Digest 12 Amp\u00fcl<\/span><\/p>\n<div style=\"text-align: justify; border-image: initial; outline-width: 0px; outline-style: initial; outline-color: initial; padding: 0px; margin: 0px; border: 0px initial initial;\">\n<p class=\"MsoNormal\" style=\"border-image: initial; outline-width: 0px; outline-style: initial; outline-color: initial; font-size: 11px; color: #333333; font-family: Arial; padding: 0px; margin: 0cm 0cm 0pt 0cm; border: 0px initial initial;\"><span style=\"border-image: initial; outline-width: 0px; outline-style: initial; outline-color: initial; font-size: 10pt; color: #000000; padding: 0px; margin: 0px; border: 0px initial initial;\">* Bio Digest, nitrit ve denitrit bakterileri ile amonya\u011f\u0131 nitrite, nitriti nitrata ve nitrat\u0131 nitrojene d\u00f6n\u00fc\u015ft\u00fcrmektedir.<br \/>\n* Bakteriler hi\u00e7bir genetik mutasyona u\u011frat\u0131lmam\u0131\u015ft\u0131r.<br \/>\n* Farkl\u0131 bakterilerin kontroll\u00fc \u00e7alismasi DNA\u2019n\u0131n genetik enformasyonundan kaynaklanmaktad\u0131r.<br \/>\n* Bakteri t\u00fcrleri, deniz veya tatl\u0131 suda h\u0131zl\u0131 ve uyumlu \u00e7alistiklari g\u00f6z \u00f6n\u00fcne al\u0131narak se\u00e7ilmektedirler.<br \/>\n* Her bakteri t\u00fcr\u00fc bir olu\u015fum s\u00fcrecinden ge\u00e7tikten sonra di\u011fer bakteri t\u00fcrlerinin zehirli nitrojen i\u00e7eriklerini (amonyak ve nitrite) zarars\u0131z nitrata d\u00f6n\u00fc\u015ft\u00fcrene kadar devam eder.<br \/>\n* Biyolojik filtrsyon sistemi h\u0131zl\u0131 bir \u015fekilde nitrit bakterileri (Nitrosomonas europea ve Nitrobacter winogradskiyi) taraf\u0131ndan ba\u015flat\u0131lmaktad\u0131r.<br \/>\n* Bu bakteriler Amonyumu Nitrite ve Nitriti Nitrata d\u00f6n\u00fc\u015ft\u00fcr\u00fcrler.<br \/>\n* Organik art\u0131\u011f\u0131n temizlenmesi di\u011fer bakteri t\u00fcrleri ile desteklenir.<\/span><\/p>\n<p style=\"text-align: justify; border-image: initial; outline-width: 0px; outline-style: initial; outline-color: initial; font-size: 11px; color: #333333; font-family: Arial; padding: 0px; margin: 0px; border: 0px initial initial;\"><span style=\"border-image: initial; outline-width: 0px; outline-style: initial; outline-color: initial; font-size: 10pt; color: #000000; padding: 0px; margin: 0px; border: 0px initial initial;\">\u00a0<\/span><\/p>\n<p style=\"text-align: justify; border-image: initial; outline-width: 0px; outline-style: initial; outline-color: initial; font-size: 11px; color: #333333; font-family: Arial; padding: 0px; margin: 0px; border: 0px initial initial;\"><span style=\"border-image: initial; outline-width: 0px; outline-style: initial; outline-color: initial; font-size: 10pt; color: #000000; padding: 0px; margin: 0px; border: 0px initial initial;\">Bunlardan baz\u0131lar\u0131;<\/span><\/p>\n<div style=\"text-align: justify;\"><span style=\"color: #000000; font-size: 10pt;\">&#8212; Paracoccus denitrificans<\/span><span style=\"color: #000000; font-size: 10pt;\">\u00a0<\/span><\/div>\n<p>&nbsp;<\/p>\n<div style=\"text-align: justify;\"><span style=\"font-size: 10pt;\">&#8212; Pseudomonas stuzerii<\/span><\/div>\n<p>&nbsp;<\/p>\n<p>&nbsp;<\/p>\n<p>&nbsp;<\/p>\n<div style=\"text-align: justify;\"><span style=\"color: #000000; font-size: 10pt;\">\u00a0* Bu bakteri t\u00fcrleri baz\u0131 \u00f6zel organik sorunlar\u0131 olduk\u00e7a etkili temizler ve ayr\u0131ca nitrat\u0131 \u00e7\u00f6zebilirler.<\/span><\/div>\n<p>&nbsp;<\/p>\n<div style=\"text-align: justify;\"><span style=\"font-size: 10pt;\">\u00a0* Nitrat\u0131n \u2013Nitrojene \u00e7evirilmesi, akvaryumun az oksijenli b\u00f6lgelerinde bu t\u00fcr bakterilerin tak\u0131m halinde \u00e7alismasiyla ger\u00e7ekle\u015ftirilir.<\/span><\/div>\n<div style=\"text-align: justify;\"><span style=\"font-size: 10pt;\">\u00a0* Baz\u0131 bakteriler, denitrit enzimlerini aerobik olarak sentezleyebilirler.<\/span><\/div>\n<div style=\"text-align: justify;\"><span style=\"font-size: 10pt;\">\u00a0* Nitrat\u0131n ve fosfat\u0131n \u00e7\u00f6z\u00fclmesi yosunlar\u0131n b\u00fcy\u00fcmesini engeller.<\/span><\/div>\n<div style=\"text-align: justify;\"><span style=\"font-size: 10pt;\">\u00a0* Ayr\u0131ca bal\u0131klar\u0131n hastalanma riskini azalt\u0131r.<\/span><\/div>\n<div style=\"text-align: justify;\"><span style=\"font-size: 10pt;\">\u00a0* Bu bakteriler besin i\u00e7erikleri patojen (hastal\u0131k yap\u0131c\u0131) olan organizmalar\u0131n geli\u015fimini engeller.<\/span><\/div>\n<p>&nbsp;<\/p>\n<p>&nbsp;<\/p>\n<p>&nbsp;<\/p>\n<p style=\"text-align: justify; border-image: initial; outline-width: 0px; outline-style: initial; outline-color: initial; font-size: 11px; color: #333333; font-family: Arial; padding: 0px; margin: 0px; border: 0px initial initial;\"><span style=\"border-image: initial; outline-width: 0px; outline-style: initial; outline-color: initial; font-size: 10pt; color: #000000; padding: 0px; margin: 0px; border: 0px initial initial;\"><span style=\"border-image: initial; outline-width: 0px; outline-style: initial; outline-color: initial; font-weight: bold; padding: 0px; margin: 0px; border: 0px initial initial;\">Ampullerin<\/span><span style=\"border-image: initial; outline-width: 0px; outline-style: initial; outline-color: initial; font-weight: bold; padding: 0px; margin: 0px; border: 0px initial initial;\">\u00a0sahip oldu\u011fu avantajlar<\/span>\u00a0;<\/span><\/p>\n<div style=\"text-align: justify;\"><span style=\"color: #000000; font-size: 10pt;\">\u00a0* BIO DIGEST a\u015fir\u0131 konsantrasyonu ile bio teknolojiye sahiptir.<\/span><\/div>\n<p>&nbsp;<\/p>\n<div style=\"text-align: justify;\"><span style=\"font-size: 10pt;\">\u00a0* Bir Ampulde 20 milyar bakteri bulunmaktad\u0131r ve bu ampuller oksijenden izole edilerek uzun s\u00fcre korunur.<\/span><\/div>\n<div style=\"text-align: justify;\"><span style=\"font-size: 10pt;\">\u00a0* Ampuller a\u00e7\u0131ld\u0131ktan sonra bakteriler aktif hale ge\u00e7er ve %100 verimle \u00e7alisir.<\/span><\/div>\n<p>&nbsp;<\/p>\n<p>&nbsp;<\/p>\n<p>&nbsp;<\/p>\n<p style=\"text-align: justify; border-image: initial; outline-width: 0px; outline-style: initial; outline-color: initial; font-size: 11px; color: #333333; font-family: Arial; padding: 0px; margin: 0px; border: 0px initial initial;\"><span style=\"border-image: initial; outline-width: 0px; outline-style: initial; outline-color: initial; font-size: 10pt; font-weight: bold; color: #000000; padding: 0px; margin: 0px; border: 0px initial initial;\">\u00a0<\/span><\/p>\n<p style=\"text-align: justify; border-image: initial; outline-width: 0px; outline-style: initial; outline-color: initial; font-size: 11px; color: #333333; font-family: Arial; padding: 0px; margin: 0px; border: 0px initial initial;\"><span style=\"border-image: initial; outline-width: 0px; outline-style: initial; outline-color: initial; font-size: 10pt; font-weight: bold; color: #000000; padding: 0px; margin: 0px; border: 0px initial initial;\">BIO DIGEST\u2019\u0131n fark\u0131 nedir?<\/span><\/p>\n<p>&nbsp;<\/p>\n<div style=\"text-align: justify;\"><span style=\"color: #000000; font-size: 10pt;\">\u00a0* Bir Ampulde 20 milyar bakteri bulunur.<\/span><\/div>\n<p>&nbsp;<\/p>\n<div style=\"text-align: justify;\"><span style=\"font-size: 10pt;\">\u00a0* Uzun \u00f6m\u00fcrl\u00fc kullan\u0131m imkan\u0131na sahiptir<\/span><\/div>\n<div style=\"text-align: justify;\"><span style=\"font-size: 10pt;\">\u00a0* % 100 verimle \u00e7alisir.<\/span><\/div>\n<p>&nbsp;<\/p>\n<p>&nbsp;<\/p>\n<p>&nbsp;<\/p>\n<p style=\"text-align: justify; border-image: initial; outline-width: 0px; outline-style: initial; outline-color: initial; font-size: 11px; color: #333333; font-family: Arial; padding: 0px; margin: 0px; border: 0px initial initial;\"><span style=\"border-image: initial; outline-width: 0px; outline-style: initial; outline-color: initial; font-size: 10pt; font-weight: bold; color: #000000; padding: 0px; margin: 0px; border: 0px initial initial;\">\u00a0<\/span><\/p>\n<p style=\"text-align: justify; border-image: initial; outline-width: 0px; outline-style: initial; outline-color: initial; font-size: 11px; color: #333333; font-family: Arial; padding: 0px; margin: 0px; border: 0px initial initial;\"><span style=\"border-image: initial; outline-width: 0px; outline-style: initial; outline-color: initial; font-size: 10pt; font-weight: bold; color: #000000; padding: 0px; margin: 0px; border: 0px initial initial;\">Faydalar\u0131 ;<\/span><\/p>\n<p>&nbsp;<\/p>\n<div style=\"text-align: justify;\"><span style=\"color: #000000; font-size: 10pt;\">\u00a0* Uzun s\u00fcre<\/span><span style=\"color: #000000; font-size: 10pt;\">\u00a0<\/span><span style=\"color: #000000; font-size: 10pt; border-image: initial; outline-width: 0px; outline-style: initial; outline-color: initial; text-decoration: underline; padding: 0px; margin: 0px; border: 0px initial initial;\">kullan\u0131m<\/span><span style=\"color: #000000; font-size: 10pt;\">\u00a0<\/span><span style=\"color: #000000; font-size: 10pt;\">i\u00e7in ambalajlanm\u0131\u015ft\u0131r<\/span><\/div>\n<p>&nbsp;<\/p>\n<div style=\"text-align: justify;\"><span style=\"font-size: 10pt;\">\u00a0* Herhangi bir biyolojik kirlenme durumunda h\u0131zl\u0131 m\u00fcdahale etme olana\u011f\u0131 sa\u011flar.<\/span><\/div>\n<div style=\"text-align: justify;\"><span style=\"font-size: 10pt;\">\u00a0* Ekonomiktir: \u0130htiya\u00e7 duyuldu\u011funda % 100 verimle \u00e7alisir<\/span><\/div>\n<div style=\"text-align: justify;\"><span style=\"font-size: 10pt;\">\u00a0* Kullan\u0131\u015f\u0131 \u00e7ok basittir, Sadece Ampuller k\u0131r\u0131larak suya kar\u0131\u015ft\u0131r\u0131l\u0131r.\u00a0<\/span><\/div>\n<div style=\"text-align: justify;\"><span style=\"font-size: 10pt;\">\u00a0* Besin d\u00f6n\u00fc\u015f\u00fcm\u00fcne %30 destek verir (besin a\u011fr\u0131l\u0131\u011f\u0131\/bal\u0131k a\u011fr\u0131l\u0131\u011f\u0131).\u00a0<\/span><\/div>\n<div style=\"text-align: justify;\"><span style=\"font-size: 10pt;\">\u00a0* H\u0131zl\u0131 biyolojik filtrasyonu ba\u015flat\u0131r<\/span><\/div>\n<div style=\"text-align: justify;\"><span style=\"font-size: 10pt;\">\u00a0* Nitrat\u0131 azalt\u0131r<\/span><\/div>\n<div style=\"text-align: justify;\"><span style=\"font-size: 10pt;\">\u00a0* Fosfat\u0131 azalt\u0131r<\/span><\/div>\n<div style=\"text-align: justify;\"><span style=\"font-size: 10pt;\">\u00a0* Yosunlar\u0131n b\u00fcy\u00fcmesine engel olur\u00a0<\/span><\/div>\n<div style=\"text-align: justify;\"><span style=\"font-size: 10pt;\">\u00a0* Hastal\u0131klar\u0131n riskini azalt\u0131r<\/span><\/div>\n<div style=\"text-align: justify;\"><span style=\"font-size: 10pt;\">\u00a0* Suyun kalitesini artt\u0131r<\/span><\/div>\n<div style=\"text-align: justify;\"><span style=\"font-size: 10pt;\">\u00a0*\u00a0Akvaryumun organik at\u0131klar\u0131n\u0131 biyolojik olarak temizler<\/span><\/div>\n<p>&nbsp;<\/p>\n<p>&nbsp;<\/p>\n<p>&nbsp;<\/p>\n<p style=\"text-align: justify; border-image: initial; outline-width: 0px; outline-style: initial; outline-color: initial; font-size: 11px; color: #333333; font-family: Arial; padding: 0px; margin: 0px; border: 0px initial initial;\" align=\"left\"><span style=\"border-image: initial; outline-width: 0px; outline-style: initial; outline-color: initial; font-size: 10pt; color: #000000; padding: 0px; margin: 0px; border: 0px initial initial;\"><span style=\"border-image: initial; outline-width: 0px; outline-style: initial; outline-color: initial; font-weight: bold; padding: 0px; margin: 0px; border: 0px initial initial;\">\u00a0<\/span><\/span><\/p>\n<p style=\"text-align: justify; border-image: initial; outline-width: 0px; outline-style: initial; outline-color: initial; font-size: 11px; color: #333333; font-family: Arial; padding: 0px; margin: 0px; border: 0px initial initial;\" align=\"left\"><span style=\"border-image: initial; outline-width: 0px; outline-style: initial; outline-color: initial; font-size: 10pt; color: #000000; padding: 0px; margin: 0px; border: 0px initial initial;\"><span style=\"border-image: initial; outline-width: 0px; outline-style: initial; outline-color: initial; font-weight: bold; padding: 0px; margin: 0px; border: 0px initial initial;\">BIO<\/span><span style=\"border-image: initial; outline-width: 0px; outline-style: initial; outline-color: initial; font-weight: bold; padding: 0px; margin: 0px; border: 0px initial initial;\">\u00a0DIGEST Kullan\u0131m\u0131 ;<\/span><\/span><\/p>\n<p>&nbsp;<\/p>\n<p style=\"text-align: justify; border-image: initial; outline-width: 0px; outline-style: initial; outline-color: initial; font-size: 11px; color: #333333; font-family: Arial; padding: 0px; margin: 0px; border: 0px initial initial;\"><span style=\"border-image: initial; outline-width: 0px; outline-style: initial; outline-color: initial; font-size: 10pt; color: #000000; padding: 0px; margin: 0px; border: 0px initial initial;\"><span style=\"border-image: initial; outline-width: 0px; outline-style: initial; outline-color: initial; font-weight: bold; padding: 0px; margin: 0px; border: 0px initial initial;\">\u00a0<\/span><\/span><\/p>\n<div style=\"text-align: justify;\"><span style=\"font-weight: bold; color: #000000; font-size: 10pt;\">Ba\u015flang\u0131\u00e7ta ;<\/span><\/div>\n<p>&nbsp;<\/p>\n<div style=\"text-align: justify;\"><span style=\"font-size: 10pt; border-image: initial; outline-width: 0px; outline-style: initial; outline-color: initial; font-weight: bold; padding: 0px; margin: 0px; border: 0px initial initial;\">\u00a0<\/span><span style=\"font-size: 10pt;\">* Nitrifikasyonu h\u0131zl\u0131 ba\u015flatmak ve biyolojik dengeyi korumak i\u00e7in<\/span><\/div>\n<div style=\"text-align: justify;\"><span style=\"font-size: 10pt;\">\u00a0* Ampulleri kullanmadan \u00f6nce iyice \u00e7alkalayiniz.<\/span><\/div>\n<div style=\"text-align: justify;\"><span style=\"font-size: 10pt;\">\u00a0* 60 Litreye 1 Ampul<\/span><\/div>\n<p>&nbsp;<\/p>\n<p>&nbsp;<\/p>\n<p>&nbsp;<\/p>\n<p style=\"text-align: justify; border-image: initial; outline-width: 0px; outline-style: initial; outline-color: initial; font-size: 11px; color: #333333; font-family: Arial; padding: 0px; margin: 0px; border: 0px initial initial;\"><span style=\"border-image: initial; outline-width: 0px; outline-style: initial; outline-color: initial; font-size: 10pt; color: #000000; padding: 0px; margin: 0px; border: 0px initial initial;\"><span style=\"border-image: initial; outline-width: 0px; outline-style: initial; outline-color: initial; font-weight: bold; padding: 0px; margin: 0px; border: 0px initial initial;\">\u00a0<\/span><\/span><\/p>\n<div style=\"text-align: justify;\"><span style=\"font-weight: bold; color: #000000; font-size: 10pt;\">Nitritin y\u00fckselmesi ;<\/span><\/div>\n<p>&nbsp;<\/p>\n<div style=\"text-align: justify;\"><span style=\"font-size: 10pt;\">\u00a0* Nitrifikasyonu ayarlamak i\u00e7in<\/span><span style=\"font-size: 10pt;\">\u00a0<\/span><\/div>\n<div style=\"text-align: justify;\"><span style=\"font-size: 10pt;\">\u00a0* Ampulleri kullanmadan \u00f6nce iyice \u00e7alkalayiniz.<\/span><\/div>\n<div style=\"text-align: justify;\"><span style=\"font-size: 10pt;\">\u00a0* 60 Litreye 1 Ampul<\/span><\/div>\n<p>&nbsp;<\/p>\n<p>&nbsp;<\/p>\n<p>&nbsp;<\/p>\n<p style=\"text-align: justify; border-image: initial; outline-width: 0px; outline-style: initial; outline-color: initial; font-size: 11px; color: #333333; font-family: Arial; padding: 0px; margin: 0px; border: 0px initial initial;\"><span style=\"border-image: initial; outline-width: 0px; outline-style: initial; outline-color: initial; font-size: 10pt; color: #000000; padding: 0px; margin: 0px; border: 0px initial initial;\"><span style=\"border-image: initial; outline-width: 0px; outline-style: initial; outline-color: initial; font-weight: bold; padding: 0px; margin: 0px; border: 0px initial initial;\">\u00a0<\/span><\/span><\/p>\n<div style=\"text-align: justify;\"><span style=\"color: #000000; font-size: 10pt; border-image: initial; outline-width: 0px; outline-style: initial; outline-color: initial; font-weight: bold; padding: 0px; margin: 0px; border: 0px initial initial;\">Bakteri<\/span><span style=\"color: #000000; font-size: 10pt; border-image: initial; outline-width: 0px; outline-style: initial; outline-color: initial; font-weight: bold; padding: 0px; margin: 0px; border: 0px initial initial;\">\u00a0tedavisinden sonra<\/span><span style=\"color: #000000; font-size: 10pt; border-image: initial; outline-width: 0px; outline-style: initial; outline-color: initial; font-weight: bold; padding: 0px; margin: 0px; border: 0px initial initial;\">;<\/span><\/div>\n<p>&nbsp;<\/p>\n<div style=\"text-align: justify;\"><span style=\"font-size: 10pt;\">\u00a0*<\/span><span style=\"font-size: 10pt; border-image: initial; outline-width: 0px; outline-style: initial; outline-color: initial; font-weight: bold; padding: 0px; margin: 0px; border: 0px initial initial;\">\u00a0<\/span><span style=\"font-size: 10pt;\">Ampulleri kullanmadan \u00f6nce iyice \u00e7alkalayiniz.<\/span><\/div>\n<div style=\"text-align: justify;\"><span style=\"font-size: 10pt;\">\u00a0* Tedavi sonras\u0131, biyolojik filtrasyona destek vermek i\u00e7in filtre tank\u0131na 1 Ampul<\/span><\/div>\n<p>&nbsp;<\/p>\n<p>&nbsp;<\/p>\n<p>&nbsp;<\/p>\n<p style=\"text-align: justify; border-image: initial; outline-width: 0px; outline-style: initial; outline-color: initial; font-size: 11px; color: #333333; font-family: Arial; padding: 0px; margin: 0px; border: 0px initial initial;\"><span style=\"border-image: initial; outline-width: 0px; outline-style: initial; outline-color: initial; font-size: 10pt; color: #000000; padding: 0px; margin: 0px; border: 0px initial initial;\"><span style=\"border-image: initial; outline-width: 0px; outline-style: initial; outline-color: initial; font-weight: bold; padding: 0px; margin: 0px; border: 0px initial initial;\">\u00a0<\/span><\/span><\/p>\n<div style=\"text-align: justify;\"><span style=\"font-weight: bold; color: #000000; font-size: 10pt;\">Yosun olu\u015fumu g\u00f6zlenen kirli akvaryumlarda ;<\/span><span style=\"font-weight: bold; color: #000000; font-size: 10pt;\">\u00a0<\/span><\/div>\n<p>&nbsp;<\/p>\n<div style=\"text-align: justify;\"><span style=\"font-size: 10pt;\">\u00a0* Yosunlar\u0131n b\u00fcy\u00fctmesini engellemek ve organik art\u0131klar\u0131 temizleyerek nitrat\u0131 azaltmak i\u00e7in<\/span><\/div>\n<div style=\"text-align: justify;\"><span style=\"font-size: 10pt;\">\u00a0* Ampulleri kullanmadan \u00f6nce iyice \u00e7alkalayiniz.<\/span><span style=\"font-size: 10pt;\">\u00a0<\/span><\/div>\n<div style=\"text-align: justify;\"><span style=\"font-size: 10pt;\">\u00a0* Her 15 g\u00fcn de 1000 litre akvaryum suyuna 1 Ampul<\/span><\/div>\n<p>&nbsp;<\/p>\n<p>&nbsp;<\/p>\n<p>&nbsp;<\/p>\n<p style=\"text-align: justify; border-image: initial; outline-width: 0px; outline-style: initial; outline-color: initial; font-size: 11px; color: #333333; font-family: Arial; padding: 0px; margin: 0px; border: 0px initial initial;\"><span style=\"border-image: initial; outline-width: 0px; outline-style: initial; outline-color: initial; font-size: 10pt; color: #000000; padding: 0px; margin: 0px; border: 0px initial initial;\"><span style=\"border-image: initial; outline-width: 0px; outline-style: initial; outline-color: initial; font-weight: bold; padding: 0px; margin: 0px; border: 0px initial initial;\">\u00a0<\/span><\/span><\/p>\n<div style=\"text-align: justify;\"><span style=\"color: #000000; font-size: 10pt; border-image: initial; outline-width: 0px; outline-style: initial; outline-color: initial; font-weight: bold; padding: 0px; margin: 0px; border: 0px initial initial;\">K<\/span><span style=\"color: #000000; font-size: 10pt; border-image: initial; outline-width: 0px; outline-style: initial; outline-color: initial; font-weight: bold; padding: 0px; margin: 0px; border: 0px initial initial;\">\u0131rm\u0131z\u0131 yosun olu\u015fumu g\u00f6zlenen akvaryumlarda ;\u00a0<\/span><\/div>\n<p>&nbsp;<\/p>\n<div style=\"text-align: justify;\"><span style=\"font-size: 10pt;\">\u00a0* Nitrat\u0131 ve fosfat\u0131 dengelemek i\u00e7in<\/span><span style=\"font-size: 10pt;\">\u00a0<\/span><\/div>\n<div style=\"text-align: justify;\"><span style=\"font-size: 10pt;\">\u00a0* Ampulleri kullanmadan \u00f6nce iyice \u00e7alkalayiniz.<\/span><span style=\"font-size: 10pt;\">\u00a0<\/span><\/div>\n<div style=\"text-align: justify;\"><span style=\"font-size: 10pt;\">\u00a0* Her 15 g\u00fcnde 1000 litre akvaryum suyuna 1 Ampul<\/span><\/div>\n<p>&nbsp;<\/p>\n<p>&nbsp;<\/p>\n<p>&nbsp;<\/p>\n<p style=\"text-align: justify; border-image: initial; outline-width: 0px; outline-style: initial; outline-color: initial; font-size: 11px; color: #333333; font-family: Arial; padding: 0px; margin: 0px; border: 0px initial initial;\"><span style=\"border-image: initial; outline-width: 0px; outline-style: initial; outline-color: initial; font-size: 10pt; color: #000000; padding: 0px; margin: 0px; border: 0px initial initial;\"><span style=\"border-image: initial; outline-width: 0px; outline-style: initial; outline-color: initial; font-weight: bold; padding: 0px; margin: 0px; border: 0px initial initial;\">\u00a0<\/span><\/span><\/p>\n<div style=\"text-align: justify;\"><span style=\"color: #000000; font-size: 10pt; border-image: initial; outline-width: 0px; outline-style: initial; outline-color: initial; font-weight: bold; padding: 0px; margin: 0px; border: 0px initial initial;\">Te<\/span><span style=\"color: #000000; font-size: 10pt; border-image: initial; outline-width: 0px; outline-style: initial; outline-color: initial; font-weight: bold; padding: 0px; margin: 0px; border: 0px initial initial;\">\u015fhis edilemeyen hastal\u0131klar\u0131n g\u00f6r\u00fcld\u00fc\u011f\u00fc akvaryumlarda ;<\/span><\/div>\n<p>&nbsp;<\/p>\n<div style=\"text-align: justify;\"><span style=\"font-size: 10pt;\">\u00a0* Stresi ve patojen mikroorganizma oran\u0131n\u0131 azaltmak i\u00e7in<\/span><span style=\"font-size: 10pt;\">\u00a0<\/span><\/div>\n<div style=\"text-align: justify;\"><span style=\"font-size: 10pt;\">\u00a0* Ampulleri kullanmadan \u00f6nce iyice \u00e7alkalayiniz.<\/span><span style=\"font-size: 10pt;\">\u00a0<\/span><\/div>\n<div style=\"text-align: justify;\"><span style=\"font-size: 10pt;\">\u00a0* Her 15 g\u00fcn de 1000 litre akvaryum suyuna 1 Ampul<\/span><\/div>\n<p>&nbsp;<\/p>\n<p>&nbsp;<\/p>\n<p>&nbsp;<\/p>\n<p style=\"text-align: justify; border-image: initial; outline-width: 0px; outline-style: initial; outline-color: initial; font-size: 11px; color: #333333; font-family: Arial; padding: 0px; margin: 0px; border: 0px initial initial;\"><span style=\"border-image: initial; outline-width: 0px; outline-style: initial; outline-color: initial; font-size: 10pt; color: #000000; padding: 0px; margin: 0px; border: 0px initial initial;\"><span style=\"border-image: initial; outline-width: 0px; outline-style: initial; outline-color: initial; font-weight: bold; padding: 0px; margin: 0px; border: 0px initial initial;\">\u00a0<\/span><\/span><\/p>\n<div style=\"text-align: justify;\"><span style=\"color: #000000; font-size: 10pt; border-image: initial; outline-width: 0px; outline-style: initial; outline-color: initial; font-weight: bold; padding: 0px; margin: 0px; border: 0px initial initial;\">D\u00fczenli<\/span><span style=\"color: #000000; font-size: 10pt; border-image: initial; outline-width: 0px; outline-style: initial; outline-color: initial; font-weight: bold; padding: 0px; margin: 0px; border: 0px initial initial;\">\u00a0bak\u0131m i\u00e7in ;<\/span><\/div>\n<p>&nbsp;<\/p>\n<div style=\"text-align: justify;\"><span style=\"font-size: 10pt;\">\u00a0* Bakterileri uygun dengede tutmak i\u00e7in,<\/span><\/div>\n<div style=\"text-align: justify;\"><span style=\"font-size: 10pt;\">\u00a0* Ampulleri kullanmadan \u00f6nce iyice \u00e7alkalayiniz.\u00a0<\/span><\/div>\n<div style=\"text-align: justify;\"><span style=\"font-size: 10pt;\">\u00a0* \u00a0Her 15 g\u00fcn de 1000 litre akvaryum suyuna 1 Ampul<\/span><\/div>\n<p>&nbsp;<\/p>\n<p>&nbsp;<\/p>\n<p>&nbsp;<\/p>\n<p>&nbsp;<\/p>\n<\/div>\n<p>&nbsp;<\/p>\n<p>&nbsp;<\/p>","protected":false},"excerpt":{"rendered":"<p>&nbsp; Prodibio &#8211; Bio Digest 12 Amp\u00fcl * Bio Digest, nitrit ve denitrit bakterileri ile amonya\u011f\u0131 nitrite, nitriti nitrata ve<\/p>","protected":false},"featured_media":13358,"comment_status":"closed","ping_status":"open","template":"","meta":[],"pwb-brand":[],"product_brand":[88],"product_cat":[158],"product_tag":[],"class_list":{"0":"post-12782","1":"product","2":"type-product","3":"status-publish","4":"has-post-thumbnail","6":"product_brand-prodibio","7":"product_cat-bakteri-kulturleri","9":"first","10":"outofstock","11":"purchasable","12":"product-type-simple"},"brands":[],"_links":{"self":[{"href":"https:\/\/aquabluebursa.com\/en\/wp-json\/wp\/v2\/product\/12782","targetHints":{"allow":["GET"]}}],"collection":[{"href":"https:\/\/aquabluebursa.com\/en\/wp-json\/wp\/v2\/product"}],"about":[{"href":"https:\/\/aquabluebursa.com\/en\/wp-json\/wp\/v2\/types\/product"}],"replies":[{"embeddable":true,"href":"https:\/\/aquabluebursa.com\/en\/wp-json\/wp\/v2\/comments?post=12782"}],"wp:featuredmedia":[{"embeddable":true,"href":"https:\/\/aquabluebursa.com\/en\/wp-json\/wp\/v2\/media\/13358"}],"wp:attachment":[{"href":"https:\/\/aquabluebursa.com\/en\/wp-json\/wp\/v2\/media?parent=12782"}],"wp:term":[{"taxonomy":"pwb-brand","embeddable":true,"href":"https:\/\/aquabluebursa.com\/en\/wp-json\/wp\/v2\/pwb-brand?post=12782"},{"taxonomy":"product_brand","embeddable":true,"href":"https:\/\/aquabluebursa.com\/en\/wp-json\/wp\/v2\/product_brand?post=12782"},{"taxonomy":"product_cat","embeddable":true,"href":"https:\/\/aquabluebursa.com\/en\/wp-json\/wp\/v2\/product_cat?post=12782"},{"taxonomy":"product_tag","embeddable":true,"href":"https:\/\/aquabluebursa.com\/en\/wp-json\/wp\/v2\/product_tag?post=12782"}],"curies":[{"name":"wp","href":"https:\/\/api.w.org\/{rel}","templated":true}]}}