{"id":12783,"date":"2026-03-13T20:23:05","date_gmt":"2026-03-13T20:23:05","guid":{"rendered":"https:\/\/aquabluebursa.com\/magaza\/kategorilenmemis\/prodibio-reef-booster-12-ampul\/"},"modified":"2026-03-13T20:23:05","modified_gmt":"2026-03-13T20:23:05","slug":"prodibio-reef-booster-12-ampul","status":"publish","type":"product","link":"https:\/\/aquabluebursa.com\/en\/magaza\/balik-ve-mercan-besinlerimercan-besinleri\/prodibio-reef-booster-12-ampul\/","title":{"rendered":"Prodibio &#8211; Reef Booster 12 Amp\u00fcl"},"content":{"rendered":"<p>&nbsp;<\/p>\n<p style=\"text-align: justify;\"><span style=\"line-height: 23px; font-weight: bold; font-family: Arial, Helvetica, sans-serif; font-size: 10pt;\">Prodibio &#8211; Reef Booster 12 Amp\u00fcl<\/span><\/p>\n<p style=\"text-align: justify;\">\u00a0<span style=\"font-size: 10pt; font-family: Arial; border: 0px; outline: 0px; margin: 0px; padding: 0px;\">*\u00a0<\/span><span style=\"font-size: 10pt; font-family: Arial; border: 0px; outline: 0px; margin: 0px; padding: 0px;\">Omurgas<\/span><span style=\"font-size: 10pt; font-family: Arial; border: 0px; outline: 0px; margin: 0px; padding: 0px;\">\u0131z canl\u0131lar\u0131n sa\u011fl\u0131kl\u0131 \u015fekilde b\u00fcy\u00fcmesi i\u00e7in \u00fcretilmis bir\u00a0<\/span><span style=\"font-size: 10pt; font-family: Arial; border: 0px; outline: 0px; margin: 0px; padding: 0px;\">\u00fcr\u00fcn<\/span><\/p>\n<div style=\"text-align: justify; border-image: initial; outline-width: 0px; outline-style: initial; outline-color: initial; padding: 0px; margin: 0px; border: 0px initial initial;\">\n<p>&nbsp;<\/p>\n<p style=\"text-align: justify; border-image: initial; outline-width: 0px; outline-style: initial; outline-color: initial; font-size: 11px; color: #333333; font-family: Arial; padding: 0px; margin: 0px; border: 0px initial initial;\"><span style=\"font-family: Verdana, Arial, Helvetica; font-size: 10pt; border: 0px; outline: 0px; margin: 0px; padding: 0px; font-weight: bold; color: #000000;\">REEF<\/span><span style=\"font-family: Verdana, Arial, Helvetica; font-size: 10pt; border: 0px; outline: 0px; margin: 0px; padding: 0px; font-weight: bold;\"><span style=\"border-image: initial; outline-width: 0px; outline-style: initial; outline-color: initial; color: #000000; padding: 0px; margin: 0px; border: 0px initial initial;\">\u00a0BOOSTER\u2019\u0131n i\u00e7eri\u011finde<\/span><span style=\"border-image: initial; outline-width: 0px; outline-style: initial; outline-color: initial; color: #000000; padding: 0px; margin: 0px; border: 0px initial initial;\">;<\/span><\/span><\/p>\n<p>&nbsp;<\/p>\n<div style=\"text-align: justify;\"><span style=\"font-size: 10pt; border-image: initial; outline-width: 0px; outline-style: initial; outline-color: initial; padding: 0px; margin: 0px; border: 0px initial initial;\">*\u00a0<\/span><span style=\"font-size: 10pt; border-image: initial; outline-width: 0px; outline-style: initial; outline-color: initial; padding: 0px; margin: 0px; border: 0px initial initial;\">Omurgas\u0131z canl\u0131lar\u0131 besleyici \u00f6zellikteki esansiyel ya\u011f asitleri, amino asitler, ?-3 ya\u011f asitleri, fosfolipid ya\u011f asitleri, karoten ve y\u00fcksek konsantrasyonda \u00e7oklu doymam\u0131\u015f ya\u011f asitleri bulunmaktad\u0131r<\/span><span style=\"font-size: 10pt; border-image: initial; outline-width: 0px; outline-style: initial; outline-color: initial; padding: 0px; margin: 0px; border: 0px initial initial;\">.\u00a0<\/span><\/div>\n<p>&nbsp;<\/p>\n<div style=\"text-align: justify;\"><span style=\"font-size: 10pt; border-image: initial; outline-width: 0px; outline-style: initial; outline-color: initial; padding: 0px; margin: 0px; border: 0px initial initial;\">* Bu maddeler, do\u011fada eser miktarda bulunan ancak canl\u0131lar\u0131n ya\u015famsal faaliyetlerini y\u00fcr\u00fctebilmeleri i\u00e7in mutlaka ihtiya\u00e7 duyduklar\u0131 maddelerdir<\/span><span style=\"font-size: 10pt; border-image: initial; outline-width: 0px; outline-style: initial; outline-color: initial; padding: 0px; margin: 0px; border: 0px initial initial;\">.\u00a0<\/span><\/div>\n<p>&nbsp;<\/p>\n<div style=\"text-align: justify;\"><span style=\"font-size: 10pt;\">* REEF BOOSTER, akvaryumda bulunan omurgas\u0131z canl\u0131lar\u0131 ve bu canl\u0131larla simbiyotik ya\u015fam s\u00fcrd\u00fcren algleri (Zooxanthelles), mikro phytoplanktonlar\u0131 ve zooplanktonlar\u0131 besleyici \u00f6zelik ta\u015fimaktad\u0131r.<\/span><\/div>\n<p>&nbsp;<\/p>\n<p><span style=\"font-weight: bold; font-size: 10pt; border: 0px; outline: 0px; margin: 0px; padding: 0px;\">REEF<\/span><span style=\"font-weight: bold; font-size: 10pt; border: 0px; outline: 0px; margin: 0px; padding: 0px;\">\u00a0BOOSTER Kullan\u0131m<\/span><span style=\"font-weight: bold; font-size: 10pt; border: 0px; outline: 0px; margin: 0px; padding: 0px;\">\u0131;\u00a0<\/span><\/p>\n<p>&nbsp;<\/p>\n<div style=\"text-align: justify;\"><span style=\"font-size: 10pt; border-image: initial; outline-width: 0px; outline-style: initial; outline-color: initial; padding: 0px; margin: 0px; border: 0px initial initial;\">*\u00a0<\/span><span style=\"font-size: 10pt; border-image: initial; outline-width: 0px; outline-style: initial; outline-color: initial; padding: 0px; margin: 0px; border: 0px initial initial;\">Ampulleri kullanmadan \u00f6nce iyice \u00e7alkalayiniz<\/span><span style=\"font-size: 10pt; border-image: initial; outline-width: 0px; outline-style: initial; outline-color: initial; padding: 0px; margin: 0px; border: 0px initial initial;\">.<\/span><span style=\"font-size: 10pt; border-image: initial; outline-width: 0px; outline-style: initial; outline-color: initial; padding: 0px; margin: 0px; border: 0px initial initial;\"><span style=\"border-image: initial; outline-width: 0px; outline-style: initial; outline-color: initial; font-weight: bold; padding: 0px; margin: 0px; border: 0px initial initial;\">\u00a0<\/span><\/span><\/div>\n<p>&nbsp;<\/p>\n<div style=\"text-align: justify;\"><span style=\"font-size: 10pt; border-image: initial; outline-width: 0px; outline-style: initial; outline-color: initial; padding: 0px; margin: 0px; border: 0px initial initial;\">*\u00a0<\/span><span style=\"font-size: 10pt; border-image: initial; outline-width: 0px; outline-style: initial; outline-color: initial; padding: 0px; margin: 0px; border: 0px initial initial;\">Haftada bir 400 litre akvaryum suyuna i\u00e7in 1 Ampul<\/span><span style=\"font-size: 10pt; border-image: initial; outline-width: 0px; outline-style: initial; outline-color: initial; padding: 0px; margin: 0px; border: 0px initial initial;\">.<\/span><\/div>\n<p>&nbsp;<\/p>\n<div style=\"text-align: justify;\"><span style=\"font-size: 10pt; border-image: initial; outline-width: 0px; outline-style: initial; outline-color: initial; padding: 0px; margin: 0px; border: 0px initial initial;\"><span style=\"border-image: initial; outline-width: 0px; outline-style: initial; outline-color: initial; font-weight: bold; padding: 0px; margin: 0px; border: 0px initial initial;\">1.<\/span>\u00a0<\/span><span style=\"font-size: 10pt; border-image: initial; outline-width: 0px; outline-style: initial; outline-color: initial; padding: 0px; margin: 0px; border: 0px initial initial;\">Ampul i\u00e7eri\u011fini bir bardak akvaryum suyuna ilave ediniz<\/span><span style=\"font-size: 10pt; border-image: initial; outline-width: 0px; outline-style: initial; outline-color: initial; padding: 0px; margin: 0px; border: 0px initial initial;\">.<\/span><\/div>\n<p>&nbsp;<\/p>\n<div style=\"text-align: justify;\"><span style=\"font-size: 10pt; border-image: initial; outline-width: 0px; outline-style: initial; outline-color: initial; padding: 0px; margin: 0px; border: 0px initial initial;\"><span style=\"border-image: initial; outline-width: 0px; outline-style: initial; outline-color: initial; font-weight: bold; padding: 0px; margin: 0px; border: 0px initial initial;\">2.<\/span>\u00a0<\/span><span style=\"font-size: 10pt; border-image: initial; outline-width: 0px; outline-style: initial; outline-color: initial; padding: 0px; margin: 0px; border: 0px initial initial;\">Protein Skimmer ve ana sirk\u00fclasyon pompas\u0131n\u0131 durdurduktan sonra, preparat\u0131 akvaryum suyuna e\u015fit \u015fekilde ilave ediniz<\/span><span style=\"font-size: 10pt; border-image: initial; outline-width: 0px; outline-style: initial; outline-color: initial; padding: 0px; margin: 0px; border: 0px initial initial;\">.\u00a0<\/span><\/div>\n<p>&nbsp;<\/p>\n<div style=\"text-align: justify;\"><span style=\"font-size: 10pt; border-image: initial; outline-width: 0px; outline-style: initial; outline-color: initial; padding: 0px; margin: 0px; border: 0px initial initial;\"><span style=\"border-image: initial; outline-width: 0px; outline-style: initial; outline-color: initial; font-weight: bold; padding: 0px; margin: 0px; border: 0px initial initial;\">3.<\/span>\u00a0<\/span><span style=\"font-size: 10pt; border-image: initial; outline-width: 0px; outline-style: initial; outline-color: initial; padding: 0px; margin: 0px; border: 0px initial initial;\">Protein Skimmer ve ana sirk\u00fclasyon pompas\u0131n\u0131 ilaveden 15 dk. sonra tekrar \u00e7alistirabilirsiniz<\/span><span style=\"font-size: 10pt; border-image: initial; outline-width: 0px; outline-style: initial; outline-color: initial; padding: 0px; margin: 0px; border: 0px initial initial;\">.<\/span><\/div>\n<div style=\"text-align: justify;\"><\/div>\n<div style=\"text-align: justify;\"><span style=\"color: #ef001b; font-family: Arial, Helvetica, sans-serif; font-size: medium; line-height: normal;\">NOT : Sadece akvaryum kullan\u0131m\u0131 i\u00e7indir !<\/span><\/div>\n<p>&nbsp;<\/p>\n<\/div>\n<p>&nbsp;<\/p>","protected":false},"excerpt":{"rendered":"<p>&nbsp; Prodibio &#8211; Reef Booster 12 Amp\u00fcl \u00a0*\u00a0Omurgas\u0131z canl\u0131lar\u0131n sa\u011fl\u0131kl\u0131 \u015fekilde b\u00fcy\u00fcmesi i\u00e7in \u00fcretilmis bir\u00a0\u00fcr\u00fcn &nbsp; REEF\u00a0BOOSTER\u2019\u0131n i\u00e7eri\u011finde; &nbsp; *\u00a0Omurgas\u0131z<\/p>","protected":false},"featured_media":13359,"comment_status":"closed","ping_status":"open","template":"","meta":[],"pwb-brand":[],"product_brand":[88],"product_cat":[164],"product_tag":[],"class_list":{"0":"post-12783","1":"product","2":"type-product","3":"status-publish","4":"has-post-thumbnail","6":"product_brand-prodibio","7":"product_cat-balik-ve-mercan-besinlerimercan-besinleri","9":"first","10":"outofstock","11":"purchasable","12":"product-type-simple"},"brands":[],"_links":{"self":[{"href":"https:\/\/aquabluebursa.com\/en\/wp-json\/wp\/v2\/product\/12783","targetHints":{"allow":["GET"]}}],"collection":[{"href":"https:\/\/aquabluebursa.com\/en\/wp-json\/wp\/v2\/product"}],"about":[{"href":"https:\/\/aquabluebursa.com\/en\/wp-json\/wp\/v2\/types\/product"}],"replies":[{"embeddable":true,"href":"https:\/\/aquabluebursa.com\/en\/wp-json\/wp\/v2\/comments?post=12783"}],"wp:featuredmedia":[{"embeddable":true,"href":"https:\/\/aquabluebursa.com\/en\/wp-json\/wp\/v2\/media\/13359"}],"wp:attachment":[{"href":"https:\/\/aquabluebursa.com\/en\/wp-json\/wp\/v2\/media?parent=12783"}],"wp:term":[{"taxonomy":"pwb-brand","embeddable":true,"href":"https:\/\/aquabluebursa.com\/en\/wp-json\/wp\/v2\/pwb-brand?post=12783"},{"taxonomy":"product_brand","embeddable":true,"href":"https:\/\/aquabluebursa.com\/en\/wp-json\/wp\/v2\/product_brand?post=12783"},{"taxonomy":"product_cat","embeddable":true,"href":"https:\/\/aquabluebursa.com\/en\/wp-json\/wp\/v2\/product_cat?post=12783"},{"taxonomy":"product_tag","embeddable":true,"href":"https:\/\/aquabluebursa.com\/en\/wp-json\/wp\/v2\/product_tag?post=12783"}],"curies":[{"name":"wp","href":"https:\/\/api.w.org\/{rel}","templated":true}]}}