{"id":12784,"date":"2026-03-13T20:23:05","date_gmt":"2026-03-13T20:23:05","guid":{"rendered":"https:\/\/aquabluebursa.com\/magaza\/kategorilenmemis\/prodibio-stop-ammo-12-ampul\/"},"modified":"2026-03-13T20:23:05","modified_gmt":"2026-03-13T20:23:05","slug":"prodibio-stop-ammo-12-ampul","status":"publish","type":"product","link":"https:\/\/aquabluebursa.com\/en\/magaza\/katkilar\/prodibio-stop-ammo-12-ampul\/","title":{"rendered":"Prodibio &#8211; Stop Ammo 12 Amp\u00fcl"},"content":{"rendered":"<p>&nbsp;<\/p>\n<p style=\"text-align: justify;\"><span style=\"line-height: 23px; font-weight: bold; font-family: Arial, Helvetica, sans-serif; font-size: 10pt;\">Prodibio &#8211; Stop Ammo 12 Amp\u00fcl<\/span><\/p>\n<div style=\"text-align: justify; border-image: initial; outline-width: 0px; outline-style: initial; outline-color: initial; padding: 0px; margin: 0px; border: 0px initial initial;\">\n<p class=\"MsoNormal\" style=\"text-align: justify; border-image: initial; outline-width: 0px; outline-style: initial; outline-color: initial; font-size: 11px; color: #333333; padding: 0px; margin: 0cm 0cm 0pt 0cm; border: 0px initial initial;\"><span style=\"border-image: initial; outline-width: 0px; outline-style: initial; outline-color: initial; font-size: 10pt; background-image: none; background-attachment: scroll; background-origin: initial; background-clip: initial; background-color: white; color: #000000; background-position: 0% 0%; background-repeat: repeat repeat; padding: 0px; margin: 0px; border: 0px initial initial;\">* \u00c7\u00f6l bitkilerin i\u00e7eriklerinden \u00fcretilmi\u015ftir. Bu bitkiler amonya\u011f\u0131 ve nitrojeni\u00a0 ba\u011flarlar. Nitrojen olduk\u00e7a zehirli bir gazd\u0131r.<\/span><\/p>\n<p class=\"MsoNormal\" style=\"text-align: justify; border-image: initial; outline-width: 0px; outline-style: initial; outline-color: initial; font-size: 11px; color: #333333; padding: 0px; margin: 0cm 0cm 0pt 0cm; border: 0px initial initial;\"><span style=\"border-image: initial; outline-width: 0px; outline-style: initial; outline-color: initial; font-size: 10pt; background-image: none; background-attachment: scroll; background-origin: initial; background-clip: initial; background-color: white; color: #000000; background-position: 0% 0%; background-repeat: repeat repeat; padding: 0px; margin: 0px; border: 0px initial initial;\">\u00a0* Kullan\u0131lan bitkiler nitrojeni zehirsiz halde b\u00fcnyelerinde sentezleyerek besin haline (\u00f6zelikle protein ve amino asit) d\u00f6n\u00fc\u015ft\u00fcr\u00fcrler.<\/span><\/p>\n<p class=\"MsoNormal\" style=\"text-align: justify; border-image: initial; outline-width: 0px; outline-style: initial; outline-color: initial; font-size: 11px; color: #333333; padding: 0px; margin: 0cm 0cm 0pt 0cm; border: 0px initial initial;\"><span style=\"border-image: initial; outline-width: 0px; outline-style: initial; outline-color: initial; font-size: 10pt; background-image: none; background-attachment: scroll; background-origin: initial; background-clip: initial; background-color: white; color: #000000; background-position: 0% 0%; background-repeat: repeat repeat; padding: 0px; margin: 0px; border: 0px initial initial;\">\u00a0* Bu \u00fcr\u00fcn akvaryum bal\u0131klar\u0131nda kullan\u0131ld\u0131\u011f\u0131 i\u00e7in, bal\u0131k solunga\u00e7lar\u0131nda zehirli etkiye sahip olan Saponinler \u00fcr\u00fcn\u00fcn i\u00e7eri\u011finden \u00e7\u0131kart\u0131lm\u0131\u015ft\u0131r.<\/span><\/p>\n<p class=\"MsoNormal\" style=\"text-align: justify; border-image: initial; outline-width: 0px; outline-style: initial; outline-color: initial; font-size: 11px; color: #333333; padding: 0px; margin: 0cm 0cm 0pt 0cm; border: 0px initial initial;\"><span style=\"border-image: initial; outline-width: 0px; outline-style: initial; outline-color: initial; font-size: 10pt; background-image: none; background-attachment: scroll; background-origin: initial; background-clip: initial; background-color: white; color: #000000; background-position: 0% 0%; background-repeat: repeat repeat; padding: 0px; margin: 0px; border: 0px initial initial;\">\u00a0* Ayr\u0131ca STOP AMMO\u2019nun bir di\u011fer \u00f6zeli\u011fi de akvaryum suyunda olu\u015fan amonya\u011f\u0131 ba\u011flamas\u0131d\u0131r.\u00a0<\/span><\/p>\n<p class=\"MsoNormal\" style=\"text-align: justify; border-image: initial; outline-width: 0px; outline-style: initial; outline-color: initial; font-size: 11px; color: #333333; padding: 0px; margin: 0cm 0cm 0pt 0cm; border: 0px initial initial;\"><span style=\"border-image: initial; outline-width: 0px; outline-style: initial; outline-color: initial; font-size: 10pt; background-image: none; background-attachment: scroll; background-origin: initial; background-clip: initial; background-color: white; color: #000000; background-position: 0% 0%; background-repeat: repeat repeat; padding: 0px; margin: 0px; border: 0px initial initial;\">\u00a0* \u00a0Bal\u0131k sevk\u0131yat\u0131 i\u00e7in kullan\u0131lan suya eklenebilir \u00e7\u00fcnk\u00fc NH3 (Amonya\u011f\u0131) oran\u0131n\u0131 ve buna ba\u011fl\u0131 olarak nitriti azalt\u0131r.<\/span><\/p>\n<p class=\"MsoNormal\" style=\"text-align: justify; border-image: initial; outline-width: 0px; outline-style: initial; outline-color: initial; font-size: 11px; color: #333333; padding: 0px; margin: 0cm 0cm 0pt 0cm; border: 0px initial initial;\"><span style=\"border-image: initial; outline-width: 0px; outline-style: initial; outline-color: initial; font-size: 10pt; background-image: none; background-attachment: scroll; background-origin: initial; background-clip: initial; background-color: white; color: #000000; background-position: 0% 0%; background-repeat: repeat repeat; padding: 0px; margin: 0px; border: 0px initial initial;\">\u00a0<\/span><\/p>\n<p class=\"MsoNormal\" style=\"text-align: justify; border-image: initial; outline-width: 0px; outline-style: initial; outline-color: initial; font-size: 11px; color: #333333; padding: 0px; margin: 0cm 0cm 0pt 0cm; border: 0px initial initial;\"><span style=\"border-image: initial; outline-width: 0px; outline-style: initial; outline-color: initial; font-size: 10pt; padding: 0px; margin: 0px; border: 0px initial initial;\"><span style=\"border-image: initial; outline-width: 0px; outline-style: initial; outline-color: initial; font-weight: bold; color: #000000; text-decoration: underline; padding: 0px; margin: 0px; border: 0px initial initial;\">\u00a0Kullan\u0131lmas\u0131 gereken durumlar?<\/span><\/span><\/p>\n<p class=\"MsoNormal\" style=\"text-align: justify; border-image: initial; outline-width: 0px; outline-style: initial; outline-color: initial; font-size: 11px; color: #333333; padding: 0px; margin: 0cm 0cm 0pt 0cm; border: 0px initial initial;\"><span style=\"border-image: initial; outline-width: 0px; outline-style: initial; outline-color: initial; font-size: 10pt; color: #000000; padding: 0px; margin: 0px; border: 0px initial initial;\">\u00a0* Sevk edilecek bal\u0131klar i\u00e7in kullan\u0131labilir. \u00c7\u00fcnk\u00fc deniz bal\u0131klar\u0131 birka\u00e7 saat i\u00e7inde yeni ortama adapte olmaktad\u0131r.<\/span><\/p>\n<p class=\"MsoNormal\" style=\"text-align: justify; border-image: initial; outline-width: 0px; outline-style: initial; outline-color: initial; font-size: 11px; color: #333333; padding: 0px; margin: 0cm 0cm 0pt 0cm; border: 0px initial initial;\"><span style=\"border-image: initial; outline-width: 0px; outline-style: initial; outline-color: initial; font-size: 10pt; color: #000000; padding: 0px; margin: 0px; border: 0px initial initial;\">\u00a0* Akvaryum yeni kuruldu\u011funda olu\u015fan amonyak ve nitrit olu\u015fumunun azalt\u0131lmas\u0131.<\/span><\/p>\n<p class=\"MsoNormal\" style=\"text-align: justify; border-image: initial; outline-width: 0px; outline-style: initial; outline-color: initial; font-size: 11px; color: #333333; padding: 0px; margin: 0cm 0cm 0pt 0cm; border: 0px initial initial;\"><span style=\"border-image: initial; outline-width: 0px; outline-style: initial; outline-color: initial; font-size: 10pt; color: #000000; padding: 0px; margin: 0px; border: 0px initial initial;\">\u00a0<\/span><\/p>\n<p class=\"MsoNormal\" style=\"text-align: justify; border-image: initial; outline-width: 0px; outline-style: initial; outline-color: initial; font-size: 11px; color: #333333; padding: 0px; margin: 0cm 0cm 0pt 0cm; border: 0px initial initial;\"><span style=\"border-image: initial; outline-width: 0px; outline-style: initial; outline-color: initial; font-size: 10pt; font-weight: bold; color: #000000; text-decoration: underline; padding: 0px; margin: 0px; border: 0px initial initial;\">Sevk edilecek bal\u0131klar i\u00e7in ;<\/span><\/p>\n<p class=\"MsoNormal\" style=\"text-align: justify; border-image: initial; outline-width: 0px; outline-style: initial; outline-color: initial; font-size: 11px; color: #333333; padding: 0px; margin: 0cm 0cm 0pt 0cm; border: 0px initial initial;\"><span style=\"border-image: initial; outline-width: 0px; outline-style: initial; outline-color: initial; font-size: 10pt; color: #000000; padding: 0px; margin: 0px; border: 0px initial initial;\">\u00a0* STOP AMMO amonya\u011f\u0131 ba\u011flar ve bal\u0131k d\u0131\u015fk\u0131s\u0131yla meydana gelen proteinlerin dekompozisyonundan dolay\u0131 a\u00e7\u0131\u011fa \u00e7\u0131kan\u00a0 s\u00fclf\u00fcr gazlar\u0131n\u0131 \u00a0elemine eder.<\/span><\/p>\n<p class=\"MsoNormal\" style=\"text-align: justify; border-image: initial; outline-width: 0px; outline-style: initial; outline-color: initial; font-size: 11px; color: #333333; padding: 0px; margin: 0cm 0cm 0pt 0cm; border: 0px initial initial;\"><span style=\"border-image: initial; outline-width: 0px; outline-style: initial; outline-color: initial; font-size: 10pt; color: #000000; padding: 0px; margin: 0px; border: 0px initial initial;\">\u00a0* E\u011fer sevkiyat bol su ile yap\u0131lacak ise<br \/>\n10 litre\u00a0su i\u00e7in, 1 Ampul kullan\u0131r.<\/span><\/p>\n<p class=\"MsoNormal\" style=\"text-align: justify; border-image: initial; outline-width: 0px; outline-style: initial; outline-color: initial; font-size: 11px; color: #333333; padding: 0px; margin: 0cm 0cm 0pt 0cm; border: 0px initial initial;\"><span style=\"border-image: initial; outline-width: 0px; outline-style: initial; outline-color: initial; font-size: 10pt; color: #000000; padding: 0px; margin: 0px; border: 0px initial initial;\">\u00a0<\/span><\/p>\n<p class=\"MsoNormal\" style=\"text-align: justify; border-image: initial; outline-width: 0px; outline-style: initial; outline-color: initial; font-size: 11px; color: #333333; padding: 0px; margin: 0cm 0cm 0pt 0cm; border: 0px initial initial;\"><span style=\"border-image: initial; outline-width: 0px; outline-style: initial; outline-color: initial; font-size: 10pt; font-weight: bold; color: #000000; text-decoration: underline; padding: 0px; margin: 0px; border: 0px initial initial;\">Sonu\u00e7lar\u0131;<\/span><\/p>\n<p class=\"MsoNormal\" style=\"text-align: justify; border-image: initial; outline-width: 0px; outline-style: initial; outline-color: initial; font-size: 11px; color: #333333; padding: 0px; margin: 0cm 0cm 0pt 0cm; border: 0px initial initial;\"><span style=\"border-image: initial; outline-width: 0px; outline-style: initial; outline-color: initial; font-size: 10pt; color: #000000; padding: 0px; margin: 0px; border: 0px initial initial;\">\u00a0* Amonya\u011f\u0131n\u00a0etkileri % 10 ile % 50 azal\u0131r.<\/span><\/p>\n<p class=\"MsoNormal\" style=\"text-align: justify; border-image: initial; outline-width: 0px; outline-style: initial; outline-color: initial; font-size: 11px; color: #333333; padding: 0px; margin: 0cm 0cm 0pt 0cm; border: 0px initial initial;\"><span style=\"border-image: initial; outline-width: 0px; outline-style: initial; outline-color: initial; font-size: 10pt; color: #000000; padding: 0px; margin: 0px; border: 0px initial initial;\">\u00a0* Bal\u0131klar strese girmez.<\/span><\/p>\n<p class=\"MsoNormal\" style=\"text-align: justify; border-image: initial; outline-width: 0px; outline-style: initial; outline-color: initial; font-size: 11px; color: #333333; padding: 0px; margin: 0cm 0cm 0pt 0cm; border: 0px initial initial;\"><span style=\"border-image: initial; outline-width: 0px; outline-style: initial; outline-color: initial; font-size: 10pt; color: #000000; padding: 0px; margin: 0px; border: 0px initial initial;\">\u00a0* Sevk edilen bal\u0131klar\u0131n hastalanma olas\u0131l\u0131\u011f\u0131 azal\u0131r.<\/span><\/p>\n<p class=\"MsoNormal\" style=\"text-align: justify; border-image: initial; outline-width: 0px; outline-style: initial; outline-color: initial; font-size: 11px; color: #333333; padding: 0px; margin: 0cm 0cm 0pt 0cm; border: 0px initial initial;\"><span style=\"border-image: initial; outline-width: 0px; outline-style: initial; outline-color: initial; font-size: 10pt; color: #000000; padding: 0px; margin: 0px; border: 0px initial initial;\">\u00a0* Bal\u0131klar\u0131n ba\u011f\u0131\u015f\u0131kl\u0131k sistemi g\u00fc\u00e7lenir.<\/span><\/p>\n<p class=\"MsoNormal\" style=\"text-align: justify; border-image: initial; outline-width: 0px; outline-style: initial; outline-color: initial; font-size: 11px; color: #333333; padding: 0px; margin: 0cm 0cm 0pt 0cm; border: 0px initial initial;\"><span style=\"border-image: initial; outline-width: 0px; outline-style: initial; outline-color: initial; font-size: 10pt; color: #000000; padding: 0px; margin: 0px; border: 0px initial initial;\">\u00a0<\/span><\/p>\n<p class=\"MsoNormal\" style=\"text-align: justify; border-image: initial; outline-width: 0px; outline-style: initial; outline-color: initial; font-size: 11px; color: #333333; padding: 0px; margin: 0cm 0cm 0pt 0cm; border: 0px initial initial;\"><span style=\"border-image: initial; outline-width: 0px; outline-style: initial; outline-color: initial; font-size: 10pt; font-weight: bold; color: #000000; text-decoration: underline; padding: 0px; margin: 0px; border: 0px initial initial;\">Bal\u0131klar\u0131n yeni ortama adaptasyonunda ;<\/span><\/p>\n<p class=\"MsoNormal\" style=\"text-align: justify; border-image: initial; outline-width: 0px; outline-style: initial; outline-color: initial; font-size: 11px; color: #333333; padding: 0px; margin: 0cm 0cm 0pt 0cm; border: 0px initial initial;\"><span style=\"border-image: initial; outline-width: 0px; outline-style: initial; outline-color: initial; font-size: 10pt; color: #000000; padding: 0px; margin: 0px; border: 0px initial initial;\">\u00a0* Bal\u0131klar\u0131n solunumu sonucunda ortamda CO<sub style=\"border-image: initial; outline-width: 0px; outline-style: initial; outline-color: initial; font-size: 13px; padding: 0px; margin: 0px; border: 0px initial initial;\">2<\/sub>\u00a0gaz\u0131 a\u00e7\u0131\u011fa \u00e7\u0131kar. Ortamdaki yo\u011fun CO<sub style=\"border-image: initial; outline-width: 0px; outline-style: initial; outline-color: initial; font-size: 13px; padding: 0px; margin: 0px; border: 0px initial initial;\">2<\/sub>\u00a0miktar\u0131 24 saat i\u00e7inde pH de\u011ferini 6,8-7,2 seviyelerine indirir. Bu pH de\u011ferlerinde ortamda bulunan NH<sub style=\"border-image: initial; outline-width: 0px; outline-style: initial; outline-color: initial; font-size: 13px; padding: 0px; margin: 0px; border: 0px initial initial;\">4<\/sub>\u00a0h\u0131zla zehirli \u00f6zellik g\u00f6steren NH<sub style=\"border-image: initial; outline-width: 0px; outline-style: initial; outline-color: initial; font-size: 13px; padding: 0px; margin: 0px; border: 0px initial initial;\">3<\/sub>\u00a0gaz\u0131na d\u00f6n\u00fc\u015ferek bal\u0131k \u00f6l\u00fcmlerine sebebiyet verir. Bu nedenle sevk edilecek bal\u0131klar\u0131n bulundu\u011fu sularda 10 litreye 1 Ampul STOP AMMO kullan\u0131lmas\u0131 gereklidir.<\/span><\/p>\n<p class=\"MsoNormal\" style=\"text-align: justify; border-image: initial; outline-width: 0px; outline-style: initial; outline-color: initial; font-size: 11px; color: #333333; padding: 0px; margin: 0cm 0cm 0pt 0cm; border: 0px initial initial;\"><span style=\"border-image: initial; outline-width: 0px; outline-style: initial; outline-color: initial; font-size: 10pt; color: #000000; padding: 0px; margin: 0px; border: 0px initial initial;\">\u00a0<\/span><\/p>\n<p class=\"MsoNormal\" style=\"text-align: justify; border-image: initial; outline-width: 0px; outline-style: initial; outline-color: initial; font-size: 11px; color: #333333; padding: 0px; margin: 0cm 0cm 0pt 0cm; border: 0px initial initial;\"><span style=\"border-image: initial; outline-width: 0px; outline-style: initial; outline-color: initial; font-size: 10pt; color: #000000; padding: 0px; margin: 0px; border: 0px initial initial;\">\u00a0<\/span><\/p>\n<p class=\"MsoNormal\" style=\"text-align: justify; border-image: initial; outline-width: 0px; outline-style: initial; outline-color: initial; font-size: 11px; color: #333333; padding: 0px; margin: 0cm 0cm 0pt 0cm; border: 0px initial initial;\"><span style=\"border-image: initial; outline-width: 0px; outline-style: initial; outline-color: initial; font-size: 10pt; font-weight: bold; color: #000000; text-decoration: underline; padding: 0px; margin: 0px; border: 0px initial initial;\">STOP AMMO Kullan\u0131m\u0131 ;<\/span><\/p>\n<p class=\"MsoNormal\" style=\"text-align: justify; border-image: initial; outline-width: 0px; outline-style: initial; outline-color: initial; font-size: 11px; color: #333333; padding: 0px; margin: 0cm 0cm 0pt 0cm; border: 0px initial initial;\"><span style=\"border-image: initial; outline-width: 0px; outline-style: initial; outline-color: initial; font-size: 10pt; color: #000000; padding: 0px; margin: 0px; border: 0px initial initial;\">\u00a0<\/span><\/p>\n<p class=\"MsoNormal\" style=\"text-align: justify; border-image: initial; outline-width: 0px; outline-style: initial; outline-color: initial; font-size: 11px; color: #333333; padding: 0px; margin: 0cm 0cm 0pt 0cm; border: 0px initial initial;\"><span style=\"border-image: initial; outline-width: 0px; outline-style: initial; outline-color: initial; font-size: 10pt; font-weight: bold; color: #000000; padding: 0px; margin: 0px; border: 0px initial initial;\">Deniz Akvaryumlar\u0131 ve Tatl\u0131 Su Akvaryumlar\u0131 i\u00e7in:<\/span><\/p>\n<p class=\"MsoNormal\" style=\"text-align: justify; border-image: initial; outline-width: 0px; outline-style: initial; outline-color: initial; font-size: 11px; color: #333333; padding: 0px; margin: 0cm 0cm 0pt 0cm; border: 0px initial initial;\"><span style=\"border-image: initial; outline-width: 0px; outline-style: initial; outline-color: initial; font-size: 10pt; font-weight: bold; color: #000000; padding: 0px; margin: 0px; border: 0px initial initial;\">\u00a0<\/span><\/p>\n<p class=\"MsoNormal\" style=\"text-align: justify; border-image: initial; outline-width: 0px; outline-style: initial; outline-color: initial; font-size: 11px; color: #333333; padding: 0px; margin: 0cm 0cm 0pt 0cm; border: 0px initial initial;\"><span style=\"border-image: initial; outline-width: 0px; outline-style: initial; outline-color: initial; font-size: 10pt; padding: 0px; margin: 0px; border: 0px initial initial;\"><span style=\"border-image: initial; outline-width: 0px; outline-style: initial; outline-color: initial; color: blue; padding: 0px; margin: 0px; border: 0px initial initial;\"><span style=\"border-image: initial; outline-width: 0px; outline-style: initial; outline-color: initial; color: #000000; padding: 0px; margin: 0px; border: 0px initial initial;\">\u00a0* Ampulleri kullanmadan\u00a0 \u00f6nce iyice \u00e7alkalay\u0131n\u0131z.<\/span><\/span><span style=\"border-image: initial; outline-width: 0px; outline-style: initial; outline-color: initial; color: blue; padding: 0px; margin: 0px; border: 0px initial initial;\"><span style=\"border-image: initial; outline-width: 0px; outline-style: initial; outline-color: initial; color: #000000; padding: 0px; margin: 0px; border: 0px initial initial;\">\u00a0<\/span><\/span><\/span><\/p>\n<p class=\"MsoNormal\" style=\"text-align: justify; border-image: initial; outline-width: 0px; outline-style: initial; outline-color: initial; font-size: 11px; color: #333333; padding: 0px; margin: 0cm 0cm 0pt 0cm; border: 0px initial initial;\"><span style=\"border-image: initial; outline-width: 0px; outline-style: initial; outline-color: initial; font-size: 10pt; padding: 0px; margin: 0px; border: 0px initial initial;\"><br \/>\n<span style=\"border-image: initial; outline-width: 0px; outline-style: initial; outline-color: initial; color: #000000; padding: 0px; margin: 0px; border: 0px initial initial;\">\u00a0* 60 litre<\/span><span style=\"border-image: initial; outline-width: 0px; outline-style: initial; outline-color: initial; color: #000000; padding: 0px; margin: 0px; border: 0px initial initial;\">\u00a0akvaryum suyuna\u00a0 1 Ampul,<\/span><span style=\"border-image: initial; outline-width: 0px; outline-style: initial; outline-color: initial; color: #000000; padding: 0px; margin: 0px; border: 0px initial initial;\">\u00a0<\/span><\/span><\/p>\n<p class=\"MsoNormal\" style=\"text-align: justify; border-image: initial; outline-width: 0px; outline-style: initial; outline-color: initial; font-size: 11px; color: #333333; padding: 0px; margin: 0cm 0cm 0pt 0cm; border: 0px initial initial;\"><span style=\"border-image: initial; outline-width: 0px; outline-style: initial; outline-color: initial; font-size: 10pt; color: #000000; padding: 0px; margin: 0px; border: 0px initial initial;\">\u00a0* Nitrit art\u0131\u015f\u0131 g\u00f6zlendi\u011fi zaman,<br \/>\n30 litre\u00a0akvaryum suyuna 1 Ampul kullan\u0131lmas\u0131 gereklidir<\/span><\/p>\n<p>&nbsp;<\/p>\n<\/div>\n<p>&nbsp;<\/p>\n<p>&nbsp;<\/p>","protected":false},"excerpt":{"rendered":"<p>&nbsp; Prodibio &#8211; Stop Ammo 12 Amp\u00fcl * \u00c7\u00f6l bitkilerin i\u00e7eriklerinden \u00fcretilmi\u015ftir. Bu bitkiler amonya\u011f\u0131 ve nitrojeni\u00a0 ba\u011flarlar. Nitrojen olduk\u00e7a<\/p>","protected":false},"featured_media":13360,"comment_status":"closed","ping_status":"open","template":"","meta":[],"pwb-brand":[],"product_brand":[88],"product_cat":[157],"product_tag":[],"class_list":{"0":"post-12784","1":"product","2":"type-product","3":"status-publish","4":"has-post-thumbnail","6":"product_brand-prodibio","7":"product_cat-katkilar","9":"first","10":"outofstock","11":"purchasable","12":"product-type-simple"},"brands":[],"_links":{"self":[{"href":"https:\/\/aquabluebursa.com\/en\/wp-json\/wp\/v2\/product\/12784","targetHints":{"allow":["GET"]}}],"collection":[{"href":"https:\/\/aquabluebursa.com\/en\/wp-json\/wp\/v2\/product"}],"about":[{"href":"https:\/\/aquabluebursa.com\/en\/wp-json\/wp\/v2\/types\/product"}],"replies":[{"embeddable":true,"href":"https:\/\/aquabluebursa.com\/en\/wp-json\/wp\/v2\/comments?post=12784"}],"wp:featuredmedia":[{"embeddable":true,"href":"https:\/\/aquabluebursa.com\/en\/wp-json\/wp\/v2\/media\/13360"}],"wp:attachment":[{"href":"https:\/\/aquabluebursa.com\/en\/wp-json\/wp\/v2\/media?parent=12784"}],"wp:term":[{"taxonomy":"pwb-brand","embeddable":true,"href":"https:\/\/aquabluebursa.com\/en\/wp-json\/wp\/v2\/pwb-brand?post=12784"},{"taxonomy":"product_brand","embeddable":true,"href":"https:\/\/aquabluebursa.com\/en\/wp-json\/wp\/v2\/product_brand?post=12784"},{"taxonomy":"product_cat","embeddable":true,"href":"https:\/\/aquabluebursa.com\/en\/wp-json\/wp\/v2\/product_cat?post=12784"},{"taxonomy":"product_tag","embeddable":true,"href":"https:\/\/aquabluebursa.com\/en\/wp-json\/wp\/v2\/product_tag?post=12784"}],"curies":[{"name":"wp","href":"https:\/\/api.w.org\/{rel}","templated":true}]}}