{"id":12788,"date":"2026-03-13T20:23:14","date_gmt":"2026-03-13T20:23:14","guid":{"rendered":"https:\/\/aquabluebursa.com\/magaza\/kategorilenmemis\/salifert-kh-testi\/"},"modified":"2026-03-13T20:23:14","modified_gmt":"2026-03-13T20:23:14","slug":"salifert-kh-testi","status":"publish","type":"product","link":"https:\/\/aquabluebursa.com\/en\/magaza\/testler\/salifert-kh-testi\/","title":{"rendered":"Salifert &#8211; Kh Testi"},"content":{"rendered":"<p style=\"padding: 0px; margin: 0px;\"><span style=\"font-weight: bold;\">Salifert Kh Testi<\/span><\/p>\n<p><span style=\"color: #ff0000;\">Son Kullanma Tarihi: 2028<\/span><\/p>\n<p style=\"padding: 0px; margin: 0px;\">100 ila 200 testlik.<\/p>\n<p style=\"padding: 0px; margin: 0px;\"><span style=\"color: #333333; font-size: 10pt;\"><span style=\"font-weight: bold; font-family: Arial; font-size: 10pt;\"><span style=\"text-decoration: underline; font-family: Arial; font-size: 10pt;\">KH-Alkalinite :<\/span>\u00a0<\/span>KH-Alkalinite\u00a0\u00a0suyun sertlik de\u011ferlerini belirleyen fakt\u00f6rlerdir. Deniz suyunda KH de\u011feri\u00a0\u00a08\u00a0\u00a0veAlkalinite\u00a0\u00a0de\u011feri 2,9 olarak \u00f6l\u00e7\u00fclmektedir.\u00a0\u00a0Bu de\u011ferlerin d\u00fc\u015fmesi durumunda\u00a0\u00a0pH, kalsiyum ve magnezyum dengeleri de\u011fi\u015fmektedir. KH ve alkalinite de\u011ferlerinin d\u00fc\u015f\u00fck olmas\u0131 durumunda\u00a0<span style=\"font-weight: bold; font-family: Arial; font-size: 10pt;\">KH+pH buffer<\/span>\u00a0kullan\u0131lmaktad\u0131r.<\/span><\/p>\n<p><span style=\"font-weight: bold; font-family: Arial; font-size: 10pt;\">Salifert Test Kullan\u0131m\u0131<\/span><\/p>\n<p class=\"MsoNormal\" style=\"text-align: justify; padding: 0px; margin: 0cm 0cm 0pt 0cm;\"><span style=\"color: #333333; font-family: Arial; font-size: 10pt;\">\u00a0<\/span><\/p>\n<p class=\"MsoNormal\" style=\"text-align: justify; padding: 0px; margin: 0cm 0cm 0pt 0cm;\" align=\"justify\"><span style=\"color: #333333; font-weight: bold; font-family: Arial; font-size: 10pt;\">Salifert Kh\/Alkanite Testi Nas\u0131l Kullan\u0131l\u0131r ?<\/span><\/p>\n<p class=\"MsoNormal\" style=\"text-align: justify; padding: 0px; margin: 0cm 0cm 0pt 0cm;\" align=\"justify\"><span style=\"color: #333333; font-weight: bold; font-family: Arial; font-size: 10pt;\">\u00a0<\/span><\/p>\n<p class=\"MsoNormal\" style=\"text-align: justify; padding: 0px; margin: 0cm 0cm 0pt 0cm;\" align=\"justify\"><span style=\"color: #333333; font-family: Arial; font-size: 10pt;\"><span style=\"font-weight: bold; font-family: Arial; font-size: 10pt;\">1.<\/span>\u00a05 ml\u2019lik \u015f\u0131r\u0131nga ile 4 ml suyu ufak test \u015fi\u015fesine ekleyiniz. KH-IND s\u0131v\u0131s\u0131n\u0131 \u00e7alkalay\u0131n\u0131z ve bu test \u015fi\u015fesine 2 damla ekleyiniz. 1 ml \u015f\u0131r\u0131ngan\u0131n ucuna plastik aparat\u0131 sabitleyerek KH s\u0131v\u0131s\u0131n\u0131 \u015f\u0131r\u0131ngaya (plastik ucun s\u00fcrekli KH s\u0131v\u0131s\u0131nda oldu\u011fundan emin olarak) siyah piston\u00a0\u00a01.00 ml g\u00f6sterene kadar \u00e7ekiniz. (Pistonun alt\u0131nda biraz hava bulunabilir. Bu hava plastik ucun sonundan ve pistondan kaynaklan\u0131r ve hi\u00e7bir \u015fekilde test sonucunu etkilemez.)<\/span><\/p>\n<p class=\"MsoNormal\" style=\"text-align: justify; padding: 0px; margin: 0cm 0cm 0pt 0cm;\" align=\"justify\"><span style=\"color: #333333; font-family: Arial; font-size: 10pt;\">\u00a0<\/span><\/p>\n<p class=\"MsoNormal\" style=\"text-align: justify; padding: 0px; margin: 0cm 0cm 0pt 0cm;\" align=\"justify\"><span style=\"color: #333333; font-family: Arial; font-size: 10pt;\"><span style=\"font-weight: bold; font-family: Arial; font-size: 10pt;\">2.<\/span>\u00a01 ml\u2019lik \u015f\u0131r\u0131ngada bulunan KH s\u0131v\u0131s\u0131n\u0131 damla damla test \u015fi\u015fesine ekleyiniz. Her damladan sonra 2 saniye d\u00f6nd\u00fcrerek kar\u0131\u015ft\u0131r\u0131n\u0131z. Renk mavi-ye\u015filden portakal-k\u0131rm\u0131z\u0131 veya pembeye d\u00f6nene kadar bu i\u015fleme devam ediniz.<\/span><\/p>\n<p class=\"MsoNormal\" style=\"text-align: justify; padding: 0px; margin: 0cm 0cm 0pt 0cm;\" align=\"justify\"><span style=\"color: #333333; font-family: Arial; font-size: 10pt;\">\u00a0<\/span><\/p>\n<p class=\"MsoNormal\" style=\"text-align: justify; padding: 0px; margin: 0cm 0cm 0pt 0cm;\" align=\"justify\"><span style=\"color: #333333; font-family: Arial; font-size: 10pt;\"><span style=\"font-weight: bold; font-family: Arial; font-size: 10pt;\">3.<\/span>\u00a0\u015e\u0131r\u0131ngay\u0131 dik tutunuz ve pistonun siyah b\u00f6l\u00fcm\u00fc okuyunuz. \u015e\u0131r\u0131ngan\u0131n \u00f6l\u00e7\u00fc derecesi 0,01 ml d\u0131r. KH\/Alkalinite\u00a0de\u011ferlerini tablodan okuyabilirsiniz veya \u015fu form\u00fclle hesaplayabilirsiniz<\/span><\/p>\n<p class=\"MsoNormal\" style=\"text-align: justify; padding: 0px; margin: 0cm 0cm 0pt 0cm;\" align=\"justify\"><span style=\"color: #333333; font-family: Arial; font-size: 10pt;\">\u00a0<\/span><\/p>\n<p class=\"MsoNormal\" style=\"text-align: justify; padding: 0px; margin: 0cm 0cm 0pt 0cm;\" align=\"justify\"><span style=\"color: #333333; font-family: Arial; font-size: 10pt;\">KH (dKH)\u00a0\u00a0 = (1- pistonda okunan de\u011fer) x 16<\/span><\/p>\n<p class=\"MsoNormal\" style=\"text-align: justify; padding: 0px; margin: 0cm 0cm 0pt 0cm;\"><span style=\"color: #333333; font-family: Arial; font-size: 10pt;\">\u00a0<\/span><\/p>\n<p class=\"MsoNormal\" style=\"text-align: justify; padding: 0px; margin: 0cm 0cm 0pt 0cm;\"><span style=\"color: #333333; font-family: Arial; font-size: 10pt;\">Alk (meq\/l) = (1- pistonda okunan de\u011fer) x 5,71<\/span><\/p>\n<p>&nbsp;<\/p>","protected":false},"excerpt":{"rendered":"<p>Salifert Kh Testi Son Kullanma Tarihi: 2028 100 ila 200 testlik. KH-Alkalinite :\u00a0KH-Alkalinite\u00a0\u00a0suyun sertlik de\u011ferlerini belirleyen fakt\u00f6rlerdir. Deniz suyunda KH<\/p>","protected":false},"featured_media":13365,"comment_status":"closed","ping_status":"open","template":"","meta":[],"pwb-brand":[],"product_brand":[117],"product_cat":[175],"product_tag":[],"class_list":{"0":"post-12788","1":"product","2":"type-product","3":"status-publish","4":"has-post-thumbnail","6":"product_brand-salifert","7":"product_cat-testler","9":"first","10":"outofstock","11":"purchasable","12":"product-type-simple"},"brands":[],"_links":{"self":[{"href":"https:\/\/aquabluebursa.com\/en\/wp-json\/wp\/v2\/product\/12788","targetHints":{"allow":["GET"]}}],"collection":[{"href":"https:\/\/aquabluebursa.com\/en\/wp-json\/wp\/v2\/product"}],"about":[{"href":"https:\/\/aquabluebursa.com\/en\/wp-json\/wp\/v2\/types\/product"}],"replies":[{"embeddable":true,"href":"https:\/\/aquabluebursa.com\/en\/wp-json\/wp\/v2\/comments?post=12788"}],"wp:featuredmedia":[{"embeddable":true,"href":"https:\/\/aquabluebursa.com\/en\/wp-json\/wp\/v2\/media\/13365"}],"wp:attachment":[{"href":"https:\/\/aquabluebursa.com\/en\/wp-json\/wp\/v2\/media?parent=12788"}],"wp:term":[{"taxonomy":"pwb-brand","embeddable":true,"href":"https:\/\/aquabluebursa.com\/en\/wp-json\/wp\/v2\/pwb-brand?post=12788"},{"taxonomy":"product_brand","embeddable":true,"href":"https:\/\/aquabluebursa.com\/en\/wp-json\/wp\/v2\/product_brand?post=12788"},{"taxonomy":"product_cat","embeddable":true,"href":"https:\/\/aquabluebursa.com\/en\/wp-json\/wp\/v2\/product_cat?post=12788"},{"taxonomy":"product_tag","embeddable":true,"href":"https:\/\/aquabluebursa.com\/en\/wp-json\/wp\/v2\/product_tag?post=12788"}],"curies":[{"name":"wp","href":"https:\/\/api.w.org\/{rel}","templated":true}]}}