{"id":12790,"date":"2026-03-13T20:23:14","date_gmt":"2026-03-13T20:23:14","guid":{"rendered":"https:\/\/aquabluebursa.com\/magaza\/kategorilenmemis\/salifert-fosfat-testi\/"},"modified":"2026-03-13T20:23:14","modified_gmt":"2026-03-13T20:23:14","slug":"salifert-fosfat-testi","status":"publish","type":"product","link":"https:\/\/aquabluebursa.com\/en\/magaza\/testler\/salifert-fosfat-testi\/","title":{"rendered":"Salifert &#8211; Fosfat Testi"},"content":{"rendered":"<p style=\"text-align: justify; padding: 0px; margin: 0px;\"><span style=\"font-weight: bold;\">Salifert Fosfat Testi<\/span><\/p>\n<p style=\"text-align: justify; padding: 0px; margin: 0px;\"><span style=\"font-weight: bold;\">\u00a0<\/span><\/p>\n<p><span style=\"color: #ff0000;\">Son Kullanma Tarihi: 2026<\/span><\/p>\n<p style=\"text-align: justify; padding: 0px; margin: 0px;\"><span style=\"text-align: -webkit-auto;\">\u00a0<\/span><\/p>\n<p style=\"text-align: justify; padding: 0px; margin: 0px;\">60 kullan\u0131ml\u0131k<\/p>\n<p class=\"MsoNormal\" style=\"text-align: justify; padding: 0px; margin: 0cm 0cm 0pt 0cm;\"><span style=\"color: #000000; font-family: Arial; font-size: 10pt;\">Fosfat\u00a0:\u00a0 Suda \u00a0bulunmas\u0131 istenmeyen bir de\u011ferdir. Ancak bal\u0131k d\u0131\u015fk\u0131s\u0131, kullan\u0131lan kalitesiz tuzlar, gran\u00fcl yemler ve s\u0131v\u0131 mercan yemleri gibi sebeplerden dolay\u0131\u00a0su i\u00e7erisinde s\u00fcrekli olarak bulunabilir. Fosfat akvaryumda makro alglerin b\u00fcy\u00fcmesine ve k\u0131rm\u0131z\u0131 fosfat\u00a0alglerinin artmas\u0131na neden olmaktad\u0131r. K\u0131rm\u0131z\u0131 fosfat algleri akvaryumda yeralan canl\u0131 kayalar\u0131n\u00a0ve mercan kumlar\u0131n\u0131n \u00fczerini bir hal\u0131 gibi \u00f6rter ve bu b\u00f6lgelerin su ile olan temas\u0131n\u0131 k\u0131smen keser. Dolay\u0131s\u0131 ile biyolojik filtrasyonu k\u0131smen olsada s\u0131n\u0131rlar. Y\u00fcksek seviyelerde fosfat oran\u0131 mercanlar\u0131n geli\u015fimini olumsuz y\u00f6nde etkiler. Y\u00fcksek seviyede fosfat de\u011feri \u00f6l\u00e7\u00fclmesi durumunda akvaryum suyuna\u00a0 fosfat\u0131 par\u00e7alayan bakteri ilavesi (<\/span><a style=\"color: #000000; text-decoration: none;\" href=\"http:\/\/www.oceans-life.com\/iys\/pages\/DCrFCn-tanFDtFDmFD\/prodibio\/biodigest.php\"><span style=\"color: #000000; font-family: Arial; font-size: 10pt;\">prodibio digest<\/span><\/a><span style=\"color: #000000; font-family: Arial; font-size: 10pt;\">) yap\u0131labilir, fosfat tutucu kumlar kullan\u0131labilir veya su de\u011fi\u015fikli\u011fi yap\u0131labilir.<\/span><\/p>\n<p class=\"MsoNormal\" style=\"text-align: justify; padding: 0px; margin: 0cm 0cm 0pt 0cm;\"><span style=\"color: #000000; font-family: Arial; font-size: 10pt;\">\u00a0<\/span><\/p>\n<p class=\"MsoNormal\" style=\"text-align: justify; padding: 0px; margin: 0cm 0cm 0pt 0cm;\"><span style=\"color: #000000; font-family: Arial; font-size: 10pt; font-weight: bold;\">FOSFAT\u00a0TEST\u0130 NASIL KULLANILIR?<\/span><\/p>\n<p class=\"MsoNormal\" style=\"text-align: justify; padding: 0px; margin: 0cm 0cm 0pt 0cm;\"><span style=\"color: #000000; font-family: Arial; font-size: 10pt;\">\u00a0<\/span><\/p>\n<p class=\"MsoNormal\" style=\"text-align: justify; padding: 0px; margin: 0cm 0cm 0pt 0cm;\"><span style=\"color: #000000; font-family: Arial; font-size: 10pt;\">PO<sub>4<\/sub>\u00a0(Phosphate) testinin\u2019nin kullan\u0131ld\u0131\u011f\u0131 Alanlar :<\/span><\/p>\n<p class=\"MsoNormal\" style=\"text-align: justify; padding: 0px; margin: 0cm 0cm 0pt 0cm;\"><span style=\"color: #000000; font-family: Arial; font-size: 10pt;\">\u00a0<\/span><\/p>\n<p class=\"MsoNormal\" style=\"text-align: justify; padding: 0px; margin: 0cm 0cm 0pt 0cm;\"><span style=\"color: #000000; font-family: Arial; font-size: 10pt;\">Deniz\u00a0\u00a0akvaryumu<\/span><\/p>\n<p class=\"MsoNormal\" style=\"text-align: justify; padding: 0px; margin: 0cm 0cm 0pt 0cm;\"><span style=\"color: #000000; font-family: Arial; font-size: 10pt;\">\u00a0<\/span><\/p>\n<p class=\"MsoNormal\" style=\"text-align: justify; padding: 0px; margin: 0cm 0cm 0pt 0cm;\"><span style=\"color: #000000; font-family: Arial; font-size: 10pt;\">Bah\u00e7e havuzu<\/span><\/p>\n<p class=\"MsoNormal\" style=\"text-align: justify; padding: 0px; margin: 0cm 0cm 0pt 0cm;\"><span style=\"color: #000000; font-family: Arial; font-size: 10pt;\">\u00a0<\/span><\/p>\n<p class=\"MsoNormal\" style=\"text-align: justify; padding: 0px; margin: 0cm 0cm 0pt 0cm;\"><span style=\"color: #000000; font-family: Arial; font-size: 10pt;\">Tatl\u0131 su akvaryumu<\/span><\/p>\n<p class=\"MsoNormal\" style=\"text-align: justify; padding: 0px; margin: 0cm 0cm 0pt 0cm;\"><span style=\"color: #000000; font-family: Arial; font-size: 10pt;\">\u00a0<\/span><\/p>\n<p class=\"MsoNormal\" style=\"text-align: justify; padding: 0px; margin: 0cm 0cm 0pt 0cm;\"><span style=\"color: #000000; font-family: Arial; font-size: 10pt;\">Karbonat sertli\u011fi 20 Dkh.\u2019 Dan y\u00fcksek ise hatal\u0131 sonu\u00e7lar elde edilebilir.<\/span><\/p>\n<p class=\"MsoNormal\" style=\"text-align: justify; padding: 0px; margin: 0cm 0cm 0pt 0cm;\"><span style=\"color: #000000; font-family: Arial; font-size: 10pt;\">Bu 7 meq\/L. Alkalinity\u2019e\u00a0\u00a0tekab\u00fcl eder.<\/span><\/p>\n<p class=\"MsoNormal\" style=\"text-align: justify; padding: 0px; margin: 0cm 0cm 0pt 0cm;\"><span style=\"color: #000000; font-family: Arial; font-size: 10pt;\">Normal karbonat sertli\u011fi\u00a0<\/span><a style=\"color: #000000; text-decoration: none;\" href=\"http:\/\/www.oceans-life.com\/iys\/pages\/DCrFCn-tanFDtFDmFD\/salifert\/khalkalinite.php\"><span style=\"color: #000000; font-family: Arial; font-size: 10pt;\">KH\/Alkalinite testi<\/span><\/a><span style=\"color: #000000; font-family: Arial; font-size: 10pt;\">\u00a0a\u00e7\u0131klamalar\u0131nda belirtilen de\u011ferlerde olmal\u0131d\u0131r.<\/span><\/p>\n<p class=\"MsoNormal\" style=\"text-align: justify; padding: 0px; margin: 0cm 0cm 0pt 0cm;\" align=\"justify\"><span style=\"color: #000000; font-family: Arial; font-size: 10pt;\">\u00a0<\/span><\/p>\n<p class=\"MsoNormal\" style=\"text-align: justify; padding: 0px; margin: 0cm 0cm 0pt 0cm;\"><span style=\"color: #000000; font-family: Arial; font-size: 10pt;\">1. Test \u015fi\u015fesine 10 ml su ilave ediniz.<\/span><\/p>\n<p class=\"MsoNormal\" style=\"text-align: justify; padding: 0px; margin: 0cm 0cm 0pt 0cm;\"><span style=\"color: #000000; font-family: Arial; font-size: 10pt;\">\u00a0<\/span><\/p>\n<p class=\"MsoNormal\" style=\"text-align: justify; padding: 0px; margin: 0cm 0cm 0pt 0cm;\"><span style=\"color: #000000; font-family: Arial; font-size: 10pt;\">2. 4 damla PO<sub>4<\/sub>\u00a0s\u0131v\u0131s\u0131ndan ilave ediniz ve hafif\u00e7e 10 saniye d\u00f6nd\u00fcr\u00fcn\u00fcz.<\/span><\/p>\n<p class=\"MsoNormal\" style=\"text-align: justify; padding: 0px; margin: 0cm 0cm 0pt 0cm;\"><span style=\"color: #000000; font-family: Arial; font-size: 10pt;\">\u00a0<\/span><\/p>\n<p class=\"MsoNormal\" style=\"text-align: justify; padding: 0px; margin: 0cm 0cm 0pt 0cm;\"><span style=\"color: #000000; font-family: Arial; font-size: 10pt;\">3. Test \u015fi\u015fesini\u00a0\u00a0renk tablosunun \u00fczerine koyun ve \u00fcstten bakarak renkleri kar\u015f\u0131la\u015ft\u0131r\u0131n.\u00a0\u00a0Okunan de\u011fer fosfat miktar\u0131n\u0131 belirler. E\u011fer renk iki de\u011fer aras\u0131nda ise fosfat miktar\u0131 bu de\u011ferler aras\u0131nda demektir.<\/span><\/p>\n<p class=\"MsoNormal\" style=\"text-align: justify; padding: 0px; margin: 0cm 0cm 0pt 0cm;\"><span style=\"color: #000000; font-family: Arial; font-size: 10pt;\">\u00a0<\/span><\/p>\n<p class=\"MsoNormal\" style=\"text-align: justify; padding: 0px; margin: 0cm 0cm 0pt 0cm;\"><span style=\"color: #000000; font-family: Arial; font-size: 10pt;\">Okunan de\u011ferlerin etkileri:<\/span><\/p>\n<p class=\"MsoNormal\" style=\"text-align: justify; padding: 0px; margin: 0cm 0cm 0pt 0cm;\"><span style=\"color: #000000; font-family: Arial; font-size: 10pt;\">0.03 &#8211; Normal bir de\u011fer olarak kabul edilir.<\/span><\/p>\n<p class=\"MsoNormal\" style=\"text-align: justify; padding: 0px; margin: 0cm 0cm 0pt 0cm;\"><span style=\"color: #000000; font-family: Arial; font-size: 10pt;\">0.10 &#8211;\u00a0Kritik bir de\u011ferdir.<\/span><\/p>\n<p class=\"MsoNormal\" style=\"text-align: justify; padding: 0px; margin: 0cm 0cm 0pt 0cm;\"><span style=\"color: #000000; font-family: Arial; font-size: 10pt;\">0.25 &#8211; Mercan geli\u015fimi risk alt\u0131ndad\u0131r.<\/span><\/p>\n<p class=\"MsoNormal\" style=\"text-align: justify; padding: 0px; margin: 0cm 0cm 0pt 0cm;\"><span style=\"color: #000000; font-family: Arial; font-size: 10pt;\">0.50 &#8211;\u00a0Mercan geli\u015fimi tamamen durur ve fosfat algleri h\u0131zla \u00fcremeye ba\u015flar.<\/span><\/p>\n<p class=\"MsoNormal\" style=\"text-align: justify; padding: 0px; margin: 0cm 0cm 0pt 0cm;\"><span style=\"color: #000000; font-family: Arial; font-size: 10pt;\">1.00 &#8211;\u00a0Fosfat algi akvaryumun her b\u00f6lgesine yay\u0131l\u0131r ve acil \u00f6nlemler al\u0131nmas\u0131 gerekir.<\/span><\/p>\n<p class=\"MsoNormal\" style=\"text-align: justify; padding: 0px; margin: 0cm 0cm 0pt 0cm;\"><span style=\"color: #000000; font-family: Arial; font-size: 10pt;\">3.00 &#8211; Su de\u011fi\u015fikli\u011fi ve beraberinde bakteri takviyesi yap\u0131lmas\u0131 zorunludur.<\/span><\/p>\n<p>&nbsp;<\/p>","protected":false},"excerpt":{"rendered":"<p>Salifert Fosfat Testi \u00a0 Son Kullanma Tarihi: 2026 \u00a0 60 kullan\u0131ml\u0131k Fosfat\u00a0:\u00a0 Suda \u00a0bulunmas\u0131 istenmeyen bir de\u011ferdir. Ancak bal\u0131k d\u0131\u015fk\u0131s\u0131,<\/p>","protected":false},"featured_media":13367,"comment_status":"closed","ping_status":"open","template":"","meta":[],"pwb-brand":[],"product_brand":[117],"product_cat":[175],"product_tag":[],"class_list":{"0":"post-12790","1":"product","2":"type-product","3":"status-publish","4":"has-post-thumbnail","6":"product_brand-salifert","7":"product_cat-testler","9":"first","10":"outofstock","11":"purchasable","12":"product-type-simple"},"brands":[],"_links":{"self":[{"href":"https:\/\/aquabluebursa.com\/en\/wp-json\/wp\/v2\/product\/12790","targetHints":{"allow":["GET"]}}],"collection":[{"href":"https:\/\/aquabluebursa.com\/en\/wp-json\/wp\/v2\/product"}],"about":[{"href":"https:\/\/aquabluebursa.com\/en\/wp-json\/wp\/v2\/types\/product"}],"replies":[{"embeddable":true,"href":"https:\/\/aquabluebursa.com\/en\/wp-json\/wp\/v2\/comments?post=12790"}],"wp:featuredmedia":[{"embeddable":true,"href":"https:\/\/aquabluebursa.com\/en\/wp-json\/wp\/v2\/media\/13367"}],"wp:attachment":[{"href":"https:\/\/aquabluebursa.com\/en\/wp-json\/wp\/v2\/media?parent=12790"}],"wp:term":[{"taxonomy":"pwb-brand","embeddable":true,"href":"https:\/\/aquabluebursa.com\/en\/wp-json\/wp\/v2\/pwb-brand?post=12790"},{"taxonomy":"product_brand","embeddable":true,"href":"https:\/\/aquabluebursa.com\/en\/wp-json\/wp\/v2\/product_brand?post=12790"},{"taxonomy":"product_cat","embeddable":true,"href":"https:\/\/aquabluebursa.com\/en\/wp-json\/wp\/v2\/product_cat?post=12790"},{"taxonomy":"product_tag","embeddable":true,"href":"https:\/\/aquabluebursa.com\/en\/wp-json\/wp\/v2\/product_tag?post=12790"}],"curies":[{"name":"wp","href":"https:\/\/api.w.org\/{rel}","templated":true}]}}