{"id":12791,"date":"2026-03-13T20:23:19","date_gmt":"2026-03-13T20:23:19","guid":{"rendered":"https:\/\/aquabluebursa.com\/magaza\/kategorilenmemis\/salifert-iodine-testi\/"},"modified":"2026-03-13T20:23:19","modified_gmt":"2026-03-13T20:23:19","slug":"salifert-iodine-testi","status":"publish","type":"product","link":"https:\/\/aquabluebursa.com\/en\/magaza\/testler\/salifert-iodine-testi\/","title":{"rendered":"Salifert &#8211; Iodine Testi"},"content":{"rendered":"<p style=\"text-align: justify; padding: 0px; margin: 0px;\"><span style=\"font-weight: bold;\">Salifert\u00a0Iodine Testi<\/span><\/p>\n<p style=\"text-align: justify; padding: 0px; margin: 0px;\"><span style=\"font-weight: bold;\">\u00a0<\/span><\/p>\n<p style=\"text-align: justify; padding: 0px; margin: 0px;\">40\u00a0kullan\u0131ml\u0131k<\/p>\n<p style=\"text-align: justify; padding: 0px; margin: 0px;\"><span style=\"color: blue; font-family: Arial; font-size: 10pt;\"><span style=\"color: #000000; font-family: Arial; font-size: 10pt;\">Iodine : Iodine akvaryumda bulunan iz elementlere benzer \u015fekilde akvaryumda \u00e7ok \u00f6nemli g\u00f6revler \u00fcstlenmektedir. Omurgas\u0131zlar renklenme ve \u0131\u015f\u0131k de\u011fi\u015fimlerine adapte olmak i\u00e7in iodine ihtiya\u00e7 duyarlar. Iodine mercanlar\u0131n renk kaybederek beyazla\u015fmas\u0131n\u0131 engeller ve a\u015f\u0131r\u0131 \u0131\u015f\u0131k alt\u0131nda\u00a0 Zooxanthellae\u2019lerin neden oldu\u011fu fazla oksijen \u00fcretimini etkisiz hale getirir. Genellikle akvaryumda bulunan elementler, algler, omurgas\u0131zlar, protein skimmer, ve aktif carbon taraf\u0131ndan\u00a0 tutulur. Bu nedenle d\u00fczenli olarak akvaryum suyuna ilave edilmesi gereklidir.<\/span><\/span><\/p>\n<p class=\"MsoNormal\" style=\"text-align: justify; padding: 0px; margin: 0cm 0cm 0pt 0cm;\"><span style=\"color: blue; font-family: Arial; font-size: 10pt;\"><span style=\"color: #000000; font-family: Arial; font-size: 10pt;\"><span style=\"color: blue; font-family: Arial; font-size: 10pt;\"><span style=\"color: #000000; font-family: Arial; font-size: 10pt;\">Akvaryuma ilave edildikten sonra akvaryum suyunun iodine miktar\u0131n\u0131 s\u00fcrekli kontrol etmek gerekir.<\/span><\/span><\/span><\/span><\/p>\n<p class=\"MsoNormal\" style=\"text-align: justify; padding: 0px; margin: 0cm 0cm 0pt 0cm;\"><span style=\"color: blue; font-family: Arial; font-size: 10pt;\">\u00a0<\/span><\/p>\n<p class=\"MsoNormal\" style=\"text-align: justify; padding: 0px; margin: 0cm 0cm 0pt 0cm;\"><span style=\"color: #000000; font-family: Arial; font-size: 10pt;\">\u00a0<\/span><\/p>\n<p class=\"MsoNormal\" style=\"text-align: justify; padding: 0px; margin: 0cm 0cm 0pt 0cm;\"><span style=\"color: #000000; font-family: Arial; font-size: 10pt; font-weight: bold;\">IODINE\u00a0TEST\u0130 NASIL KULLANILIR?<\/span><\/p>\n<p class=\"MsoNormal\" style=\"text-align: justify; padding: 0px; margin: 0cm 0cm 0pt 0cm;\"><span style=\"color: #000000; font-family: Arial; font-size: 10pt;\">\u00a0<\/span><\/p>\n<p class=\"MsoNormal\" style=\"text-align: justify; padding: 0px; margin: 0cm 0cm 0pt 0cm;\"><span style=\"color: #000000; font-family: Arial; font-size: 10pt;\">Iodide miktar\u0131n\u0131 bulmak i\u00e7in:<\/span><\/p>\n<p class=\"MsoNormal\" style=\"text-align: justify; padding: 0px; margin: 0cm 0cm 0pt 0cm;\"><span style=\"color: #000000; font-family: Arial; font-size: 10pt;\">\u00a0<\/span><\/p>\n<p style=\"text-align: justify; padding: 0px; margin: 0px;\"><span style=\"color: #000000; font-family: Arial; font-size: 10pt;\">\u00a0<\/span><\/p>\n<p class=\"MsoNormal\" style=\"text-align: justify; padding: 0px; margin: 0cm 0cm 0pt 0cm;\"><span style=\"color: #000000; font-family: Arial; font-size: 10pt;\">1. Test \u015fi\u015fesini akvaryum suyu ile \u00e7alkalay\u0131n\u0131z ve \u015e\u0131r\u0131nga ile 2 ml akvaryum suyunu test \u015fi\u015fesine al\u0131n\u0131z.<\/span><\/p>\n<p class=\"MsoNormal\" style=\"text-align: justify; padding: 0px; margin: 0cm 0cm 0pt 0cm;\"><span style=\"color: #000000; font-family: Arial; font-size: 10pt;\">\u00a0<\/span><\/p>\n<p class=\"MsoNormal\" style=\"text-align: justify; padding: 0px; margin: 0cm 0cm 0pt 0cm;\">\u00a0<span style=\"color: #000000; font-family: Arial; font-size: 10pt;\">2. 6 Damla &#8220;I<sub>2<\/sub>-1\u201d s\u0131v\u0131s\u0131ndan ekleyip 10 saniye yava\u015f\u00e7a d\u00f6nd\u00fcrerek kar\u0131\u015ft\u0131r\u0131n\u0131z. (Bu testte I<sub>2<\/sub>-2 s\u0131v\u0131s\u0131 kullan\u0131lmamaktad\u0131r.)<\/span><\/p>\n<p class=\"MsoNormal\" style=\"text-align: justify; padding: 0px; margin: 0cm 0cm 0pt 0cm;\"><span style=\"color: #000000; font-family: Arial; font-size: 10pt;\">\u00a0<\/span><\/p>\n<p class=\"MsoNormal\" style=\"text-align: justify; padding: 0px; margin: 0cm 0cm 0pt 0cm;\">\u00a0<span style=\"color: #000000; font-family: Arial; font-size: 10pt;\">3. 6 Damla I<sub>2<\/sub>-3 s\u0131v\u0131s\u0131ndan ekleyin. Bu s\u0131v\u0131y\u0131 eklerken her damladan sonra test \u015fi\u015fesini 2-3 saniye d\u00f6nd\u00fcrerek s\u0131v\u0131y\u0131 kar\u0131\u015ft\u0131r\u0131n\u0131z.<\/span><\/p>\n<p class=\"MsoNormal\" style=\"text-align: justify; padding: 0px; margin: 0cm 0cm 0pt 0cm;\"><span style=\"color: #000000; font-family: Arial; font-size: 10pt;\">\u00a0<\/span><\/p>\n<p class=\"MsoNormal\" style=\"text-align: justify; padding: 0px; margin: 0cm 0cm 0pt 0cm;\"><span style=\"color: #000000; font-family: Arial; font-size: 10pt;\">4. 4 dakika bekleyiniz.<\/span><\/p>\n<p class=\"MsoNormal\" style=\"text-align: justify; padding: 0px; margin: 0cm 0cm 0pt 0cm;\"><span style=\"color: #000000; font-family: Arial; font-size: 10pt;\">\u00a0<\/span><\/p>\n<p class=\"MsoNormal\" style=\"text-align: justify; padding: 0px; margin: 0cm 0cm 0pt 0cm;\"><span style=\"color: #000000; font-family: Arial; font-size: 10pt;\">5. 4 dakika sonra renk koyula\u015f\u0131r. Test \u015fi\u015fesini renk tablosunun beyaz k\u0131sm\u0131n\u0131n \u00f6n taraf\u0131nda tutarak kar\u015f\u0131dan bakmak ko\u015fuluyla kar\u015f\u0131la\u015ft\u0131rmas\u0131 yap\u0131n\u0131z. Renk kar\u015f\u0131la\u015ft\u0131rmas\u0131 i\u00e7in g\u00fcn \u0131\u015f\u0131\u011f\u0131n\u0131 kullan\u0131n\u0131z. Bazen renk daha sar\u0131 olabilir. Renkler maviye, siyaha veya mora d\u00f6nd\u00fcyse, Iodide konsantrasyonu 0.2 ppm\u2019in \u00fczerindedir. Her testten sonra test \u015fi\u015fesini 10\u00a0\u00a0defa temiz suyla \u00e7alkalay\u0131n\u0131z.<\/span><\/p>\n<p class=\"MsoNormal\" style=\"text-align: justify; padding: 0px; margin: 0cm 0cm 0pt 0cm;\"><span style=\"color: #000000; font-family: Arial; font-size: 10pt;\">\u00a0<\/span><\/p>\n<p class=\"MsoNormal\" style=\"text-align: justify; padding: 0px; margin: 0cm 0cm 0pt 0cm;\"><span style=\"color: #000000; font-family: Arial; font-size: 10pt;\">Kombine Iodate ve Iodine miktar\u0131n\u0131 bulmak i\u00e7in:<\/span><\/p>\n<p class=\"MsoNormal\" style=\"text-align: justify; padding: 0px; margin: 0cm 0cm 0pt 0cm;\"><span style=\"color: #000000; font-family: Arial; font-size: 10pt;\">\u00a0<\/span><\/p>\n<p class=\"MsoNormal\" style=\"text-align: justify; padding: 0px; margin: 0cm 0cm 0pt 0cm;\"><span style=\"color: #000000; font-family: Arial; font-size: 10pt;\">1. Test \u015fi\u015fesini akvaryum suyu ile \u00e7alkalay\u0131n\u0131z ve \u015e\u0131r\u0131nga ile 2 ml akvaryum suyunu test \u015fi\u015fesine al\u0131n\u0131z.<\/span><\/p>\n<p class=\"MsoNormal\" style=\"text-align: justify; padding: 0px; margin: 0cm 0cm 0pt 0cm;\"><span style=\"color: #000000; font-family: Arial; font-size: 10pt;\">\u00a0<\/span><\/p>\n<p class=\"MsoNormal\" style=\"text-align: justify; padding: 0px; margin: 0cm 0cm 0pt 0cm;\"><span style=\"color: #000000; font-family: Arial; font-size: 10pt;\">2. 1 Damla I<sub>2<\/sub>-2 s\u0131v\u0131s\u0131ndan ekleyip 10 saniye yava\u015f\u00e7a d\u00f6nd\u00fcrerek kar\u0131\u015ft\u0131r\u0131n\u0131z. (Bu testte I<sub>2<\/sub>-1 s\u0131v\u0131s\u0131 kullan\u0131lmamaktad\u0131r.)<\/span><\/p>\n<p class=\"MsoNormal\" style=\"text-align: justify; padding: 0px; margin: 0cm 0cm 0pt 0cm;\"><span style=\"color: #000000; font-family: Arial; font-size: 10pt;\">\u00a0<\/span><\/p>\n<p class=\"MsoNormal\" style=\"text-align: justify; padding: 0px; margin: 0cm 0cm 0pt 0cm;\"><span style=\"color: #000000; font-family: Arial; font-size: 10pt;\">3. 6 Damla I<sub>2<\/sub>-3 s\u0131v\u0131s\u0131ndan ekleyip 10 saniye yava\u015f\u00e7a d\u00f6nd\u00fcrerek kar\u0131\u015ft\u0131r\u0131n\u0131z.<\/span><\/p>\n<p class=\"MsoNormal\" style=\"text-align: justify; padding: 0px; margin: 0cm 0cm 0pt 0cm;\"><span style=\"color: #000000; font-family: Arial; font-size: 10pt;\">\u00a0<\/span><\/p>\n<p class=\"MsoNormal\" style=\"text-align: justify; padding: 0px; margin: 0cm 0cm 0pt 0cm;\"><span style=\"color: #000000; font-family: Arial; font-size: 10pt;\">4. 3 dakika bekleyiniz.<\/span><\/p>\n<p class=\"MsoNormal\" style=\"text-align: justify; padding: 0px; margin: 0cm 0cm 0pt 0cm;\"><span style=\"color: #000000; font-family: Arial; font-size: 10pt;\">\u00a0<\/span><\/p>\n<p class=\"MsoNormal\" style=\"text-align: justify; padding: 0px; margin: 0cm 0cm 0pt 0cm;\"><span style=\"color: #000000; font-family: Arial; font-size: 10pt;\">5. Test \u015fi\u015fesini renk tablosunun beyaz k\u0131sm\u0131n\u0131n \u00f6n taraf\u0131nda tutarak kar\u015f\u0131dan bakmak ko\u015fuluyla kar\u015f\u0131la\u015ft\u0131rmas\u0131 yap\u0131n\u0131z. Renk kar\u015f\u0131la\u015ft\u0131rmas\u0131 i\u00e7in g\u00fcn \u0131\u015f\u0131\u011f\u0131n\u0131 kullan\u0131n\u0131z.\u00a0\u00a0E\u011fer renk koyu sar\u0131,\u00a0\u00a0ye\u015fil, mavi veya mavi tonlarda ise, Iodate konsantrasyonu 0.2 ppm\u2019in \u00fczerindedir ve bir sonraki testte \u00e7\u00f6kme yaratabilir.<\/span><\/p>\n<p class=\"MsoNormal\" style=\"text-align: justify; padding: 0px; margin: 0cm 0cm 0pt 0cm;\"><span style=\"color: #000000; font-family: Arial; font-size: 10pt;\">\u00a0<\/span><\/p>\n<p class=\"MsoNormal\" style=\"text-align: justify; padding: 0px; margin: 0cm 0cm 0pt 0cm;\"><span style=\"color: #000000; font-family: Arial; font-size: 10pt;\">6. Iodate konsentrasyonu 0.2 ppm \u00fczerinde de\u011filse, tekrar \u00f6l\u00e7\u00fcm yap\u0131labilir.<\/span><\/p>\n<p class=\"MsoNormal\" style=\"text-align: justify; padding: 0px; margin: 0cm 0cm 0pt 0cm;\"><span style=\"color: #000000; font-family: Arial; font-size: 10pt;\">\u00a0<\/span><\/p>\n<p class=\"MsoNormal\" style=\"text-align: justify; padding: 0px; margin: 0cm 0cm 0pt 0cm;\"><span style=\"color: #000000; font-family: Arial; font-size: 10pt;\">7. 5 Damla I<sub>2<\/sub>-2 s\u0131v\u0131s\u0131ndan ekleyip 10 saniye yava\u015f\u00e7a d\u00f6nd\u00fcrerek kar\u0131\u015ft\u0131r\u0131n\u0131z.<\/span><\/p>\n<p class=\"MsoNormal\" style=\"text-align: justify; padding: 0px; margin: 0cm 0cm 0pt 0cm;\"><span style=\"color: #000000; font-family: Arial; font-size: 10pt;\">\u00a0<\/span><\/p>\n<p class=\"MsoNormal\" style=\"text-align: justify; padding: 0px; margin: 0cm 0cm 0pt 0cm;\"><span style=\"color: #000000; font-family: Arial; font-size: 10pt;\">8. Test \u015fi\u015fesini renk tablosunun beyaz k\u0131sm\u0131n\u0131n \u00f6n taraf\u0131nda tutarak kar\u015f\u0131dan bakmak ko\u015fuluyla kar\u015f\u0131la\u015ft\u0131rmas\u0131 yap\u0131n\u0131z. Renk kar\u015f\u0131la\u015ft\u0131rmas\u0131 i\u00e7in g\u00fcn \u0131\u015f\u0131\u011f\u0131n\u0131 kullan\u0131n\u0131z. Her testten sonra test \u015fi\u015fesini 10\u00a0\u00a0defa temiz suyla \u00e7alkalay\u0131n\u0131z<\/span><\/p>\n<p>&nbsp;<\/p>","protected":false},"excerpt":{"rendered":"<p>Salifert\u00a0Iodine Testi \u00a0 40\u00a0kullan\u0131ml\u0131k Iodine : Iodine akvaryumda bulunan iz elementlere benzer \u015fekilde akvaryumda \u00e7ok \u00f6nemli g\u00f6revler \u00fcstlenmektedir. Omurgas\u0131zlar renklenme<\/p>","protected":false},"featured_media":13368,"comment_status":"closed","ping_status":"open","template":"","meta":[],"pwb-brand":[],"product_brand":[117],"product_cat":[175],"product_tag":[],"class_list":{"0":"post-12791","1":"product","2":"type-product","3":"status-publish","4":"has-post-thumbnail","6":"product_brand-salifert","7":"product_cat-testler","9":"first","10":"instock","11":"purchasable","12":"product-type-simple"},"brands":[],"_links":{"self":[{"href":"https:\/\/aquabluebursa.com\/en\/wp-json\/wp\/v2\/product\/12791","targetHints":{"allow":["GET"]}}],"collection":[{"href":"https:\/\/aquabluebursa.com\/en\/wp-json\/wp\/v2\/product"}],"about":[{"href":"https:\/\/aquabluebursa.com\/en\/wp-json\/wp\/v2\/types\/product"}],"replies":[{"embeddable":true,"href":"https:\/\/aquabluebursa.com\/en\/wp-json\/wp\/v2\/comments?post=12791"}],"wp:featuredmedia":[{"embeddable":true,"href":"https:\/\/aquabluebursa.com\/en\/wp-json\/wp\/v2\/media\/13368"}],"wp:attachment":[{"href":"https:\/\/aquabluebursa.com\/en\/wp-json\/wp\/v2\/media?parent=12791"}],"wp:term":[{"taxonomy":"pwb-brand","embeddable":true,"href":"https:\/\/aquabluebursa.com\/en\/wp-json\/wp\/v2\/pwb-brand?post=12791"},{"taxonomy":"product_brand","embeddable":true,"href":"https:\/\/aquabluebursa.com\/en\/wp-json\/wp\/v2\/product_brand?post=12791"},{"taxonomy":"product_cat","embeddable":true,"href":"https:\/\/aquabluebursa.com\/en\/wp-json\/wp\/v2\/product_cat?post=12791"},{"taxonomy":"product_tag","embeddable":true,"href":"https:\/\/aquabluebursa.com\/en\/wp-json\/wp\/v2\/product_tag?post=12791"}],"curies":[{"name":"wp","href":"https:\/\/api.w.org\/{rel}","templated":true}]}}