{"id":12792,"date":"2026-03-13T20:23:19","date_gmt":"2026-03-13T20:23:19","guid":{"rendered":"https:\/\/aquabluebursa.com\/magaza\/kategorilenmemis\/salifert-kalsiyum-testi\/"},"modified":"2026-03-13T20:23:19","modified_gmt":"2026-03-13T20:23:19","slug":"salifert-kalsiyum-testi","status":"publish","type":"product","link":"https:\/\/aquabluebursa.com\/en\/magaza\/testler\/salifert-kalsiyum-testi\/","title":{"rendered":"Salifert &#8211; Kalsiyum Testi"},"content":{"rendered":"<p>Salifert Kalsiyum Testi<\/p>\n<p><span style=\"color: #ff0000;\">Son Kullanma Tarihi: 2027<\/span><\/p>\n<p style=\"text-align: justify; padding: 0px; margin: 0px;\">50 ila 100\u00a0kullan\u0131ml\u0131k<\/p>\n<p class=\"MsoNormal\" style=\"text-align: justify; padding: 0px; margin: 0cm 0cm 0pt 0cm;\"><span style=\"color: #000000; font-family: Arial; font-size: 10pt;\"><span style=\"font-weight: bold; font-family: Arial; font-size: 10pt;\">\u00a0<\/span><\/span><\/p>\n<p class=\"MsoNormal\" style=\"text-align: justify; padding: 0px; margin: 0cm 0cm 0pt 0cm;\"><span style=\"color: #000000; font-family: Arial; font-size: 10pt;\"><span style=\"font-weight: bold; font-family: Arial; font-size: 10pt;\">Kalsiyum :\u00a0<\/span>Do\u011fal deniz suyunda\u00a0\u00a0kalsiyum de\u011feri 420\u2019dir.\u00a0\u00a0Kalsiyum bal\u0131klar\u0131n\u00a0\u00a0ve mercanlar\u0131n iskelet yap\u0131lar\u0131nda yer almaktad\u0131r. Ayn\u0131 zamanda kalsiyum seviyesinin pH de\u011feri \u00fczerinde \u00f6nemli etkileri de bulunmaktad\u0131r. D\u00fc\u015f\u00fck kalsiyum seviyesi pH de\u011ferinin de d\u00fc\u015fmesine neden olur. Kalsiyum seviyesinin d\u00fc\u015fmesiyle akvaryumda bulunan canl\u0131 kayalar ve mercan kumu \u00e7\u00f6z\u00fcnmeye ba\u015flamaktad\u0131r. Bunun sebebi pH seviyesinin d\u00fc\u015fmesi ve ortam\u0131n asidik \u00f6zellik g\u00f6stermeye ba\u015flamas\u0131d\u0131r. De\u011ferin 500 \u00fcn \u00fczerine \u00e7\u0131kmas\u0131 durumunda ise kalsiyum \u00e7\u00f6kme \u00f6zelli\u011fi g\u00f6stermeye ba\u015flar ve\u00a0\u00a0zeminde beyaz bir tortu olu\u015fturur. Bu tortu mercan ve di\u011fer omurgas\u0131zlar i\u00e7in yak\u0131c\u0131d\u0131r. D\u00fc\u015f\u00fck kalsiyum de\u011feri \u00f6l\u00e7\u00fcld\u00fc\u011f\u00fcnde\u00a0\u00a0akvaryum suyuna\u00a0\u00a0<span style=\"font-weight: bold; font-family: Arial; font-size: 10pt;\">s\u0131v\u0131 kalsiyum sol\u00fcsyonu veya toz kalsiyum<\/span>\u00a0ilavesi yap\u0131lmal\u0131d\u0131r.<\/span><\/p>\n<p class=\"MsoNormal\" style=\"text-align: justify; padding: 0px; margin: 0cm 0cm 0pt 0cm;\"><span style=\"color: #000000; font-family: Arial; font-size: 10pt;\">\u00a0<\/span><\/p>\n<p class=\"MsoNormal\" style=\"text-align: justify; padding: 0px; margin: 0cm 0cm 0pt 0cm;\"><span style=\"font-weight: bold; color: #000000; font-family: Arial; font-size: 10pt;\">KALS\u0130YUM TEST\u0130 NASIL KULLANILIR?<\/span><\/p>\n<p class=\"MsoNormal\" style=\"text-align: justify; padding: 0px; margin: 0cm 0cm 0pt 0cm;\"><span style=\"font-weight: bold; color: #000000; font-family: Arial; font-size: 10pt;\">\u00a0<\/span><\/p>\n<p class=\"MsoNormal\" style=\"text-align: justify; padding: 0px; margin: 0cm 0cm 0pt 0cm;\"><span style=\"color: #000000; font-family: Arial; font-size: 10pt;\">1. Test t\u00fcp\u00fcne \u015f\u0131r\u0131nga ile 2 ml su ekleyiniz.<\/span><\/p>\n<p class=\"MsoNormal\" style=\"text-align: justify; padding: 0px; margin: 0cm 0cm 0pt 0cm;\"><span style=\"color: #000000; font-family: Arial; font-size: 10pt;\">\u00a0<\/span><\/p>\n<p class=\"MsoNormal\" style=\"text-align: justify; padding: 0px; margin: 0cm 0cm 0pt 0cm;\"><span style=\"color: #000000; font-family: Arial; font-size: 10pt;\">2. Su \u00fczerine 1 ka\u015f\u0131k Ca\u20131 ekleyiniz. Kar\u0131\u015ft\u0131rmay\u0131n\u0131z.<\/span><\/p>\n<p class=\"MsoNormal\" style=\"text-align: justify; padding: 0px; margin: 0cm 0cm 0pt 0cm;\"><span style=\"color: #000000; font-family: Arial; font-size: 10pt;\">\u00a0<\/span><\/p>\n<p class=\"MsoNormal\" style=\"text-align: justify; padding: 0px; margin: 0cm 0cm 0pt 0cm;\"><span style=\"color: #000000; font-family: Arial; font-size: 10pt;\">3. 8 damla Ca\u20132 s\u0131v\u0131s\u0131ndan\u00a0ekleyiniz. 10 saniye d\u00f6nd\u00fcr\u00fcn\u00fcz.\u00a0\u00a0\u00c7alkalamay\u0131n\u0131z.<\/span><\/p>\n<p class=\"MsoNormal\" style=\"text-align: justify; padding: 0px; margin: 0cm 0cm 0pt 0cm;\"><span style=\"color: #000000; font-family: Arial; font-size: 10pt;\">\u00a0<\/span><\/p>\n<p class=\"MsoNormal\" style=\"text-align: justify; padding: 0px; margin: 0cm 0cm 0pt 0cm;\"><span style=\"color: #000000; font-family: Arial; font-size: 10pt;\">4. 1 ml \u015f\u0131r\u0131ngan\u0131n ucuna plastik aparat\u0131 sabitleyerek Ca\u20133 ayrac\u0131n\u0131 \u015f\u0131r\u0131ngaya (plastik ucun s\u00fcrekli Ca\u20133 ay\u0131rac\u0131nda oldu\u011funa emin olun) piston 1.00 ml g\u00f6sterene kadar \u00e7ekiniz. (Pistonun alt\u0131nda biraz hava bulunabilir. Bu hava plastik ucun sonundan veya pistondan kaynaklan\u0131r ve hi\u00e7bir \u015fekilde test sonucunu etkilemez.)<\/span><\/p>\n<p class=\"MsoNormal\" style=\"text-align: justify; padding: 0px; margin: 0cm 0cm 0pt 0cm;\"><span style=\"color: #000000; font-family: Arial; font-size: 10pt;\">\u00a0<\/span><\/p>\n<p class=\"MsoNormal\" style=\"text-align: justify; padding: 0px; margin: 0cm 0cm 0pt 0cm;\"><span style=\"color: #000000; font-family: Arial; font-size: 10pt;\">5. 1 ml \u015f\u0131r\u0131nga ile \u00e7ekilen Ca\u20133 ay\u0131rac\u0131n\u0131 damla damla test t\u00fcp\u00fcne ekleyiniz. Her damladan sonra 2 saniye d\u00f6nd\u00fcrerek \u00e7alkalay\u0131n\u0131z. Renk pembe-k\u0131rm\u0131z\u0131dan berrak mavi renge d\u00f6nene kadar devam ediniz.<\/span><\/p>\n<p class=\"MsoNormal\" style=\"text-align: justify; padding: 0px; margin: 0cm 0cm 0pt 0cm;\"><span style=\"color: #000000; font-family: Arial; font-size: 10pt;\">\u00a0<\/span><\/p>\n<p class=\"MsoNormal\" style=\"text-align: justify; padding: 0px; margin: 0cm 0cm 0pt 0cm;\"><span style=\"color: #000000; font-family: Arial; font-size: 10pt;\">6. \u015e\u0131r\u0131ngay\u0131 ucu ile beraber yukar\u0131 do\u011fru dik tutunuz ve pistonun siyah b\u00f6l\u00fcm\u00fcn\u00fc okuyunuz. \u015e\u0131r\u0131ngan\u0131n \u00f6l\u00e7\u00fc derecesi 0,01ml\u2019dir. Kalsiyum de\u011ferini tablodan okuyabilirsiniz veya \u015fu form\u00fclle hesaplayabilirsiniz.<\/span><\/p>\n<p class=\"MsoNormal\" style=\"text-align: justify; padding: 0px; margin: 0cm 0cm 0pt 0cm;\"><span style=\"color: #000000; font-family: Arial; font-size: 10pt;\">\u00a0<\/span><\/p>\n<p class=\"MsoNormal\" style=\"text-align: justify; padding: 0px; margin: 0cm 0cm 0pt 0cm;\"><span style=\"color: #000000; font-family: Arial; font-size: 10pt;\">ppm Ca = ( 1- \u015f\u0131r\u0131ngada okunan de\u011fer) x 500<\/span><\/p>\n<p>&nbsp;<\/p>","protected":false},"excerpt":{"rendered":"<p>Salifert Kalsiyum Testi Son Kullanma Tarihi: 2027 50 ila 100\u00a0kullan\u0131ml\u0131k \u00a0 Kalsiyum :\u00a0Do\u011fal deniz suyunda\u00a0\u00a0kalsiyum de\u011feri 420\u2019dir.\u00a0\u00a0Kalsiyum bal\u0131klar\u0131n\u00a0\u00a0ve mercanlar\u0131n iskelet<\/p>","protected":false},"featured_media":13369,"comment_status":"closed","ping_status":"open","template":"","meta":[],"pwb-brand":[],"product_brand":[117],"product_cat":[175],"product_tag":[],"class_list":{"0":"post-12792","1":"product","2":"type-product","3":"status-publish","4":"has-post-thumbnail","6":"product_brand-salifert","7":"product_cat-testler","9":"first","10":"outofstock","11":"purchasable","12":"product-type-simple"},"brands":[],"_links":{"self":[{"href":"https:\/\/aquabluebursa.com\/en\/wp-json\/wp\/v2\/product\/12792","targetHints":{"allow":["GET"]}}],"collection":[{"href":"https:\/\/aquabluebursa.com\/en\/wp-json\/wp\/v2\/product"}],"about":[{"href":"https:\/\/aquabluebursa.com\/en\/wp-json\/wp\/v2\/types\/product"}],"replies":[{"embeddable":true,"href":"https:\/\/aquabluebursa.com\/en\/wp-json\/wp\/v2\/comments?post=12792"}],"wp:featuredmedia":[{"embeddable":true,"href":"https:\/\/aquabluebursa.com\/en\/wp-json\/wp\/v2\/media\/13369"}],"wp:attachment":[{"href":"https:\/\/aquabluebursa.com\/en\/wp-json\/wp\/v2\/media?parent=12792"}],"wp:term":[{"taxonomy":"pwb-brand","embeddable":true,"href":"https:\/\/aquabluebursa.com\/en\/wp-json\/wp\/v2\/pwb-brand?post=12792"},{"taxonomy":"product_brand","embeddable":true,"href":"https:\/\/aquabluebursa.com\/en\/wp-json\/wp\/v2\/product_brand?post=12792"},{"taxonomy":"product_cat","embeddable":true,"href":"https:\/\/aquabluebursa.com\/en\/wp-json\/wp\/v2\/product_cat?post=12792"},{"taxonomy":"product_tag","embeddable":true,"href":"https:\/\/aquabluebursa.com\/en\/wp-json\/wp\/v2\/product_tag?post=12792"}],"curies":[{"name":"wp","href":"https:\/\/api.w.org\/{rel}","templated":true}]}}