{"id":12793,"date":"2026-03-13T20:23:19","date_gmt":"2026-03-13T20:23:19","guid":{"rendered":"https:\/\/aquabluebursa.com\/magaza\/kategorilenmemis\/salifert-magnezyum-testi\/"},"modified":"2026-03-13T20:23:19","modified_gmt":"2026-03-13T20:23:19","slug":"salifert-magnezyum-testi","status":"publish","type":"product","link":"https:\/\/aquabluebursa.com\/en\/magaza\/testler\/salifert-magnezyum-testi\/","title":{"rendered":"Salifert &#8211; Magnezyum Testi"},"content":{"rendered":"<p style=\"text-align: justify; padding: 0px; margin: 0px;\"><span style=\"font-weight: bold;\">Salifert\u00a0Magnezyum Testi<\/span><\/p>\n<p><span style=\"color: #ff0000;\">Son Kullanma Tarihi: 2025<\/span><\/p>\n<p style=\"text-align: justify; padding: 0px; margin: 0px;\">50 kullan\u0131ml\u0131k<\/p>\n<p class=\"MsoNormal\" style=\"text-align: justify; padding: 0px; margin: 0cm 0cm 0pt 0cm;\"><span style=\"color: #000000; font-family: Arial; font-size: 10pt;\">\u00a0<\/span><\/p>\n<p class=\"MsoNormal\" style=\"text-align: justify; padding: 0px; margin: 0cm 0cm 0pt 0cm;\"><span style=\"color: #000000; font-family: Arial; font-size: 10pt;\">Magnezyum : Do\u011fal deniz suyunun magnezyum konsantrasyonu yakla\u015f\u0131k olarak 1300 \u2013 1500 ppm. dir. Konsantrasyon tuzluluk oran\u0131yla \u00e7e\u015fitlilik g\u00f6sterir. \u00c7ok d\u00fc\u015f\u00fck magnezyum konsantrasyonu do\u011fru kalsiyum ve alkalinitie konsantrasyonunu zorla\u015ft\u0131r\u0131r. Buna ba\u011fl\u0131 olarak pH de\u011ferini sabit tutmak ta zor olmaktad\u0131r. Magnezyum konsantrasyonu salifertin magnezyumuyla \u00e7o\u011falt\u0131labilir.<\/span><\/p>\n<p class=\"MsoNormal\" style=\"text-align: justify; padding: 0px; margin: 0cm 0cm 0pt 0cm;\"><span style=\"color: #000000; font-family: Arial; font-size: 10pt;\">\u00a0<\/span><\/p>\n<p class=\"MsoNormal\" style=\"text-align: justify; padding: 0px; margin: 0cm 0cm 0pt 0cm;\"><span style=\"color: #000000; font-family: Arial; font-size: 10pt;\">\u00a0MAGNEZYUM\u00a0TEST\u0130 NASIL KULLANILIR?<\/span><\/p>\n<p class=\"MsoNormal\" style=\"text-align: justify; padding: 0px; margin: 0cm 0cm 0pt 0cm;\" align=\"justify\"><span style=\"color: #000000; font-family: Arial; font-size: 10pt;\">\u00a0<\/span><\/p>\n<p class=\"MsoNormal\" style=\"text-align: justify; padding: 0px; margin: 0cm 0cm 0pt 0cm;\" align=\"justify\"><span style=\"color: #000000; font-family: Arial; font-size: 10pt;\">1. 2 ml suyu test \u015fi\u015fesine ilave ediniz.<\/span><\/p>\n<p class=\"MsoNormal\" style=\"text-align: justify; padding: 0px; margin: 0cm 0cm 0pt 0cm;\" align=\"justify\"><span style=\"color: #000000; font-family: Arial; font-size: 10pt;\">\u00a0<\/span><\/p>\n<p class=\"MsoNormal\" style=\"text-align: justify; padding: 0px; margin: 0cm 0cm 0pt 0cm;\" align=\"justify\"><span style=\"color: #000000; font-family: Arial; font-size: 10pt;\">2.\u00a04 damla Mg \u2013 1s\u0131v\u0131s\u0131ndan\u00a0\u00a0ilave ederek 30 saniye d\u00f6nd\u00fcr\u00fcn\u00fcz.<\/span><\/p>\n<p class=\"MsoNormal\" style=\"text-align: justify; padding: 0px; margin: 0cm 0cm 0pt 0cm;\" align=\"justify\"><span style=\"color: #000000; font-family: Arial; font-size: 10pt;\">\u00a0<\/span><\/p>\n<p class=\"MsoNormal\" style=\"text-align: justify; padding: 0px; margin: 0cm 0cm 0pt 0cm;\" align=\"justify\"><span style=\"color: #000000; font-family: Arial; font-size: 10pt;\">3. 1 ka\u015f\u0131k Mg-2 tozundan ilave ederek 10 saniye d\u00f6nd\u00fcr\u00fcn\u00fcz.<\/span><\/p>\n<p class=\"MsoNormal\" style=\"text-align: justify; padding: 0px; margin: 0cm 0cm 0pt 0cm;\" align=\"justify\"><span style=\"color: #000000; font-family: Arial; font-size: 10pt;\">\u00a0<\/span><\/p>\n<p class=\"MsoNormal\" style=\"text-align: justify; padding: 0px; margin: 0cm 0cm 0pt 0cm;\" align=\"justify\"><span style=\"color: #000000; font-family: Arial; font-size: 10pt;\">4. Plastik ucu 1 ml\u2019lik \u015f\u0131r\u0131ngaya tak\u0131n\u0131z ve 1.00 ml. Mg\u20133 s\u0131v\u0131s\u0131n\u0131 \u00e7ekiniz. (Bu esnada s\u0131v\u0131 yerine hava baloncuklar\u0131n\u0131n \u00e7ekilmesini \u00f6nlemek i\u00e7in plastik ucun Mg\u20133 s\u0131v\u0131s\u0131n\u0131n i\u00e7inde oldu\u011fundan emin olun.)<\/span><\/p>\n<p class=\"MsoNormal\" style=\"text-align: justify; padding: 0px; margin: 0cm 0cm 0pt 0cm;\"><span style=\"color: #000000; font-family: Arial; font-size: 10pt;\">S\u0131v\u0131 ile piston aras\u0131nda \u00e7ok az miktarda hava tabakas\u0131 kalabilir. Bu durum testin sonucunu etkilemeyecektir.<\/span><\/p>\n<p class=\"MsoNormal\" style=\"text-align: justify; padding: 0px; margin: 0cm 0cm 0pt 0cm;\"><span style=\"color: #000000; font-family: Arial; font-size: 10pt;\">\u00a0<\/span><\/p>\n<p class=\"MsoNormal\" style=\"text-align: justify; padding: 0px; margin: 0cm 0cm 0pt 0cm;\"><span style=\"color: #000000; font-family: Arial; font-size: 10pt;\">5. 1 ml.lik \u015f\u0131r\u0131ngaya \u00e7ekti\u011finiz Mg \u2013 3 s\u0131v\u0131s\u0131n\u0131, test \u015fi\u015fesinde bulunan k\u0131rm\u0131z\u0131-pembe s\u0131v\u0131n\u0131n rengi gri veya mavi oluncaya kadar test \u015fi\u015fesine ilave ediniz. Her bir damladan sonra 1-2 saniye d\u00f6nd\u00fcr\u00fcn\u00fcz.<\/span><\/p>\n<p class=\"MsoNormal\" style=\"text-align: justify; padding: 0px; margin: 0cm 0cm 0pt 0cm;\"><span style=\"color: #000000; font-family: Arial; font-size: 10pt;\">\u00a0<\/span><\/p>\n<p class=\"MsoNormal\" style=\"text-align: justify; padding: 0px; margin: 0cm 0cm 0pt 0cm;\"><span style=\"color: #000000; font-family: Arial; font-size: 10pt;\">6. \u015e\u0131r\u0131ngay\u0131 ucu ile beraber yukar\u0131 do\u011fru dik tutunuz ve pistonun siyah b\u00f6l\u00fcm\u00fcn\u00fc okuyunuz. \u015e\u0131r\u0131ngan\u0131n \u00f6l\u00e7\u00fc derecesi 0,01ml\u2019dir. Magnezyum konsantrasyonu, magnezyum tablosundan veya a\u015fa\u011f\u0131da yaz\u0131l\u0131 denklem takip edilerek \u00e7\u0131kar\u0131labilir.<\/span><\/p>\n<p class=\"MsoNormal\" style=\"text-align: justify; padding: 0px; margin: 0cm 0cm 0pt 0cm;\"><span style=\"color: #000000; font-family: Arial; font-size: 10pt;\">\u00a0<\/span><\/p>\n<p class=\"MsoNormal\" style=\"text-align: justify; padding: 0px; margin: 0cm 0cm 0pt 0cm;\"><span style=\"color: #000000; font-family: Arial; font-size: 10pt;\">Ppm mg = (1-\u015f\u0131r\u0131ngada \u00a0okunan de\u011fer ) x 1500<\/span><\/p>\n<p>&nbsp;<\/p>","protected":false},"excerpt":{"rendered":"<p>Salifert\u00a0Magnezyum Testi Son Kullanma Tarihi: 2025 50 kullan\u0131ml\u0131k \u00a0 Magnezyum : Do\u011fal deniz suyunun magnezyum konsantrasyonu yakla\u015f\u0131k olarak 1300 \u2013<\/p>","protected":false},"featured_media":13370,"comment_status":"closed","ping_status":"open","template":"","meta":[],"pwb-brand":[],"product_brand":[117],"product_cat":[175],"product_tag":[],"class_list":{"0":"post-12793","1":"product","2":"type-product","3":"status-publish","4":"has-post-thumbnail","6":"product_brand-salifert","7":"product_cat-testler","9":"first","10":"instock","11":"purchasable","12":"product-type-simple"},"brands":[],"_links":{"self":[{"href":"https:\/\/aquabluebursa.com\/en\/wp-json\/wp\/v2\/product\/12793","targetHints":{"allow":["GET"]}}],"collection":[{"href":"https:\/\/aquabluebursa.com\/en\/wp-json\/wp\/v2\/product"}],"about":[{"href":"https:\/\/aquabluebursa.com\/en\/wp-json\/wp\/v2\/types\/product"}],"replies":[{"embeddable":true,"href":"https:\/\/aquabluebursa.com\/en\/wp-json\/wp\/v2\/comments?post=12793"}],"wp:featuredmedia":[{"embeddable":true,"href":"https:\/\/aquabluebursa.com\/en\/wp-json\/wp\/v2\/media\/13370"}],"wp:attachment":[{"href":"https:\/\/aquabluebursa.com\/en\/wp-json\/wp\/v2\/media?parent=12793"}],"wp:term":[{"taxonomy":"pwb-brand","embeddable":true,"href":"https:\/\/aquabluebursa.com\/en\/wp-json\/wp\/v2\/pwb-brand?post=12793"},{"taxonomy":"product_brand","embeddable":true,"href":"https:\/\/aquabluebursa.com\/en\/wp-json\/wp\/v2\/product_brand?post=12793"},{"taxonomy":"product_cat","embeddable":true,"href":"https:\/\/aquabluebursa.com\/en\/wp-json\/wp\/v2\/product_cat?post=12793"},{"taxonomy":"product_tag","embeddable":true,"href":"https:\/\/aquabluebursa.com\/en\/wp-json\/wp\/v2\/product_tag?post=12793"}],"curies":[{"name":"wp","href":"https:\/\/api.w.org\/{rel}","templated":true}]}}