{"id":12795,"date":"2026-03-13T20:23:28","date_gmt":"2026-03-13T20:23:28","guid":{"rendered":"https:\/\/aquabluebursa.com\/magaza\/kategorilenmemis\/salifert-nitrit-testi\/"},"modified":"2026-03-13T20:23:29","modified_gmt":"2026-03-13T20:23:29","slug":"salifert-nitrit-testi","status":"publish","type":"product","link":"https:\/\/aquabluebursa.com\/en\/magaza\/testler\/salifert-nitrit-testi\/","title":{"rendered":"Salifert &#8211; Nitrit Testi"},"content":{"rendered":"<p style=\"padding: 0px; margin: 0px;\"><span style=\"font-weight: bold;\">Salifert\u00a0Nitrit Testi<\/span><\/p>\n<p><span style=\"color: #ff0000;\">Son Kullanma Tarihi: 2026<\/span><\/p>\n<p style=\"padding: 0px; margin: 0px;\">60 kullan\u0131ml\u0131k<\/p>\n<p style=\"padding: 0px; margin: 0px;\"><span style=\"font-size: 10pt;\">\u00a0<\/span><\/p>\n<p style=\"padding: 0px; margin: 0px;\"><span style=\"font-size: 10pt;\">Nitrit : Amonya\u011fa g\u00f6re daha az zehirleyici etkiye sahip olsa da suda istenmeyen\u00a0\u00a0bir de\u011ferdir. Nitrit de\u011ferinin 0 (s\u0131f\u0131r) olmas\u0131 gerekmektedir. Nitritin y\u00fckselmesi durumunda bal\u0131klar\u0131n g\u00f6zlerinde \u015fi\u015fme ve bu\u011fulanma g\u00f6zlemlenmektedir. Nitrite ba\u011fl\u0131 olarak f\u0131rsat\u00e7\u0131 bakterilerin ve parazitlerin patojen etkileri g\u00f6r\u00fclmektedir. Nitrit de\u011ferinin y\u00fckselmesi durumunda\u00a0\u00a0sisteme bakteri (Nitrobacter sp.) ilavesi gerekmektedir. Nitrit bakteriler taraf\u0131ndan Nitrata d\u00f6n\u00fc\u015ft\u00fcr\u00fclmektedir.<\/span><\/p>\n<p class=\"MsoNormal\" style=\"text-align: justify; padding: 0px; margin: 0cm 0cm 0pt 0cm;\"><span style=\"color: #000000; font-family: Arial; font-size: 10pt;\">\u00a0<\/span><\/p>\n<p style=\"padding: 0px; margin: 0px;\"><span style=\"color: #000000; font-family: Arial; font-size: 10pt;\">\u00a0N\u0130TR\u0130T\u00a0TEST\u0130 NASIL KULLANILIR?<\/span><\/p>\n<p style=\"padding: 0px; margin: 0px;\"><span style=\"color: #000000; font-family: Arial; font-size: 10pt;\">\u00a0<\/span><\/p>\n<p class=\"MsoNormal\" style=\"text-align: justify; padding: 0px; margin: 0cm 0cm 0pt 0cm;\"><span style=\"color: #000000; font-family: Arial; font-size: 10pt;\">1. Test \u015fi\u015fesine \u015f\u0131r\u0131ngayla\u00a0\u00a01ml\u00a0\u00a0su ilave ediniz.<\/span><\/p>\n<p style=\"padding: 0px; margin: 0px;\"><span style=\"color: #000000; font-family: Arial; font-size: 10pt;\">\u00a0<\/span><\/p>\n<p class=\"MsoNormal\" style=\"text-align: justify; padding: 0px; margin: 0cm 0cm 0pt 0cm;\"><span style=\"color: #000000; font-family: Arial; font-size: 10pt;\">2. 1 ka\u015f\u0131k NO<sub>2<\/sub>\u00a0toz\u2019dan ilave ediniz ve test\u00a0\u00a0t\u00fcp\u00fcn\u00fcn i\u00e7eri\u011fini\u00a0\u00a020 saniye d\u00f6nd\u00fcrerek kar\u0131\u015ft\u0131r\u0131n\u0131z. 3 dakika bekleyiniz.<\/span><\/p>\n<p style=\"padding: 0px; margin: 0px;\"><span style=\"color: #000000; font-family: Arial; font-size: 10pt;\">\u00a0<\/span><\/p>\n<p class=\"MsoNormal\" style=\"text-align: justify; padding: 0px; margin: 0cm 0cm 0pt 0cm;\"><span style=\"color: #000000; font-family: Arial; font-size: 10pt;\">3. Test \u015fi\u015fesinin \u00fczerinde bulunan beyaz renk tablosunu a\u00e7\u0131n\u0131z ve \u00fcstten bakarak renkleri kar\u015f\u0131la\u015ft\u0131r\u0131n\u0131z. Rengin kar\u015f\u0131s\u0131nda bulunan\u00a0\u00a0Nitrit i\u00e7eri\u011fini okuyunuz. Orta renk , orta nitrite i\u00e7eri\u011fine tekab\u00fcl eder.<\/span><\/p>\n<p>&nbsp;<\/p>","protected":false},"excerpt":{"rendered":"<p>Salifert\u00a0Nitrit Testi Son Kullanma Tarihi: 2026 60 kullan\u0131ml\u0131k \u00a0 Nitrit : Amonya\u011fa g\u00f6re daha az zehirleyici etkiye sahip olsa da<\/p>","protected":false},"featured_media":13372,"comment_status":"closed","ping_status":"open","template":"","meta":[],"pwb-brand":[],"product_brand":[117],"product_cat":[175],"product_tag":[],"class_list":{"0":"post-12795","1":"product","2":"type-product","3":"status-publish","4":"has-post-thumbnail","6":"product_brand-salifert","7":"product_cat-testler","9":"first","10":"instock","11":"purchasable","12":"product-type-simple"},"brands":[],"_links":{"self":[{"href":"https:\/\/aquabluebursa.com\/en\/wp-json\/wp\/v2\/product\/12795","targetHints":{"allow":["GET"]}}],"collection":[{"href":"https:\/\/aquabluebursa.com\/en\/wp-json\/wp\/v2\/product"}],"about":[{"href":"https:\/\/aquabluebursa.com\/en\/wp-json\/wp\/v2\/types\/product"}],"replies":[{"embeddable":true,"href":"https:\/\/aquabluebursa.com\/en\/wp-json\/wp\/v2\/comments?post=12795"}],"wp:featuredmedia":[{"embeddable":true,"href":"https:\/\/aquabluebursa.com\/en\/wp-json\/wp\/v2\/media\/13372"}],"wp:attachment":[{"href":"https:\/\/aquabluebursa.com\/en\/wp-json\/wp\/v2\/media?parent=12795"}],"wp:term":[{"taxonomy":"pwb-brand","embeddable":true,"href":"https:\/\/aquabluebursa.com\/en\/wp-json\/wp\/v2\/pwb-brand?post=12795"},{"taxonomy":"product_brand","embeddable":true,"href":"https:\/\/aquabluebursa.com\/en\/wp-json\/wp\/v2\/product_brand?post=12795"},{"taxonomy":"product_cat","embeddable":true,"href":"https:\/\/aquabluebursa.com\/en\/wp-json\/wp\/v2\/product_cat?post=12795"},{"taxonomy":"product_tag","embeddable":true,"href":"https:\/\/aquabluebursa.com\/en\/wp-json\/wp\/v2\/product_tag?post=12795"}],"curies":[{"name":"wp","href":"https:\/\/api.w.org\/{rel}","templated":true}]}}