{"id":12796,"date":"2026-03-13T20:23:28","date_gmt":"2026-03-13T20:23:28","guid":{"rendered":"https:\/\/aquabluebursa.com\/magaza\/kategorilenmemis\/salifert-strontium-testi\/"},"modified":"2026-03-13T20:23:29","modified_gmt":"2026-03-13T20:23:29","slug":"salifert-strontium-testi","status":"publish","type":"product","link":"https:\/\/aquabluebursa.com\/en\/magaza\/testler\/salifert-strontium-testi\/","title":{"rendered":"Salifert &#8211; Strontium Testi"},"content":{"rendered":"<p style=\"padding: 0px; margin: 0px;\"><span style=\"font-weight: bold;\">Salifert\u00a0Strontium Testi<\/span><\/p>\n<p style=\"padding: 0px; margin: 0px;\"><span style=\"font-weight: bold;\">\u00a0<\/span><\/p>\n<p style=\"padding: 0px; margin: 0px;\">25\u00a0kullan\u0131ml\u0131k<\/p>\n<p style=\"padding: 0px; margin: 0px;\">Strontium : Strontium mercan akvaryumu ortam\u0131 i\u00e7in esansiyel (do\u011fada eser miktarda bulunan ancak canl\u0131n\u0131n ya\u015famsal faaliyetlerini s\u00fcrd\u00fcrebilmesi i\u00e7in d\u0131\u015far\u0131dan mutlaka almas\u0131 gereken)\u00a0 bir iz elementtir. Sert mercanlar\u0131n olu\u015fumunda ve k\u0131rm\u0131z\u0131 kalkerlerin (Coralin alg) meydana gelmesinde yard\u0131mc\u0131 olarak rol al\u0131r.\u00a0 Bu algler\u00a0 strontiumu kalsiyum ile birlikte iskeletlerinde hapsettikleri i\u00e7in ortamda strontium konsantrasyonunu ihtiya\u00e7 duyarlar. Do\u011fal ortamda iz elementlerin konsantrasyonu s\u00fcrekli olarak yenilenebilirken akvaryum ortam\u0131nda bu konsantrasyon zamanla t\u00fckenir. Uzmanlar strontiumun ya\u015famsal faaliyetlerin d\u00fczeni i\u00e7in \u00f6nemini kabul etmi\u015flerdir.<\/p>\n<p style=\"padding: 0px; margin: 0px;\"><span style=\"color: #000000; font-size: 10pt;\">\u00a0<\/span><\/p>\n<p style=\"padding: 0px; margin: 0px;\"><span style=\"color: #000000; font-size: 10pt;\">STRONTIUM\u00a0TEST\u0130 NASIL KULLANILIR?<\/span><\/p>\n<p class=\"MsoNormal\" style=\"text-align: justify; padding: 0px; margin: 0cm 0cm 0pt 0cm;\"><span style=\"color: #000000; font-size: 10pt;\">\u00a0<\/span><\/p>\n<p style=\"padding: 0px; margin: 0px;\"><span style=\"color: #000000; font-size: 10pt;\">\u00a0<\/span><\/p>\n<p class=\"MsoNormal\" style=\"text-indent: -18pt; text-align: justify; padding: 0px; margin: 0cm 0cm 0pt 36pt;\" align=\"left\"><span style=\"color: #000000; font-size: 10pt;\"><span style=\"font-size: 10pt;\">1.\u00a0\u00a0\u00a0\u00a0\u00a0Test \u015fi\u015fesini s\u0131cak su ile \u00e7alkalay\u0131n\u0131z ve temizledikten sonra kurutunuz. \u015e\u0131r\u0131ngay\u0131 kulland\u0131ktan sonra bo\u015falt\u0131n\u0131z. Ayra\u00e7lar\u0131 kullan\u0131mdan sonra tekrar kullanabilirsiniz. Hi\u00e7bir zaman \u015e\u0131r\u0131ngay\u0131 su ile temizlemeyiniz!<\/span><\/span><\/p>\n<p class=\"MsoNormal\" style=\"text-indent: -18pt; text-align: justify; padding: 0px; margin: 0cm 0cm 0pt 36pt;\" align=\"left\"><span style=\"color: #000000; font-size: 10pt;\">\u00a0<\/span><\/p>\n<p class=\"MsoNormal\" style=\"text-indent: -18pt; text-align: justify; padding: 0px; margin: 0cm 0cm 0pt 36pt;\" align=\"left\">\u00a0<span style=\"color: #000000; font-size: 10pt;\"><span style=\"font-size: 10pt;\">2.\u00a0\u00a0\u00a0\u00a0\u00a0Test \u015ei\u015fesini 5 ml su ile doldurunuz (5 ml \u015e\u0131r\u0131ngay\u0131 kullanarak.)<\/span><\/span><\/p>\n<p class=\"MsoNormal\" style=\"text-indent: -18pt; text-align: justify; padding: 0px; margin: 0cm 0cm 0pt 36pt;\" align=\"left\"><span style=\"color: #000000; font-size: 10pt;\">\u00a0<\/span><\/p>\n<p style=\"padding: 0px; margin: 0px;\"><span style=\"color: #000000; font-size: 10pt;\">\u00a0<\/span><\/p>\n<p class=\"MsoNormal\" style=\"text-indent: -18pt; text-align: justify; padding: 0px; margin: 0cm 0cm 0pt 36pt;\" align=\"left\"><span style=\"color: #000000; font-size: 10pt;\"><span style=\"font-size: 10pt;\">3.\u00a0\u00a0\u00a0\u00a0\u00a012 damla Sr-1 ekleyip 10 saniye d\u00f6nd\u00fcr\u00fcn\u00fcz.<\/span><\/span><\/p>\n<p class=\"MsoNormal\" style=\"text-indent: -18pt; text-align: justify; padding: 0px; margin: 0cm 0cm 0pt 36pt;\" align=\"left\"><span style=\"font-size: 10pt;\"><span style=\"color: #000000; font-size: 10pt;\">\u00a0<\/span><\/span><\/p>\n<p style=\"padding: 0px; margin: 0px;\"><span style=\"color: #000000; font-size: 10pt;\">\u00a0<\/span><\/p>\n<p class=\"MsoNormal\" style=\"text-indent: -18pt; text-align: justify; padding: 0px; margin: 0cm 0cm 0pt 36pt;\" align=\"left\"><span style=\"color: #000000; font-size: 10pt;\"><span style=\"font-size: 10pt;\">4.\u00a0\u00a0\u00a0\u00a0\u00a01 Ka\u015f\u0131k Sr-2 ekleyip ve 5 saniye d\u00f6nd\u00fcr\u00fcn\u00fcz. Renk k\u0131rm\u0131z\u0131-pembe olmal\u0131.<\/span><\/span><\/p>\n<p class=\"MsoNormal\" style=\"text-indent: -18pt; text-align: justify; padding: 0px; margin: 0cm 0cm 0pt 36pt;\" align=\"left\"><span style=\"font-size: 10pt;\"><span style=\"color: #000000; font-size: 10pt;\">\u00a0<\/span><\/span><\/p>\n<p style=\"padding: 0px; margin: 0px;\"><span style=\"color: #000000; font-size: 10pt;\">\u00a0<\/span><\/p>\n<p class=\"MsoNormal\" style=\"text-indent: -18pt; text-align: justify; padding: 0px; margin: 0cm 0cm 0pt 36pt;\" align=\"left\"><span style=\"color: #000000; font-size: 10pt;\"><span style=\"font-size: 10pt;\">5.\u00a0\u00a0\u00a0\u00a0\u00a01 ml \u015f\u0131r\u0131ngaya plastik ucu tak\u0131n\u0131z ve bu ucun sabit oldu\u011fundan emin olunuz. Bu \u015e\u0131r\u0131ngay\u0131 1 ml ile Sr-3 doldurun. Bu dozu test \u015fi\u015fesine doldurunuz ve 20 saniye d\u00f6nd\u00fcr\u00fcn\u00fcz. E\u011fer renk 30 saniye sonra maviye d\u00f6nd\u00fcyse kalsiyum konsantrasyonu \u00e7ok d\u00fc\u015f\u00fck demektir ve strontium testi yapmadan \u00f6nce d\u00fczeltmesi gerekir.<\/span><\/span><\/p>\n<p class=\"MsoNormal\" style=\"text-indent: -18pt; text-align: justify; padding: 0px; margin: 0cm 0cm 0pt 36pt;\" align=\"left\"><span style=\"font-size: 10pt;\"><span style=\"color: #000000; font-size: 10pt;\">\u00a0<\/span><\/span><\/p>\n<p style=\"padding: 0px; margin: 0px;\"><span style=\"color: #000000; font-size: 10pt;\">\u00a0<\/span><\/p>\n<p class=\"MsoNormal\" style=\"text-indent: -18pt; text-align: justify; padding: 0px; margin: 0cm 0cm 0pt 36pt;\" align=\"left\"><span style=\"color: #000000; font-size: 10pt;\"><span style=\"font-size: 10pt;\">6.\u00a0\u00a0\u00a0\u00a0\u00a0E\u011fer renk hala k\u0131rm\u0131z\u0131-pembe ise \u015f\u0131r\u0131ngay\u0131 tekrar 1 ml Sr-3 ile doldurunuz. Test \u015fi\u015fesine renk maviye d\u00f6nene kadar damla damla bo\u015falt\u0131n\u0131z (her damladan sonra birka\u00e7 saniye d\u00f6nd\u00fcr\u00fcn\u00fcz). Renk maviye d\u00f6nd\u00fckten sonra, 15 saniye daha yava\u015f yava\u015f d\u00f6nd\u00fcr\u00fcn\u00fcz. Muhtemelen saf mavi renge de\u011fil siyah renge d\u00f6necektir. Bu durumda Sr-3\u2019ten 1 damla daha ekleyiniz ve tekrardan 15 saniye d\u00f6nd\u00fcr\u00fcn\u00fcz. Bunu mavi renk olana kadar tekrarlay\u0131n\u0131z.<\/span><\/span><\/p>\n<p class=\"MsoNormal\" style=\"text-indent: -18pt; text-align: justify; padding: 0px; margin: 0cm 0cm 0pt 36pt;\" align=\"left\"><span style=\"font-size: 10pt;\"><span style=\"color: #000000; font-size: 10pt;\">\u00a0<\/span><\/span><\/p>\n<p style=\"padding: 0px; margin: 0px;\"><span style=\"color: #000000; font-size: 10pt;\">\u00a0<\/span><\/p>\n<p class=\"MsoNormal\" style=\"text-indent: -18pt; text-align: justify; padding: 0px; margin: 0cm 0cm 0pt 36pt;\" align=\"left\"><span style=\"color: #000000; font-size: 10pt;\"><span style=\"font-size: 10pt;\">7.\u00a0\u00a0\u00a0\u00a0\u00a0\u015e\u0131r\u0131ngay\u0131 plastik ucunu \u00e7\u0131karmadan yukar\u0131 do\u011fru tutunuz. \u015e\u0131r\u0131ngan\u0131n siyah b\u00f6l\u00fcm\u00fcne kar\u015f\u0131l\u0131k gelen de\u011feri okuyunuz. Okudu\u011funuz bu de\u011ferle tablodan kalsiyum konsantrasyonunu bulabilirsiniz.<\/span><\/span><\/p>\n<p class=\"MsoNormal\" style=\"text-indent: -18pt; text-align: justify; padding: 0px; margin: 0cm 0cm 0pt 36pt;\" align=\"left\"><span style=\"font-size: 10pt;\"><span style=\"color: #000000; font-size: 10pt;\">\u00a0<\/span><\/span><\/p>\n<p style=\"padding: 0px; margin: 0px;\"><span style=\"color: #000000; font-size: 10pt;\">\u00a0<\/span><\/p>\n<p class=\"MsoNormal\" style=\"text-indent: -18pt; text-align: justify; padding: 0px; margin: 0cm 0cm 0pt 36pt;\" align=\"left\"><span style=\"color: #000000; font-size: 10pt;\"><span style=\"font-size: 10pt;\">8.\u00a0\u00a0\u00a0\u00a0\u00a01 ml etiketli \u015f\u0131r\u0131ngay\u0131 (plastik ucu gerekli de\u011fil) 0.5 ml Sr-4 ile doldurunuz. Bunu test \u015fi\u015fesine ekleyip 10 san. d\u00f6nd\u00fcr\u00fcn\u00fcz. Renk k\u0131rm\u0131z\u0131\/pembe kalacakt\u0131r.\u00a0\u00a0<\/span><\/span><\/p>\n<p class=\"MsoNormal\" style=\"text-indent: -18pt; text-align: justify; padding: 0px; margin: 0cm 0cm 0pt 36pt;\" align=\"left\"><span style=\"font-size: 10pt;\"><span style=\"color: #000000; font-size: 10pt;\">\u00a0<\/span><\/span><\/p>\n<p style=\"padding: 0px; margin: 0px;\"><span style=\"color: #000000; font-size: 10pt;\">\u00a0<\/span><\/p>\n<p class=\"MsoNormal\" style=\"text-indent: -18pt; text-align: justify; padding: 0px; margin: 0cm 0cm 0pt 36pt;\" align=\"left\"><span style=\"color: #000000; font-size: 10pt;\"><span style=\"font-size: 10pt;\">9.\u00a0\u00a0\u00a0\u00a0\u00a0\u0130ki ka\u015f\u0131k Sr-5 ekleyiniz ve toz \u00e7\u00f6z\u00fclene kadara d\u00f6nd\u00fcr\u00fcn\u00fcz. 12-15 dakika bekleyiniz. (saat kullan\u0131n)<\/span><\/span><\/p>\n<p class=\"MsoNormal\" style=\"text-indent: -18pt; text-align: justify; padding: 0px; margin: 0cm 0cm 0pt 36pt;\" align=\"left\"><span style=\"font-size: 10pt;\"><span style=\"color: #000000; font-size: 10pt;\">\u00a0<\/span><\/span><\/p>\n<p class=\"MsoNormal\" style=\"text-indent: -18pt; text-align: justify; padding: 0px; margin: 0cm 0cm 0pt 36pt;\" align=\"left\"><span style=\"color: #000000; font-size: 10pt;\"><span style=\"font-size: 10pt;\">10.\u00a01 ml \u015e\u0131r\u0131ngaya sar\u0131 etiketsiz plastik ucuyla beraber 1 ml Sr-3 \u00e7ekiniz. Damla damla renk maviye d\u00f6nene kadar test \u015fi\u015fesine ekleyiniz. Her damladan sonra 20 saniye d\u00f6nd\u00fcr\u00fcn\u00fcz.<\/span><\/span><\/p>\n<p class=\"MsoNormal\" style=\"text-indent: -18pt; text-align: justify; padding: 0px; margin: 0cm 0cm 0pt 36pt;\" align=\"left\"><span style=\"font-size: 10pt;\"><span style=\"color: #000000; font-size: 10pt;\">\u00a0<\/span><\/span><\/p>\n<p class=\"MsoNormal\" style=\"text-indent: -18pt; text-align: justify; padding: 0px; margin: 0cm 0cm 0pt 36pt;\" align=\"left\"><span style=\"color: #000000; font-size: 10pt;\"><span style=\"font-size: 10pt;\">11.\u015e\u0131r\u0131ngay\u0131 plastik ucu yukar\u0131 gelecek \u015fekilde tutunuz ve \u015f\u0131r\u0131ngan\u0131n alt k\u0131sm\u0131na kar\u015f\u0131l\u0131k gelen de\u011feri okuyunuz. Okudu\u011funuz bu de\u011feri tabloda kar\u015f\u0131la\u015ft\u0131rarak Strontium miktar\u0131n\u0131 bulunuz.<\/span><\/span><\/p>\n<p>&nbsp;<\/p>","protected":false},"excerpt":{"rendered":"<p>Salifert\u00a0Strontium Testi \u00a0 25\u00a0kullan\u0131ml\u0131k Strontium : Strontium mercan akvaryumu ortam\u0131 i\u00e7in esansiyel (do\u011fada eser miktarda bulunan ancak canl\u0131n\u0131n ya\u015famsal faaliyetlerini<\/p>","protected":false},"featured_media":13373,"comment_status":"closed","ping_status":"open","template":"","meta":[],"pwb-brand":[],"product_brand":[117],"product_cat":[175],"product_tag":[],"class_list":{"0":"post-12796","1":"product","2":"type-product","3":"status-publish","4":"has-post-thumbnail","6":"product_brand-salifert","7":"product_cat-testler","9":"first","10":"outofstock","11":"purchasable","12":"product-type-simple"},"brands":[],"_links":{"self":[{"href":"https:\/\/aquabluebursa.com\/en\/wp-json\/wp\/v2\/product\/12796","targetHints":{"allow":["GET"]}}],"collection":[{"href":"https:\/\/aquabluebursa.com\/en\/wp-json\/wp\/v2\/product"}],"about":[{"href":"https:\/\/aquabluebursa.com\/en\/wp-json\/wp\/v2\/types\/product"}],"replies":[{"embeddable":true,"href":"https:\/\/aquabluebursa.com\/en\/wp-json\/wp\/v2\/comments?post=12796"}],"wp:featuredmedia":[{"embeddable":true,"href":"https:\/\/aquabluebursa.com\/en\/wp-json\/wp\/v2\/media\/13373"}],"wp:attachment":[{"href":"https:\/\/aquabluebursa.com\/en\/wp-json\/wp\/v2\/media?parent=12796"}],"wp:term":[{"taxonomy":"pwb-brand","embeddable":true,"href":"https:\/\/aquabluebursa.com\/en\/wp-json\/wp\/v2\/pwb-brand?post=12796"},{"taxonomy":"product_brand","embeddable":true,"href":"https:\/\/aquabluebursa.com\/en\/wp-json\/wp\/v2\/product_brand?post=12796"},{"taxonomy":"product_cat","embeddable":true,"href":"https:\/\/aquabluebursa.com\/en\/wp-json\/wp\/v2\/product_cat?post=12796"},{"taxonomy":"product_tag","embeddable":true,"href":"https:\/\/aquabluebursa.com\/en\/wp-json\/wp\/v2\/product_tag?post=12796"}],"curies":[{"name":"wp","href":"https:\/\/api.w.org\/{rel}","templated":true}]}}