{"id":12801,"date":"2026-03-13T20:23:41","date_gmt":"2026-03-13T20:23:41","guid":{"rendered":"https:\/\/aquabluebursa.com\/magaza\/kategorilenmemis\/ati-sun-power-dimmcomputer-8x39w-t5-armatur\/"},"modified":"2026-03-13T20:23:41","modified_gmt":"2026-03-13T20:23:41","slug":"ati-sun-power-dimmcomputer-8x39w-t5-armatur","status":"publish","type":"product","link":"https:\/\/aquabluebursa.com\/en\/magaza\/aydinlatma-sistemlerit5-armaturler\/ati-sun-power-dimmcomputer-8x39w-t5-armatur\/","title":{"rendered":"ATI Sun Power Dimmcomputer 8x39W T5 Armat\u00fcr"},"content":{"rendered":"<div><span style=\"font-weight: bold;\">ATI Sun Power Dimmcomputer 8x39W T5 Armat\u00fcr:<\/span><\/div>\n<div><\/div>\n<p>Entegre kontrol bilgisayar\u0131 sayesinde, herhangi bir harici kontrol \u00fcnitesi kullanmaya gerek kalmadan T5 lambalar\u0131n\u0131z\u0131n g\u00fcc\u00fcn\u00fc istedi\u011finiz gibi ayarlayabilecek ve g\u00fcn do\u011fu\u015funu \/ bat\u0131\u015f\u0131n\u0131 simule edebileceksiniz<\/p>\n<div><\/div>\n<div>Ask\u0131 aparatlar\u0131 dahildir.<\/div>\n<div><\/div>","protected":false},"excerpt":{"rendered":"<p>ATI Sun Power Dimmcomputer 8x39W T5 Armat\u00fcr: Entegre kontrol bilgisayar\u0131 sayesinde, herhangi bir harici kontrol \u00fcnitesi kullanmaya gerek kalmadan T5<\/p>","protected":false},"featured_media":13378,"comment_status":"closed","ping_status":"open","template":"","meta":[],"pwb-brand":[],"product_brand":[122],"product_cat":[171],"product_tag":[],"class_list":{"0":"post-12801","1":"product","2":"type-product","3":"status-publish","4":"has-post-thumbnail","6":"product_brand-ati","7":"product_cat-aydinlatma-sistemlerit5-armaturler","9":"first","10":"instock","11":"purchasable","12":"product-type-simple"},"brands":[],"_links":{"self":[{"href":"https:\/\/aquabluebursa.com\/en\/wp-json\/wp\/v2\/product\/12801","targetHints":{"allow":["GET"]}}],"collection":[{"href":"https:\/\/aquabluebursa.com\/en\/wp-json\/wp\/v2\/product"}],"about":[{"href":"https:\/\/aquabluebursa.com\/en\/wp-json\/wp\/v2\/types\/product"}],"replies":[{"embeddable":true,"href":"https:\/\/aquabluebursa.com\/en\/wp-json\/wp\/v2\/comments?post=12801"}],"wp:featuredmedia":[{"embeddable":true,"href":"https:\/\/aquabluebursa.com\/en\/wp-json\/wp\/v2\/media\/13378"}],"wp:attachment":[{"href":"https:\/\/aquabluebursa.com\/en\/wp-json\/wp\/v2\/media?parent=12801"}],"wp:term":[{"taxonomy":"pwb-brand","embeddable":true,"href":"https:\/\/aquabluebursa.com\/en\/wp-json\/wp\/v2\/pwb-brand?post=12801"},{"taxonomy":"product_brand","embeddable":true,"href":"https:\/\/aquabluebursa.com\/en\/wp-json\/wp\/v2\/product_brand?post=12801"},{"taxonomy":"product_cat","embeddable":true,"href":"https:\/\/aquabluebursa.com\/en\/wp-json\/wp\/v2\/product_cat?post=12801"},{"taxonomy":"product_tag","embeddable":true,"href":"https:\/\/aquabluebursa.com\/en\/wp-json\/wp\/v2\/product_tag?post=12801"}],"curies":[{"name":"wp","href":"https:\/\/api.w.org\/{rel}","templated":true}]}}