{"id":12802,"date":"2026-03-13T20:23:41","date_gmt":"2026-03-13T20:23:41","guid":{"rendered":"https:\/\/aquabluebursa.com\/magaza\/kategorilenmemis\/grotech-khca-2-1000-ml\/"},"modified":"2026-03-13T20:23:41","modified_gmt":"2026-03-13T20:23:41","slug":"grotech-khca-2-1000-ml","status":"publish","type":"product","link":"https:\/\/aquabluebursa.com\/en\/magaza\/katkilar\/grotech-khca-2-1000-ml\/","title":{"rendered":"GroTech &#8211; kH+Ca 2 1000 ml"},"content":{"rendered":"<p class=\"MsoNormal\" style=\"color: #333333; font-family: Verdana, Arial, Helvetica, sans-serif; line-height: 14px; margin: 0cm 0cm 0pt;\">\n<p style=\"color: #555555; font-family: Tahoma, Arial, sans-serif; line-height: 11.333333015441895px; text-align: left; margin: 10px 0px; padding: 0px;\"><span style=\"color: #333333; font-family: Verdana, Arial, Helvetica, sans-serif; line-height: 14px; font-size: 12pt;\">Kalsiyum de\u011ferinin h\u0131zl\u0131 ve verimli y\u00fckseltilmesini sa\u011flar.<\/span><\/p>\n<div><span style=\"color: #333333; font-family: Verdana, Arial, Helvetica, sans-serif; line-height: 14px;\">\u00a0<\/span><\/div>\n<div><span style=\"color: #333333; font-family: Verdana, Arial, Helvetica, sans-serif; line-height: 14px; font-size: 12pt;\">Kullan\u0131m:<\/span><\/div>\n<div><\/div>\n<div><\/div>\n<div><span style=\"color: #333333; font-family: Verdana, Arial, Helvetica, sans-serif; font-size: 12pt; line-height: 14px;\">10ml kH+Ca2 \u00a0200 mg hemen kullan\u0131labilir kalsiyum i\u00e7ermektedir. \u0130deal<\/span><\/div>\n<div><\/div>\n<div><\/div>\n<div><\/div>\n<div><\/div>\n<div><\/div>\n<p><span style=\"color: #333333; font-family: Verdana, Arial, Helvetica, sans-serif; line-height: 14px; font-size: 12pt;\">kalsiyum de\u011feri 400-450 mg\/litre \u2018dir. \u00a0kH+Ca2 sadece \u00a0ayn\u0131 miktarda <\/span><\/p>\n<p><span style=\"color: #333333; font-family: Verdana, Arial, Helvetica, sans-serif; line-height: 14px; font-size: 12pt;\">kH+Ca1 ile beraber , kar\u0131\u015ft\u0131r\u0131lmadan , \u00a0akvaryuma eklenmelidir. <\/span><\/p>\n<p><span style=\"color: #333333; font-family: Verdana, Arial, Helvetica, sans-serif; line-height: 14px; font-size: 12pt;\">Kalsiyum do\u011fal mercan b\u00fcy\u00fcmesi i\u00e7in \u00e7ok \u00f6nemlidir.<\/span><\/p>\n<div><span style=\"color: #333333; font-family: Verdana, Arial, Helvetica, sans-serif; line-height: 14px; font-size: 12pt;\">\u0130\u00e7indekiler: Su,kalsiyum,klorid<\/span><\/div>\n<p style=\"color: #333333; font-family: Verdana, Arial, Helvetica, sans-serif; line-height: 14px;\">","protected":false},"excerpt":{"rendered":"<p>Kalsiyum de\u011ferinin h\u0131zl\u0131 ve verimli y\u00fckseltilmesini sa\u011flar. \u00a0 Kullan\u0131m: 10ml kH+Ca2 \u00a0200 mg hemen kullan\u0131labilir kalsiyum i\u00e7ermektedir. \u0130deal kalsiyum de\u011feri<\/p>","protected":false},"featured_media":13381,"comment_status":"closed","ping_status":"open","template":"","meta":[],"pwb-brand":[],"product_brand":[94],"product_cat":[157],"product_tag":[],"class_list":{"0":"post-12802","1":"product","2":"type-product","3":"status-publish","4":"has-post-thumbnail","6":"product_brand-grotech","7":"product_cat-katkilar","9":"first","10":"instock","11":"purchasable","12":"product-type-simple"},"brands":[],"_links":{"self":[{"href":"https:\/\/aquabluebursa.com\/en\/wp-json\/wp\/v2\/product\/12802","targetHints":{"allow":["GET"]}}],"collection":[{"href":"https:\/\/aquabluebursa.com\/en\/wp-json\/wp\/v2\/product"}],"about":[{"href":"https:\/\/aquabluebursa.com\/en\/wp-json\/wp\/v2\/types\/product"}],"replies":[{"embeddable":true,"href":"https:\/\/aquabluebursa.com\/en\/wp-json\/wp\/v2\/comments?post=12802"}],"wp:featuredmedia":[{"embeddable":true,"href":"https:\/\/aquabluebursa.com\/en\/wp-json\/wp\/v2\/media\/13381"}],"wp:attachment":[{"href":"https:\/\/aquabluebursa.com\/en\/wp-json\/wp\/v2\/media?parent=12802"}],"wp:term":[{"taxonomy":"pwb-brand","embeddable":true,"href":"https:\/\/aquabluebursa.com\/en\/wp-json\/wp\/v2\/pwb-brand?post=12802"},{"taxonomy":"product_brand","embeddable":true,"href":"https:\/\/aquabluebursa.com\/en\/wp-json\/wp\/v2\/product_brand?post=12802"},{"taxonomy":"product_cat","embeddable":true,"href":"https:\/\/aquabluebursa.com\/en\/wp-json\/wp\/v2\/product_cat?post=12802"},{"taxonomy":"product_tag","embeddable":true,"href":"https:\/\/aquabluebursa.com\/en\/wp-json\/wp\/v2\/product_tag?post=12802"}],"curies":[{"name":"wp","href":"https:\/\/api.w.org\/{rel}","templated":true}]}}