{"id":12804,"date":"2026-03-13T20:23:44","date_gmt":"2026-03-13T20:23:44","guid":{"rendered":"https:\/\/aquabluebursa.com\/magaza\/kategorilenmemis\/grotech-corall-a-500-ml-new-formula\/"},"modified":"2026-03-13T20:23:45","modified_gmt":"2026-03-13T20:23:45","slug":"grotech-corall-a-500-ml-new-formula","status":"publish","type":"product","link":"https:\/\/aquabluebursa.com\/en\/magaza\/katkilar\/grotech-corall-a-500-ml-new-formula\/","title":{"rendered":"GroTech &#8211; Corall A 500 ml &#8211; NEW FORMULA"},"content":{"rendered":"<p>&nbsp;<\/p>\n<p><span style=\"font-size: 14pt;\">GroTech &#8211; Corall A 500 ml &#8211; <span style=\"color: #ef001b;\">NEW FORMULA<\/span><\/span><\/p>\n<p><strong style=\"font-size: 14pt;\">Yumu\u015fak ve sert mercanlar i\u00e7in iz elementler.<\/strong><\/p>\n<p>&nbsp;<\/p>\n<p><span style=\"font-size: 14pt;\">When used in combination, Corall A, B and C contain all the compounds and microelements necessary for corals to successfully maintain and reproduce corals, ensure natural coloration and enhanced growth and also improve polyp appearance.<\/span><\/p>\n<p><span style=\"font-size: large;\">These are essential for the vital biological processes in the cells and promote a functioning and healthy organism.<\/span><\/p>\n<p><span style=\"font-size: large;\">With additional application of\u00a0 VitAmino M, the vitamin and amino acid requirements are covered in addition to the supply of trace elements.<\/span><\/p>\n<p><span style=\"font-size: large;\">The GROTECH\u00a0 ABC-system could be easily dosed by automatic dosing pumps.<\/span><\/p>\n<p><span style=\"font-size: large;\">The GROTECH\u00a0 ABC-system does not cover the complete requirement of quantity elements such as magnesium, calcium and carbonates.<\/span><\/p>\n<p><span style=\"font-size: large;\">These values must be checked regularly and, if necessary, compensated by adding GROTECH Magnesium pro, Calcium pro and Carbonate pro or products of the GROTECH Element series.<\/span><\/p>\n<p><span style=\"font-size: large;\">Corall A contains Strontium, Magnesium, Kalium, Lithium .<\/span><\/p>\n<p><span style=\"font-size: large;\">Dosage:<\/span><\/p>\n<p><span style=\"font-size: large;\">Max. 10 ml per week for 100 l aquarium water.<\/span><\/p>\n<p><span style=\"font-size: large;\">Dosage quantity refers to a well populated coral reef tank.<\/span><\/p>\n<p><span style=\"font-size: large;\">\u00a0<\/span><\/p>\n<p><span style=\"font-size: large;\">In order to avoid fluctuations in the concentration of trace elements, a daily or better several times daily dosage is recommended.<\/span><\/p>\n<p><span style=\"font-size: large;\">Do not mix Corall A, B, C and VitAmino M in the measuring cup but add them separately to the aquarium.<\/span><\/p>\n<p><span style=\"font-size: large;\">Rarely does the colour intensity of hard corals does decrease after colour successes. If this effect occurs, we recommend reducing the dosage to 30% of the last used quantity.<\/span><\/p>\n<p><span style=\"font-size: large;\">As soon as the colours return, gradually increase the dosage again until the optimum quantity for your aquarium has been found.<\/span><\/p>\n<p>&#8212;&#8212;&#8212;&#8212;&#8212;&#8212;&#8212;&#8212;&#8212;&#8212;&#8212;&#8212;&#8212;&#8212;&#8212;&#8212;&#8212;&#8212;&#8212;&#8212;&#8212;&#8212;&#8212;&#8212;&#8212;&#8212;&#8212;&#8212;&#8212;&#8212;&#8212;&#8212;&#8212;&#8212;-<\/p>\n<p><span style=\"font-size: large;\">Corall A, B ve C mercanlar i\u00e7in gerekli elementleri i\u00e7erirken renklendirici veya konserve edici \u00fcr\u00fcnler bar\u0131nd\u0131rmaz. Ba\u015flang\u0131\u00e7 kullan\u0131m\u0131ndan itibaren g\u00fc\u00e7l\u00fc bir polip a\u00e7\u0131l\u0131m\u0131 g\u00f6r\u00fcl\u00fcr. Do\u011fal renklenme ve b\u00fcy\u00fcme birka\u00e7 haftal\u0131k kullan\u0131mdan sonra belirgin \u015fekilde g\u00f6r\u00fcl\u00fcr.<\/span><\/p>\n<p><strong style=\"font-size: 14pt;\">Kullan\u0131m:<\/strong><\/p>\n<p><span style=\"font-size: large;\">Haftada 100 litreakvaryum suyuna 10 ml. Corall A, B ve C ayn\u0131 kap i\u00e7erisinde kar\u0131\u015ft\u0131rlmadan ayr\u0131 ayr\u0131 akvaryuma eklenmelidir. Bazen renklenmenin arkas\u0131ndan sert mercanlarda renk kayb\u0131 g\u00f6r\u00fclebilir. Bu durumda doz a\u015f\u0131m\u0131 s\u00f6z konusudur. Bu durumla kar\u015f\u0131la\u015f\u0131ld\u0131\u011f\u0131nda doz miktar\u0131 en son kullan\u0131lan oran\u0131n %30\u2019una d\u00fc\u015f\u00fcr\u00fclmelidir. Renklenme geri geldikten sonra yava\u015f yava\u015f akvaryumun ihtiyac\u0131 olan miktar tespit edilerek doz y\u00fckseltilebilir.<\/span><\/p>\n<p><span style=\"font-size: large;\"><strong>\u0130\u00e7indekiler:<\/strong>Su,stronsiyum,magnezyum,potasyum,baryum,lityum<\/span><\/p>\n<p><span style=\"color: #ef001b; font-size: 14pt;\">\u0130\u00c7MEY\u0130N\u0130Z ! \u00c7OCUKLARDAN UZAK TUTUNUZ! DER\u0130 TEMASINA \u0130Z\u0130N VERMEY\u0130N\u0130Z!<\/span><\/p>\n<div><\/div>\n<p><a class=\"small red awesome\" href=\"https:\/\/youtu.be\/u90z8boYS5A\" target=\"_blank\" rel=\"noopener\">https:\/\/youtu.be\/u90z8boYS5A<\/a><\/p>","protected":false},"excerpt":{"rendered":"<p>&nbsp; GroTech &#8211; Corall A 500 ml &#8211; NEW FORMULA Yumu\u015fak ve sert mercanlar i\u00e7in iz elementler. &nbsp; When used<\/p>","protected":false},"featured_media":13383,"comment_status":"closed","ping_status":"open","template":"","meta":[],"pwb-brand":[],"product_brand":[94],"product_cat":[157],"product_tag":[],"class_list":{"0":"post-12804","1":"product","2":"type-product","3":"status-publish","4":"has-post-thumbnail","6":"product_brand-grotech","7":"product_cat-katkilar","9":"first","10":"outofstock","11":"purchasable","12":"product-type-simple"},"brands":[],"_links":{"self":[{"href":"https:\/\/aquabluebursa.com\/en\/wp-json\/wp\/v2\/product\/12804","targetHints":{"allow":["GET"]}}],"collection":[{"href":"https:\/\/aquabluebursa.com\/en\/wp-json\/wp\/v2\/product"}],"about":[{"href":"https:\/\/aquabluebursa.com\/en\/wp-json\/wp\/v2\/types\/product"}],"replies":[{"embeddable":true,"href":"https:\/\/aquabluebursa.com\/en\/wp-json\/wp\/v2\/comments?post=12804"}],"wp:featuredmedia":[{"embeddable":true,"href":"https:\/\/aquabluebursa.com\/en\/wp-json\/wp\/v2\/media\/13383"}],"wp:attachment":[{"href":"https:\/\/aquabluebursa.com\/en\/wp-json\/wp\/v2\/media?parent=12804"}],"wp:term":[{"taxonomy":"pwb-brand","embeddable":true,"href":"https:\/\/aquabluebursa.com\/en\/wp-json\/wp\/v2\/pwb-brand?post=12804"},{"taxonomy":"product_brand","embeddable":true,"href":"https:\/\/aquabluebursa.com\/en\/wp-json\/wp\/v2\/product_brand?post=12804"},{"taxonomy":"product_cat","embeddable":true,"href":"https:\/\/aquabluebursa.com\/en\/wp-json\/wp\/v2\/product_cat?post=12804"},{"taxonomy":"product_tag","embeddable":true,"href":"https:\/\/aquabluebursa.com\/en\/wp-json\/wp\/v2\/product_tag?post=12804"}],"curies":[{"name":"wp","href":"https:\/\/api.w.org\/{rel}","templated":true}]}}