{"id":12805,"date":"2026-03-13T20:23:44","date_gmt":"2026-03-13T20:23:44","guid":{"rendered":"https:\/\/aquabluebursa.com\/magaza\/kategorilenmemis\/aqua-science-24-w-special-15000-k-t5\/"},"modified":"2026-03-13T20:23:45","modified_gmt":"2026-03-13T20:23:45","slug":"aqua-science-24-w-special-15000-k-t5","status":"publish","type":"product","link":"https:\/\/aquabluebursa.com\/en\/magaza\/aydinlatma-sistemlerit5-lambalar\/aqua-science-24-w-special-15000-k-t5\/","title":{"rendered":"Aqua Science &#8211; 24 W Special 15000 K. T5"},"content":{"rendered":"<p>&nbsp;<\/p>\n<p><span style=\"line-height: 23px; font-family: Arial, Helvetica, sans-serif; font-size: 10pt; font-weight: bold;\">Aqua Science &#8211; 24 W Special 15000 K. T5<\/span><\/p>\n<p>&nbsp;<\/p>\n<p style=\"line-height: 23px; text-align: justify;\">Aqua Science T5 made \u200b\u200bin Germany y\u00fcksek performansl\u0131 T5 t\u00fcpler . 15.000 K \u00f6zel \u00fcretim T5\u2032lerimiz canl\u0131lar \u00fczerinde olumlu sonu\u00e7lar sa\u011flar. Rakipsiz T5\u2032lerimiz uzun bir evrimin sonucudur ve renkli mercanlarda m\u00fcthi\u015f b\u00fcy\u00fcme sa\u011flar .<\/p>\n<p style=\"line-height: 23px; text-align: justify;\">Aqua Science 24 W Special 15.000 k. T5<\/p>\n<p style=\"line-height: 23px; text-align: justify;\">Aqua Science 39 W Special 15.000 k. T5<\/p>\n<p style=\"line-height: 23px; text-align: justify;\">Aqua Science 54 W Special 15.000 k. T5<\/p>\n<p style=\"line-height: 23px; text-align: justify;\">Aqua Science 80 W Special 15.000 k. T5<\/p>\n<p style=\"line-height: 23px; text-align: justify;\"><span style=\"color: #ff0000; font-family: 'Trebuchet MS', Verdana, Arial, sans-serif; font-size: 16px; font-weight: bold;\">KARGO ESNASINDA YA\u015eANAB\u0130LECEK HASARLARI EN AZA \u0130ND\u0130RMEK \u0130\u00c7\u0130N M\u0130N\u0130MUM 3 ADET LAMBA KARGO YAPILMAKTADIR.<\/span><\/p>\n<p>&nbsp;<\/p>","protected":false},"excerpt":{"rendered":"<p>&nbsp; Aqua Science &#8211; 24 W Special 15000 K. T5 &nbsp; Aqua Science T5 made \u200b\u200bin Germany y\u00fcksek performansl\u0131 T5<\/p>","protected":false},"featured_media":13384,"comment_status":"closed","ping_status":"open","template":"","meta":[],"pwb-brand":[],"product_brand":[],"product_cat":[170],"product_tag":[],"class_list":{"0":"post-12805","1":"product","2":"type-product","3":"status-publish","4":"has-post-thumbnail","6":"product_cat-aydinlatma-sistemlerit5-lambalar","8":"first","9":"outofstock","10":"purchasable","11":"product-type-simple"},"brands":[],"_links":{"self":[{"href":"https:\/\/aquabluebursa.com\/en\/wp-json\/wp\/v2\/product\/12805","targetHints":{"allow":["GET"]}}],"collection":[{"href":"https:\/\/aquabluebursa.com\/en\/wp-json\/wp\/v2\/product"}],"about":[{"href":"https:\/\/aquabluebursa.com\/en\/wp-json\/wp\/v2\/types\/product"}],"replies":[{"embeddable":true,"href":"https:\/\/aquabluebursa.com\/en\/wp-json\/wp\/v2\/comments?post=12805"}],"wp:featuredmedia":[{"embeddable":true,"href":"https:\/\/aquabluebursa.com\/en\/wp-json\/wp\/v2\/media\/13384"}],"wp:attachment":[{"href":"https:\/\/aquabluebursa.com\/en\/wp-json\/wp\/v2\/media?parent=12805"}],"wp:term":[{"taxonomy":"pwb-brand","embeddable":true,"href":"https:\/\/aquabluebursa.com\/en\/wp-json\/wp\/v2\/pwb-brand?post=12805"},{"taxonomy":"product_brand","embeddable":true,"href":"https:\/\/aquabluebursa.com\/en\/wp-json\/wp\/v2\/product_brand?post=12805"},{"taxonomy":"product_cat","embeddable":true,"href":"https:\/\/aquabluebursa.com\/en\/wp-json\/wp\/v2\/product_cat?post=12805"},{"taxonomy":"product_tag","embeddable":true,"href":"https:\/\/aquabluebursa.com\/en\/wp-json\/wp\/v2\/product_tag?post=12805"}],"curies":[{"name":"wp","href":"https:\/\/api.w.org\/{rel}","templated":true}]}}