{"id":12806,"date":"2026-03-13T20:23:49","date_gmt":"2026-03-13T20:23:49","guid":{"rendered":"https:\/\/aquabluebursa.com\/magaza\/kategorilenmemis\/ati-blue-plus-39w\/"},"modified":"2026-03-13T20:23:49","modified_gmt":"2026-03-13T20:23:49","slug":"ati-blue-plus-39w","status":"publish","type":"product","link":"https:\/\/aquabluebursa.com\/en\/magaza\/aydinlatma-sistemleri\/ati-blue-plus-39w\/","title":{"rendered":"ATI Blue Plus 39W"},"content":{"rendered":"<p><span style=\"font-family: arial, helvetica, sans-serif; background-color: #ffffff; font-size: small;\">ATI T5 Blue plus lamp , really blue light for your aquarium<\/span><\/p>\n<div><\/div>\n<div><span style=\"color: #ff0000; font-family: 'Trebuchet MS', Verdana, Arial, sans-serif; font-size: 16px; font-weight: bold;\">KARGO ESNASINDA YA\u015eANAB\u0130LECEK HASARLARI EN AZA \u0130ND\u0130RMEK \u0130\u00c7\u0130N M\u0130N\u0130MUM 3 ADET LAMBA KARGO YAPILMAKTADIR.<\/span><\/div>","protected":false},"excerpt":{"rendered":"<p>ATI T5 Blue plus lamp , really blue light for your aquarium KARGO ESNASINDA YA\u015eANAB\u0130LECEK HASARLARI EN AZA \u0130ND\u0130RMEK \u0130\u00c7\u0130N<\/p>","protected":false},"featured_media":13385,"comment_status":"closed","ping_status":"open","template":"","meta":[],"pwb-brand":[],"product_brand":[122],"product_cat":[180],"product_tag":[],"class_list":{"0":"post-12806","1":"product","2":"type-product","3":"status-publish","4":"has-post-thumbnail","6":"product_brand-ati","7":"product_cat-aydinlatma-sistemleri","9":"first","10":"outofstock","11":"purchasable","12":"product-type-simple"},"brands":[],"_links":{"self":[{"href":"https:\/\/aquabluebursa.com\/en\/wp-json\/wp\/v2\/product\/12806","targetHints":{"allow":["GET"]}}],"collection":[{"href":"https:\/\/aquabluebursa.com\/en\/wp-json\/wp\/v2\/product"}],"about":[{"href":"https:\/\/aquabluebursa.com\/en\/wp-json\/wp\/v2\/types\/product"}],"replies":[{"embeddable":true,"href":"https:\/\/aquabluebursa.com\/en\/wp-json\/wp\/v2\/comments?post=12806"}],"wp:featuredmedia":[{"embeddable":true,"href":"https:\/\/aquabluebursa.com\/en\/wp-json\/wp\/v2\/media\/13385"}],"wp:attachment":[{"href":"https:\/\/aquabluebursa.com\/en\/wp-json\/wp\/v2\/media?parent=12806"}],"wp:term":[{"taxonomy":"pwb-brand","embeddable":true,"href":"https:\/\/aquabluebursa.com\/en\/wp-json\/wp\/v2\/pwb-brand?post=12806"},{"taxonomy":"product_brand","embeddable":true,"href":"https:\/\/aquabluebursa.com\/en\/wp-json\/wp\/v2\/product_brand?post=12806"},{"taxonomy":"product_cat","embeddable":true,"href":"https:\/\/aquabluebursa.com\/en\/wp-json\/wp\/v2\/product_cat?post=12806"},{"taxonomy":"product_tag","embeddable":true,"href":"https:\/\/aquabluebursa.com\/en\/wp-json\/wp\/v2\/product_tag?post=12806"}],"curies":[{"name":"wp","href":"https:\/\/api.w.org\/{rel}","templated":true}]}}