{"id":12812,"date":"2026-03-13T20:23:58","date_gmt":"2026-03-13T20:23:58","guid":{"rendered":"https:\/\/aquabluebursa.com\/magaza\/kategorilenmemis\/brightwell-erase-cl-1000-ml\/"},"modified":"2026-03-13T20:23:58","modified_gmt":"2026-03-13T20:23:58","slug":"brightwell-erase-cl-1000-ml","status":"publish","type":"product","link":"https:\/\/aquabluebursa.com\/en\/magaza\/katkilar\/brightwell-erase-cl-1000-ml\/","title":{"rendered":"Brightwell &#8211; Er\u0101se CL 1000 ml"},"content":{"rendered":"<div>Brightwell &#8211; Er\u0101se-Cl &#8211; Chloramine, Chlorine, and Ammonia Remover &#8211; Kloramin, Klor ve Amonyak Giderici 1000 ml<\/div>\n<div><\/div>\n<div>\n<p>Genel bak\u0131\u015f<\/p>\n<p>\u00b7Musluk suyunda veya akvaryum suyunda bulunan<br \/>\nkloramin, klor, amonyak ve nitritleri giderir.<\/p>\n<p>\u00b7Akvaryum a\u015f\u0131r\u0131 doz durumunda iyotu n\u00f6tralize<br \/>\netmek i\u00e7inde kullan\u0131labilir.<\/p>\n<p>\u00b7Belirtildi\u011fi \u015fekilde kullan\u0131ld\u0131\u011f\u0131nda, t\u00fcm deniz<br \/>\nve tatl\u0131 su akvaryumlar\u0131nda do\u011frudan kullan\u0131m i\u00e7in g\u00fcvenlidir.<\/p>\n<p>\u00b7Fosfat ve silikat i\u00e7ermez.<\/p>\n<p>\u00b7Bir deniz bilimcisi taraf\u0131ndan form\u00fcle<br \/>\nedilmi\u015ftir.<\/p>\n<p>&nbsp;<\/p>\n<p>Talimatlar ve Y\u00f6nergeler<\/p>\n<p>Musluk Suyunu Ar\u0131tmak \u0130\u00e7in: Kloraminleri ve<br \/>\namonya\u011f\u0131 gidermek i\u00e7in 187 Litre musluk suyuna 5 ml (1 kap) ekleyin; bu \u015fekilde<br \/>\nkullan\u0131ld\u0131\u011f\u0131nda Er\u0101se-Cl, 6 ppm&#8217;ye kadar klor, 3 ppm kadar kloraminler ve 1 ppm<br \/>\namonyak ar\u0131tacakt\u0131r.<\/p>\n<p>Akvaryum katk\u0131lar\u0131 i\u00e7in, Akvaryum Merkezi olarak bizlere<br \/>\nba\u015fvurabilir, size en uygun ve kaliteli \u00fcr\u00fcnler i\u00e7in bilgi sahibi olabilirsiniz.<\/p>\n<p>Boyutlar<\/p>\n<p>125 ml | 250 ml | 500ml | 2L | 20L<\/p>\n<p>&nbsp;<\/p>\n<\/div>","protected":false},"excerpt":{"rendered":"<p>Brightwell &#8211; Er\u0101se-Cl &#8211; Chloramine, Chlorine, and Ammonia Remover &#8211; Kloramin, Klor ve Amonyak Giderici 1000 ml Genel bak\u0131\u015f \u00b7Musluk<\/p>","protected":false},"featured_media":13167,"comment_status":"closed","ping_status":"open","template":"","meta":[],"pwb-brand":[],"product_brand":[79],"product_cat":[157],"product_tag":[],"class_list":{"0":"post-12812","1":"product","2":"type-product","3":"status-publish","4":"has-post-thumbnail","6":"product_brand-brightwell","7":"product_cat-katkilar","9":"first","10":"outofstock","11":"purchasable","12":"product-type-simple"},"brands":[],"_links":{"self":[{"href":"https:\/\/aquabluebursa.com\/en\/wp-json\/wp\/v2\/product\/12812","targetHints":{"allow":["GET"]}}],"collection":[{"href":"https:\/\/aquabluebursa.com\/en\/wp-json\/wp\/v2\/product"}],"about":[{"href":"https:\/\/aquabluebursa.com\/en\/wp-json\/wp\/v2\/types\/product"}],"replies":[{"embeddable":true,"href":"https:\/\/aquabluebursa.com\/en\/wp-json\/wp\/v2\/comments?post=12812"}],"wp:featuredmedia":[{"embeddable":true,"href":"https:\/\/aquabluebursa.com\/en\/wp-json\/wp\/v2\/media\/13167"}],"wp:attachment":[{"href":"https:\/\/aquabluebursa.com\/en\/wp-json\/wp\/v2\/media?parent=12812"}],"wp:term":[{"taxonomy":"pwb-brand","embeddable":true,"href":"https:\/\/aquabluebursa.com\/en\/wp-json\/wp\/v2\/pwb-brand?post=12812"},{"taxonomy":"product_brand","embeddable":true,"href":"https:\/\/aquabluebursa.com\/en\/wp-json\/wp\/v2\/product_brand?post=12812"},{"taxonomy":"product_cat","embeddable":true,"href":"https:\/\/aquabluebursa.com\/en\/wp-json\/wp\/v2\/product_cat?post=12812"},{"taxonomy":"product_tag","embeddable":true,"href":"https:\/\/aquabluebursa.com\/en\/wp-json\/wp\/v2\/product_tag?post=12812"}],"curies":[{"name":"wp","href":"https:\/\/api.w.org\/{rel}","templated":true}]}}