{"id":12813,"date":"2026-03-13T20:23:58","date_gmt":"2026-03-13T20:23:58","guid":{"rendered":"https:\/\/aquabluebursa.com\/magaza\/kategorilenmemis\/brightwell-microbacterclean-500-ml\/"},"modified":"2026-03-13T20:23:58","modified_gmt":"2026-03-13T20:23:58","slug":"brightwell-microbacterclean-500-ml","status":"publish","type":"product","link":"https:\/\/aquabluebursa.com\/en\/magaza\/bakteri-kulturleri\/brightwell-microbacterclean-500-ml\/","title":{"rendered":"Brightwell &#8211; Micr\u014dBacterCLEAN 500 ml"},"content":{"rendered":"<div>Brightwell &#8211; Micr\u014dBacterCLEAN &#8211; Kaya, Dekor ve Y\u00fczey Temizleyici Bakteri K\u00fclt\u00fcr\u00fc 500 ml<\/div>\n<div><\/div>\n<div>\u00dcr\u00fcn Ad\u0131: MicroBacter Clean<\/div>\n<div>\n<p>S\u0131n\u0131f\u0131: Su<br \/>\nd\u00fczenleyici<\/p>\n<p>Mevcut Ebatlar: 250 &#8211; 500 ML<\/p>\n<p>&nbsp;<\/p>\n<p>\u00dcr\u00fcn Bilgisi:<\/p>\n<p>1. T\u00fcm akvaryum ve dekorasyon y\u00fczeylerinde do\u011fal temizlik etkisi.<br \/>\n2 \u0130stenmeyen pek \u00e7ok yosun ve kaplamalar\u0131n gev\u015femesini sa\u011flar.Bu sayede<br \/>\nkaz\u0131ma ve vakumlama yoluyla bunlar\u0131n \u00e7\u0131kar\u0131lmas\u0131n\u0131 \u00e7ok daha kolay hale<br \/>\ngetirir.<\/p>\n<p>3. \u00c7o\u011falan ve akvaryumu temizlemeye devam eden bakteri kolonilerinin,<br \/>\ndestekler.<\/p>\n<p>4.Akvaryumun ilk d\u00f6ng\u00fcden hemen sonraki aylardaki \u00e7irkinliklerin \u00e7o\u011funu \u00f6nler.<br \/>\n5. Organik karbon, amonyak, nitrit, nitrat ve fosfat\u0131n h\u0131zla azalmas\u0131n\u0131 sa\u011flar.<br \/>\n6. T\u00fcketilmemi\u015f pek \u00e7ok g\u0131da, d\u0131\u015fk\u0131, d\u00f6k\u00fcnt\u00fc ve di\u011fer gizli organik maddelerin t\u00fcketilmesini sa\u011flar.<br \/>\n7. Kumlar\u0131n\u0131zdaki organik ve inorganik at\u0131klar\u0131 temizler ve daha temiz bir kum g\u00f6rmenizi sa\u011flar.<\/p>\n<p>&nbsp;<\/p>\n<p>Talimatlar ve Dozaj:<\/p>\n<p>\u00dcr\u00fcn\u00fc kullanmadan \u00f6nce iyice \u00e7alkalay\u0131n. Uygun miktarda<\/p>\n<p>Normal ve temiz bir<br \/>\nakvaryumun bak\u0131m\u0131 i\u00e7in: Haftada 100 L akvaryum suyuna<br \/>\n20 ml (4 kapak) ekleyin.<\/p>\n<p>Sorunlu akvaryumlar veya temizli\u011fi h\u0131zland\u0131rmak i\u00e7in ilk g\u00fcn her 100 Litre akvaryum suyuna 30 ml (6 kapak dolusu) ekleyin, ard\u0131ndan 5 ml ekleyin ( 1 kap) 2 hafta veya daha uzun s\u00fcre, istenen sonu\u00e7lara ula\u015f\u0131lana kadar devam edin.<\/p>\n<p>NOT: Bakteriler yava\u015f \u00e7al\u0131\u015f\u0131r, bu nedenle uzun s\u00fcre ihmal edilen sistemler i\u00e7in tam sonu\u00e7lar 8 ila 10 hafta kadar s\u00fcrebilir.<\/p>\n<p>&nbsp;<\/p>\n<\/div>","protected":false},"excerpt":{"rendered":"<p>Brightwell &#8211; Micr\u014dBacterCLEAN &#8211; Kaya, Dekor ve Y\u00fczey Temizleyici Bakteri K\u00fclt\u00fcr\u00fc 500 ml \u00dcr\u00fcn Ad\u0131: MicroBacter Clean S\u0131n\u0131f\u0131: Su d\u00fczenleyici<\/p>","protected":false},"featured_media":13148,"comment_status":"closed","ping_status":"open","template":"","meta":[],"pwb-brand":[],"product_brand":[79],"product_cat":[158],"product_tag":[],"class_list":{"0":"post-12813","1":"product","2":"type-product","3":"status-publish","4":"has-post-thumbnail","6":"product_brand-brightwell","7":"product_cat-bakteri-kulturleri","9":"first","10":"instock","11":"purchasable","12":"product-type-simple"},"brands":[],"_links":{"self":[{"href":"https:\/\/aquabluebursa.com\/en\/wp-json\/wp\/v2\/product\/12813","targetHints":{"allow":["GET"]}}],"collection":[{"href":"https:\/\/aquabluebursa.com\/en\/wp-json\/wp\/v2\/product"}],"about":[{"href":"https:\/\/aquabluebursa.com\/en\/wp-json\/wp\/v2\/types\/product"}],"replies":[{"embeddable":true,"href":"https:\/\/aquabluebursa.com\/en\/wp-json\/wp\/v2\/comments?post=12813"}],"wp:featuredmedia":[{"embeddable":true,"href":"https:\/\/aquabluebursa.com\/en\/wp-json\/wp\/v2\/media\/13148"}],"wp:attachment":[{"href":"https:\/\/aquabluebursa.com\/en\/wp-json\/wp\/v2\/media?parent=12813"}],"wp:term":[{"taxonomy":"pwb-brand","embeddable":true,"href":"https:\/\/aquabluebursa.com\/en\/wp-json\/wp\/v2\/pwb-brand?post=12813"},{"taxonomy":"product_brand","embeddable":true,"href":"https:\/\/aquabluebursa.com\/en\/wp-json\/wp\/v2\/product_brand?post=12813"},{"taxonomy":"product_cat","embeddable":true,"href":"https:\/\/aquabluebursa.com\/en\/wp-json\/wp\/v2\/product_cat?post=12813"},{"taxonomy":"product_tag","embeddable":true,"href":"https:\/\/aquabluebursa.com\/en\/wp-json\/wp\/v2\/product_tag?post=12813"}],"curies":[{"name":"wp","href":"https:\/\/api.w.org\/{rel}","templated":true}]}}