{"id":12814,"date":"2026-03-13T20:23:58","date_gmt":"2026-03-13T20:23:58","guid":{"rendered":"https:\/\/aquabluebursa.com\/magaza\/kategorilenmemis\/brightwell-nanocode-a-125-ml\/"},"modified":"2026-03-13T20:23:58","modified_gmt":"2026-03-13T20:23:58","slug":"brightwell-nanocode-a-125-ml","status":"publish","type":"product","link":"https:\/\/aquabluebursa.com\/en\/magaza\/katkilar\/brightwell-nanocode-a-125-ml\/","title":{"rendered":"Brightwell &#8211; NanoCode A 125 ml"},"content":{"rendered":"<div>Brightwell &#8211; NanoCode A &#8211; Balanced 2-part Nano-Reef Dosing System &#8211; Part A (Elements) &#8211; 2 compenantl\u0131 Balling y\u00f6ntemi &#8211; 125 ml<\/div>\n<div><\/div>\n<div>\n<p>\u00dcr\u00fcn Ad\u0131: Nano Code A<\/p>\n<p>S\u0131n\u0131f\u0131: 2 compenantl\u0131 Balling y\u00f6ntemi<\/p>\n<p>Mevcut Ebatlar: 125 &#8211; 500 ml<\/p>\n<p>&nbsp;<\/p>\n<p>\u00dcr\u00fcn Bilgisi:<\/p>\n<p>\u00b7 K\u00fc\u00e7\u00fck akvaryumlar i\u00e7in \u00fcretilmi\u015f 2 compenant bile\u015fenli Balling y\u00f6ntemidir<\/p>\n<p>\u00b7 Do\u011fal deniz suyundaki iyonik olarak dengeli kalsiyum ve magnezyum \u00e7\u00f6zeltisi.<\/p>\n<p>\u00b7 Nano C\u014dde B ile e\u015fit miktarlarda kullan\u0131lmas\u0131 gerekir.<\/p>\n<p>\u00b7 Kalsiyum ve alkalinite bak\u0131m\u0131n\u0131 kolayla\u015ft\u0131r\u0131r.<\/p>\n<p>\u00b7 \u00c7o\u011fu rakip \u00fcr\u00fcnden daha g\u00fc\u00e7l\u00fc.<\/p>\n<p>\u00b7 Fosfat, silikat veya organik madde i\u00e7ermez.<\/p>\n<p>\u00b7 Uzman deniz bilimcileri taraf\u0131ndan form\u00fcle edilmi\u015ftir.<\/p>\n<p>&nbsp;<\/p>\n<p>\u00dcr\u00fcn\u00fc kullanmadan \u00f6nce iyice \u00e7alkalay\u0131n. Kalsiyum konsantrasyonunu 412 &#8211; 430 ppm aral\u0131\u011f\u0131nda tutmak i\u00e7in her g\u00fcn 37 litre akvaryum suyuna 5 ml (1 kapak) \u00fcr\u00fcn ekleyin.. NanoC\u014dde B ile e\u015fit miktarlarda kullan\u0131lmas\u0131 gerekmektedir.<\/p>\n<p>Her akvaryumun mercan yo\u011funlu\u011fu ve \u00e7e\u015fitlilik leri farkl\u0131l\u0131k g\u00f6stermesinden dolay\u0131 dozlama oranlar\u0131 de\u011fi\u015febilir.<br \/>\nAkvaryumunuzun kalsiyum de\u011ferini 400-420 ppm olacak \u015fekilde dozlama miktar\u0131n\u0131 ayarlaman\u0131z en iyi sonucu alman\u0131z\u0131 sa\u011flar. \u00dcr\u00fcnleri ayn\u0131 kapta kar\u0131\u015ft\u0131rmay\u0131n; bu, aktif bile\u015fenlerin \u00e7\u00f6kelmesine ve etkisiz hale gelmesine neden olacakt\u0131r. NanoC\u014dde A ve B&#8217;nin dozlanmas\u0131 aras\u0131nda s\u00fcre minimum 60 saniye olmas\u0131 gerekmektedir.<\/p>\n<p>&nbsp;<\/p>\n<p>\u0130\u00e7erik :<\/p>\n<p>Saf su, kalsiyum, magnezyum, stronsiyum ve potasyumun klor\u00fcr ve\/veya s\u00fclfat tuzlar\u0131, Baryum klor\u00fcr, Sodyum<br \/>\nmetavanadat, \u00c7inko s\u00fclfat, Nikel klor\u00fcr, Krom klor\u00fcr, Sodyum feredetat, Manganez klor\u00fcr, Hafniyum klor\u00fcr, Kobalt klor\u00fcr, Lantan klor\u00fcr, Neodimyum klor\u00fcr, Seryum klor\u00fcr, G\u00fcm\u00fc\u015f klor\u00fcr, Disprosyum klor\u00fcr, Gadolinyum klor\u00fcr,<br \/>\n\u0130tterbiyum klor\u00fcr, Erbiyum klor\u00fcr, Skandiyum klor\u00fcr, Samaryum klor\u00fcr, Praseodimyum klor\u00fcr, Holmiyum klor\u00fcr, Lutesyum klor\u00fcr, Terbiyum klor\u00fcr, Evropiyum klor\u00fcr, Thulium klor\u00fcr<\/p>\n<p>Kalsiyum (dk) 45.000 ppm<\/p>\n<p>Magnezyum (dk) 2.250 ppm<\/p>\n<p>Stronsiyum (dk) 900 ppm<\/p>\n<p>Potasyum (dk) 7 ppm<\/p>\n<p>Boyutlar : |500 ml<\/p>\n<p>Akvaryum katk\u0131lar\u0131 i\u00e7in, Akvaryum Merkezi olarak bizlere ba\u015fvurabilir, size en uygun ve kaliteli \u00fcr\u00fcnler i\u00e7in bilgi sahibi<br \/>\nolabilirsiniz.<\/p>\n<p>&nbsp;<\/p>\n<\/div>","protected":false},"excerpt":{"rendered":"<p>Brightwell &#8211; NanoCode A &#8211; Balanced 2-part Nano-Reef Dosing System &#8211; Part A (Elements) &#8211; 2 compenantl\u0131 Balling y\u00f6ntemi &#8211;<\/p>","protected":false},"featured_media":13133,"comment_status":"closed","ping_status":"open","template":"","meta":[],"pwb-brand":[],"product_brand":[79],"product_cat":[157],"product_tag":[],"class_list":{"0":"post-12814","1":"product","2":"type-product","3":"status-publish","4":"has-post-thumbnail","6":"product_brand-brightwell","7":"product_cat-katkilar","9":"first","10":"outofstock","11":"purchasable","12":"product-type-simple"},"brands":[],"_links":{"self":[{"href":"https:\/\/aquabluebursa.com\/en\/wp-json\/wp\/v2\/product\/12814","targetHints":{"allow":["GET"]}}],"collection":[{"href":"https:\/\/aquabluebursa.com\/en\/wp-json\/wp\/v2\/product"}],"about":[{"href":"https:\/\/aquabluebursa.com\/en\/wp-json\/wp\/v2\/types\/product"}],"replies":[{"embeddable":true,"href":"https:\/\/aquabluebursa.com\/en\/wp-json\/wp\/v2\/comments?post=12814"}],"wp:featuredmedia":[{"embeddable":true,"href":"https:\/\/aquabluebursa.com\/en\/wp-json\/wp\/v2\/media\/13133"}],"wp:attachment":[{"href":"https:\/\/aquabluebursa.com\/en\/wp-json\/wp\/v2\/media?parent=12814"}],"wp:term":[{"taxonomy":"pwb-brand","embeddable":true,"href":"https:\/\/aquabluebursa.com\/en\/wp-json\/wp\/v2\/pwb-brand?post=12814"},{"taxonomy":"product_brand","embeddable":true,"href":"https:\/\/aquabluebursa.com\/en\/wp-json\/wp\/v2\/product_brand?post=12814"},{"taxonomy":"product_cat","embeddable":true,"href":"https:\/\/aquabluebursa.com\/en\/wp-json\/wp\/v2\/product_cat?post=12814"},{"taxonomy":"product_tag","embeddable":true,"href":"https:\/\/aquabluebursa.com\/en\/wp-json\/wp\/v2\/product_tag?post=12814"}],"curies":[{"name":"wp","href":"https:\/\/api.w.org\/{rel}","templated":true}]}}