{"id":12816,"date":"2026-03-13T20:24:02","date_gmt":"2026-03-13T20:24:02","guid":{"rendered":"https:\/\/aquabluebursa.com\/magaza\/kategorilenmemis\/brightwell-elemental-200-gr\/"},"modified":"2026-03-13T20:24:02","modified_gmt":"2026-03-13T20:24:02","slug":"brightwell-elemental-200-gr","status":"publish","type":"product","link":"https:\/\/aquabluebursa.com\/en\/magaza\/katkilar\/brightwell-elemental-200-gr\/","title":{"rendered":"Brightwell &#8211; Elemental 200 GR"},"content":{"rendered":"<p>Brightwell &#8211; Elemental 200 GR<\/p>\n<p>Reef Building Supplement for Coralline Algae, Corals, Clams, &#038; Other Marine Invertebrates<\/p>\n<p><span style=\"font-weight: bold;\">\u00dcr\u00fcn Ad\u0131: <\/span>Elemental<\/p>\n<p><span style=\"font-weight: bold;\">S\u0131n\u0131f\u0131:<\/span> Kalsiyum, Stronsiyum, Magnezyum ve Potasyum kar\u0131\u015f\u0131m\u0131 toz katk\u0131<\/p>\n<p><span style=\"font-weight: bold;\">Mevcut Ebatlar<\/span>:<br \/>\n200 GR<\/p>\n<p><span style=\"font-weight: bold;\">Genel bak\u0131\u015f<\/span><\/p>\n<p>\u2022 Mercanlar, istiridyeler ve di\u011fer resif omurgas\u0131zlar\u0131 ve organizmalar\u0131n\u0131n iskelet olu\u015fumunu ve geli\u015fimini sa\u011flamaya yard\u0131mc\u0131 olan eksiksiz\u00a0 katk\u0131 kayna\u011f\u0131<\/p>\n<p>\u2022 Resifleri olu\u015fturan aragonit organizmalar\u0131n\u0131n do\u011fal ortam\u0131nda ger\u00e7e\u011fe yak\u0131n oranda ihtiva etti\u011fi Kalsiyum, Stronsiyum, Magnezyum ve Potasyum maddelerini sa\u011flar.<\/p>\n<p>\u2022 Aragonit olu\u015fumunda da bulunan ve do\u011fal ortam\u0131ndakinden 2 kat\u0131na kadar daha fazla\u00a0 kalsiyum i\u00e7eren \u00e7ok kuvvetli bir karbonat kayna\u011f\u0131d\u0131r.<\/p>\n<p>\u2022 Uzman deniz bilimcileri taraf\u0131ndan form\u00fcle edilerek \u00fcretilmi\u015ftir.<\/p>\n<p>&nbsp;<\/p>\n<p>Akvaryum katk\u0131lar\u0131 i\u00e7in, Akvaryum Merkezi olarak bizlere ba\u015fvurabilir, size en uygun ve kaliteli \u00fcr\u00fcnler i\u00e7in bilgi sahibi<br \/>\nolabilirsiniz..<\/p>\n<p>&nbsp;<\/p>\n<p>&nbsp;<\/p>","protected":false},"excerpt":{"rendered":"<p>Brightwell &#8211; Elemental 200 GR Reef Building Supplement for Coralline Algae, Corals, Clams, &#038; Other Marine Invertebrates \u00dcr\u00fcn Ad\u0131: Elemental<\/p>","protected":false},"featured_media":13393,"comment_status":"closed","ping_status":"open","template":"","meta":[],"pwb-brand":[],"product_brand":[79],"product_cat":[157],"product_tag":[],"class_list":{"0":"post-12816","1":"product","2":"type-product","3":"status-publish","4":"has-post-thumbnail","6":"product_brand-brightwell","7":"product_cat-katkilar","9":"first","10":"instock","11":"purchasable","12":"product-type-simple"},"brands":[],"_links":{"self":[{"href":"https:\/\/aquabluebursa.com\/en\/wp-json\/wp\/v2\/product\/12816","targetHints":{"allow":["GET"]}}],"collection":[{"href":"https:\/\/aquabluebursa.com\/en\/wp-json\/wp\/v2\/product"}],"about":[{"href":"https:\/\/aquabluebursa.com\/en\/wp-json\/wp\/v2\/types\/product"}],"replies":[{"embeddable":true,"href":"https:\/\/aquabluebursa.com\/en\/wp-json\/wp\/v2\/comments?post=12816"}],"wp:featuredmedia":[{"embeddable":true,"href":"https:\/\/aquabluebursa.com\/en\/wp-json\/wp\/v2\/media\/13393"}],"wp:attachment":[{"href":"https:\/\/aquabluebursa.com\/en\/wp-json\/wp\/v2\/media?parent=12816"}],"wp:term":[{"taxonomy":"pwb-brand","embeddable":true,"href":"https:\/\/aquabluebursa.com\/en\/wp-json\/wp\/v2\/pwb-brand?post=12816"},{"taxonomy":"product_brand","embeddable":true,"href":"https:\/\/aquabluebursa.com\/en\/wp-json\/wp\/v2\/product_brand?post=12816"},{"taxonomy":"product_cat","embeddable":true,"href":"https:\/\/aquabluebursa.com\/en\/wp-json\/wp\/v2\/product_cat?post=12816"},{"taxonomy":"product_tag","embeddable":true,"href":"https:\/\/aquabluebursa.com\/en\/wp-json\/wp\/v2\/product_tag?post=12816"}],"curies":[{"name":"wp","href":"https:\/\/api.w.org\/{rel}","templated":true}]}}