{"id":12817,"date":"2026-03-13T20:24:02","date_gmt":"2026-03-13T20:24:02","guid":{"rendered":"https:\/\/aquabluebursa.com\/magaza\/kategorilenmemis\/brightwell-katalyst-300-gr\/"},"modified":"2026-03-13T20:24:03","modified_gmt":"2026-03-13T20:24:03","slug":"brightwell-katalyst-300-gr","status":"publish","type":"product","link":"https:\/\/aquabluebursa.com\/en\/magaza\/filtrasyon-malzemeleri\/brightwell-katalyst-300-gr\/","title":{"rendered":"Brightwell &#8211; Katalyst  &#8211;  300 Gr"},"content":{"rendered":"<div>\n<p>Brightwell &#8211; Katalyst \u00a0&#8211;\u00a0 300 Gr<\/p>\n<p>Pelletized Bioreactive Filtration Media for Nitrate and Phosphate Control<\/p>\n<\/div>\n<p>&nbsp;<\/p>\n<p>Nitrat ve Fosfat olu\u015fumunu engelleyen bioaktif filtrasyon maddesi. Bilinen ad\u0131yla Biopelet.<\/p>\n<div>\n<p>MicroBacter7 bakteri k\u00fclt\u00fcr\u00fc ile beraber kullan\u0131ld\u0131\u011f\u0131nda d\u00fc\u015f\u00fck besin ortam\u0131 sa\u011flanabilir.<\/p>\n<p>\u00c7\u00f6z\u00fcnm\u00fc\u015f organik bile\u015fenleri remineralize ederek suyun berrakl\u0131\u011f\u0131n\u0131 artt\u0131r\u0131r.<\/p>\n<p>Boyutlar : 300 gr<\/p>\n<p>&nbsp;<\/p>\n<\/div>","protected":false},"excerpt":{"rendered":"<p>Brightwell &#8211; Katalyst \u00a0&#8211;\u00a0 300 Gr Pelletized Bioreactive Filtration Media for Nitrate and Phosphate Control &nbsp; Nitrat ve Fosfat olu\u015fumunu<\/p>","protected":false},"featured_media":13394,"comment_status":"closed","ping_status":"open","template":"","meta":[],"pwb-brand":[],"product_brand":[79],"product_cat":[161],"product_tag":[],"class_list":{"0":"post-12817","1":"product","2":"type-product","3":"status-publish","4":"has-post-thumbnail","6":"product_brand-brightwell","7":"product_cat-filtrasyon-malzemeleri","9":"first","10":"instock","11":"purchasable","12":"product-type-simple"},"brands":[],"_links":{"self":[{"href":"https:\/\/aquabluebursa.com\/en\/wp-json\/wp\/v2\/product\/12817","targetHints":{"allow":["GET"]}}],"collection":[{"href":"https:\/\/aquabluebursa.com\/en\/wp-json\/wp\/v2\/product"}],"about":[{"href":"https:\/\/aquabluebursa.com\/en\/wp-json\/wp\/v2\/types\/product"}],"replies":[{"embeddable":true,"href":"https:\/\/aquabluebursa.com\/en\/wp-json\/wp\/v2\/comments?post=12817"}],"wp:featuredmedia":[{"embeddable":true,"href":"https:\/\/aquabluebursa.com\/en\/wp-json\/wp\/v2\/media\/13394"}],"wp:attachment":[{"href":"https:\/\/aquabluebursa.com\/en\/wp-json\/wp\/v2\/media?parent=12817"}],"wp:term":[{"taxonomy":"pwb-brand","embeddable":true,"href":"https:\/\/aquabluebursa.com\/en\/wp-json\/wp\/v2\/pwb-brand?post=12817"},{"taxonomy":"product_brand","embeddable":true,"href":"https:\/\/aquabluebursa.com\/en\/wp-json\/wp\/v2\/product_brand?post=12817"},{"taxonomy":"product_cat","embeddable":true,"href":"https:\/\/aquabluebursa.com\/en\/wp-json\/wp\/v2\/product_cat?post=12817"},{"taxonomy":"product_tag","embeddable":true,"href":"https:\/\/aquabluebursa.com\/en\/wp-json\/wp\/v2\/product_tag?post=12817"}],"curies":[{"name":"wp","href":"https:\/\/api.w.org\/{rel}","templated":true}]}}