{"id":12819,"date":"2026-03-13T20:24:07","date_gmt":"2026-03-13T20:24:07","guid":{"rendered":"https:\/\/aquabluebursa.com\/magaza\/kategorilenmemis\/brightwell-maxamino-250-ml\/"},"modified":"2026-03-13T20:24:07","modified_gmt":"2026-03-13T20:24:07","slug":"brightwell-maxamino-250-ml","status":"publish","type":"product","link":"https:\/\/aquabluebursa.com\/en\/magaza\/katkilar\/brightwell-maxamino-250-ml\/","title":{"rendered":"Brightwell &#8211; MaxAmino 250 ML"},"content":{"rendered":"<p>Brightwell &#8211; MaxAmino &#8211; 250 ml<\/p>\n<p>Free-Form Amino Complex for Enhancing Fish Foods<\/p>\n<p>\u00dcr\u00fcn Ad\u0131: MaxAmino<\/p>\n<p>S\u0131n\u0131f\u0131: Amino Asit<\/p>\n<p>Mevcut Ebatlar: 125 &#8211; 250 ml<\/p>\n<p>&nbsp;<\/p>\n<p>\u00b7 \u00dcr\u00fcn Bilgisi:<\/p>\n<p>. Bal\u0131klar\u0131n dokusunda ayn\u0131 oranda bulunan 20 \u00e7e\u015fit serbest yap\u0131da amino asit i\u00e7eren ve t\u00fcm deniz bal\u0131klar\u0131, ac\u0131 ve tatl\u0131 su bal\u0131klar\u0131 i\u00e7in faydal\u0131 bir \u00fcr\u00fcnd\u00fcr.<\/p>\n<p>Serbest yap\u0131daki amino asitler;<\/p>\n<p>1. Bal\u0131klar\u0131n renginin canlanmas\u0131na destek olur.<\/p>\n<p>2. Bal\u0131klar\u0131n doku kazan\u0131m\u0131 ve b\u00fcy\u00fcme oranlar\u0131na katk\u0131da bulunan protein yap\u0131lar\u0131n\u0131, do\u011fadaki do\u011fal ve ideal oranlar\u0131nda i\u00e7inde bar\u0131nd\u0131r\u0131r.<\/p>\n<p>3. Yaralar\u0131n iyile\u015fmesi i\u00e7in yeni dokular\u0131n olu\u015fmas\u0131na destek olur.<\/p>\n<p>Bal\u0131k yemleri ile kar\u0131\u015ft\u0131r\u0131ld\u0131\u011f\u0131nda protein oran\u0131n artmas\u0131na yard\u0131mc\u0131 olur.<\/p>\n<p>Yem almakta zorlanan bal\u0131klar\u0131n yeme al\u0131\u015fmas\u0131n\u0131 sa\u011flamaya katk\u0131da bulunan bir \u00fcr\u00fcnd\u00fcr.<\/p>\n<p>Buzdolab\u0131nda saklama gerektirmez.<\/p>\n<p>&nbsp;<\/p>\n<p>Boyutlar : 125 &#8211; 250 ml<\/p>\n<p>Akvaryum katk\u0131lar\u0131 ve ekipmanlar\u0131 i\u00e7in, Akvaryum Merkezi olarak bizlere ba\u015fvurabilir, size en uygun ve kaliteli \u00fcr\u00fcnler i\u00e7in bilgi sahibi olabilirsiniz.<\/p>\n<p>&nbsp;<\/p>\n<p>&nbsp;<\/p>","protected":false},"excerpt":{"rendered":"<p>Brightwell &#8211; MaxAmino &#8211; 250 ml Free-Form Amino Complex for Enhancing Fish Foods \u00dcr\u00fcn Ad\u0131: MaxAmino S\u0131n\u0131f\u0131: Amino Asit Mevcut<\/p>","protected":false},"featured_media":13395,"comment_status":"closed","ping_status":"open","template":"","meta":[],"pwb-brand":[],"product_brand":[79],"product_cat":[157],"product_tag":[],"class_list":{"0":"post-12819","1":"product","2":"type-product","3":"status-publish","4":"has-post-thumbnail","6":"product_brand-brightwell","7":"product_cat-katkilar","9":"first","10":"outofstock","11":"purchasable","12":"product-type-simple"},"brands":[],"_links":{"self":[{"href":"https:\/\/aquabluebursa.com\/en\/wp-json\/wp\/v2\/product\/12819","targetHints":{"allow":["GET"]}}],"collection":[{"href":"https:\/\/aquabluebursa.com\/en\/wp-json\/wp\/v2\/product"}],"about":[{"href":"https:\/\/aquabluebursa.com\/en\/wp-json\/wp\/v2\/types\/product"}],"replies":[{"embeddable":true,"href":"https:\/\/aquabluebursa.com\/en\/wp-json\/wp\/v2\/comments?post=12819"}],"wp:featuredmedia":[{"embeddable":true,"href":"https:\/\/aquabluebursa.com\/en\/wp-json\/wp\/v2\/media\/13395"}],"wp:attachment":[{"href":"https:\/\/aquabluebursa.com\/en\/wp-json\/wp\/v2\/media?parent=12819"}],"wp:term":[{"taxonomy":"pwb-brand","embeddable":true,"href":"https:\/\/aquabluebursa.com\/en\/wp-json\/wp\/v2\/pwb-brand?post=12819"},{"taxonomy":"product_brand","embeddable":true,"href":"https:\/\/aquabluebursa.com\/en\/wp-json\/wp\/v2\/product_brand?post=12819"},{"taxonomy":"product_cat","embeddable":true,"href":"https:\/\/aquabluebursa.com\/en\/wp-json\/wp\/v2\/product_cat?post=12819"},{"taxonomy":"product_tag","embeddable":true,"href":"https:\/\/aquabluebursa.com\/en\/wp-json\/wp\/v2\/product_tag?post=12819"}],"curies":[{"name":"wp","href":"https:\/\/api.w.org\/{rel}","templated":true}]}}