{"id":12821,"date":"2026-03-13T20:24:12","date_gmt":"2026-03-13T20:24:12","guid":{"rendered":"https:\/\/aquabluebursa.com\/magaza\/kategorilenmemis\/brightwell-reefsnow-125-ml\/"},"modified":"2026-03-13T20:24:12","modified_gmt":"2026-03-13T20:24:12","slug":"brightwell-reefsnow-125-ml","status":"publish","type":"product","link":"https:\/\/aquabluebursa.com\/en\/magaza\/balik-ve-mercan-besinleri\/brightwell-reefsnow-125-ml\/","title":{"rendered":"Brightwell &#8211; Reefsnow &#8211; 125 ml"},"content":{"rendered":"<div>\n<p>\u00a0Reefsnow &#8211; 125 ml<\/p>\n<p>&nbsp;<\/p>\n<p>\u00dcr\u00fcn Ad\u0131: Reef Snow<\/p>\n<p>Mevcut Ebatlar: 125 ml<\/p>\n<p>&nbsp;<\/p>\n<p>\u2022Ta\u015fl\u0131 mercanlar, hem zooksantel hem de azooksanthellat yumu\u015fak mercanlar, gorgonlar, istiridyeler, t\u00fcp solucanlar, s\u00fcngerler, tunikler ve<\/p>\n<p>hem yumu\u015fak doku hem de iskelet materyalinin b\u00fcy\u00fcmesi i\u00e7in omurgas\u0131zlar\u0131n ihtiya\u00e7 duydu\u011fu uygun inorganik ve organik maddeleri ayn\u0131 anda sa\u011flar.<\/p>\n<p>\u2022\u0130deal olarak, \u00e7o\u011fu mercan\u0131n avlanmak i\u00e7in dokuna\u00e7lar\u0131n\u0131 uzatt\u0131\u011f\u0131 gece akvaryuma tatbik edilir.<\/p>\n<p>\u2022So\u011futma gerektirmez.<\/p>\n<p>\u2022Bir deniz bilimcisi taraf\u0131ndan form\u00fcle edilmi\u015ftir.<\/p>\n<p>&nbsp;<\/p>\n<p>Talimatlar ve Dozaj<\/p>\n<p>190 Litre akvaryum i\u00e7in suya 2,5 ml&#8217;ye (\u00bd kap) kadar ekleyin; daha sonra istenirse dozaj kademeli olarak artt\u0131r\u0131labilirsiniz.<\/p>\n<\/div>\n<div><\/div>","protected":false},"excerpt":{"rendered":"<p>\u00a0Reefsnow &#8211; 125 ml &nbsp; \u00dcr\u00fcn Ad\u0131: Reef Snow Mevcut Ebatlar: 125 ml &nbsp; \u2022Ta\u015fl\u0131 mercanlar, hem zooksantel hem de<\/p>","protected":false},"featured_media":13018,"comment_status":"closed","ping_status":"open","template":"","meta":[],"pwb-brand":[],"product_brand":[79],"product_cat":[160],"product_tag":[],"class_list":{"0":"post-12821","1":"product","2":"type-product","3":"status-publish","4":"has-post-thumbnail","6":"product_brand-brightwell","7":"product_cat-balik-ve-mercan-besinleri","9":"first","10":"outofstock","11":"purchasable","12":"product-type-simple"},"brands":[],"_links":{"self":[{"href":"https:\/\/aquabluebursa.com\/en\/wp-json\/wp\/v2\/product\/12821","targetHints":{"allow":["GET"]}}],"collection":[{"href":"https:\/\/aquabluebursa.com\/en\/wp-json\/wp\/v2\/product"}],"about":[{"href":"https:\/\/aquabluebursa.com\/en\/wp-json\/wp\/v2\/types\/product"}],"replies":[{"embeddable":true,"href":"https:\/\/aquabluebursa.com\/en\/wp-json\/wp\/v2\/comments?post=12821"}],"wp:featuredmedia":[{"embeddable":true,"href":"https:\/\/aquabluebursa.com\/en\/wp-json\/wp\/v2\/media\/13018"}],"wp:attachment":[{"href":"https:\/\/aquabluebursa.com\/en\/wp-json\/wp\/v2\/media?parent=12821"}],"wp:term":[{"taxonomy":"pwb-brand","embeddable":true,"href":"https:\/\/aquabluebursa.com\/en\/wp-json\/wp\/v2\/pwb-brand?post=12821"},{"taxonomy":"product_brand","embeddable":true,"href":"https:\/\/aquabluebursa.com\/en\/wp-json\/wp\/v2\/product_brand?post=12821"},{"taxonomy":"product_cat","embeddable":true,"href":"https:\/\/aquabluebursa.com\/en\/wp-json\/wp\/v2\/product_cat?post=12821"},{"taxonomy":"product_tag","embeddable":true,"href":"https:\/\/aquabluebursa.com\/en\/wp-json\/wp\/v2\/product_tag?post=12821"}],"curies":[{"name":"wp","href":"https:\/\/api.w.org\/{rel}","templated":true}]}}