{"id":12822,"date":"2026-03-13T20:24:12","date_gmt":"2026-03-13T20:24:12","guid":{"rendered":"https:\/\/aquabluebursa.com\/magaza\/kategorilenmemis\/brightwell-macrovore-125-ml\/"},"modified":"2026-03-13T20:24:12","modified_gmt":"2026-03-13T20:24:12","slug":"brightwell-macrovore-125-ml","status":"publish","type":"product","link":"https:\/\/aquabluebursa.com\/en\/magaza\/balik-ve-mercan-besinleri\/brightwell-macrovore-125-ml\/","title":{"rendered":"Brightwell &#8211; Macrovore &#8211; 125 ml"},"content":{"rendered":"<div>\n<p>Macrovore &#8211; 125 ml<\/p>\n<p>&nbsp;<\/p>\n<p>\u00dcr\u00fcn Ad\u0131: Macrovore<\/p>\n<p>Mevcut Ebatlar: 125 &#8211; 250 ml<\/p>\n<p>&nbsp;<\/p>\n<p>\u20220,7 &#8211; 1,2 mm boyut aral\u0131\u011f\u0131nda Kuzey Amerika deniz kabuklular\u0131ndan \u00fcretilmi\u015f\u00a0 s\u00fcspansiyon.<\/p>\n<p>\u2022Esansiyel amino asitler,\u00a0 vitaminler, karotenoid bak\u0131m\u0131ndan zengin ya\u011flar (omega-3 HUFA a\u00e7\u0131s\u0131ndan da zengin) ve bal\u0131klarda beslenme tepkisini iyile\u015ftirmek i\u00e7in do\u011fal yem\u00a0 ile g\u00fc\u00e7lendirilmi\u015ftir.<\/p>\n<p>\u2022Do\u011fal pigmentler bak\u0131m\u0131ndan zengindir.<\/p>\n<p>\u2022Anemonlar\u0131, LPS mercanlar\u0131n\u0131 takviye etmek i\u00e7in uygundur.<\/p>\n<p>\u2022Planktivor bal\u0131klar taraf\u0131ndan kolayca t\u00fcketilir.<\/p>\n<p>\u2022Discus dahil t\u00fcm tatl\u0131 su bal\u0131k t\u00fcrlerinin renklenmesini iyile\u015ftirmek i\u00e7in uygundur.<\/p>\n<p>&nbsp;<\/p>\n<p>Talimatlar ve Dozaj<\/p>\n<p>Kullanmadan \u00f6nce kab\u0131 iyice \u00e7alkalay\u0131n. Macr\u014dvore eklemeden \u00f6nce protein skimmer ve di\u011fer mekanik filtreleri kapat\u0131n ve filtreleme i\u015flemine devam etmeden \u00f6nce 10 &#8211; 15 dakika bekleyin.<\/p>\n<p>\u00d6nerilen dozaj 200 Litre akvaryum i\u00e7in 2.5 ml.<\/p>\n<p>&nbsp;<\/p>\n<p>&nbsp;<\/p>\n<p>&nbsp;<\/p>\n<\/div>","protected":false},"excerpt":{"rendered":"<p>Macrovore &#8211; 125 ml &nbsp; \u00dcr\u00fcn Ad\u0131: Macrovore Mevcut Ebatlar: 125 &#8211; 250 ml &nbsp; \u20220,7 &#8211; 1,2 mm boyut<\/p>","protected":false},"featured_media":13017,"comment_status":"closed","ping_status":"open","template":"","meta":[],"pwb-brand":[],"product_brand":[79],"product_cat":[160],"product_tag":[],"class_list":{"0":"post-12822","1":"product","2":"type-product","3":"status-publish","4":"has-post-thumbnail","6":"product_brand-brightwell","7":"product_cat-balik-ve-mercan-besinleri","9":"first","10":"outofstock","11":"purchasable","12":"product-type-simple"},"brands":[],"_links":{"self":[{"href":"https:\/\/aquabluebursa.com\/en\/wp-json\/wp\/v2\/product\/12822","targetHints":{"allow":["GET"]}}],"collection":[{"href":"https:\/\/aquabluebursa.com\/en\/wp-json\/wp\/v2\/product"}],"about":[{"href":"https:\/\/aquabluebursa.com\/en\/wp-json\/wp\/v2\/types\/product"}],"replies":[{"embeddable":true,"href":"https:\/\/aquabluebursa.com\/en\/wp-json\/wp\/v2\/comments?post=12822"}],"wp:featuredmedia":[{"embeddable":true,"href":"https:\/\/aquabluebursa.com\/en\/wp-json\/wp\/v2\/media\/13017"}],"wp:attachment":[{"href":"https:\/\/aquabluebursa.com\/en\/wp-json\/wp\/v2\/media?parent=12822"}],"wp:term":[{"taxonomy":"pwb-brand","embeddable":true,"href":"https:\/\/aquabluebursa.com\/en\/wp-json\/wp\/v2\/pwb-brand?post=12822"},{"taxonomy":"product_brand","embeddable":true,"href":"https:\/\/aquabluebursa.com\/en\/wp-json\/wp\/v2\/product_brand?post=12822"},{"taxonomy":"product_cat","embeddable":true,"href":"https:\/\/aquabluebursa.com\/en\/wp-json\/wp\/v2\/product_cat?post=12822"},{"taxonomy":"product_tag","embeddable":true,"href":"https:\/\/aquabluebursa.com\/en\/wp-json\/wp\/v2\/product_tag?post=12822"}],"curies":[{"name":"wp","href":"https:\/\/api.w.org\/{rel}","templated":true}]}}