{"id":12823,"date":"2026-03-13T20:24:12","date_gmt":"2026-03-13T20:24:12","guid":{"rendered":"https:\/\/aquabluebursa.com\/magaza\/kategorilenmemis\/brightwell-fastart-f-125-ml\/"},"modified":"2026-03-13T20:24:12","modified_gmt":"2026-03-13T20:24:12","slug":"brightwell-fastart-f-125-ml","status":"publish","type":"product","link":"https:\/\/aquabluebursa.com\/en\/magaza\/tatli-su-ve-bitki\/brightwell-fastart-f-125-ml\/","title":{"rendered":"Brightwell &#8211; FaStart-F &#8211; 125 ml"},"content":{"rendered":"<p>Brightwell &#8211; FaStart-F &#8211; 125 ml<\/p>\n<p>&nbsp;<\/p>\n<p>\u00dcr\u00fcn Ad\u0131: FaStart-F<\/p>\n<p>Mevcut Ebatlar: 125 ML<\/p>\n<p>&nbsp;<\/p>\n<p>\u2022 Formulated specifically for freshwater biotope, community, and planted aquaria.<\/p>\n<p>\u2022 Used in conjunction with FlorinBacter, establishes and develops biological filtration by<\/p>\n<p>providing critical nutrients in specific forms and ratios.<\/p>\n<p>\u2022 Ethical and effective; encourages microbial proliferation without the use of poor nutrient<\/p>\n<p>sources, such as fish food (rich in refractory organic compounds) and so-called \u201cstarter fish\u201d.<\/p>\n<p>\u2022 Dramatically expedites the start-up period, making it possible to confidently add inhabitants<\/p>\n<p>to an aquarium soon after set up.<\/p>\n<p>\u2022 Formulated by a marine scientist.<\/p>","protected":false},"excerpt":{"rendered":"<p>Brightwell &#8211; FaStart-F &#8211; 125 ml &nbsp; \u00dcr\u00fcn Ad\u0131: FaStart-F Mevcut Ebatlar: 125 ML &nbsp; \u2022 Formulated specifically for freshwater<\/p>","protected":false},"featured_media":13396,"comment_status":"closed","ping_status":"open","template":"","meta":[],"pwb-brand":[],"product_brand":[79],"product_cat":[159],"product_tag":[],"class_list":{"0":"post-12823","1":"product","2":"type-product","3":"status-publish","4":"has-post-thumbnail","6":"product_brand-brightwell","7":"product_cat-tatli-su-ve-bitki","9":"first","10":"outofstock","11":"purchasable","12":"product-type-simple"},"brands":[],"_links":{"self":[{"href":"https:\/\/aquabluebursa.com\/en\/wp-json\/wp\/v2\/product\/12823","targetHints":{"allow":["GET"]}}],"collection":[{"href":"https:\/\/aquabluebursa.com\/en\/wp-json\/wp\/v2\/product"}],"about":[{"href":"https:\/\/aquabluebursa.com\/en\/wp-json\/wp\/v2\/types\/product"}],"replies":[{"embeddable":true,"href":"https:\/\/aquabluebursa.com\/en\/wp-json\/wp\/v2\/comments?post=12823"}],"wp:featuredmedia":[{"embeddable":true,"href":"https:\/\/aquabluebursa.com\/en\/wp-json\/wp\/v2\/media\/13396"}],"wp:attachment":[{"href":"https:\/\/aquabluebursa.com\/en\/wp-json\/wp\/v2\/media?parent=12823"}],"wp:term":[{"taxonomy":"pwb-brand","embeddable":true,"href":"https:\/\/aquabluebursa.com\/en\/wp-json\/wp\/v2\/pwb-brand?post=12823"},{"taxonomy":"product_brand","embeddable":true,"href":"https:\/\/aquabluebursa.com\/en\/wp-json\/wp\/v2\/product_brand?post=12823"},{"taxonomy":"product_cat","embeddable":true,"href":"https:\/\/aquabluebursa.com\/en\/wp-json\/wp\/v2\/product_cat?post=12823"},{"taxonomy":"product_tag","embeddable":true,"href":"https:\/\/aquabluebursa.com\/en\/wp-json\/wp\/v2\/product_tag?post=12823"}],"curies":[{"name":"wp","href":"https:\/\/api.w.org\/{rel}","templated":true}]}}