{"id":12824,"date":"2026-03-13T20:24:17","date_gmt":"2026-03-13T20:24:17","guid":{"rendered":"https:\/\/aquabluebursa.com\/magaza\/kategorilenmemis\/brightwell-florin-multi-125-ml\/"},"modified":"2026-03-13T20:24:17","modified_gmt":"2026-03-13T20:24:17","slug":"brightwell-florin-multi-125-ml","status":"publish","type":"product","link":"https:\/\/aquabluebursa.com\/en\/magaza\/tatli-su-ve-bitki\/brightwell-florin-multi-125-ml\/","title":{"rendered":"Brightwell &#8211; Florin Multi &#8211; 125 ml"},"content":{"rendered":"<p>Brightwell &#8211; Florin Multi &#8211; 125 ml<\/p>\n<p>&nbsp;<\/p>\n<p>\u00dcr\u00fcn Ad\u0131: Florin Multi<\/p>\n<p>Mevcut Ebatlar: 125 ML<\/p>\n<p>&nbsp;<\/p>\n<p>. Provides 14 elements critical to long-term health, growth, and coloration of aquatic plants.<\/p>\n<p>. Elemental ratio reflects current understanding of general requirements for unrestricted growth of tropical aquatic plants.<\/p>\n<p>. May be used to establish beneficial water parameters in new aquaria, to replenish depleted elemental concentrations in aquaria that rarely receive a water change, and to re-establish concentrations in aquaria following large water changes.<\/p>\n<p>. Well-suited to the planted aquarium hobbyist seeking one simple solution to use for the majority of plant husbandry requirements (e.g. aside from instances when specific water parameters require adjustment).<\/p>\n<p>. Also provides 0.001% iodine to enable crustaceans (such as shrimp) to molt and grow.<\/p>\n<p>. Formulated utilizing extensive research on aquatic plant nutrient requirements.<\/p>","protected":false},"excerpt":{"rendered":"<p>Brightwell &#8211; Florin Multi &#8211; 125 ml &nbsp; \u00dcr\u00fcn Ad\u0131: Florin Multi Mevcut Ebatlar: 125 ML &nbsp; . Provides 14<\/p>","protected":false},"featured_media":13397,"comment_status":"closed","ping_status":"open","template":"","meta":[],"pwb-brand":[],"product_brand":[79],"product_cat":[159],"product_tag":[],"class_list":{"0":"post-12824","1":"product","2":"type-product","3":"status-publish","4":"has-post-thumbnail","6":"product_brand-brightwell","7":"product_cat-tatli-su-ve-bitki","9":"first","10":"outofstock","11":"purchasable","12":"product-type-simple"},"brands":[],"_links":{"self":[{"href":"https:\/\/aquabluebursa.com\/en\/wp-json\/wp\/v2\/product\/12824","targetHints":{"allow":["GET"]}}],"collection":[{"href":"https:\/\/aquabluebursa.com\/en\/wp-json\/wp\/v2\/product"}],"about":[{"href":"https:\/\/aquabluebursa.com\/en\/wp-json\/wp\/v2\/types\/product"}],"replies":[{"embeddable":true,"href":"https:\/\/aquabluebursa.com\/en\/wp-json\/wp\/v2\/comments?post=12824"}],"wp:featuredmedia":[{"embeddable":true,"href":"https:\/\/aquabluebursa.com\/en\/wp-json\/wp\/v2\/media\/13397"}],"wp:attachment":[{"href":"https:\/\/aquabluebursa.com\/en\/wp-json\/wp\/v2\/media?parent=12824"}],"wp:term":[{"taxonomy":"pwb-brand","embeddable":true,"href":"https:\/\/aquabluebursa.com\/en\/wp-json\/wp\/v2\/pwb-brand?post=12824"},{"taxonomy":"product_brand","embeddable":true,"href":"https:\/\/aquabluebursa.com\/en\/wp-json\/wp\/v2\/product_brand?post=12824"},{"taxonomy":"product_cat","embeddable":true,"href":"https:\/\/aquabluebursa.com\/en\/wp-json\/wp\/v2\/product_cat?post=12824"},{"taxonomy":"product_tag","embeddable":true,"href":"https:\/\/aquabluebursa.com\/en\/wp-json\/wp\/v2\/product_tag?post=12824"}],"curies":[{"name":"wp","href":"https:\/\/api.w.org\/{rel}","templated":true}]}}