{"id":12828,"date":"2026-03-13T20:24:21","date_gmt":"2026-03-13T20:24:21","guid":{"rendered":"https:\/\/aquabluebursa.com\/magaza\/kategorilenmemis\/brightwell-blackwater-125-ml\/"},"modified":"2026-03-13T20:24:22","modified_gmt":"2026-03-13T20:24:22","slug":"brightwell-blackwater-125-ml","status":"publish","type":"product","link":"https:\/\/aquabluebursa.com\/en\/magaza\/tatli-su-ve-bitki\/brightwell-blackwater-125-ml\/","title":{"rendered":"Brightwell &#8211; Blackwater &#8211; 125 ml"},"content":{"rendered":"<p>Brightwell &#8211; Blackwater &#8211; 125 ml<\/p>\n<p>&nbsp;<\/p>\n<p>\u00dcr\u00fcn Ad\u0131: Blackwater<\/p>\n<p>Mevcut Ebatlar: 125 ML<\/p>\n<p>&nbsp;<\/p>\n<p>. Establishes similar water conditions to those found in blackwater rivers, many of which are home to important aquarium fishes and plants.<\/p>\n<p>. May be used to help simulate the onset of the rainy season for encouragement of fish spawning.<\/p>\n<p>. Provides humic substances (humic and fulvic acid), complex bio-organic molecules known to increase the availability of important nutrients (such as iron, calcium, magnesium, molybdenum, copper, manganese, zinc, cobalt, and nickel) to plants, potentially enhancing the effectiveness of plant nutrient solutions in aquaria.<\/p>\n<p>. Formulated utilizing extensive research on aquatic plant nutrient requirements and riverine water chemistry<\/p>","protected":false},"excerpt":{"rendered":"<p>Brightwell &#8211; Blackwater &#8211; 125 ml &nbsp; \u00dcr\u00fcn Ad\u0131: Blackwater Mevcut Ebatlar: 125 ML &nbsp; . Establishes similar water conditions<\/p>","protected":false},"featured_media":13401,"comment_status":"closed","ping_status":"open","template":"","meta":[],"pwb-brand":[],"product_brand":[79],"product_cat":[159],"product_tag":[],"class_list":{"0":"post-12828","1":"product","2":"type-product","3":"status-publish","4":"has-post-thumbnail","6":"product_brand-brightwell","7":"product_cat-tatli-su-ve-bitki","9":"first","10":"outofstock","11":"purchasable","12":"product-type-simple"},"brands":[],"_links":{"self":[{"href":"https:\/\/aquabluebursa.com\/en\/wp-json\/wp\/v2\/product\/12828","targetHints":{"allow":["GET"]}}],"collection":[{"href":"https:\/\/aquabluebursa.com\/en\/wp-json\/wp\/v2\/product"}],"about":[{"href":"https:\/\/aquabluebursa.com\/en\/wp-json\/wp\/v2\/types\/product"}],"replies":[{"embeddable":true,"href":"https:\/\/aquabluebursa.com\/en\/wp-json\/wp\/v2\/comments?post=12828"}],"wp:featuredmedia":[{"embeddable":true,"href":"https:\/\/aquabluebursa.com\/en\/wp-json\/wp\/v2\/media\/13401"}],"wp:attachment":[{"href":"https:\/\/aquabluebursa.com\/en\/wp-json\/wp\/v2\/media?parent=12828"}],"wp:term":[{"taxonomy":"pwb-brand","embeddable":true,"href":"https:\/\/aquabluebursa.com\/en\/wp-json\/wp\/v2\/pwb-brand?post=12828"},{"taxonomy":"product_brand","embeddable":true,"href":"https:\/\/aquabluebursa.com\/en\/wp-json\/wp\/v2\/product_brand?post=12828"},{"taxonomy":"product_cat","embeddable":true,"href":"https:\/\/aquabluebursa.com\/en\/wp-json\/wp\/v2\/product_cat?post=12828"},{"taxonomy":"product_tag","embeddable":true,"href":"https:\/\/aquabluebursa.com\/en\/wp-json\/wp\/v2\/product_tag?post=12828"}],"curies":[{"name":"wp","href":"https:\/\/api.w.org\/{rel}","templated":true}]}}