{"id":12831,"date":"2026-03-13T20:24:26","date_gmt":"2026-03-13T20:24:26","guid":{"rendered":"https:\/\/aquabluebursa.com\/magaza\/kategorilenmemis\/zksj-protein-skimmer-motoru-donusturme-kiti-6-000\/"},"modified":"2026-03-13T20:24:26","modified_gmt":"2026-03-13T20:24:26","slug":"zksj-protein-skimmer-motoru-donusturme-kiti-6-000","status":"publish","type":"product","link":"https:\/\/aquabluebursa.com\/en\/magaza\/skimmer-motorlari\/zksj-protein-skimmer-motoru-donusturme-kiti-6-000\/","title":{"rendered":"ZKSJ &#8211; Protein Skimmer Motoru D\u00f6n\u00fc\u015ft\u00fcrme Kiti 6.000"},"content":{"rendered":"<p>ZKSJ &#8211; Protein Skimmer Motoru D\u00f6n\u00fc\u015ft\u00fcrme Kiti 6.000<\/p>\n<p>Bu kit sayesinde ZKSJ Sirk\u00fclasyon ( Kafa ) Motorunuzu protein skimmer pompas\u0131na d\u00f6n\u00fc\u015ft\u00fcrebilirsiniz. Uygunluk ve stok bilgisi i\u00e7in l\u00fctfen bizlerle ileti\u015fime ge\u00e7iniz.<\/p>\n<p>&nbsp;<\/p>\n<p>\u00dcr\u00fcn kiti i\u00e7eri\u011fi:<\/p>\n<p>Pinwheel Impeller &#8211; 1 adet<\/p>\n<p>Motor blo\u011fu \u00f6n kapa\u011f\u0131 &#8211; 1 adet<\/p>\n<p>Ozon giri\u015fli Venturi nozzle &#8211; 1 adet<\/p>\n<p>Motor &#8211; Skimmer ba\u011flant\u0131 borusu &#8211; 1 adet<\/p>","protected":false},"excerpt":{"rendered":"<p>ZKSJ &#8211; Protein Skimmer Motoru D\u00f6n\u00fc\u015ft\u00fcrme Kiti 6.000 Bu kit sayesinde ZKSJ Sirk\u00fclasyon ( Kafa ) Motorunuzu protein skimmer pompas\u0131na<\/p>","protected":false},"featured_media":13404,"comment_status":"closed","ping_status":"open","template":"","meta":[],"pwb-brand":[],"product_brand":[71],"product_cat":[182],"product_tag":[],"class_list":{"0":"post-12831","1":"product","2":"type-product","3":"status-publish","4":"has-post-thumbnail","6":"product_brand-zksj","7":"product_cat-skimmer-motorlari","9":"first","10":"outofstock","11":"purchasable","12":"product-type-simple"},"brands":[],"_links":{"self":[{"href":"https:\/\/aquabluebursa.com\/en\/wp-json\/wp\/v2\/product\/12831","targetHints":{"allow":["GET"]}}],"collection":[{"href":"https:\/\/aquabluebursa.com\/en\/wp-json\/wp\/v2\/product"}],"about":[{"href":"https:\/\/aquabluebursa.com\/en\/wp-json\/wp\/v2\/types\/product"}],"replies":[{"embeddable":true,"href":"https:\/\/aquabluebursa.com\/en\/wp-json\/wp\/v2\/comments?post=12831"}],"wp:featuredmedia":[{"embeddable":true,"href":"https:\/\/aquabluebursa.com\/en\/wp-json\/wp\/v2\/media\/13404"}],"wp:attachment":[{"href":"https:\/\/aquabluebursa.com\/en\/wp-json\/wp\/v2\/media?parent=12831"}],"wp:term":[{"taxonomy":"pwb-brand","embeddable":true,"href":"https:\/\/aquabluebursa.com\/en\/wp-json\/wp\/v2\/pwb-brand?post=12831"},{"taxonomy":"product_brand","embeddable":true,"href":"https:\/\/aquabluebursa.com\/en\/wp-json\/wp\/v2\/product_brand?post=12831"},{"taxonomy":"product_cat","embeddable":true,"href":"https:\/\/aquabluebursa.com\/en\/wp-json\/wp\/v2\/product_cat?post=12831"},{"taxonomy":"product_tag","embeddable":true,"href":"https:\/\/aquabluebursa.com\/en\/wp-json\/wp\/v2\/product_tag?post=12831"}],"curies":[{"name":"wp","href":"https:\/\/api.w.org\/{rel}","templated":true}]}}