{"id":12833,"date":"2026-03-13T20:24:29","date_gmt":"2026-03-13T20:24:29","guid":{"rendered":"https:\/\/aquabluebursa.com\/magaza\/kategorilenmemis\/salifert-flatworm-exit\/"},"modified":"2026-03-13T20:24:29","modified_gmt":"2026-03-13T20:24:29","slug":"salifert-flatworm-exit","status":"publish","type":"product","link":"https:\/\/aquabluebursa.com\/en\/magaza\/balik-ve-mercan-bakimi\/salifert-flatworm-exit\/","title":{"rendered":"Salifert &#8211; Flatworm Exit"},"content":{"rendered":"<div>Salifert &#8211; Flatworm Exit<\/div>\n<div><\/div>\n<div>\n<p>Flatworm Exit \u00fcr\u00fcn\u00fc; bal\u0131k, mercan ve omurgas\u0131z canl\u0131lara zarar vermeden kullan\u0131labilecek bir \u00fcr\u00fcnd\u00fcr. 5 mm&#8217;den k\u00fc\u00e7\u00fck flatworm kurtlar\u0131n\u0131n temizlenmesi i\u00e7in kulan\u0131l\u0131. Ancak \u00f6len flatworm kurtlar\u0131n\u0131n y\u00fcksek dozlarda v\u00fccut s\u0131v\u0131lar\u0131 akvaryum canl\u0131lar\u0131 i\u00e7in zararl\u0131 olabilir. Bazen bu v\u00fccut s\u0131v\u0131lar\u0131 flatworm kurtlar\u0131 y\u00fczmeye ba\u015flad\u0131klar\u0131 zaman \u00e7\u0131kar. \u00dcr\u00fcn kullan\u0131ld\u0131ktan hemen sonra k\u00fc\u00e7\u00fck flatworm kurtlar\u0131 yem bulmak i\u00e7in direkt olarak y\u00fczmeye ba\u015flayacaklard\u0131r ve sifonlama yap\u0131larak hemen akvaryumdan \u00e7\u0131kar\u0131lmas\u0131 gerekir.<\/p>\n<\/div>\n<p>\u00dcr\u00fcn kullan\u0131lmas\u0131nda takip edilmesi gereken s\u00fcre\u00e7 a\u015fa\u011f\u0131daki gibi olmal\u0131d\u0131r:<\/p>\n<p>\u0130\u015flemden \u00f6nce m\u00fcmk\u00fcn oldu\u011funca flatworm tanktan sifonlanarak \u00e7\u0131kar\u0131lmal\u0131d\u0131r.<br \/>\nTank\u0131n\u0131z i\u00e7in yetecek miktarda aktif karbon medyas\u0131 reakt\u00f6r i\u00e7erisinde haz\u0131r halde bekletilmelidir.<br \/>\nE\u011fer varsa UV cihaz\u0131 veya Ozon cihazlar\u0131 kapat\u0131lmal\u0131d\u0131r. Protein skimmer a\u00e7\u0131k olmal\u0131d\u0131r.<\/p>\n<p>\u00d6NEML\u0130<\/p>\n<p>\u00d6nemli fakt\u00f6rlerden birincisi \u00fcr\u00fcn\u00fc kullanmadan \u00f6nce tanktaki flatworm say\u0131s\u0131n\u0131n m\u00fcmk\u00fcn oldu\u011funca azalt\u0131lmas\u0131 gerekmektedir. B\u00f6ylece tank\u0131n i\u00e7ine sal\u0131nan flatworm v\u00fccut s\u0131v\u0131s\u0131 miktar\u0131 azalt\u0131lm\u0131\u015f olacakt\u0131r.<\/p>\n<p>Tank\u0131n\u0131zdaki flatworm pop\u00fclasyonunu asla k\u00fc\u00e7\u00fcmsemeyin. Baz\u0131 durumlarda tank i\u00e7indeki oyuk ve g\u00f6zeneklerin i\u00e7inde y\u00fcksek miktarlarda flatworm g\u00f6r\u00fclm\u00fc\u015ft\u00fcr. Bu tarz yerleri k\u00fc\u00e7\u00fck kafa motorlar\u0131yla su p\u00fcsk\u00fcrterek varsa i\u00e7erdeki flatwormlar\u0131n \u00e7\u0131kmas\u0131n\u0131 sa\u011flay\u0131n ve sifonlay\u0131n.<\/p>\n<p>Ayr\u0131ca \u00fcr\u00fcn kullan\u0131ld\u0131ktan sonra y\u00fczmeye ba\u015flayan flatwormlar\u0131 sifonlayarak tanka sal\u0131nan v\u00fccut s\u0131v\u0131s\u0131 miktar\u0131n\u0131 d\u00fc\u015f\u00fcrebilirsiniz.<\/p>\n<p>Tanka sal\u0131nan v\u00fccut s\u0131v\u0131lar\u0131 media reakt\u00f6r\u00fc i\u00e7inde, 400 litre tank suyu i\u00e7in 1 litre y\u00fcksek kalite aktif karbon kullan\u0131larak tanktan \u00e7\u0131kar\u0131lmal\u0131d\u0131r. (Aktif karbon yeni olmal\u0131d\u0131r.)<\/p>\n<p>\u00dcr\u00fcn\u00fcn kullan\u0131m\u0131 ve yap\u0131lmas\u0131 gerekenleri aceleye getirmeyin ve \u00fcr\u00fcn kullan\u0131m\u0131ndan sonra tank\u0131 6 saat g\u00f6zlem alt\u0131nda tutun.<\/p>\n<p>Tank kapasitesinin %25 i kadar de\u011fi\u015fim i\u00e7in su haz\u0131r bulundurulmas\u0131 faydal\u0131 olacakt\u0131r.<\/p>\n<p>KULLANIMI:<br \/>\n20 litreye 4 damla olarak kullan\u0131l\u0131r. Kutu i\u00e7eri\u011fi 10 ml (yakla\u015f\u0131k 250 damla). Damlal\u0131\u011f\u0131n kapa\u011f\u0131 yakla\u015f\u0131k 60 damla al\u0131r, bu miktar 300 litreye tekab\u00fcl eder.<br \/>\n\u00dcr\u00fcn\u00fc tank\u0131n i\u00e7ine y\u00fcksek ak\u0131nt\u0131 olan bir noktadan kat\u0131n, b\u00f6ylece \u00fcr\u00fcn tanka h\u0131zl\u0131ca yay\u0131lacakt\u0131r. E\u011fer tank \u00e7ok k\u00fc\u00e7\u00fckse \u00fcr\u00fcn\u00fc kafa motorunun bulundu\u011fu noktadan kat\u0131n ve elle kar\u0131\u015ft\u0131rarak yay\u0131lmas\u0131n\u0131 sa\u011flay\u0131n.<br \/>\n30 dakika i\u00e7inde etkisini g\u00f6stermesi gerekir.<br \/>\nE\u011fer 45 dakika i\u00e7inde etki etmez ise ve hi\u00e7 y\u00fczen flatworm g\u00f6r\u00fclmezse %50 daha ekleyin.<br \/>\n\u00dcr\u00fcn etkisini g\u00f6stermeye ba\u015flar ba\u015flamaz haz\u0131rlad\u0131\u011f\u0131n\u0131z aktif karbon i\u00e7eren media reakt\u00f6r\u00fcn\u00fc devreye al\u0131n.<br \/>\n\u00dcr\u00fcn tanka kat\u0131ld\u0131ktan en erken 1 saat sonra UV veya Ozon cihaz\u0131n\u0131 tekrardan devreye alabilirsiniz.<\/p>\n<p>!! \u00c7OCUKLARIN ULA\u015eAMAYAC\u011eI YERDE SAKLAYINIZ!!<br \/>\n!! \u00dcR\u00dcN SADECE AKVARYUM BALIK VE CANLILARININ BULUNDU\u011eU HOB\u0130 AKVARYUMLARINDA KULLANIM \u0130\u00c7\u0130ND\u0130R. \u0130NSANLAR VE HAYVANLARDA KULLANILMAMALIDIR.!!<\/p>\n<p>&nbsp;<\/p>\n<div>\n<p>Akvaryum katk\u0131lar\u0131 i\u00e7in, Akvaryum Merkezi olarak bizlere<br \/>\nba\u015fvurabilir, size en uygun ve kaliteli \u00fcr\u00fcnler i\u00e7in bilgi sahibi<br \/>\nolabilirsiniz.<\/p>\n<p>&nbsp;<\/p>\n<\/div>","protected":false},"excerpt":{"rendered":"<p>Salifert &#8211; Flatworm Exit Flatworm Exit \u00fcr\u00fcn\u00fc; bal\u0131k, mercan ve omurgas\u0131z canl\u0131lara zarar vermeden kullan\u0131labilecek bir \u00fcr\u00fcnd\u00fcr. 5 mm&#8217;den k\u00fc\u00e7\u00fck<\/p>","protected":false},"featured_media":13407,"comment_status":"closed","ping_status":"open","template":"","meta":[],"pwb-brand":[],"product_brand":[117],"product_cat":[156],"product_tag":[],"class_list":{"0":"post-12833","1":"product","2":"type-product","3":"status-publish","4":"has-post-thumbnail","6":"product_brand-salifert","7":"product_cat-balik-ve-mercan-bakimi","9":"first","10":"outofstock","11":"purchasable","12":"product-type-simple"},"brands":[],"_links":{"self":[{"href":"https:\/\/aquabluebursa.com\/en\/wp-json\/wp\/v2\/product\/12833","targetHints":{"allow":["GET"]}}],"collection":[{"href":"https:\/\/aquabluebursa.com\/en\/wp-json\/wp\/v2\/product"}],"about":[{"href":"https:\/\/aquabluebursa.com\/en\/wp-json\/wp\/v2\/types\/product"}],"replies":[{"embeddable":true,"href":"https:\/\/aquabluebursa.com\/en\/wp-json\/wp\/v2\/comments?post=12833"}],"wp:featuredmedia":[{"embeddable":true,"href":"https:\/\/aquabluebursa.com\/en\/wp-json\/wp\/v2\/media\/13407"}],"wp:attachment":[{"href":"https:\/\/aquabluebursa.com\/en\/wp-json\/wp\/v2\/media?parent=12833"}],"wp:term":[{"taxonomy":"pwb-brand","embeddable":true,"href":"https:\/\/aquabluebursa.com\/en\/wp-json\/wp\/v2\/pwb-brand?post=12833"},{"taxonomy":"product_brand","embeddable":true,"href":"https:\/\/aquabluebursa.com\/en\/wp-json\/wp\/v2\/product_brand?post=12833"},{"taxonomy":"product_cat","embeddable":true,"href":"https:\/\/aquabluebursa.com\/en\/wp-json\/wp\/v2\/product_cat?post=12833"},{"taxonomy":"product_tag","embeddable":true,"href":"https:\/\/aquabluebursa.com\/en\/wp-json\/wp\/v2\/product_tag?post=12833"}],"curies":[{"name":"wp","href":"https:\/\/api.w.org\/{rel}","templated":true}]}}