{"id":12836,"date":"2026-03-13T20:24:35","date_gmt":"2026-03-13T20:24:35","guid":{"rendered":"https:\/\/aquabluebursa.com\/magaza\/kategorilenmemis\/brightwell-calcion-4-litre\/"},"modified":"2026-03-13T20:24:35","modified_gmt":"2026-03-13T20:24:35","slug":"brightwell-calcion-4-litre","status":"publish","type":"product","link":"https:\/\/aquabluebursa.com\/en\/magaza\/katkilar\/brightwell-calcion-4-litre\/","title":{"rendered":"Brightwell &#8211; Calcion  4 L\u0130TRE"},"content":{"rendered":"<div>Brightwell &#8211; Calcion &#8211; Liquid Calcium Supplement for Reef Aquaria &#8211; S\u0131v\u0131 Kalsiyum Katk\u0131s\u0131 4 Litre<\/div>\n<div><\/div>\n<div>\n<p>\u00dcr\u00fcn Ad\u0131: Calcion<\/p>\n<p>S\u0131n\u0131f\u0131: Kalsiyum \u00e7\u00f6zelti<\/p>\n<p>Mevcut Ebatlar:<br \/>\n500-2000-4000 ML<\/p>\n<p>&nbsp;<\/p>\n<p>&nbsp;<\/p>\n<p>Genel bak\u0131\u015f<\/p>\n<p>\u2022 Y\u00fcksek<br \/>\nkonsantrasyonlu kalsiyum \u00e7\u00f6zeltisi.<\/p>\n<p>\u2022 Mercanlar ve omurgas\u0131zlar\u0131n geli\u015fimi<br \/>\nve b\u00fcy\u00fcmesi i\u00e7in gerekli olan<br \/>\nkalsiyum konsantrasyonunun art\u0131r\u0131lmas\u0131 ve tamamlanmas\u0131 i\u00e7in kullan\u0131l\u0131r.<\/p>\n<p>\u2022 Son derece saf iyoniktir. EDTA, glukonat veya poliglukonat gibi<br \/>\nistenmeyen organik materyal ve ba\u011flay\u0131c\u0131lar i\u00e7ermez.<\/p>\n<p>\u2022 Di\u011fer<br \/>\nrakip \u00fcr\u00fcnlerin bir \u00e7o\u011fun dan %50 daha g\u00fc\u00e7l\u00fc ve etkilidir.<\/p>\n<p>\u2022 Fosfat,<br \/>\nsilikat ve organik madde i\u00e7ermez.<\/p>\n<p>\u2022 Uzman deniz bilimcileri taraf\u0131ndan form\u00fcle edilerek<br \/>\n\u00fcretilmi\u015ftir.<\/p>\n<p>&nbsp;<\/p>\n<p>Kalsiyum, deniz suyundaki en yayg\u0131n iyonlardan biridir.<br \/>\nMercanlar, istiridye ler ve di\u011fer t\u00fcm kabuklular\u0131n iskelet yap\u0131s\u0131n\u0131 olu\u015fturan<br \/>\ntemel yap\u0131 ta\u015f\u0131d\u0131r.<\/p>\n<p>Deniz suyunda<br \/>\nkalsiyum yakla\u015f\u0131k 412 ppm konsantrasyonda bulunur; Mercan akvaryumlar\u0131nda,<br \/>\nkalsiyumu 412 &#8211; 430 ppm aral\u0131\u011f\u0131nda tutmak, di\u011fer t\u00fcm fiziksel ve kimyasal<br \/>\ngereksinimler kar\u015f\u0131land\u0131\u011f\u0131nda mercanlar\u0131n ve omurgas\u0131zlar\u0131n h\u0131zla b\u00fcy\u00fcmesini<br \/>\nsa\u011flayacakt\u0131r.<\/p>\n<p>Bir resif akvaryumunda<br \/>\nKalsiyum t\u00fcketimi ,<br \/>\nakvaryumunuzdaki canl\u0131 stokunuza,<br \/>\nayd\u0131nlatma t\u00fcr\u00fcn\u00fcze, su sirk\u00fclasyon h\u0131z\u0131n\u0131za ve di\u011fer biyolojik, fiziksel ve<br \/>\nkimyasal ko\u015fullar\u0131n\u0131za ba\u011fl\u0131d\u0131r. Bu etkenler<br \/>\ny\u00fcz\u00fcnden, her akvaryumun kalsiyum t\u00fcketimi farkl\u0131l\u0131k g\u00f6sterir.<\/p>\n<p>Akvaryumunuz daki g\u00fcnl\u00fck<br \/>\nkalsiyum t\u00fcketim oran\u0131n\u0131 bilmeniz ve bu do\u011frultuda maksimum g\u00fcnl\u00fck 20<br \/>\nppm i ge\u00e7meyecek \u015fekilde ilave yapman\u0131z \u00e7ok \u00f6nemlidir.<\/p>\n<p>T\u00fcm Brightwell Aquatics t\u00fcm s\u0131v\u0131<br \/>\ntakviyeleri, distile edilmi\u015f su ve y\u00fcksek safl\u0131kta malzemelerden<br \/>\n\u00fcretilmi\u015ftir. Brightwell Aquatics t\u00fcm \u00fcr\u00fcnlerini bilinen teoriler<br \/>\nyerine, g\u00f6zlem ve \u00f6l\u00e7\u00fcm verilerine dayanarak form\u00fcller geli\u015ftirmektedir.<\/p>\n<p>Talimatlar ve Dozaj<\/p>\n<p>\u00dcr\u00fcn\u00fc kullanmadan \u00f6nce iyice<br \/>\n\u00e7alkalay\u0131n.<\/p>\n<p>Kalsiyum takviyesi yapmadan \u00f6nce<br \/>\ndo\u011fru bir test kiti kullanarak akvaryumdaki kalsiyum konsantrasyonunu<br \/>\nbelirleyin.<\/p>\n<p>\u00dcr\u00fcn\u00fc kullanmadan \u00f6nce iyice<br \/>\n\u00e7alkalay\u0131n.<\/p>\n<p>Takviye etmeden \u00f6nce do\u011fru bir<br \/>\ntest kiti kullanarak akvaryumdaki kalsiyum<br \/>\nkonsantrasyonunu belirleyin.<\/p>\n<p>1 ml Calcion 4 Litre akvaryum<br \/>\nsuyundaki Kalsiyum de\u011ferini 29 ppm art\u0131r\u0131r.<\/p>\n<p>Brightwell Aquatics Calcion<br \/>\nun 27 ml&#8217;si, 100 litre suda kalsiyumu 20<br \/>\nppm art\u0131racakt\u0131r.<\/p>\n<p>Akvaryumdaki ba\u015flang\u0131\u00e7 Kalsiyum de\u011feri 410 ppm in<br \/>\nalt\u0131ndaysa, 100 litre akvaryum i\u00e7in bu \u00fcr\u00fcn\u00fc istenen seviye ula\u015f\u0131lana<br \/>\nkadar g\u00fcnl\u00fck maksimum 27 ml oran\u0131nda<br \/>\nekleyin, ard\u0131ndan gerekti\u011finde g\u00fcnl\u00fck veya haftal\u0131k olarak dozlay\u0131n .<\/p>\n<p>Kalsiyum de\u011ferini her zaman +\/-10 ppm aral\u0131\u011f\u0131nda tutmaya \u00e7al\u0131\u015f\u0131n.<br \/>\n\u0130stenen de\u011feri elde edildikten sonra<br \/>\nkalsiyum t\u00fcketim oran\u0131n\u0131 belirlemek i\u00e7in, 1-2<br \/>\nhaftal\u0131k bir s\u00fcre boyunca her g\u00fcn ayn\u0131 saatte g\u00fcvenilir bit test kiti<br \/>\nkullanarak \u00f6l\u00e7\u00fcm yap\u0131n.<\/p>\n<p>Akvaryum katk\u0131lar\u0131 i\u00e7in, Akvaryum Merkezi olarak bizlere<br \/>\nba\u015fvurabilir, size en uygun ve kaliteli \u00fcr\u00fcnler i\u00e7in bilgi sahibi<br \/>\nolabilirsiniz..<\/p>\n<p>&nbsp;<\/p>\n<\/div>","protected":false},"excerpt":{"rendered":"<p>Brightwell &#8211; Calcion &#8211; Liquid Calcium Supplement for Reef Aquaria &#8211; S\u0131v\u0131 Kalsiyum Katk\u0131s\u0131 4 Litre \u00dcr\u00fcn Ad\u0131: Calcion S\u0131n\u0131f\u0131:<\/p>","protected":false},"featured_media":13169,"comment_status":"closed","ping_status":"open","template":"","meta":[],"pwb-brand":[],"product_brand":[79],"product_cat":[157],"product_tag":[],"class_list":{"0":"post-12836","1":"product","2":"type-product","3":"status-publish","4":"has-post-thumbnail","6":"product_brand-brightwell","7":"product_cat-katkilar","9":"first","10":"outofstock","11":"purchasable","12":"product-type-simple"},"brands":[],"_links":{"self":[{"href":"https:\/\/aquabluebursa.com\/en\/wp-json\/wp\/v2\/product\/12836","targetHints":{"allow":["GET"]}}],"collection":[{"href":"https:\/\/aquabluebursa.com\/en\/wp-json\/wp\/v2\/product"}],"about":[{"href":"https:\/\/aquabluebursa.com\/en\/wp-json\/wp\/v2\/types\/product"}],"replies":[{"embeddable":true,"href":"https:\/\/aquabluebursa.com\/en\/wp-json\/wp\/v2\/comments?post=12836"}],"wp:featuredmedia":[{"embeddable":true,"href":"https:\/\/aquabluebursa.com\/en\/wp-json\/wp\/v2\/media\/13169"}],"wp:attachment":[{"href":"https:\/\/aquabluebursa.com\/en\/wp-json\/wp\/v2\/media?parent=12836"}],"wp:term":[{"taxonomy":"pwb-brand","embeddable":true,"href":"https:\/\/aquabluebursa.com\/en\/wp-json\/wp\/v2\/pwb-brand?post=12836"},{"taxonomy":"product_brand","embeddable":true,"href":"https:\/\/aquabluebursa.com\/en\/wp-json\/wp\/v2\/product_brand?post=12836"},{"taxonomy":"product_cat","embeddable":true,"href":"https:\/\/aquabluebursa.com\/en\/wp-json\/wp\/v2\/product_cat?post=12836"},{"taxonomy":"product_tag","embeddable":true,"href":"https:\/\/aquabluebursa.com\/en\/wp-json\/wp\/v2\/product_tag?post=12836"}],"curies":[{"name":"wp","href":"https:\/\/api.w.org\/{rel}","templated":true}]}}