{"id":12837,"date":"2026-03-13T20:24:35","date_gmt":"2026-03-13T20:24:35","guid":{"rendered":"https:\/\/aquabluebursa.com\/magaza\/kategorilenmemis\/brightwell-magnesion-20-litre\/"},"modified":"2026-03-13T20:24:35","modified_gmt":"2026-03-13T20:24:35","slug":"brightwell-magnesion-20-litre","status":"publish","type":"product","link":"https:\/\/aquabluebursa.com\/en\/magaza\/katkilar\/brightwell-magnesion-20-litre\/","title":{"rendered":"Brightwell &#8211; Magnesion  20 L\u0130TRE"},"content":{"rendered":"<div>Brightwell &#8211; Magnesion &#8211; Liquid Magnesium Supplement for Reef Aquaria &#8211; Magnezyum \u00e7\u00f6zeltisi 20 Litre<\/div>\n<div><\/div>\n<div>\n<p>\u00dcr\u00fcn Ad\u0131: Magnession<\/p>\n<p>S\u0131n\u0131f\u0131: Magnezyum \u00e7\u00f6zeltisi<\/p>\n<p>Mevcut Ebatlar: 500-2000-20000 ml<\/p>\n<p>&nbsp;<\/p>\n<p>\u00b7 \u00dcr\u00fcn Bilgisi:<\/p>\n<p>\u00b7 Y\u00fcksek konsantrasyonlu iyonik<br \/>\nmagnezyum \u00e7\u00f6zeltisi.<\/p>\n<p>\u00b7 Kalsiyum ve karbonat aras\u0131ndaki<br \/>\ndengeyi d\u00fczenlemeye yard\u0131mc\u0131 olan magnezyum sa\u011flar.<\/p>\n<p>\u00b7 Akvaryum suyundaki karbonatlar ve<br \/>\nmineral olan aragonitin, bir bile\u015fenidir.<\/p>\n<p>\u00b7 Mercan iskeletlerinin geli\u015fimini<br \/>\nsa\u011flayan materyali olu\u015fturur.<\/p>\n<p>\u00b7 \u00c7o\u011fu rakip \u00fcr\u00fcnden daha g\u00fc\u00e7l\u00fc.<\/p>\n<p>\u00b7 EDTA, glukonat veya poliglukonat gibi<br \/>\nistenmeyen organik maddeler i\u00e7ermez.<\/p>\n<p>\u00b7 Uzman deniz bilimcileri taraf\u0131ndan<br \/>\nform\u00fcle edilmi\u015ftir.<\/p>\n<p>&nbsp;<\/p>\n<p>Resif akvaryumlar\u0131nda Magnezyum hayati bir rol oynar. Kalsiyum ve karbonat\u0131n birbirleriyle<br \/>\nistenmeyen inorganik \u00e7\u00f6kelmelerini s\u0131n\u0131rlayarak konsantrasyonlar\u0131n\u0131n korunmas\u0131na yard\u0131mc\u0131<br \/>\nolur. \u0130deal magnezyum de\u011feri resif akvaryumlar\u0131nda 1290-1380 ppm dir.Magnezyumun<br \/>\nt\u00fcketim h\u0131z\u0131, resifi olu\u015fturan canl\u0131 yo\u011funlu\u011funa , ayd\u0131nlatma t\u00fcr\u00fcne ve di\u011fer biyolojik<br \/>\nko\u015fullar taraf\u0131ndan ba\u011fl\u0131d\u0131r . Bu nedenle, her akvaryumun magnezyum takviye<br \/>\noran\u0131 farkl\u0131l\u0131klar g\u00f6sterecektir.Takviye<br \/>\netmeden \u00f6nce do\u011fru bir test kiti kullanarak akvaryumdaki magnezyum<br \/>\nkonsantrasyonunu belirleyin. Bu \u00fcr\u00fcn\u00fc kullanmadan \u00f6nce iyice \u00e7alkalay\u0131n.<\/p>\n<p>Magnession&#8217;un 1 ml&#8217;si, 4 Litre akvaryum suyunda magnezyum konsantrasyonunu 26 ppm art\u0131racakt\u0131r.<\/p>\n<p>&nbsp;<\/p>\n<p>&nbsp;<\/p>\n<p>&nbsp;<\/p>\n<p>\u0130\u00e7erik :<\/p>\n<p>Ar\u0131t\u0131lm\u0131\u015f su, Magnesium sulfate, Magnesium chloride<\/p>\n<p>Boyutlar : | 500 ml |2000 ml<\/p>\n<p>Akvaryum katk\u0131lar\u0131 i\u00e7in, Akvaryum Merkezi olarak bizlere<br \/>\nba\u015fvurabilir, size en uygun ve kaliteli \u00fcr\u00fcnler i\u00e7in bilgi sahibi<br \/>\nolabilirsiniz.<\/p>\n<p>&nbsp;<\/p>\n<\/div>","protected":false},"excerpt":{"rendered":"<p>Brightwell &#8211; Magnesion &#8211; Liquid Magnesium Supplement for Reef Aquaria &#8211; Magnezyum \u00e7\u00f6zeltisi 20 Litre \u00dcr\u00fcn Ad\u0131: Magnession S\u0131n\u0131f\u0131: Magnezyum<\/p>","protected":false},"featured_media":13160,"comment_status":"closed","ping_status":"open","template":"","meta":[],"pwb-brand":[],"product_brand":[79],"product_cat":[157],"product_tag":[],"class_list":{"0":"post-12837","1":"product","2":"type-product","3":"status-publish","4":"has-post-thumbnail","6":"product_brand-brightwell","7":"product_cat-katkilar","9":"first","10":"outofstock","11":"purchasable","12":"product-type-simple"},"brands":[],"_links":{"self":[{"href":"https:\/\/aquabluebursa.com\/en\/wp-json\/wp\/v2\/product\/12837","targetHints":{"allow":["GET"]}}],"collection":[{"href":"https:\/\/aquabluebursa.com\/en\/wp-json\/wp\/v2\/product"}],"about":[{"href":"https:\/\/aquabluebursa.com\/en\/wp-json\/wp\/v2\/types\/product"}],"replies":[{"embeddable":true,"href":"https:\/\/aquabluebursa.com\/en\/wp-json\/wp\/v2\/comments?post=12837"}],"wp:featuredmedia":[{"embeddable":true,"href":"https:\/\/aquabluebursa.com\/en\/wp-json\/wp\/v2\/media\/13160"}],"wp:attachment":[{"href":"https:\/\/aquabluebursa.com\/en\/wp-json\/wp\/v2\/media?parent=12837"}],"wp:term":[{"taxonomy":"pwb-brand","embeddable":true,"href":"https:\/\/aquabluebursa.com\/en\/wp-json\/wp\/v2\/pwb-brand?post=12837"},{"taxonomy":"product_brand","embeddable":true,"href":"https:\/\/aquabluebursa.com\/en\/wp-json\/wp\/v2\/product_brand?post=12837"},{"taxonomy":"product_cat","embeddable":true,"href":"https:\/\/aquabluebursa.com\/en\/wp-json\/wp\/v2\/product_cat?post=12837"},{"taxonomy":"product_tag","embeddable":true,"href":"https:\/\/aquabluebursa.com\/en\/wp-json\/wp\/v2\/product_tag?post=12837"}],"curies":[{"name":"wp","href":"https:\/\/api.w.org\/{rel}","templated":true}]}}