{"id":12839,"date":"2026-03-13T20:24:38","date_gmt":"2026-03-13T20:24:38","guid":{"rendered":"https:\/\/aquabluebursa.com\/magaza\/kategorilenmemis\/brightwell-medicoral-coral-dip-60-ml\/"},"modified":"2026-03-13T20:24:38","modified_gmt":"2026-03-13T20:24:38","slug":"brightwell-medicoral-coral-dip-60-ml","status":"publish","type":"product","link":"https:\/\/aquabluebursa.com\/en\/magaza\/balik-ve-mercan-bakimi\/brightwell-medicoral-coral-dip-60-ml\/","title":{"rendered":"Brightwell &#8211; MediCoral Coral Dip 60 ml"},"content":{"rendered":"<div>Brightwell &#8211; MediCoral Coral Dip &#8211; Mercan tedavi preperat\u0131 &#8211; 60 ml<\/div>\n<div><\/div>\n<div>\n<p>\u00dcr\u00fcn Ad\u0131:MediCoral<\/p>\n<p>S\u0131n\u0131f\u0131: Mercan\u00a0temizleme preperat\u0131<\/p>\n<p>Mevcut Ebatlar: 30 &#8211; 60 ML<\/p>\n<p>&nbsp;<\/p>\n<p>\u00dcr\u00fcn Bilgisi:<\/p>\n<p>\u00b7 Koloni ve Fraglar dahil t\u00fcm mercan \u00e7e\u015fitleri ve simbiyotikleri i\u00e7in<br \/>\ng\u00fcvenlidir.<\/p>\n<p>\u00b7 \u00dc\u00e7 etkili form\u00fclasyonu sayesinde mercanlara k\u0131sa ve uzun vadeli faydalar<br \/>\nsa\u011flar.<\/p>\n<p>\u00b7 Mercanlar\u0131 \u00f6nceden var olan bir akvaryuma<br \/>\neklemek i\u00e7in ve ayr\u0131ca doku hasar\u0131 veya<br \/>\nbozulma belirtileri g\u00f6steren mercanlara fayda sa\u011flamak i\u00e7in form\u00fcle edilmi\u015ftir.<\/p>\n<p>\u00b7 Doku bozulmas\u0131n\u0131 durdurmak veya<br \/>\nba\u015flamas\u0131n\u0131 \u00f6nlemek i\u00e7in hasarl\u0131 mercan dokusu alanlar\u0131n\u0131 nazik\u00e7e okside eder.<\/p>\n<p>\u00b7 Patojenlerin hasarl\u0131 doku alanlar\u0131na<br \/>\nyerle\u015fmesini engeller.<\/p>\n<p>\u00b7 \u0130la\u00e7 de\u011fildir, antibiyotik veya a\u011f\u0131r<br \/>\nmetal i\u00e7ermez.<\/p>\n<p>\u00b7 Rakip \u00fcr\u00fcnlerden %50&#8217;nin \u00fczerinde<br \/>\ndaha g\u00fc\u00e7l\u00fc ve etkili form\u00fclasyon.<\/p>\n<p>&nbsp;<\/p>\n<p>Talimatlar ve Dozaj:<\/p>\n<p>\u00c7\u00f6zeltiyi haz\u0131rlamak i\u00e7in, temiz bir plastik veya cam kapta 4<br \/>\nLitre su ba\u015f\u0131na 1.0 ml (~20 damla)<br \/>\nMediCoral ekleyin, ard\u0131ndan mercan\u0131 tamamen dald\u0131r\u0131n:<\/p>\n<p>Sert Mercanlar i\u00e7in(SPS): 7 &#8211; 10 dakika;<\/p>\n<p>Uzun polipli Ta\u015f Mercanlar i\u00e7in (LPS): 6 &#8211; 9 dakika;<\/p>\n<p>Yumu\u015fak Mercanlar i\u00e7in<br \/>\n(SOFT) : 8 &#8211; 11 dakika;<\/p>\n<p>Zoanthid ve polyp t\u00fcrleri i\u00e7in: 5 &#8211; 8 dakika.<\/p>\n<p>Bitti\u011finde sol\u00fcsyonu<br \/>\nat\u0131n, ard\u0131ndan mercan\u0131 temiz akvaryum suyunda durulay\u0131n ve mercan\u0131 akvaryum<br \/>\nsistemine yerle\u015ftirin. \u0130\u015flem istenilen\/gerekti\u011fi kadar g\u00fcnl\u00fck olarak<br \/>\ntekrarlanabilir. Mercan suya bat\u0131r\u0131ld\u0131\u011f\u0131nda tahri\u015f belirtileri g\u00f6steriyorsa,<br \/>\nsol\u00fcsyondan \u00e7\u0131kar\u0131n; daha sonra mercan daha k\u0131sa s\u00fcre i\u00e7in \u00e7\u00f6zeltiye<br \/>\nyerle\u015ftirilebilir veya \u00e7\u00f6zeltinin g\u00fcc\u00fc seyreltilebilirsiniz.<\/p>\n<p>D\u0130KKAT: BALIK Ve<br \/>\nOMURGASIZLARDA KULLANILMAZ.<\/p>\n<p>Boyutlar : 30 ML<\/p>\n<p>Akvaryum katk\u0131lar\u0131 i\u00e7in, Akvaryum Merkezi olarak bizlere<br \/>\nba\u015fvurabilir, size en uygun ve kaliteli \u00fcr\u00fcnler i\u00e7in bilgi sahibi<br \/>\nolabilirsiniz.<\/p>\n<p>&nbsp;<\/p>\n<\/div>","protected":false},"excerpt":{"rendered":"<p>Brightwell &#8211; MediCoral Coral Dip &#8211; Mercan tedavi preperat\u0131 &#8211; 60 ml \u00dcr\u00fcn Ad\u0131:MediCoral S\u0131n\u0131f\u0131: Mercan\u00a0temizleme preperat\u0131 Mevcut Ebatlar: 30<\/p>","protected":false},"featured_media":13128,"comment_status":"closed","ping_status":"open","template":"","meta":[],"pwb-brand":[],"product_brand":[79],"product_cat":[156],"product_tag":[],"class_list":{"0":"post-12839","1":"product","2":"type-product","3":"status-publish","4":"has-post-thumbnail","6":"product_brand-brightwell","7":"product_cat-balik-ve-mercan-bakimi","9":"first","10":"outofstock","11":"purchasable","12":"product-type-simple"},"brands":[],"_links":{"self":[{"href":"https:\/\/aquabluebursa.com\/en\/wp-json\/wp\/v2\/product\/12839","targetHints":{"allow":["GET"]}}],"collection":[{"href":"https:\/\/aquabluebursa.com\/en\/wp-json\/wp\/v2\/product"}],"about":[{"href":"https:\/\/aquabluebursa.com\/en\/wp-json\/wp\/v2\/types\/product"}],"replies":[{"embeddable":true,"href":"https:\/\/aquabluebursa.com\/en\/wp-json\/wp\/v2\/comments?post=12839"}],"wp:featuredmedia":[{"embeddable":true,"href":"https:\/\/aquabluebursa.com\/en\/wp-json\/wp\/v2\/media\/13128"}],"wp:attachment":[{"href":"https:\/\/aquabluebursa.com\/en\/wp-json\/wp\/v2\/media?parent=12839"}],"wp:term":[{"taxonomy":"pwb-brand","embeddable":true,"href":"https:\/\/aquabluebursa.com\/en\/wp-json\/wp\/v2\/pwb-brand?post=12839"},{"taxonomy":"product_brand","embeddable":true,"href":"https:\/\/aquabluebursa.com\/en\/wp-json\/wp\/v2\/product_brand?post=12839"},{"taxonomy":"product_cat","embeddable":true,"href":"https:\/\/aquabluebursa.com\/en\/wp-json\/wp\/v2\/product_cat?post=12839"},{"taxonomy":"product_tag","embeddable":true,"href":"https:\/\/aquabluebursa.com\/en\/wp-json\/wp\/v2\/product_tag?post=12839"}],"curies":[{"name":"wp","href":"https:\/\/api.w.org\/{rel}","templated":true}]}}