{"id":12840,"date":"2026-03-13T20:24:38","date_gmt":"2026-03-13T20:24:38","guid":{"rendered":"https:\/\/aquabluebursa.com\/magaza\/kategorilenmemis\/brightwell-microbacterlattice-large-for-marine-reef-freshwater-aquariums-20-litre\/"},"modified":"2026-03-13T20:24:39","modified_gmt":"2026-03-13T20:24:39","slug":"brightwell-microbacterlattice-large-for-marine-reef-freshwater-aquariums-20-litre","status":"publish","type":"product","link":"https:\/\/aquabluebursa.com\/en\/magaza\/filtrasyon-malzemeleri\/brightwell-microbacterlattice-large-for-marine-reef-freshwater-aquariums-20-litre\/","title":{"rendered":"Brightwell &#8211; Micr\u014dBacterLATTICE Large for marine, reef &#038; freshwater aquariums &#8211; 20 Litre"},"content":{"rendered":"<div>\n<p>Micr\u014dBacterLATTICE Large for marine, reef &#038; freshwater aquariums &#8211; 20000 ml<\/p>\n<p>&nbsp;<\/p>\n<p>\u00dcr\u00fcn Ad\u0131:\u00a0Micr\u014dBacterLATTICE Large for marine, reef &#038; freshwater aquariums<\/p>\n<p>Mevcut Ebatlar: 1000 &#8211; 20000 ml<\/p>\n<p>&nbsp;<\/p>\n<p>\u2022Havuzlarda ve b\u00fcy\u00fck deniz veya tatl\u0131 su akvaryumlar\u0131nda kullan\u0131m i\u00e7in b\u00fcy\u00fck boy, y\u00fcksek g\u00f6zenekli filtreleme ortam\u0131.<\/p>\n<p>\u2022Etkili bakteri kolonizasyonu i\u00e7in b\u00fcy\u00fck miktarlarda aerobik ve anaerobik y\u00fczey alan\u0131 sa\u011flar.<\/p>\n<p>\u2022Ortam\u0131n litresi ba\u015f\u0131na 7.500 fit kareden (700 metrekare) fazla y\u00fczey alan\u0131 sa\u011flar.<\/p>\n<p>\u2022Uygun \u015fekilde kolonize edildi\u011finde ve belirtildi\u011fi \u015fekilde kullan\u0131ld\u0131\u011f\u0131nda, g\u00f6letlerde ve akvaryumlarda toksik amonyak, nitrit ve nitratlar\u0131 s\u0131f\u0131ra yak\u0131n de\u011ferlere indirecektir.<\/p>\n<p>\u2022Ayr\u0131ca fosfat\u0131 ve \u00e7\u00f6z\u00fcnm\u00fc\u015f organik maddeleri \u00f6nemli \u00f6l\u00e7\u00fcde azalt\u0131r.<\/p>\n<p>\u2022Akvaryum veya havuz i\u00e7in tek filtreleme ortam\u0131 olarak m\u00fckemmel \u00e7al\u0131\u015f\u0131r veya di\u011fer filtreleme ortamlar\u0131na ek olarak kullan\u0131labilir.<\/p>\n<p>\u2022Tropikal ve so\u011fuk su deniz sistemleri i\u00e7in iyi \u00e7al\u0131\u015f\u0131r. Yaln\u0131zca bal\u0131klarda, FOWLR ve resif sistemlerinde iyi \u00e7al\u0131\u015f\u0131r. Ayr\u0131ca birincil veya ek filtreleme sa\u011flamak i\u00e7in t\u00fcm tatl\u0131 su ve ac\u0131 su sistemlerinde iyi \u00e7al\u0131\u015f\u0131r.<\/p>\n<p>&nbsp;<\/p>\n<p>Talimatlar ve Dozaj<\/p>\n<p>38 Litre\u00a0 akvaryum hacmi i\u00e7in minimum 100 ml MicroBacterLATTICE kullan\u0131n , e\u011fer biyolojik y\u00fck fazla ise gerektiriyorsa daha fazla kullan\u0131labilir. Ro suyu veya akvaryum suyunda iyice durulay\u0131n. \u00dcr\u00fcn\u00fc plastik bir kovaya yerle\u015ftirerek bakteri \u00fcr\u00fcnlerinden akvaryum boyutunuz i\u00e7in \u00f6nerilen dozu ekleyin.\u00a0 \u00dcr\u00fcn\u00fc bu suda 24 saat bekleterek \u00f6nceden tohumlay\u0131n. , ara s\u0131ra hafif\u00e7e kar\u0131\u015ft\u0131rarak veya s\u0131v\u0131y\u0131 bo\u015faltarak\u00a0 yava\u015f\u00e7a kab\u0131n i\u00e7ine geri koyarak \u00e7alkalay\u0131n. Tohumlanm\u0131\u015f MicroBacter LATTICE filtrenize yerle\u015ftirin. Kirlenmeyi \u00f6nlemek i\u00e7in bir \u00f6n filtrasyon , s\u00fcnger veya elyaf gibi bir mekanik \u00f6n filtrasyon kullan\u0131lmas\u0131 tavsiye edilir. Maksimum sonu\u00e7lar i\u00e7in, ayr\u0131ca b\u00fcy\u00fcyen bakteriler i\u00e7in iyi bir karbon kayna\u011f\u0131 sa\u011flar.<\/p>\n<p>&nbsp;<\/p>\n<p>&nbsp;<\/p>\n<\/div>","protected":false},"excerpt":{"rendered":"<p>Micr\u014dBacterLATTICE Large for marine, reef &#038; freshwater aquariums &#8211; 20000 ml &nbsp; \u00dcr\u00fcn Ad\u0131:\u00a0Micr\u014dBacterLATTICE Large for marine, reef &#038; freshwater<\/p>","protected":false},"featured_media":13023,"comment_status":"closed","ping_status":"open","template":"","meta":[],"pwb-brand":[],"product_brand":[79],"product_cat":[161],"product_tag":[],"class_list":{"0":"post-12840","1":"product","2":"type-product","3":"status-publish","4":"has-post-thumbnail","6":"product_brand-brightwell","7":"product_cat-filtrasyon-malzemeleri","9":"first","10":"outofstock","11":"purchasable","12":"product-type-simple"},"brands":[],"_links":{"self":[{"href":"https:\/\/aquabluebursa.com\/en\/wp-json\/wp\/v2\/product\/12840","targetHints":{"allow":["GET"]}}],"collection":[{"href":"https:\/\/aquabluebursa.com\/en\/wp-json\/wp\/v2\/product"}],"about":[{"href":"https:\/\/aquabluebursa.com\/en\/wp-json\/wp\/v2\/types\/product"}],"replies":[{"embeddable":true,"href":"https:\/\/aquabluebursa.com\/en\/wp-json\/wp\/v2\/comments?post=12840"}],"wp:featuredmedia":[{"embeddable":true,"href":"https:\/\/aquabluebursa.com\/en\/wp-json\/wp\/v2\/media\/13023"}],"wp:attachment":[{"href":"https:\/\/aquabluebursa.com\/en\/wp-json\/wp\/v2\/media?parent=12840"}],"wp:term":[{"taxonomy":"pwb-brand","embeddable":true,"href":"https:\/\/aquabluebursa.com\/en\/wp-json\/wp\/v2\/pwb-brand?post=12840"},{"taxonomy":"product_brand","embeddable":true,"href":"https:\/\/aquabluebursa.com\/en\/wp-json\/wp\/v2\/product_brand?post=12840"},{"taxonomy":"product_cat","embeddable":true,"href":"https:\/\/aquabluebursa.com\/en\/wp-json\/wp\/v2\/product_cat?post=12840"},{"taxonomy":"product_tag","embeddable":true,"href":"https:\/\/aquabluebursa.com\/en\/wp-json\/wp\/v2\/product_tag?post=12840"}],"curies":[{"name":"wp","href":"https:\/\/api.w.org\/{rel}","templated":true}]}}