{"id":12844,"date":"2026-03-13T20:24:43","date_gmt":"2026-03-13T20:24:43","guid":{"rendered":"https:\/\/aquabluebursa.com\/magaza\/kategorilenmemis\/brightwell-neonitro-5x-professional-strength-500ml\/"},"modified":"2026-03-13T20:24:44","modified_gmt":"2026-03-13T20:24:44","slug":"brightwell-neonitro-5x-professional-strength-500ml","status":"publish","type":"product","link":"https:\/\/aquabluebursa.com\/en\/magaza\/katkilar\/brightwell-neonitro-5x-professional-strength-500ml\/","title":{"rendered":"Brightwell &#8211; NeoNitro 5X &#8211; PROFESSIONAL STRENGTH 500ml"},"content":{"rendered":"<div>Brightwell &#8211; NeoNitro 5X &#8211; PROFESSIONAL STRENGTH Azot Bile\u015fi\u011fi &#8211;\u00a0 500 ml<\/div>\n<div><\/div>\n<div>\n<p>\u00dcr\u00fcn Ad\u0131: NeoNitro 5X &#8211; PROFESSIONAL STRENGTH<\/p>\n<p>S\u0131n\u0131f\u0131: Azot bile\u015fi\u011fi<\/p>\n<p>Mevcut Ebatlar: 500 ML<\/p>\n<p>Genel Bak\u0131\u015f:<\/p>\n<p>Profesyonel g\u00fc\u00e7te Azot kayna\u011f\u0131; NeoNitro&#8217;dan 5 kat daha g\u00fc\u00e7l\u00fc<\/p>\n<p>Kimyasal filtrasyon ortam\u0131 ve kirlilik kullanmadan fosfat konsantrasyonunu d\u00fc\u015f\u00fcr\u00fcr<\/p>\n<p>Sakinlerin sa\u011fl\u0131\u011f\u0131n\u0131 ve renklenmesini iyile\u015ftirmek i\u00e7in MicroBacter7, Reef BioFuel, NeoPhos veya Katalyst ile birlikte kullan\u0131labilir<\/p>\n<p>Sadece profesyonel kullan\u0131m i\u00e7in \u00f6nerilir<\/p>\n<p>&nbsp;<\/p>\n<\/div>","protected":false},"excerpt":{"rendered":"<p>Brightwell &#8211; NeoNitro 5X &#8211; PROFESSIONAL STRENGTH Azot Bile\u015fi\u011fi &#8211;\u00a0 500 ml \u00dcr\u00fcn Ad\u0131: NeoNitro 5X &#8211; PROFESSIONAL STRENGTH S\u0131n\u0131f\u0131:<\/p>","protected":false},"featured_media":13408,"comment_status":"closed","ping_status":"open","template":"","meta":[],"pwb-brand":[],"product_brand":[79],"product_cat":[157],"product_tag":[],"class_list":{"0":"post-12844","1":"product","2":"type-product","3":"status-publish","4":"has-post-thumbnail","6":"product_brand-brightwell","7":"product_cat-katkilar","9":"first","10":"outofstock","11":"purchasable","12":"product-type-simple"},"brands":[],"_links":{"self":[{"href":"https:\/\/aquabluebursa.com\/en\/wp-json\/wp\/v2\/product\/12844","targetHints":{"allow":["GET"]}}],"collection":[{"href":"https:\/\/aquabluebursa.com\/en\/wp-json\/wp\/v2\/product"}],"about":[{"href":"https:\/\/aquabluebursa.com\/en\/wp-json\/wp\/v2\/types\/product"}],"replies":[{"embeddable":true,"href":"https:\/\/aquabluebursa.com\/en\/wp-json\/wp\/v2\/comments?post=12844"}],"wp:featuredmedia":[{"embeddable":true,"href":"https:\/\/aquabluebursa.com\/en\/wp-json\/wp\/v2\/media\/13408"}],"wp:attachment":[{"href":"https:\/\/aquabluebursa.com\/en\/wp-json\/wp\/v2\/media?parent=12844"}],"wp:term":[{"taxonomy":"pwb-brand","embeddable":true,"href":"https:\/\/aquabluebursa.com\/en\/wp-json\/wp\/v2\/pwb-brand?post=12844"},{"taxonomy":"product_brand","embeddable":true,"href":"https:\/\/aquabluebursa.com\/en\/wp-json\/wp\/v2\/product_brand?post=12844"},{"taxonomy":"product_cat","embeddable":true,"href":"https:\/\/aquabluebursa.com\/en\/wp-json\/wp\/v2\/product_cat?post=12844"},{"taxonomy":"product_tag","embeddable":true,"href":"https:\/\/aquabluebursa.com\/en\/wp-json\/wp\/v2\/product_tag?post=12844"}],"curies":[{"name":"wp","href":"https:\/\/api.w.org\/{rel}","templated":true}]}}