{"id":12846,"date":"2026-03-13T20:24:46","date_gmt":"2026-03-13T20:24:46","guid":{"rendered":"https:\/\/aquabluebursa.com\/magaza\/kategorilenmemis\/brightwell-neophos-5x-professional-strength-500ml\/"},"modified":"2026-03-13T20:24:47","modified_gmt":"2026-03-13T20:24:47","slug":"brightwell-neophos-5x-professional-strength-500ml","status":"publish","type":"product","link":"https:\/\/aquabluebursa.com\/en\/magaza\/katkilar\/brightwell-neophos-5x-professional-strength-500ml\/","title":{"rendered":"Brightwell &#8211; NeoPhos 5X &#8211; PROFESSIONAL STRENGTH &#8211; 500ml"},"content":{"rendered":"<div>NeoPhos 5X &#8211; PROFESSIONAL STRENGTH &#8211; Balanced Phosphorus Supplement for Ultra-Low Nutrient Reef Aquarium Systems &#8211; Fosfor Bile\u015fi\u011fi &#8211; 500 ml<\/div>\n<div><\/div>\n<div>\n<p>\u00dcr\u00fcn Ad\u0131: NEOPHOS 5X<\/p>\n<p>S\u0131n\u0131f\u0131: Fosfor bile\u015fi\u011fi<\/p>\n<p>Mevcut Ebatlar: 500 ML.<\/p>\n<p>&nbsp;<\/p>\n<p>\u00dcr\u00fcn Bilgisi:<\/p>\n<p>Ultra d\u00fc\u015f\u00fck besinli resif akvaryum sistemleri i\u00e7in fosfor takviyesi;<\/p>\n<p>NeoPhos&#8217;tan 5 kat daha g\u00fc\u00e7l\u00fc.<\/p>\n<p>D\u00fc\u015f\u00fck besinli resif akvaryumlar\u0131n\u0131 korumak i\u00e7in ileri d\u00fczey resif akvaristleri i\u00e7in \u00f6nerilir.<\/p>\n<p>MicroBacter7 Reef BioFuel NeoNitro veya Katalyst ile birlikte kullan\u0131larak sakinlerin sa\u011fl\u0131k ve renklenmesi iyile\u015ftirilebilir.<\/p>\n<p>Kimyasal filtrasyon ortam\u0131 ve kirlilik kullan\u0131lmadan amonyak nitrit ve nitrat konsantrasyonlar\u0131n\u0131 d\u00fc\u015f\u00fcr\u00fcr.<\/p>\n<\/div>","protected":false},"excerpt":{"rendered":"<p>NeoPhos 5X &#8211; PROFESSIONAL STRENGTH &#8211; Balanced Phosphorus Supplement for Ultra-Low Nutrient Reef Aquarium Systems &#8211; Fosfor Bile\u015fi\u011fi &#8211; 500<\/p>","protected":false},"featured_media":13410,"comment_status":"closed","ping_status":"open","template":"","meta":[],"pwb-brand":[],"product_brand":[79],"product_cat":[157],"product_tag":[],"class_list":{"0":"post-12846","1":"product","2":"type-product","3":"status-publish","4":"has-post-thumbnail","6":"product_brand-brightwell","7":"product_cat-katkilar","9":"first","10":"outofstock","11":"purchasable","12":"product-type-simple"},"brands":[],"_links":{"self":[{"href":"https:\/\/aquabluebursa.com\/en\/wp-json\/wp\/v2\/product\/12846","targetHints":{"allow":["GET"]}}],"collection":[{"href":"https:\/\/aquabluebursa.com\/en\/wp-json\/wp\/v2\/product"}],"about":[{"href":"https:\/\/aquabluebursa.com\/en\/wp-json\/wp\/v2\/types\/product"}],"replies":[{"embeddable":true,"href":"https:\/\/aquabluebursa.com\/en\/wp-json\/wp\/v2\/comments?post=12846"}],"wp:featuredmedia":[{"embeddable":true,"href":"https:\/\/aquabluebursa.com\/en\/wp-json\/wp\/v2\/media\/13410"}],"wp:attachment":[{"href":"https:\/\/aquabluebursa.com\/en\/wp-json\/wp\/v2\/media?parent=12846"}],"wp:term":[{"taxonomy":"pwb-brand","embeddable":true,"href":"https:\/\/aquabluebursa.com\/en\/wp-json\/wp\/v2\/pwb-brand?post=12846"},{"taxonomy":"product_brand","embeddable":true,"href":"https:\/\/aquabluebursa.com\/en\/wp-json\/wp\/v2\/product_brand?post=12846"},{"taxonomy":"product_cat","embeddable":true,"href":"https:\/\/aquabluebursa.com\/en\/wp-json\/wp\/v2\/product_cat?post=12846"},{"taxonomy":"product_tag","embeddable":true,"href":"https:\/\/aquabluebursa.com\/en\/wp-json\/wp\/v2\/product_tag?post=12846"}],"curies":[{"name":"wp","href":"https:\/\/api.w.org\/{rel}","templated":true}]}}