{"id":12847,"date":"2026-03-13T20:24:46","date_gmt":"2026-03-13T20:24:46","guid":{"rendered":"https:\/\/aquabluebursa.com\/magaza\/kategorilenmemis\/brightwell-spongexcel-60-ml\/"},"modified":"2026-03-13T20:24:47","modified_gmt":"2026-03-13T20:24:47","slug":"brightwell-spongexcel-60-ml","status":"publish","type":"product","link":"https:\/\/aquabluebursa.com\/en\/magaza\/balik-ve-mercan-besinleri\/brightwell-spongexcel-60-ml\/","title":{"rendered":"Brightwell &#8211; SpongExcel &#8211; 60 ml"},"content":{"rendered":"<p>Brightwell &#8211; SpongExcel &#8211; 60 ml<\/p>\n<p>Mevcut Ebatlar: 60 ml<\/p>\n<p>Genel Bak\u0131\u015f:<\/p>\n<p>S\u00fcngerlerin ve gastropodlar\u0131n b\u00fcy\u00fcme oranlar\u0131n\u0131 art\u0131rmak i\u00e7in iyonik silika \u00e7\u00f6zeltisi.<\/p>\n<p>Galon suya 1 damla, iyonik silika konsantrasyonunu ~0,20 ppm art\u0131r\u0131r.<\/p>\n<p>Bu organizmalar taraf\u0131ndan do\u011fal gizli organik madde al\u0131m oran\u0131n\u0131 art\u0131rarak su kalitesini iyile\u015ftirmek i\u00e7in s\u00fcngerlerle dolu silika s\u0131n\u0131rl\u0131 sistemlerde kullan\u0131labilir.<\/p>\n<p>Deniz melek bal\u0131klar\u0131, kelebek bal\u0131klar\u0131 ve bunlar\u0131n m\u00fcttefikleri gibi s\u00fcngerci bal\u0131klar\u0131n ya\u015fad\u0131\u011f\u0131 deniz sistemlerinde s\u00fcnger b\u00fcy\u00fcme oran\u0131n\u0131 art\u0131rmak i\u00e7in kullan\u0131labilir ve bu sayede do\u011fal<br \/>\nbesinlerine daha fazla eri\u015fim sa\u011flanabilir.<\/p>\n<p>Bir deniz bilimci taraf\u0131ndan form\u00fcle edilmi\u015ftir.<\/p>","protected":false},"excerpt":{"rendered":"<p>Brightwell &#8211; SpongExcel &#8211; 60 ml Mevcut Ebatlar: 60 ml Genel Bak\u0131\u015f: S\u00fcngerlerin ve gastropodlar\u0131n b\u00fcy\u00fcme oranlar\u0131n\u0131 art\u0131rmak i\u00e7in iyonik<\/p>","protected":false},"featured_media":13411,"comment_status":"closed","ping_status":"open","template":"","meta":[],"pwb-brand":[],"product_brand":[79],"product_cat":[160],"product_tag":[],"class_list":{"0":"post-12847","1":"product","2":"type-product","3":"status-publish","4":"has-post-thumbnail","6":"product_brand-brightwell","7":"product_cat-balik-ve-mercan-besinleri","9":"first","10":"instock","11":"purchasable","12":"product-type-simple"},"brands":[],"_links":{"self":[{"href":"https:\/\/aquabluebursa.com\/en\/wp-json\/wp\/v2\/product\/12847","targetHints":{"allow":["GET"]}}],"collection":[{"href":"https:\/\/aquabluebursa.com\/en\/wp-json\/wp\/v2\/product"}],"about":[{"href":"https:\/\/aquabluebursa.com\/en\/wp-json\/wp\/v2\/types\/product"}],"replies":[{"embeddable":true,"href":"https:\/\/aquabluebursa.com\/en\/wp-json\/wp\/v2\/comments?post=12847"}],"wp:featuredmedia":[{"embeddable":true,"href":"https:\/\/aquabluebursa.com\/en\/wp-json\/wp\/v2\/media\/13411"}],"wp:attachment":[{"href":"https:\/\/aquabluebursa.com\/en\/wp-json\/wp\/v2\/media?parent=12847"}],"wp:term":[{"taxonomy":"pwb-brand","embeddable":true,"href":"https:\/\/aquabluebursa.com\/en\/wp-json\/wp\/v2\/pwb-brand?post=12847"},{"taxonomy":"product_brand","embeddable":true,"href":"https:\/\/aquabluebursa.com\/en\/wp-json\/wp\/v2\/product_brand?post=12847"},{"taxonomy":"product_cat","embeddable":true,"href":"https:\/\/aquabluebursa.com\/en\/wp-json\/wp\/v2\/product_cat?post=12847"},{"taxonomy":"product_tag","embeddable":true,"href":"https:\/\/aquabluebursa.com\/en\/wp-json\/wp\/v2\/product_tag?post=12847"}],"curies":[{"name":"wp","href":"https:\/\/api.w.org\/{rel}","templated":true}]}}