{"id":12848,"date":"2026-03-13T20:24:50","date_gmt":"2026-03-13T20:24:50","guid":{"rendered":"https:\/\/aquabluebursa.com\/magaza\/kategorilenmemis\/brightwell-defension-m-250-ml\/"},"modified":"2026-03-13T20:24:50","modified_gmt":"2026-03-13T20:24:50","slug":"brightwell-defension-m-250-ml","status":"publish","type":"product","link":"https:\/\/aquabluebursa.com\/en\/magaza\/balik-ve-mercan-bakimi\/brightwell-defension-m-250-ml\/","title":{"rendered":"Brightwell &#8211; Defension M 250 ml"},"content":{"rendered":"<div>Brightwell &#8211; Defension M &#8211; 250 ml<\/div>\n<div><\/div>\n<div>\n<p>S\u0131n\u0131f\u0131: Deniz bal\u0131klar\u0131 i\u00e7in Slime Coat Stres Koruyucu<\/p>\n<p>Mevcut Ebatlar: 250 &#8211; 500 ML<\/p>\n<p>&nbsp;<\/p>\n<p>\u00dcr\u00fcn Bilgisi:<\/p>\n<p>Deniz bal\u0131klar\u0131 i\u00e7in Slime Coat Stres Koruyucu, sakinle\u015fmeyi ve iyile\u015fmeyi destekler.<\/p>\n<p>Geli\u015fmi\u015f stres koruyucu kaplama; bal\u0131klar\u0131n slime k\u00fcrk\u00fcn\u00fc geri kazand\u0131r\u0131r.<\/p>\n<p>\u0130yile\u015fmeye ve sakinle\u015fmeye yard\u0131mc\u0131 olur, stresi azalt\u0131r<\/p>\n<p>Torbalama ve ta\u015f\u0131ma i\u00e7in koruyucu<\/p>\n<p>T\u00fcm canl\u0131 mercanlar, deniz omurgas\u0131zlar\u0131 ve bal\u0131klar i\u00e7in g\u00fcvenli kullan\u0131m<\/p>\n<p>&nbsp;<\/p>\n<\/div>","protected":false},"excerpt":{"rendered":"<p>Brightwell &#8211; Defension M &#8211; 250 ml S\u0131n\u0131f\u0131: Deniz bal\u0131klar\u0131 i\u00e7in Slime Coat Stres Koruyucu Mevcut Ebatlar: 250 &#8211; 500<\/p>","protected":false},"featured_media":13412,"comment_status":"closed","ping_status":"open","template":"","meta":[],"pwb-brand":[],"product_brand":[79],"product_cat":[156],"product_tag":[],"class_list":{"0":"post-12848","1":"product","2":"type-product","3":"status-publish","4":"has-post-thumbnail","6":"product_brand-brightwell","7":"product_cat-balik-ve-mercan-bakimi","9":"first","10":"instock","11":"purchasable","12":"product-type-simple"},"brands":[],"_links":{"self":[{"href":"https:\/\/aquabluebursa.com\/en\/wp-json\/wp\/v2\/product\/12848","targetHints":{"allow":["GET"]}}],"collection":[{"href":"https:\/\/aquabluebursa.com\/en\/wp-json\/wp\/v2\/product"}],"about":[{"href":"https:\/\/aquabluebursa.com\/en\/wp-json\/wp\/v2\/types\/product"}],"replies":[{"embeddable":true,"href":"https:\/\/aquabluebursa.com\/en\/wp-json\/wp\/v2\/comments?post=12848"}],"wp:featuredmedia":[{"embeddable":true,"href":"https:\/\/aquabluebursa.com\/en\/wp-json\/wp\/v2\/media\/13412"}],"wp:attachment":[{"href":"https:\/\/aquabluebursa.com\/en\/wp-json\/wp\/v2\/media?parent=12848"}],"wp:term":[{"taxonomy":"pwb-brand","embeddable":true,"href":"https:\/\/aquabluebursa.com\/en\/wp-json\/wp\/v2\/pwb-brand?post=12848"},{"taxonomy":"product_brand","embeddable":true,"href":"https:\/\/aquabluebursa.com\/en\/wp-json\/wp\/v2\/product_brand?post=12848"},{"taxonomy":"product_cat","embeddable":true,"href":"https:\/\/aquabluebursa.com\/en\/wp-json\/wp\/v2\/product_cat?post=12848"},{"taxonomy":"product_tag","embeddable":true,"href":"https:\/\/aquabluebursa.com\/en\/wp-json\/wp\/v2\/product_tag?post=12848"}],"curies":[{"name":"wp","href":"https:\/\/api.w.org\/{rel}","templated":true}]}}