{"id":12850,"date":"2026-03-13T20:24:50","date_gmt":"2026-03-13T20:24:50","guid":{"rendered":"https:\/\/aquabluebursa.com\/magaza\/kategorilenmemis\/brightwell-potassion-p-powdered-potassium-600-gr\/"},"modified":"2026-03-13T20:24:50","modified_gmt":"2026-03-13T20:24:50","slug":"brightwell-potassion-p-powdered-potassium-600-gr","status":"publish","type":"product","link":"https:\/\/aquabluebursa.com\/en\/magaza\/katkilar\/brightwell-potassion-p-powdered-potassium-600-gr\/","title":{"rendered":"Brightwell &#8211; Potassion-P &#8211; Powdered Potassium 600 gr"},"content":{"rendered":"<div>Brightwell &#8211; Potassion-P\u00a0 600 gr<\/div>\n<div><\/div>\n<div>\n<p>\u00dcr\u00fcn Ad\u0131: Potassion-P<\/p>\n<p>S\u0131n\u0131f\u0131: Toz Potasyum y\u00fckseltici<\/p>\n<p>Mevcut Ebatlar: 600 gr<\/p>\n<\/div>\n<p>Genel Bak\u0131\u015f:<\/p>\n<p>\u2022 Mercanlar ve di\u011fer resif olu\u015fturan deniz canl\u0131lar\u0131 taraf\u0131ndan iskelet malzemesi olarak salg\u0131lanan mineral olan aragonitin \u00f6nemli bir bile\u015feni olan y\u00fcksek safl\u0131kta toz potasyum kar\u0131\u015f\u0131m\u0131, baz\u0131 k\u00fc\u00e7\u00fck polipli ta\u015f mercanlar\u0131n mavi rengini art\u0131ran pigmentlere d\u00f6n\u00fc\u015ft\u00fcr\u00fclm\u00fc\u015ft\u00fcr, n\u00f6rolojik fonksiyon i\u00e7in \u00f6nemlidir ve deniz akvaryumlar\u0131nda hayvanlar taraf\u0131ndan t\u00fcketilir.<\/p>\n<p>\u2022 Ultra d\u00fc\u015f\u00fck besinli akvaryumlar\u0131 korumak i\u00e7in kullan\u0131lan zeolit \u200b\u200bbazl\u0131 filtrasyon y\u00f6ntemlerinin kullan\u0131m\u0131na s\u0131kl\u0131kla e\u015flik eden potasyum t\u00fckenmesiyle m\u00fccadele etmek i\u00e7in kullan\u0131labilir.<\/p>\n<p>\u2022 S\u0131v\u0131 potasyum \u00e7\u00f6zeltilerinden \u00f6nemli \u00f6l\u00e7\u00fcde daha g\u00fc\u00e7l\u00fc ve daha ekonomiktir; birden fazla resif akvaryumu besleyen hobiciler i\u00e7in yarat\u0131lm\u0131\u015ft\u0131r.<\/p>\n<p>\u2022 Bir deniz bilimci taraf\u0131ndan form\u00fcle edilmi\u015ftir.<\/p>\n<p>&nbsp;<\/p>\n<p>Teknik Bilgiler:<\/p>\n<p>Do\u011fal deniz suyunda potasyum, kalsiyumdan biraz daha d\u00fc\u015f\u00fck bir konsantrasyona sahip (s\u0131ras\u0131yla ~399 ppm&#8217;ye kar\u015f\u0131 ~413 ppm) muhafazakar olmayan bir ana elementtir. Aragonitin bir bile\u015fenidir ve d\u00fczenli dozajlaman\u0131n, son birka\u00e7 y\u0131ld\u0131r, \u00e7ok say\u0131da k\u00fc\u00e7\u00fck polipli ta\u015f mercan\u0131n mavi rengini iyile\u015ftirmede rol oynad\u0131\u011f\u0131 g\u00f6sterilmi\u015ftir; potasyum takviyesinin faydalar\u0131 potansiyel olarak iki y\u00f6nl\u00fcd\u00fcr, o zaman: 1.) b\u00fcy\u00fcme amac\u0131yla mercanlar\u0131n ve di\u011fer resif olu\u015fturan organizmalar\u0131n iskelet malzemesine dahil edilen ve 2.) k\u00fc\u00e7\u00fck polipli ta\u015f mercanlar\u0131n mavi rengini art\u0131ran (muhtemelen yeterli iyonik demir varl\u0131\u011f\u0131nda) pigmentlere dahil edilen bir elementin sa\u011flanmas\u0131. Potasyumun deniz organizmalar\u0131 i\u00e7in \u00f6nemi, potasyum konsantrasyonlar\u0131 t\u00fckenmi\u015f akvaryumlarda ve\/veya kullan\u0131lan deniz tuzu kar\u0131\u015f\u0131m\u0131n\u0131n potasyum eksikli\u011fi oldu\u011fu durumlarda dozlamaya ba\u015fland\u0131\u011f\u0131nda en belirgin hale gelir; bu gibi durumlarda, bir\u00e7ok mercan\u0131n g\u00f6r\u00fcn\u00fcm\u00fcndeki de\u011fi\u015fiklikler d\u00fczenli dozajlaman\u0131n ilk haftalar\u0131nda g\u00f6zlemlenebilir. Potasyumun 390 &#8211; 410 ppm aral\u0131\u011f\u0131nda tutulmas\u0131, di\u011fer t\u00fcm fiziksel ve kimyasal gereksinimler kar\u015f\u0131land\u0131\u011f\u0131nda mercanlar\u0131n uzun vadeli sa\u011fl\u0131\u011f\u0131, b\u00fcy\u00fcmesi ve renklenmesi i\u00e7in yeterlidir. Akvaryumdaki potasyum konsantrasyonunun, takviyeden \u00f6nce do\u011fru bir test kiti kullan\u0131larak belirlenmesi \u00f6nerilir. Bu \u00fcr\u00fcn\u00fc, talimatlara g\u00f6re suda seyreltmeden do\u011frudan canl\u0131 hayvanlar\u0131n bulundu\u011fu bir akvaryuma eklemeyin.<\/p>\n<p>&nbsp;<\/p>\n<p>Talimatlar ve Y\u00f6nergeler<\/p>\n<div>\n<p>Temel: 20 ABD galonu akvaryum suyu ba\u015f\u0131na 2 gram (~\u00bd \u00e7ay ka\u015f\u0131\u011f\u0131) \u00fcr\u00fcn\u00fc 8 fl. oz. tatl\u0131 suda eritin; potasyum konsantrasyonunu 390 &#8211; 410 ppm aral\u0131\u011f\u0131nda tutmak i\u00e7in her iki g\u00fcnde bir veya gerekti\u011fi kadar ekleyin. Bu \u015fekilde kullan\u0131ld\u0131\u011f\u0131nda, 1.200 g 12.000 ABD galonuna (45.425 L) kadar ar\u0131t\u0131r.<\/p>\n<p>Geli\u015fmi\u015f: 5 gram (~2 \u00e7ay ka\u015f\u0131\u011f\u0131) Potasyum-P&#8217;yi 8 fl. oz. tatl\u0131 suda (tercihen ar\u0131t\u0131lm\u0131\u015f) eriterek bir stok sol\u00fcsyonu olu\u015fturun; sol\u00fcsyonun her ml&#8217;si 1 ABD galonu (3.785 L) sudaki potasyum konsantrasyonunu (&#8220;[K+]&#8221;) 1.7 ppm art\u0131racakt\u0131r. [Referans: Her bir g Potasyum-P, 1 ABD galonu (3,785 L) sudaki [K+] de\u011ferini ~129 ppm art\u0131racakt\u0131r.] Akvaryumdaki ilk [K+] de\u011feri 399 ppm&#8217;nin alt\u0131ndaysa, istenen konsantrasyona ula\u015f\u0131lana kadar g\u00fcnl\u00fck 20 ABD galonu ba\u015f\u0131na maksimum 10 ml oran\u0131nda stok sol\u00fcsyonu ekleyin, ard\u0131ndan gerekti\u011fi gibi g\u00fcnl\u00fck veya haftal\u0131k doz verin (a\u015fa\u011f\u0131ya bak\u0131n). [K+] de\u011ferini +\/-10 ppm aral\u0131\u011f\u0131nda tutun. \u0130stenen [K+] elde edildikten sonra, g\u00fcnl\u00fck potasyum al\u0131m oran\u0131n\u0131 (yani potasyumdaki azalmay\u0131) belirlemek i\u00e7in bir ila iki haftal\u0131k bir s\u00fcre boyunca her g\u00fcn ayn\u0131 saatte akvaryumun [K+] de\u011ferini \u00f6l\u00e7\u00fcn. G\u00fcnl\u00fck doz oran\u0131n\u0131 belirlemek i\u00e7in (haftal\u0131k dozdan daha iyi): t\u00fcm akvaryum sistemindeki su hacmini tahmin edin (ABD galonu); [K+] de\u011ferindeki g\u00fcnl\u00fck azalmay\u0131 1,7&#8217;ye b\u00f6l\u00fcn; bu say\u0131y\u0131 sistemdeki su hacmiyle \u00e7arparak sabit [K+] de\u011ferini korumak i\u00e7in gereken g\u00fcnl\u00fck stok sol\u00fcsyonu ml&#8217;sini elde edin.<\/p>\n<p>Dikkat: \u00c7ocuklar\u0131n ula\u015famayaca\u011f\u0131 yerde saklay\u0131n\u0131z. \u0130nsan t\u00fcketimi i\u00e7in uygun de\u011fildir.<\/p>\n<\/div>\n<p>&nbsp;<\/p>\n<p>Garantili Analiz<\/p>\n<p>Potasyum (min &#8211; maks) %49 (490.000 ppm)<\/p>\n<p>\u0130\u00e7indekiler<br \/>\nPotasyum klor\u00fcr (susuz), Potasyum s\u00fclfat (susuz)<\/p>","protected":false},"excerpt":{"rendered":"<p>Brightwell &#8211; Potassion-P\u00a0 600 gr \u00dcr\u00fcn Ad\u0131: Potassion-P S\u0131n\u0131f\u0131: Toz Potasyum y\u00fckseltici Mevcut Ebatlar: 600 gr Genel Bak\u0131\u015f: \u2022 Mercanlar<\/p>","protected":false},"featured_media":13413,"comment_status":"closed","ping_status":"open","template":"","meta":[],"pwb-brand":[],"product_brand":[79],"product_cat":[157],"product_tag":[],"class_list":{"0":"post-12850","1":"product","2":"type-product","3":"status-publish","4":"has-post-thumbnail","6":"product_brand-brightwell","7":"product_cat-katkilar","9":"first","10":"instock","11":"purchasable","12":"product-type-simple"},"brands":[],"_links":{"self":[{"href":"https:\/\/aquabluebursa.com\/en\/wp-json\/wp\/v2\/product\/12850","targetHints":{"allow":["GET"]}}],"collection":[{"href":"https:\/\/aquabluebursa.com\/en\/wp-json\/wp\/v2\/product"}],"about":[{"href":"https:\/\/aquabluebursa.com\/en\/wp-json\/wp\/v2\/types\/product"}],"replies":[{"embeddable":true,"href":"https:\/\/aquabluebursa.com\/en\/wp-json\/wp\/v2\/comments?post=12850"}],"wp:featuredmedia":[{"embeddable":true,"href":"https:\/\/aquabluebursa.com\/en\/wp-json\/wp\/v2\/media\/13413"}],"wp:attachment":[{"href":"https:\/\/aquabluebursa.com\/en\/wp-json\/wp\/v2\/media?parent=12850"}],"wp:term":[{"taxonomy":"pwb-brand","embeddable":true,"href":"https:\/\/aquabluebursa.com\/en\/wp-json\/wp\/v2\/pwb-brand?post=12850"},{"taxonomy":"product_brand","embeddable":true,"href":"https:\/\/aquabluebursa.com\/en\/wp-json\/wp\/v2\/product_brand?post=12850"},{"taxonomy":"product_cat","embeddable":true,"href":"https:\/\/aquabluebursa.com\/en\/wp-json\/wp\/v2\/product_cat?post=12850"},{"taxonomy":"product_tag","embeddable":true,"href":"https:\/\/aquabluebursa.com\/en\/wp-json\/wp\/v2\/product_tag?post=12850"}],"curies":[{"name":"wp","href":"https:\/\/api.w.org\/{rel}","templated":true}]}}