{"id":12851,"date":"2026-03-13T20:24:53","date_gmt":"2026-03-13T20:24:53","guid":{"rendered":"https:\/\/aquabluebursa.com\/magaza\/kategorilenmemis\/brightwell-florin-gro-500-ml\/"},"modified":"2026-03-13T20:24:54","modified_gmt":"2026-03-13T20:24:54","slug":"brightwell-florin-gro-500-ml","status":"publish","type":"product","link":"https:\/\/aquabluebursa.com\/en\/magaza\/tatli-su-ve-bitki\/brightwell-florin-gro-500-ml\/","title":{"rendered":"Brightwell &#8211; Florin Gro &#8211; 500 ml"},"content":{"rendered":"<p>Brightwell &#8211; Florin Gro &#8211; 125 &#8211; 500 ml<\/p>\n<p>&nbsp;<\/p>\n<p>\u00dcr\u00fcn Ad\u0131: Florin Gro<\/p>\n<p>Mevcut Ebatlar: 125 ML<\/p>\n<p>&nbsp;<\/p>\n<p>. Concentrated source of nitrogen, one of the most important plant nutrients, required for growth and long-term health, and utilized primarily in the production of nucleic acids and proteins, accounting for up to 2% of plant tissue dry weight.<\/p>\n<p>. Nitrogen is present as nitrate, a form appropriate for use in aquaria (ammonium can revert to toxic ammonia in aquaria with pH over 7.0; urea is a source of ammonia).<\/p>\n<p>. Contains Kelp extract, which provides natural phytohormones found to encourage growth and flowering.<\/p>\n<p>. Formulated utilizing extensive research on aquatic plant nutrient requirements.<\/p>\n<p>&nbsp;<\/p>\n<p>&nbsp;<\/p>","protected":false},"excerpt":{"rendered":"<p>Brightwell &#8211; Florin Gro &#8211; 125 &#8211; 500 ml &nbsp; \u00dcr\u00fcn Ad\u0131: Florin Gro Mevcut Ebatlar: 125 ML &nbsp; .<\/p>","protected":false},"featured_media":13399,"comment_status":"closed","ping_status":"open","template":"","meta":[],"pwb-brand":[],"product_brand":[79],"product_cat":[159],"product_tag":[],"class_list":{"0":"post-12851","1":"product","2":"type-product","3":"status-publish","4":"has-post-thumbnail","6":"product_brand-brightwell","7":"product_cat-tatli-su-ve-bitki","9":"first","10":"instock","11":"purchasable","12":"product-type-simple"},"brands":[],"_links":{"self":[{"href":"https:\/\/aquabluebursa.com\/en\/wp-json\/wp\/v2\/product\/12851","targetHints":{"allow":["GET"]}}],"collection":[{"href":"https:\/\/aquabluebursa.com\/en\/wp-json\/wp\/v2\/product"}],"about":[{"href":"https:\/\/aquabluebursa.com\/en\/wp-json\/wp\/v2\/types\/product"}],"replies":[{"embeddable":true,"href":"https:\/\/aquabluebursa.com\/en\/wp-json\/wp\/v2\/comments?post=12851"}],"wp:featuredmedia":[{"embeddable":true,"href":"https:\/\/aquabluebursa.com\/en\/wp-json\/wp\/v2\/media\/13399"}],"wp:attachment":[{"href":"https:\/\/aquabluebursa.com\/en\/wp-json\/wp\/v2\/media?parent=12851"}],"wp:term":[{"taxonomy":"pwb-brand","embeddable":true,"href":"https:\/\/aquabluebursa.com\/en\/wp-json\/wp\/v2\/pwb-brand?post=12851"},{"taxonomy":"product_brand","embeddable":true,"href":"https:\/\/aquabluebursa.com\/en\/wp-json\/wp\/v2\/product_brand?post=12851"},{"taxonomy":"product_cat","embeddable":true,"href":"https:\/\/aquabluebursa.com\/en\/wp-json\/wp\/v2\/product_cat?post=12851"},{"taxonomy":"product_tag","embeddable":true,"href":"https:\/\/aquabluebursa.com\/en\/wp-json\/wp\/v2\/product_tag?post=12851"}],"curies":[{"name":"wp","href":"https:\/\/api.w.org\/{rel}","templated":true}]}}