{"id":12859,"date":"2026-03-13T20:25:01","date_gmt":"2026-03-13T20:25:01","guid":{"rendered":"https:\/\/aquabluebursa.com\/magaza\/kategorilenmemis\/brightwell-refractometer-calibration-standard-60-ml\/"},"modified":"2026-03-13T20:25:02","modified_gmt":"2026-03-13T20:25:02","slug":"brightwell-refractometer-calibration-standard-60-ml","status":"publish","type":"product","link":"https:\/\/aquabluebursa.com\/en\/magaza\/testler\/brightwell-refractometer-calibration-standard-60-ml\/","title":{"rendered":"Brightwell &#8211; Refractometer Calibration Standard &#8211; 60 ml"},"content":{"rendered":"<div>\n<p>Refractometer Calibration Standard &#8211; 60 ml<\/p>\n<p>&nbsp;<\/p>\n<p>\u00dcr\u00fcn Ad\u0131: Refractometer Calibration Standard<\/p>\n<p>Mevcut Ebatlar: 60 ml<\/p>\n<p>&nbsp;<\/p>\n<p>Brightwell Aquatics Refraktometre Kalibrasyon Standard\u0131<\/p>\n<p>Bu \u00fcr\u00fcn, tuzlu su akvaryumlar\u0131nda kullan\u0131lan refraktometrelerin, hidrometrelerin ve di\u011fer yo\u011funluk \u00f6l\u00e7\u00fcm cihazlar\u0131n\u0131n do\u011fru bir \u015fekilde kalibre edilmesi i\u00e7in \u00f6zel olarak haz\u0131rlanm\u0131\u015f bir referans \u00e7\u00f6zeltisidir.<br \/>\nDo\u011fru kalibrasyon, suyun ger\u00e7ek tuzluluk de\u011ferinin g\u00fcvenilir \u015fekilde \u00f6l\u00e7\u00fclmesini sa\u011flar ve akvaryumunuzdaki deniz suyu parametrelerinin kontrol\u00fcnde kritik bir ad\u0131md\u0131r.<\/p>\n<p>Teknik \u00d6zellikler<\/p>\n<p>\u00d6zg\u00fcl A\u011f\u0131rl\u0131k: 1.0264<\/p>\n<p>K\u0131r\u0131lma \u0130ndeksi: 1.3394<\/p>\n<p>Tuzluluk: 35 ppt<\/p>\n<p>I\u015f\u0131k \u0130letkenlik: 53 \u00b5S\/cm (25 \u00b0C)<\/p>\n<p>Kullan\u0131m Miktar\u0131: 60 ml likit \u00e7\u00f6zeltisi i\u00e7erir.<\/p>\n<p>&nbsp;<\/p>\n<p>Kullan\u0131m Talimat\u0131<\/p>\n<p>\u00dcr\u00fcn\u00fc kullanmadan \u00f6nce iyi \u00e7alkalay\u0131n.<\/p>\n<p>Refraktometrenin prizma y\u00fczeyini distile su ile temizleyin.<\/p>\n<p>Temizledi\u011finiz y\u00fczeyi yumu\u015fak kuru bir bezle tamamen kurulay\u0131n.<\/p>\n<p>Birka\u00e7 damla kalibrasyon \u00e7\u00f6zeltisini prizma \u00fczerine d\u00fc\u015f\u00fcr\u00fcn.<\/p>\n<p>Yakla\u015f\u0131k 45 saniye bekledikten sonra cihaz\u0131 35 ppt tuzluluk de\u011ferine g\u00f6re kalibre edin.<\/p>\n<p>&nbsp;<\/p>\n<p>&nbsp;<\/p>\n<\/div>","protected":false},"excerpt":{"rendered":"<p>Refractometer Calibration Standard &#8211; 60 ml &nbsp; \u00dcr\u00fcn Ad\u0131: Refractometer Calibration Standard Mevcut Ebatlar: 60 ml &nbsp; Brightwell Aquatics Refraktometre<\/p>","protected":false},"featured_media":13416,"comment_status":"closed","ping_status":"open","template":"","meta":[],"pwb-brand":[],"product_brand":[79],"product_cat":[175],"product_tag":[],"class_list":{"0":"post-12859","1":"product","2":"type-product","3":"status-publish","4":"has-post-thumbnail","6":"product_brand-brightwell","7":"product_cat-testler","9":"first","10":"outofstock","11":"purchasable","12":"product-type-simple"},"brands":[],"_links":{"self":[{"href":"https:\/\/aquabluebursa.com\/en\/wp-json\/wp\/v2\/product\/12859","targetHints":{"allow":["GET"]}}],"collection":[{"href":"https:\/\/aquabluebursa.com\/en\/wp-json\/wp\/v2\/product"}],"about":[{"href":"https:\/\/aquabluebursa.com\/en\/wp-json\/wp\/v2\/types\/product"}],"replies":[{"embeddable":true,"href":"https:\/\/aquabluebursa.com\/en\/wp-json\/wp\/v2\/comments?post=12859"}],"wp:featuredmedia":[{"embeddable":true,"href":"https:\/\/aquabluebursa.com\/en\/wp-json\/wp\/v2\/media\/13416"}],"wp:attachment":[{"href":"https:\/\/aquabluebursa.com\/en\/wp-json\/wp\/v2\/media?parent=12859"}],"wp:term":[{"taxonomy":"pwb-brand","embeddable":true,"href":"https:\/\/aquabluebursa.com\/en\/wp-json\/wp\/v2\/pwb-brand?post=12859"},{"taxonomy":"product_brand","embeddable":true,"href":"https:\/\/aquabluebursa.com\/en\/wp-json\/wp\/v2\/product_brand?post=12859"},{"taxonomy":"product_cat","embeddable":true,"href":"https:\/\/aquabluebursa.com\/en\/wp-json\/wp\/v2\/product_cat?post=12859"},{"taxonomy":"product_tag","embeddable":true,"href":"https:\/\/aquabluebursa.com\/en\/wp-json\/wp\/v2\/product_tag?post=12859"}],"curies":[{"name":"wp","href":"https:\/\/api.w.org\/{rel}","templated":true}]}}