{"id":12874,"date":"2026-03-13T20:25:20","date_gmt":"2026-03-13T20:25:20","guid":{"rendered":"https:\/\/aquabluebursa.com\/magaza\/kategorilenmemis\/brightwell-koral-recover-1000-ml\/"},"modified":"2026-03-13T20:25:20","modified_gmt":"2026-03-13T20:25:20","slug":"brightwell-koral-recover-1000-ml","status":"publish","type":"product","link":"https:\/\/aquabluebursa.com\/en\/magaza\/balik-ve-mercan-bakimi\/brightwell-koral-recover-1000-ml\/","title":{"rendered":"Brightwell &#8211; Koral Recover &#8211; 1000 ml"},"content":{"rendered":"<div>Brightwell &#8211; Koral Recover\u00a0&#8211; Mercan Bak\u0131m \u00c7\u00f6zeltisi 1000 ml<\/div>\n<div><\/div>\n<div>\n<div>\u2022Deniz akvaryumlar\u0131ndaki\u00a0 sert ve yumu\u015fak mercanlar\u0131 etkileyen semptomlar i\u00e7in \u00fcretilmi\u015f tamamen do\u011fal, bitkisel tedavi.<\/div>\n<div>\u2022RTN (H\u0131zl\u0131 Doku Nekrozu), STN (Yava\u015f Doku Nekrozu), White Band, Black Band, Brown Jelly and White Paste gibi mercan hastal\u0131\u011f\u0131n\u0131n bir tak\u0131m semptomlar\u0131n\u0131 tedavi eder.<\/div>\n<div>\u2022Mercan ba\u011f\u0131\u015f\u0131kl\u0131k fonksiyonlar\u0131n\u0131 g\u00fc\u00e7lendirir ve direnci artt\u0131r\u0131r.<\/div>\n<div>\u2022Hastal\u0131k, par\u00e7alanma ve\/veya stres nedeniyle olu\u015fan\u00a0 mercan doku kay\u0131plar\u0131n\u0131 \u00f6n\u00fcne ge\u00e7er.<\/div>\n<div>\u2022Belirtildi\u011fi \u015fekilde kullan\u0131ld\u0131\u011f\u0131nda: T\u00fcm mercan \u00e7e\u015fitleri, istiridyeler, anemonlar, s\u00fcngerler, omurgas\u0131zlar (karides dahil) ve bal\u0131klar (k\u00f6pekbal\u0131klar\u0131, vatozlar, gobiler, denizat\u0131 ve y\u0131lan bal\u0131klar\u0131 dahil) i\u00e7in g\u00fcvenlidir. CoralinAlg\u00a0 ve makroalgler i\u00e7in de g\u00fcvenlidir.<\/div>\n<div>\u2022Biyolojik filtreyi olumsuz etkilemez.<\/div>\n<div>\u2022Akvaryum suyunun rengini bozmaz ve su parametrelerini de\u011fi\u015ftirmez.<\/div>\n<div>\u2022Doz a\u015f\u0131m\u0131 yapmay\u0131n, a\u015fa\u011f\u0131daki Talimatlar\u0131 okuyun.<\/div>\n<div><\/div>\n<div>Talimatlar ve Dozaj<\/div>\n<div>Koral Recover ve Marine Fish Recover ayn\u0131 temel bile\u015fenlere sahiptir. Ayn\u0131\u00a0 anda kullanmay\u0131n\u0131z. Bunu yapman\u0131z ,\u00a0 a\u015f\u0131r\u0131 doza neden olur. Bu \u00fcr\u00fcn\u00fcn\u00a0 kullan\u0131m\u0131 boyunca mercanlar\u0131 yak\u0131ndan g\u00f6zlemlemelisiniz. 3 ila 5 g\u00fcnl\u00fck kullan\u0131mdan sonra mercanlar\u0131n kapanmas\u0131 veya a\u015f\u0131r\u0131 dozun g\u00f6stergesi olarak bulan\u0131kl\u0131k g\u00f6r\u00fclmesi ola\u011fand\u0131\u015f\u0131 bir durum de\u011fildir. Bu olursa, skimmer k\u00f6p\u00fck \u00fcretimini art\u0131r\u0131n ve %25 su de\u011fi\u015fimi yap\u0131n. Mercanlar hala kapal\u0131ysa, mercanlar yeniden a\u00e7\u0131l\u0131ncaya ve bulan\u0131kl\u0131k kaybolana kadar dozu azalt\u0131n veya kullanmay\u0131 b\u0131rak\u0131n.<\/div>\n<div>Yeni mercan eklerken 3 g\u00fcn boyunca 38 Litre\u00a0 akvaryum suyu i\u00e7in 5 mL (1 kapak dolusu) Koral Recover ekleyin. Brightwell Aquatics Koral Recover , mercanlar\u0131 do\u011frudan bir karantina sisteminde veya akvaryumda tedavi etmek i\u00e7in tasarlanm\u0131\u015ft\u0131r. Koral Recover , yaln\u0131zca s\u00f6z konusu olumsuzluklar\u0131 tedavi etmekle kalmayacak, ayn\u0131 zamanda di\u011fer mercanlara\u00a0 yay\u0131lmas\u0131n\u0131n da \u00f6n\u00fcne ge\u00e7ecektir.<\/div>\n<div><\/div>\n<div>Boyutlar : 125 &#8211; 1000 ml<\/div>\n<div><\/div>\n<\/div>\n<div>\n<p>&nbsp;<\/p>\n<\/div>","protected":false},"excerpt":{"rendered":"<p>Brightwell &#8211; Koral Recover\u00a0&#8211; Mercan Bak\u0131m \u00c7\u00f6zeltisi 1000 ml \u2022Deniz akvaryumlar\u0131ndaki\u00a0 sert ve yumu\u015fak mercanlar\u0131 etkileyen semptomlar i\u00e7in \u00fcretilmi\u015f tamamen<\/p>","protected":false},"featured_media":13051,"comment_status":"closed","ping_status":"open","template":"","meta":[],"pwb-brand":[],"product_brand":[79],"product_cat":[156],"product_tag":[],"class_list":{"0":"post-12874","1":"product","2":"type-product","3":"status-publish","4":"has-post-thumbnail","6":"product_brand-brightwell","7":"product_cat-balik-ve-mercan-bakimi","9":"first","10":"outofstock","11":"purchasable","12":"product-type-simple"},"brands":[],"_links":{"self":[{"href":"https:\/\/aquabluebursa.com\/en\/wp-json\/wp\/v2\/product\/12874","targetHints":{"allow":["GET"]}}],"collection":[{"href":"https:\/\/aquabluebursa.com\/en\/wp-json\/wp\/v2\/product"}],"about":[{"href":"https:\/\/aquabluebursa.com\/en\/wp-json\/wp\/v2\/types\/product"}],"replies":[{"embeddable":true,"href":"https:\/\/aquabluebursa.com\/en\/wp-json\/wp\/v2\/comments?post=12874"}],"wp:featuredmedia":[{"embeddable":true,"href":"https:\/\/aquabluebursa.com\/en\/wp-json\/wp\/v2\/media\/13051"}],"wp:attachment":[{"href":"https:\/\/aquabluebursa.com\/en\/wp-json\/wp\/v2\/media?parent=12874"}],"wp:term":[{"taxonomy":"pwb-brand","embeddable":true,"href":"https:\/\/aquabluebursa.com\/en\/wp-json\/wp\/v2\/pwb-brand?post=12874"},{"taxonomy":"product_brand","embeddable":true,"href":"https:\/\/aquabluebursa.com\/en\/wp-json\/wp\/v2\/product_brand?post=12874"},{"taxonomy":"product_cat","embeddable":true,"href":"https:\/\/aquabluebursa.com\/en\/wp-json\/wp\/v2\/product_cat?post=12874"},{"taxonomy":"product_tag","embeddable":true,"href":"https:\/\/aquabluebursa.com\/en\/wp-json\/wp\/v2\/product_tag?post=12874"}],"curies":[{"name":"wp","href":"https:\/\/api.w.org\/{rel}","templated":true}]}}