{"id":12875,"date":"2026-03-13T20:25:24","date_gmt":"2026-03-13T20:25:24","guid":{"rendered":"https:\/\/aquabluebursa.com\/magaza\/kategorilenmemis\/brightwell-neocarbonit-z-500-gr\/"},"modified":"2026-03-13T20:25:24","modified_gmt":"2026-03-13T20:25:24","slug":"brightwell-neocarbonit-z-500-gr","status":"publish","type":"product","link":"https:\/\/aquabluebursa.com\/en\/magaza\/filtrasyon-malzemeleri\/brightwell-neocarbonit-z-500-gr\/","title":{"rendered":"Brightwell &#8211; NeoCarbon\u012bt-Z  500 Gr"},"content":{"rendered":"<p>Brightwell &#8211; NeoCarbon\u012bt-Z  500 Gr<\/p>\n<p>T\u00fcm akvaryumlarda ve nakliye po\u015fetlerinde amonyak, amonyum, kloraminler ve \u00e7\u00f6z\u00fcnm\u00fc\u015f organik at\u0131klar\u0131 (latent dissolved organic material) azaltmak i\u00e7in geli\u015ftirilmi\u015f ileri seviye filtrasyon medyas\u0131.<\/p>\n<p>Genel Bak\u0131\u015f<\/p>\n<p>\u00d6zel amonyum adsorplay\u0131c\u0131 zeolitler ile yeni nesil, geli\u015ftirilmi\u015f premium aktif karbonun harmanlanm\u0131\u015f form\u00fcl\u00fc. Geleneksel aktif karbon ve\/veya yaln\u0131zca tatl\u0131 suda etkili olan zeolit kullanan \u00fcr\u00fcnlere k\u0131yasla \u00e7ok daha y\u00fcksek performans sunar.<\/p>\n<p>D\u00f6rt a\u015famal\u0131 etki:<br \/>\nAmonyum, amonyak, kloraminler ve \u00e7\u00f6z\u00fcnm\u00fc\u015f organik maddeleri uzakla\u015ft\u0131r\u0131r; ard\u0131ndan par\u00e7alanma ve oksidasyon\/indirgenme (redoks) reaksiyonlar\u0131n\u0131 destekleyerek oksidasyon-indirgenme potansiyelini (ORP) art\u0131r\u0131r ve su kalitesini iyile\u015ftirir.<\/p>\n<p>Aktif karbon; y\u00fcksek organik giderim kapasitesi, y\u00fcksek iyot say\u0131s\u0131 ve minimum toz \u00f6zelli\u011fine sahiptir.<\/p>\n<p>Ortalama tanecik boyutu, ideal ak\u0131\u015f ve maksimum etkinlik sa\u011flayacak \u015fekilde optimize edilmi\u015ftir.<\/p>\n<p>Tatl\u0131 su, ac\u0131 su ve deniz akvaryumlar\u0131n\u0131n tamam\u0131nda kullan\u0131labilir; deniz omurgas\u0131zlar\u0131 ve s\u00fcs ama\u00e7l\u0131 tatl\u0131 su kabuklular\u0131 i\u00e7in g\u00fcvenlidir.<\/p>\n<p>Canl\u0131 su organizmalar\u0131n\u0131n nakliyesinde kullan\u0131lan po\u015fetlerde destekleyici olarak kullan\u0131labilir; talimatlara uygun kullan\u0131ld\u0131\u011f\u0131nda 72 saate kadar etkilidir.<\/p>\n<p>Ambalaj Se\u00e7enekleri<\/p>\n<p>500 g &#8211; 1 kg &#8211; 4 kg &#8211; 20 kg<\/p>\n<p>Kullan\u0131m Talimatlar\u0131 ve \u00d6neriler<\/p>\n<p>\u0130lk kullan\u0131m \u00f6ncesi:<br \/>\nKullanmadan \u00f6nce \u00fcr\u00fcn\u00fc temiz akan su alt\u0131nda durulay\u0131n. N\u0113oCarbon\u012bt-Z\u2019in \u00f6n\u00fcne yerle\u015ftirilecek mekanik bir \u00f6n filtre, \u00fcr\u00fcn\u00fcn etkinli\u011fini uzat\u0131r; N\u0113oCarbon\u012bt-Z uzun s\u00fcre akvaryumda kalacaksa \u00f6n filtreyi 3\u20134 g\u00fcnde bir durulay\u0131n.<br \/>\nN\u0113oCarbon\u012bt-Z ile akvaryum suyu aras\u0131ndaki temas s\u00fcresi artt\u0131k\u00e7a (\u00f6r. medyadan ge\u00e7en su ak\u0131\u015f\u0131 ne kadar yava\u015fsa) performans da o kadar y\u00fckselir.<\/p>\n<p>Dozaj ve De\u011fi\u015fim Aral\u0131\u011f\u0131:<\/p>\n<p>Ba\u015flang\u0131\u00e7 dozu: Sistemdeki her 20 ABD galonu (\u224876 L) i\u00e7in haftada 1 g.<\/p>\n<p>Akvaryum ko\u015fullar\u0131na g\u00f6re oran\u0131 ayarlay\u0131n.<\/p>\n<p>Y\u00fcksek besin (nutrient) i\u00e7eren akvaryumlarda 48 saatlik toplam kullan\u0131m sonras\u0131 de\u011fi\u015ftirin.<\/p>\n<p>Daha d\u00fc\u015f\u00fck besinli akvaryumlarda kullan\u0131m s\u00fcresi toplam 10 g\u00fcne kadar uzat\u0131labilir.<\/p>\n<p>Filtrasyon Y\u00f6ntemleri:<\/p>\n<p>Kova (canister) filtre: Filtre \u00fcreticisinin talimatlar\u0131na g\u00f6re N\u0113oCarbon\u012bt-Z\u2019i filtre kartu\u015funa yerle\u015ftirin.<\/p>\n<p>Pasif filtrasyon: N\u0113oCarbon\u012bt-Z\u2019i 800 \u00b5m g\u00f6zenekli bir filtre torbas\u0131na gev\u015fek \u015fekilde koyun ve d\u00fc\u015f\u00fck\u2013orta ak\u0131\u015fl\u0131 bir b\u00f6lgeye yerle\u015ftirin. Kullan\u0131m s\u0131ras\u0131nda torbay\u0131 bir kez \u00e7evirmeniz, etkinli\u011fi art\u0131r\u0131r.<\/p>\n<p>Resif Akvaryumlar\u0131 \u0130\u00e7in \u00d6nemli Notlar:<br \/>\nN\u0113oCarbon\u012bt-Z \u00e7ok g\u00fc\u00e7l\u00fc bir amonyum emicidir. Sistemdeki azota al\u0131\u015fm\u0131\u015f veya ba\u011f\u0131ml\u0131 h\u00e2le gelmi\u015f zooxanthellae bar\u0131nd\u0131ran ve\/veya fotosentetik canl\u0131lar, amonyumun h\u0131zl\u0131 uzakla\u015ft\u0131r\u0131lmas\u0131 ve nitrat\u0131n azalmas\u0131 nedeniyle ba\u015flang\u0131\u00e7ta olumsuz tepki g\u00f6sterebilir.<\/p>\n<p>\u00d6nerilen doz: Her 40 ABD galonu (\u2248151 L) i\u00e7in 1 g.<\/p>\n<p>Zooxanthellae\u2019li canl\u0131lar\u0131 yak\u0131ndan izleyin; azot yetersizli\u011fi belirtileri g\u00f6r\u00fcl\u00fcrse dozu ayarlay\u0131n.<\/p>\n<p>Kullan\u0131lacak miktar\u0131 su kimyas\u0131na ve canl\u0131lar\u0131n alg\u0131lanan azot ihtiyac\u0131na g\u00f6re d\u00fczenleyin.<\/p>\n<p>Nakliye Po\u015fetlerinde Kullan\u0131m Talimat\u0131:<\/p>\n<p>Po\u015fetteki her 1 quart (\u22480,95 L) nakliye suyu i\u00e7in 1\/4 \u2013 1\/2 \u00e7ay ka\u015f\u0131\u011f\u0131 N\u0113oCarbon\u012bt-Z kullan\u0131n.<\/p>\n<p>Birlikte birden fazla veya \u00f6zellikle b\u00fcy\u00fck canl\u0131 g\u00f6nderimlerinde miktar\u0131 quart ba\u015f\u0131na 3\/4 \u00e7ay ka\u015f\u0131\u011f\u0131na kadar \u00e7\u0131karabilirsiniz.<\/p>\n<p>Talimatlara uygun kullan\u0131ld\u0131\u011f\u0131nda, \u00e7o\u011fu durumda 72 saate kadar amonyum, amonyak ve nitrite kar\u015f\u0131 koruma sa\u011flar.<\/p>\n<p>Uyar\u0131:<br \/>\n\u00c7ocuklar\u0131n eri\u015femeyece\u011fi yerde saklay\u0131n. \u0130nsan t\u00fcketimi i\u00e7in uygun de\u011fildir.<\/p>","protected":false},"excerpt":{"rendered":"<p>Brightwell &#8211; NeoCarbon\u012bt-Z 500 Gr T\u00fcm akvaryumlarda ve nakliye po\u015fetlerinde amonyak, amonyum, kloraminler ve \u00e7\u00f6z\u00fcnm\u00fc\u015f organik at\u0131klar\u0131 (latent dissolved organic<\/p>","protected":false},"featured_media":13418,"comment_status":"closed","ping_status":"open","template":"","meta":[],"pwb-brand":[],"product_brand":[79],"product_cat":[161],"product_tag":[],"class_list":{"0":"post-12875","1":"product","2":"type-product","3":"status-publish","4":"has-post-thumbnail","6":"product_brand-brightwell","7":"product_cat-filtrasyon-malzemeleri","9":"first","10":"instock","11":"purchasable","12":"product-type-simple"},"brands":[],"_links":{"self":[{"href":"https:\/\/aquabluebursa.com\/en\/wp-json\/wp\/v2\/product\/12875","targetHints":{"allow":["GET"]}}],"collection":[{"href":"https:\/\/aquabluebursa.com\/en\/wp-json\/wp\/v2\/product"}],"about":[{"href":"https:\/\/aquabluebursa.com\/en\/wp-json\/wp\/v2\/types\/product"}],"replies":[{"embeddable":true,"href":"https:\/\/aquabluebursa.com\/en\/wp-json\/wp\/v2\/comments?post=12875"}],"wp:featuredmedia":[{"embeddable":true,"href":"https:\/\/aquabluebursa.com\/en\/wp-json\/wp\/v2\/media\/13418"}],"wp:attachment":[{"href":"https:\/\/aquabluebursa.com\/en\/wp-json\/wp\/v2\/media?parent=12875"}],"wp:term":[{"taxonomy":"pwb-brand","embeddable":true,"href":"https:\/\/aquabluebursa.com\/en\/wp-json\/wp\/v2\/pwb-brand?post=12875"},{"taxonomy":"product_brand","embeddable":true,"href":"https:\/\/aquabluebursa.com\/en\/wp-json\/wp\/v2\/product_brand?post=12875"},{"taxonomy":"product_cat","embeddable":true,"href":"https:\/\/aquabluebursa.com\/en\/wp-json\/wp\/v2\/product_cat?post=12875"},{"taxonomy":"product_tag","embeddable":true,"href":"https:\/\/aquabluebursa.com\/en\/wp-json\/wp\/v2\/product_tag?post=12875"}],"curies":[{"name":"wp","href":"https:\/\/api.w.org\/{rel}","templated":true}]}}