{"id":12876,"date":"2026-03-13T20:25:24","date_gmt":"2026-03-13T20:25:24","guid":{"rendered":"https:\/\/aquabluebursa.com\/magaza\/kategorilenmemis\/brightwell-xport-no3-dimpled-brick-nominal-9-x-4-50-x-2-50\/"},"modified":"2026-03-13T20:25:25","modified_gmt":"2026-03-13T20:25:25","slug":"brightwell-xport-no3-dimpled-brick-nominal-9-x-4-50-x-2-50","status":"publish","type":"product","link":"https:\/\/aquabluebursa.com\/en\/magaza\/filtrasyon-malzemeleri\/brightwell-xport-no3-dimpled-brick-nominal-9-x-4-50-x-2-50\/","title":{"rendered":"Brightwell &#8211; Xport NO3 Dimpled Brick  &#8211; Nominal 9&#8243; x 4.50&#8243; x 2.50&#8243;"},"content":{"rendered":"<div>\n<p>Xport NO3 Dimpled Brick  &#8211; Nominal 9&#8243; x 4.50&#8243; x 2.50&#8243;<\/p>\n<p>Elementel K\u00fck\u00fcrt ile zenginle\u015ftirilmi\u015f, ultra-aktif seramik yap\u0131ya sahip, Denitrifikasyon Tu\u011flas\u0131 (Brick) formunda tasarlanm\u0131\u015f filtrasyon medyas\u0131d\u0131r. \u00dcst\u00fcn performans \u00f6zellikleri sunarak akvaryumlarda nitrat kontrol\u00fcn\u00fc ve su kalitesini ileri seviyeye ta\u015f\u0131r.<\/p>\n<p>Genel Bak\u0131\u015f<\/p>\n<p>pH 7.5 ve \u00fczeri de\u011ferlere sahip deniz ve sert tatl\u0131 su akvaryumlar\u0131nda kullan\u0131m i\u00e7in tasarlanm\u0131\u015ft\u0131r.<\/p>\n<p>Mevcut t\u00fcm filtrasyon medyalar\u0131 aras\u0131nda, birim a\u011f\u0131rl\u0131k veya hacim ba\u015f\u0131na en y\u00fcksek g\u00f6zenek ve en geni\u015f kullan\u0131labilir y\u00fczey alan\u0131na sahiptir.<\/p>\n<p>Denitrifikasyon i\u00e7in bakterilerin verimli \u015fekilde kolonize olabilece\u011fi \u00e7ok geni\u015f anaerobik y\u00fczey alan\u0131 sunar; ayr\u0131ca elementel k\u00fck\u00fcrt katk\u0131s\u0131, tatl\u0131 su, g\u00f6let ve deniz uygulamalar\u0131nda s\u00fcreci h\u0131zland\u0131rmak i\u00e7in elektron don\u00f6r\u00fc olarak g\u00f6rev yapar.<\/p>\n<p>Laboratuvar testleriyle do\u011frulanm\u0131\u015ft\u0131r: Medyan\u0131n litre ba\u015f\u0131na 71.000 ft\u00b2 (6.596 m\u00b2) y\u00fczey alan\u0131 sa\u011flar. Tek bir tu\u011fla, bakteriyel kolonizasyon i\u00e7in yakla\u015f\u0131k 100.000 ft\u00b2 kullan\u0131labilir y\u00fczey alan\u0131na sahiptir.<\/p>\n<p>Fosfat\u0131 ve \u00e7\u00f6z\u00fcnm\u00fc\u015f organik maddeleri de \u00f6nemli \u00f6l\u00e7\u00fcde azalt\u0131r.<\/p>\n<p>Son derece g\u00f6zeneklidir; bo\u015falt\u0131ld\u0131\u011f\u0131nda bile suyu emerek g\u00fcnlerce nemli kal\u0131r. Bu sayede ekipman ar\u0131zalar\u0131nda bakteriler canl\u0131l\u0131\u011f\u0131n\u0131 korur ve onar\u0131m sonras\u0131 h\u0131zla yeniden devreye girer.<\/p>\n<p>Aragonit ile zenginle\u015ftirilmi\u015ftir: Bakteri seviyesinde pH\u2019\u0131 tamponlar, asit birikimini \u00f6nler. B\u00f6ylece bakterilerin \u00f6lmesini ve kapasite d\u00fc\u015f\u00fc\u015f\u00fcn\u00fc engeller (rakip \u00fcr\u00fcnlerde s\u0131k g\u00f6r\u00fclen bir durumdur).<\/p>\n<p>Boyutlar<\/p>\n<p>9&#8243; x 4.5&#8243; x 2.5&#8243; (yakla\u015f\u0131k; her par\u00e7a el d\u00f6k\u00fcm\u00fc oldu\u011fu i\u00e7in \u00f6l\u00e7\u00fclerde k\u00fc\u00e7\u00fck farkl\u0131l\u0131klar olabilir)<\/p>\n<p>Kullan\u0131m Talimatlar\u0131 ve \u00d6neriler <\/p>\n<p>Dozaj &#038; Yerle\u015ftirme<\/p>\n<p>Her 1.000 ABD galonu (\u22483.800 L) sistem hacmi i\u00e7in 1 adet XPort NO3 Brick kullan\u0131n. Y\u00fcksek biyolojik y\u00fcke sahip sistemlerde miktar art\u0131r\u0131labilir.<\/p>\n<p>Genellikle her 100 galon tank hacmi i\u00e7in 1 adetten fazla kullanmay\u0131n.<\/p>\n<p>K\u00fc\u00e7\u00fck sistemler i\u00e7in tu\u011fla ikiye b\u00f6l\u00fcnebilir.<\/p>\n<p>Haz\u0131rl\u0131k<\/p>\n<p>Tozu gidermek i\u00e7in medyay\u0131 akvaryum suyu veya ar\u0131t\u0131lm\u0131\u015f musluk suyu ile iyice durulay\u0131n.<\/p>\n<p>En iyi sonu\u00e7lar i\u00e7in, akvaryumda kulland\u0131\u011f\u0131n\u0131z spesifik bakteri \u00fcr\u00fcn\u00fcyle medyay\u0131 a\u015f\u0131lay\u0131n (seed).<\/p>\n<p>Bakteri ile A\u015f\u0131lama <\/p>\n<p>Micr\u014dBacter Start XLM kullan\u0131yorsan\u0131z: 1 kapak ile tu\u011flay\u0131 a\u015f\u0131lay\u0131n (kalan bakteri do\u011frudan akvaryuma eklenir).<\/p>\n<p>FlorinBacter7, Micr\u014dBacter7 veya Micr\u014dBacterCLEAN kullan\u0131yorsan\u0131z: etikette \u00f6nerilen tam dozu ekleyin.<\/p>\n<p>A\u015f\u0131lama i\u00e7in XPort NO3 Brick\u2019i plastik bir kapta akvaryum suyu ile tamamen kaplay\u0131n, bakteriyi bu kaba ekleyin. Bir gece bekletin, ard\u0131ndan a\u015f\u0131lanm\u0131\u015f tu\u011flay\u0131 sisteme yerle\u015ftirin.<\/p>\n<p>Filtrasyon &#038; Karbon Kayna\u011f\u0131<\/p>\n<p>T\u0131kanmay\u0131 \u00f6nlemek i\u00e7in XPort NO3 Brick\u2019in \u00f6n\u00fcne s\u00fcnger, ince elyaf (filter floss) gibi mekanik filtrasyon koyman\u0131z \u00f6nerilir.<\/p>\n<p>Maksimum performans i\u00e7in bakterilerin b\u00fcy\u00fcmesini destekleyecek uygun bir karbon kayna\u011f\u0131 sa\u011flay\u0131n (\u00f6r. Brightwell Katalyst biyopelletleri veya s\u0131v\u0131 Reef BioFuel \/ Florin Axis; etiket talimatlar\u0131na g\u00f6re).<\/p>\n<p>\u00d6nemli Tavsiye<\/p>\n<p>\u00d6zellikle kurulum (startup) d\u00f6neminde, akvaryumda farkl\u0131 bakteri \u00fcr\u00fcnlerini birlikte kullanmay\u0131n.<\/p>\n<p>Yeni akvaryumlarda bakterilerin t\u00fcketebilece\u011fi besinler s\u0131n\u0131rl\u0131d\u0131r; farkl\u0131 bakteri k\u00fclt\u00fcrleri birbiriyle rekabet edebilir ve s\u00fcreci yava\u015flatabilir.<\/p>\n<p>\u00d6nerilen yol:<\/p>\n<p>Micr\u014dBacter Start ile tank\u0131 d\u00f6ng\u00fcye sokun,<\/p>\n<p>D\u00f6ng\u00fc tamamlan\u0131nca Micr\u014dBacterCLEAN\u2019e ge\u00e7in,<\/p>\n<p>Tank 4\u20136 ayl\u0131k oldu\u011funda Micr\u014dBacter7 veya FlorinBacter7 kullan\u0131n.<\/p>\n<p>\u201cCanl\u0131 kum\u201d, \u00f6nceden k\u00fclt\u00fcrlenmi\u015f yapay \u201ccanl\u0131 kaya\u201d gibi yabanc\u0131 bakteri kaynaklar\u0131n\u0131 \u00f6zellikle eklemeyin.<\/p>\n<p>D\u00f6ng\u00fcs\u00fc tamamlanm\u0131\u015f ba\u015fka akvaryumlardan kaya kullan\u0131m\u0131 ve ma\u011fazadan al\u0131nan ger\u00e7ek canl\u0131 kaya uygundur.<\/p>\n<p>Yanl\u0131\u015f bakteri t\u00fcr\u00fcn\u00fc yanl\u0131\u015f zamanda eklemek t\u00fcm s\u00fcreci yava\u015flatabilir.<\/p>\n<p>Ek Bilgiler<\/p>\n<p>\u2248100 galona kadar olan sistemlerde bile tek par\u00e7a tu\u011fla kullanmak uygundur. Daha k\u00fc\u00e7\u00fck sistemlerde XPort Bio Cubes veya XPort Bio Blocks tercih edin ya da tu\u011flay\u0131 testereyle ikiye b\u00f6l\u00fcn.<\/p>\n<p>Keserken tu\u011flay\u0131 \u00f6nce \u0131slat\u0131n, tam destekli bir ah\u015fap \u00fczerinde kesin; kenardan sark\u0131tmay\u0131n (d\u00fczensiz k\u0131r\u0131labilir).<\/p>\n<p>Nitrifikasyon (Amonyak &#038; Nitrit Giderimi \u2013 Aerobik)<\/p>\n<p>Tu\u011flay\u0131 su seviyesinin \u00fcst\u00fcnde (hava ile temas edecek \u015fekilde) konumland\u0131r\u0131n ve i\u00e7inden k\u00fc\u00e7\u00fck bir su ak\u0131\u015f\u0131 ge\u00e7irin.<\/p>\n<p>Ana sistem debisinin tamam\u0131n\u0131 vermeyin; 40\u201380 L\/saat idealdir.<\/p>\n<p>Ayarlanabilir bir vana ile suyun tu\u011flan\u0131n i\u00e7inden ge\u00e7mesini sa\u011flay\u0131n.<\/p>\n<p>Denitrifikasyon (Nitrat Giderimi \u2013 Anaerobik)<\/p>\n<p>Oksijeni m\u00fcmk\u00fcn oldu\u011funca s\u0131n\u0131rlay\u0131n. Tu\u011flay\u0131 sump\u2019ta su alt\u0131nda, \u00e7ok d\u00fc\u015f\u00fck ak\u0131\u015fl\u0131 bir b\u00f6lgeye yerle\u015ftirin.<\/p>\n<p>Her \u0130ki S\u00fcreci Birlikte Kullanma<\/p>\n<p>Tu\u011flay\u0131 su alt\u0131nda ve etraf\u0131nda orta ak\u0131\u015f olacak \u015fekilde konumland\u0131r\u0131n.<\/p>\n<p>Y\u00fczeyin \u00fcst ~6 mm (1\/4&#8243;) k\u0131sm\u0131nda aerobik bakteriler oksijeni t\u00fcketecek; i\u00e7 k\u0131s\u0131mlar anoksik\/anaerobik kalacak ve denitrifikasyon ger\u00e7ekle\u015fecektir. B\u00f6ylece y\u00fczeyde nitrifikasyon, i\u00e7eride denitrifikasyon sa\u011flan\u0131r.<\/p>\n<p>\u00dcr\u00fcn Se\u00e7imi<\/p>\n<p>NO3 Brick hem nitrifikasyon hem denitrifikasyon yapabilir; ancak ihtiyac\u0131n\u0131z \u00f6ncelikle amonyak &#038; nitrit giderimi ise XPort BIO Brick\u2019i tercih edin veya ek olarak kullan\u0131n.<\/p>\n<p>Gaz De\u011fi\u015fimi Notu (Deniz Sistemleri)<\/p>\n<p>XPort bakteriyel medya performans\u0131 \u00e7ok y\u00fcksektir; ancak gaz de\u011fi\u015fimi i\u00e7in ideal de\u011fildir.<\/p>\n<p>Bio-ball\u2019lar gaz de\u011fi\u015fimi i\u00e7in en iyisidir. Ana ak\u0131\u015fta (havada) k\u00fc\u00e7\u00fck bir bio-ball y\u0131\u011f\u0131n\u0131 eklemek sistemi daha verimli k\u0131lar.<\/p>","protected":false},"excerpt":{"rendered":"<p>Xport NO3 Dimpled Brick &#8211; Nominal 9&#8243; x 4.50&#8243; x 2.50&#8243; Elementel K\u00fck\u00fcrt ile zenginle\u015ftirilmi\u015f, ultra-aktif seramik yap\u0131ya sahip, Denitrifikasyon<\/p>","protected":false},"featured_media":13029,"comment_status":"closed","ping_status":"open","template":"","meta":[],"pwb-brand":[],"product_brand":[79],"product_cat":[161],"product_tag":[],"class_list":{"0":"post-12876","1":"product","2":"type-product","3":"status-publish","4":"has-post-thumbnail","6":"product_brand-brightwell","7":"product_cat-filtrasyon-malzemeleri","9":"first","10":"outofstock","11":"purchasable","12":"product-type-simple"},"brands":[],"_links":{"self":[{"href":"https:\/\/aquabluebursa.com\/en\/wp-json\/wp\/v2\/product\/12876","targetHints":{"allow":["GET"]}}],"collection":[{"href":"https:\/\/aquabluebursa.com\/en\/wp-json\/wp\/v2\/product"}],"about":[{"href":"https:\/\/aquabluebursa.com\/en\/wp-json\/wp\/v2\/types\/product"}],"replies":[{"embeddable":true,"href":"https:\/\/aquabluebursa.com\/en\/wp-json\/wp\/v2\/comments?post=12876"}],"wp:featuredmedia":[{"embeddable":true,"href":"https:\/\/aquabluebursa.com\/en\/wp-json\/wp\/v2\/media\/13029"}],"wp:attachment":[{"href":"https:\/\/aquabluebursa.com\/en\/wp-json\/wp\/v2\/media?parent=12876"}],"wp:term":[{"taxonomy":"pwb-brand","embeddable":true,"href":"https:\/\/aquabluebursa.com\/en\/wp-json\/wp\/v2\/pwb-brand?post=12876"},{"taxonomy":"product_brand","embeddable":true,"href":"https:\/\/aquabluebursa.com\/en\/wp-json\/wp\/v2\/product_brand?post=12876"},{"taxonomy":"product_cat","embeddable":true,"href":"https:\/\/aquabluebursa.com\/en\/wp-json\/wp\/v2\/product_cat?post=12876"},{"taxonomy":"product_tag","embeddable":true,"href":"https:\/\/aquabluebursa.com\/en\/wp-json\/wp\/v2\/product_tag?post=12876"}],"curies":[{"name":"wp","href":"https:\/\/api.w.org\/{rel}","templated":true}]}}