{"id":12881,"date":"2026-03-13T20:25:32","date_gmt":"2026-03-13T20:25:32","guid":{"rendered":"https:\/\/aquabluebursa.com\/magaza\/kategorilenmemis\/brightwell-restor-20-litre\/"},"modified":"2026-03-13T20:25:32","modified_gmt":"2026-03-13T20:25:32","slug":"brightwell-restor-20-litre","status":"publish","type":"product","link":"https:\/\/aquabluebursa.com\/en\/magaza\/katkilar\/brightwell-restor-20-litre\/","title":{"rendered":"Brightwell &#8211; Restor &#8211; 20 Litre"},"content":{"rendered":"<div>\n<p>Brightwell &#8211; Restor &#8211; Liquid Coral Tissue Nutritional Supplement &#8211; Mercan doku deste\u011fi &#8211; 20 Litre<\/p>\n<p>&nbsp;<\/p>\n<p><span style=\"font-weight: bold;\">\u00dcr\u00fcn Ad\u0131:<\/span> Restor<\/p>\n<p><span style=\"font-weight: bold;\">S\u0131n\u0131f\u0131:<\/span> Mercan doku deste\u011fi<\/p>\n<p><span style=\"font-weight: bold;\">Mevcut Ebatlar<\/span>: 125-250-500 ml<\/p>\n<p>&nbsp;<\/p>\n<p>\u00b7 <span style=\"font-weight: bold;\">\u00dcr\u00fcn Bilgisi:<\/span><\/p>\n<p>\u00b7 B\u00fcy\u00fcmeyi, \u00fcremeyi ve canl\u0131<br \/>\nrenklenmeyi te\u015fvik eder.<\/p>\n<p>\u00b7 Doku yenilemesi ve b\u00fcy\u00fcme oran\u0131n\u0131 art\u0131rmak i\u00e7in profesyonel<br \/>\nmercan \u00fcreticileri taraf\u0131ndan yayg\u0131n olarak kullan\u0131l\u0131r.<\/p>\n<p>\u00b7 Ayd\u0131nlatma de\u011fi\u015fiklikleri , su s\u0131cakl\u0131\u011f\u0131ndaki de\u011fi\u015fikliklerden uzun s\u00fcre maruz kalman\u0131n neden oldu\u011fu stres d\u00f6nemlerde mercanlarda<br \/>\nolu\u015fan renk kay\u0131plar\u0131n\u0131 \u00f6nlemek i\u00e7in ek ve \u00f6nemli besinler sa\u011flar.<\/p>\n<p>\u00b7 Mercanlar\u0131n frag yap\u0131lmas\u0131 ve<br \/>\nyolculuklar s\u0131ras\u0131nda olu\u015fan renk a\u011farmalar\u0131na neden olan doku kay\u0131plar\u0131n\u0131<br \/>\nonarmas\u0131na yard\u0131mc\u0131 olur.<\/p>\n<p>\u00b7 So\u011futma gerektirmez.<\/p>\n<p>\u00b7 Bir deniz bilimcisi taraf\u0131ndan<br \/>\nform\u00fcle edilmi\u015ftir.<\/p>\n<p><span style=\"font-weight: bold;\">Talimatlar ve Dozaj<\/span><\/p>\n<p>Rest\u014dr, deniz bal\u0131klar\u0131 ve kabuklulardan elde edilen amino asitler ve ya\u011f asitlerinden olu\u015fan<br \/>\nkompleksidir; EPA, DHA ve di\u011fer omega-3 ya\u011f asitlerinin yan\u0131 s\u0131ra do\u011fal olarak<br \/>\nolu\u015fan pigmentlerin g\u00fc\u00e7l\u00fc birer kayna\u011f\u0131d\u0131r.<\/p>\n<p>Bir \u00e7ok sert mercan ithalat safhas\u0131nda ya\u015fad\u0131\u011f\u0131 stres, yeni<br \/>\nbir akvaryuma girdi\u011finde ayd\u0131nlatma farkl\u0131l\u0131\u011f\u0131na al\u0131\u015fma s\u00fcresi ve farkl\u0131<br \/>\ns\u0131cakl\u0131klara maruz kald\u0131\u011f\u0131nda ya\u015fad\u0131\u011f\u0131 stresler y\u00fcz\u00fcnden simbiyotik<br \/>\nzooxanthellae lerini kaybederler. Buda mercan\u0131 d\u0131\u015f sald\u0131r\u0131lara kar\u015f\u0131 savunmas\u0131z<br \/>\nb\u0131rak\u0131r. Bu kay\u0131p mercanlarda ya\u015fanan renk a\u00e7\u0131lmalar\u0131n\u0131n ana nedenlerinden<br \/>\nbiridir. Rest\u014dr \u00fcn i\u00e7eri\u011fi<br \/>\nmercan a\u011fartmas\u0131n\u0131 do\u011frudan tersine \u00e7evirmeyecek olsa da, mercan\u0131n<br \/>\nzooxanthellae&#8217;n\u0131n iyile\u015fti\u011fi veya yeniden olu\u015fmaya ba\u015flad\u0131\u011f\u0131 s\u00fcre boyunca potansiyel olarak hayatta kalmas\u0131<br \/>\ni\u00e7in ihtiya\u00e7 duydu\u011fu besinleri etkili bir \u015fekilde sa\u011flayarak mercan\u0131n kendini<br \/>\nonarmas\u0131 i\u00e7in g\u00fc\u00e7 kazanmas\u0131n\u0131 sa\u011flar.<\/p>\n<p>&nbsp;<\/p>\n<p>\u00dcr\u00fcn\u00fc kullanmadan \u00f6nce iyice \u00e7alkalay\u0131n. Akvaryuma Restor \u00fc eklemeden<br \/>\n\u00f6nce protein skimmer ve di\u011fer mekanik filtrelemeyi kapat\u0131n ve beslemeden sonra<br \/>\nfiltreleme i\u015flemine devam etmeden \u00f6nce 10 &#8211; 15 dakika bekleyin. Restor \u00fc mercan<br \/>\nbesinleriniz ile de kar\u0131\u015ft\u0131rarak kullanabilirsiniz.<\/p>\n<p>\u0130lk d\u00f6rt hafta boyunca h\u0131zl\u0131 su hareketi olan bir alana her iki ila \u00fc\u00e7 g\u00fcnde bir 200 litre i\u00e7in 5 ml<br \/>\nekleyin daha sonra dozaj istendi\u011fi gibi<br \/>\nartt\u0131r\u0131labilir. D\u00fc\u015f\u00fck<br \/>\nbir dozla ba\u015flamak ve zamanla kademeli olarak art\u0131rmak, akvaryumdaki biyolojik<br \/>\nfiltrasyonun besin maddelerindeki art\u0131\u015fa uyum sa\u011flamas\u0131na ve su kalitesinin<br \/>\nbozulmas\u0131n\u0131n \u00f6n\u00fcne ge\u00e7ilmesini sa\u011flar.<\/p>\n<p>&nbsp;<\/p>\n<p><span style=\"font-weight: bold;\">\u0130\u00e7erik:<\/span><\/p>\n<p>Saf su, \u00e7\u00f6z\u00fcnm\u00fc\u015f deniz proteini, stabilize amino asitler ve<br \/>\nya\u011f asitleri (t\u00fcm\u00fc deniz kaynakl\u0131), tokoferol.<\/p>\n<p>Akvaryum katk\u0131lar\u0131 ve ekipmanlar\u0131 i\u00e7in, Akvaryum Merkezi olarak bizlere<br \/>\nba\u015fvurabilir, size en uygun ve kaliteli \u00fcr\u00fcnler i\u00e7in bilgi sahibi olabilirsiniz<\/p>\n<p>&nbsp;<\/p>\n<\/div>","protected":false},"excerpt":{"rendered":"<p>Brightwell &#8211; Restor &#8211; Liquid Coral Tissue Nutritional Supplement &#8211; Mercan doku deste\u011fi &#8211; 20 Litre &nbsp; \u00dcr\u00fcn Ad\u0131: Restor<\/p>","protected":false},"featured_media":13102,"comment_status":"closed","ping_status":"open","template":"","meta":[],"pwb-brand":[],"product_brand":[79],"product_cat":[157],"product_tag":[],"class_list":{"0":"post-12881","1":"product","2":"type-product","3":"status-publish","4":"has-post-thumbnail","6":"product_brand-brightwell","7":"product_cat-katkilar","9":"first","10":"outofstock","11":"purchasable","12":"product-type-simple"},"brands":[],"_links":{"self":[{"href":"https:\/\/aquabluebursa.com\/en\/wp-json\/wp\/v2\/product\/12881","targetHints":{"allow":["GET"]}}],"collection":[{"href":"https:\/\/aquabluebursa.com\/en\/wp-json\/wp\/v2\/product"}],"about":[{"href":"https:\/\/aquabluebursa.com\/en\/wp-json\/wp\/v2\/types\/product"}],"replies":[{"embeddable":true,"href":"https:\/\/aquabluebursa.com\/en\/wp-json\/wp\/v2\/comments?post=12881"}],"wp:featuredmedia":[{"embeddable":true,"href":"https:\/\/aquabluebursa.com\/en\/wp-json\/wp\/v2\/media\/13102"}],"wp:attachment":[{"href":"https:\/\/aquabluebursa.com\/en\/wp-json\/wp\/v2\/media?parent=12881"}],"wp:term":[{"taxonomy":"pwb-brand","embeddable":true,"href":"https:\/\/aquabluebursa.com\/en\/wp-json\/wp\/v2\/pwb-brand?post=12881"},{"taxonomy":"product_brand","embeddable":true,"href":"https:\/\/aquabluebursa.com\/en\/wp-json\/wp\/v2\/product_brand?post=12881"},{"taxonomy":"product_cat","embeddable":true,"href":"https:\/\/aquabluebursa.com\/en\/wp-json\/wp\/v2\/product_cat?post=12881"},{"taxonomy":"product_tag","embeddable":true,"href":"https:\/\/aquabluebursa.com\/en\/wp-json\/wp\/v2\/product_tag?post=12881"}],"curies":[{"name":"wp","href":"https:\/\/api.w.org\/{rel}","templated":true}]}}