{"id":12882,"date":"2026-03-13T20:25:32","date_gmt":"2026-03-13T20:25:32","guid":{"rendered":"https:\/\/aquabluebursa.com\/magaza\/kategorilenmemis\/brightwell-microvore-2-litre\/"},"modified":"2026-03-13T20:25:32","modified_gmt":"2026-03-13T20:25:32","slug":"brightwell-microvore-2-litre","status":"publish","type":"product","link":"https:\/\/aquabluebursa.com\/en\/magaza\/balik-ve-mercan-besinleri\/brightwell-microvore-2-litre\/","title":{"rendered":"Brightwell &#8211; Microvore &#8211; 2 Litre"},"content":{"rendered":"<div>\n<p>\u00a0Microvore &#8211; 2 Litre<\/p>\n<p>&nbsp;<\/p>\n<p>\u00dcr\u00fcn Ad\u0131: Micr\u014dvore<\/p>\n<p>&nbsp;<\/p>\n<p>\u2022Kompleks ve serbest bi\u00e7imli amino ve ya\u011f asitleri ile g\u00fc\u00e7lendirilmi\u015f partik\u00fcl, mikrokaps\u00fcll\u00fc deniz proteinleri, lipidler ve karbonhidratlar\u0131n ve ba\u011f\u0131\u015f\u0131kl\u0131k sistemi i\u015flevi i\u00e7in \u00f6nemli olan vitaminlerin s\u00fcspansiyonu.<\/p>\n<p>\u2022Bir\u00e7ok LPS, zooxanthelate ve azooxanthelate yumu\u015fak mercan\u0131n yan\u0131 s\u0131ra gorgonia, anemonlar ve di\u011fer soliter ve koloni polipler i\u00e7in uygundur.<\/p>\n<p>\u2022Anemon bal\u0131klar\u0131, basletler , anthiaslar,\u00a0 ve cromisler, c\u00fcce melek bal\u0131klar\u0131, kardinal bal\u0131klar\u0131, wrasse ve bir\u00e7ok Tang bal\u0131\u011f\u0131 i\u00e7in m\u00fckemmeldir.<\/p>\n<p>\u2022So\u011futma gerektirmez<\/p>\n<p>&nbsp;<\/p>\n<p>Talimatlar ve Dozaj<\/p>\n<p>\u00dcr\u00fcn\u00fc kullanmadan \u00f6nce iyice \u00e7alkalay\u0131n. Micr\u014dvore&#8217;u akvaryuma eklemeden \u00f6nce protein skimmer&#8217;\u0131 ve di\u011fer mekanik filtreleme bi\u00e7imlerini kapat\u0131n ve kullan\u0131mdan sonra filtreleme i\u015flemine devam etmeden \u00f6nce 10 &#8211; 15 dakika bekleyin.<\/p>\n<p>Kullan\u0131m\u0131n ilk d\u00f6rt haftas\u0131nda iki g\u00fcnde bir\u00a0 suyun hareketi olan bir alana200 Litre\u00a0 \u00a02,5 ml&#8217;ye (\u00bd kap) kadar ekleyin; daha sonra istenirse dozaj\u0131 kademeli olarak artt\u0131r\u0131labilirsiniz.<\/p>\n<p>&nbsp;<\/p>\n<p>&nbsp;<\/p>\n<\/div>","protected":false},"excerpt":{"rendered":"<p>\u00a0Microvore &#8211; 2 Litre &nbsp; \u00dcr\u00fcn Ad\u0131: Micr\u014dvore &nbsp; \u2022Kompleks ve serbest bi\u00e7imli amino ve ya\u011f asitleri ile g\u00fc\u00e7lendirilmi\u015f partik\u00fcl,<\/p>","protected":false},"featured_media":13019,"comment_status":"closed","ping_status":"open","template":"","meta":[],"pwb-brand":[],"product_brand":[79],"product_cat":[160],"product_tag":[],"class_list":{"0":"post-12882","1":"product","2":"type-product","3":"status-publish","4":"has-post-thumbnail","6":"product_brand-brightwell","7":"product_cat-balik-ve-mercan-besinleri","9":"first","10":"outofstock","11":"purchasable","12":"product-type-simple"},"brands":[],"_links":{"self":[{"href":"https:\/\/aquabluebursa.com\/en\/wp-json\/wp\/v2\/product\/12882","targetHints":{"allow":["GET"]}}],"collection":[{"href":"https:\/\/aquabluebursa.com\/en\/wp-json\/wp\/v2\/product"}],"about":[{"href":"https:\/\/aquabluebursa.com\/en\/wp-json\/wp\/v2\/types\/product"}],"replies":[{"embeddable":true,"href":"https:\/\/aquabluebursa.com\/en\/wp-json\/wp\/v2\/comments?post=12882"}],"wp:featuredmedia":[{"embeddable":true,"href":"https:\/\/aquabluebursa.com\/en\/wp-json\/wp\/v2\/media\/13019"}],"wp:attachment":[{"href":"https:\/\/aquabluebursa.com\/en\/wp-json\/wp\/v2\/media?parent=12882"}],"wp:term":[{"taxonomy":"pwb-brand","embeddable":true,"href":"https:\/\/aquabluebursa.com\/en\/wp-json\/wp\/v2\/pwb-brand?post=12882"},{"taxonomy":"product_brand","embeddable":true,"href":"https:\/\/aquabluebursa.com\/en\/wp-json\/wp\/v2\/product_brand?post=12882"},{"taxonomy":"product_cat","embeddable":true,"href":"https:\/\/aquabluebursa.com\/en\/wp-json\/wp\/v2\/product_cat?post=12882"},{"taxonomy":"product_tag","embeddable":true,"href":"https:\/\/aquabluebursa.com\/en\/wp-json\/wp\/v2\/product_tag?post=12882"}],"curies":[{"name":"wp","href":"https:\/\/api.w.org\/{rel}","templated":true}]}}