{"id":12887,"date":"2026-03-13T20:25:45","date_gmt":"2026-03-13T20:25:45","guid":{"rendered":"https:\/\/aquabluebursa.com\/magaza\/kategorilenmemis\/brightwell-florinbacter-125-ml\/"},"modified":"2026-03-13T20:25:45","modified_gmt":"2026-03-13T20:25:45","slug":"brightwell-florinbacter-125-ml","status":"publish","type":"product","link":"https:\/\/aquabluebursa.com\/en\/magaza\/bakteri-kulturleri\/brightwell-florinbacter-125-ml\/","title":{"rendered":"Brightwell &#8211; FlorinBacter  125 ml"},"content":{"rendered":"<div>Brightwell &#8211; FlorinBacter &#8211; Complete Bioculture for all Freshwater and Planted Aquaria &#8211; Bakteri K\u00fclt\u00fcr\u00fc &#8211; 125 ml<\/div>\n<div><\/div>\n<div>\n<p>\u00dcr\u00fcn Ad\u0131: FlorinBacter<\/p>\n<p>S\u0131n\u0131f\u0131: Bakteri k\u00fclt\u00fcr\u00fc<\/p>\n<p>Genel Bak\u0131\u015f<\/p>\n<p>Patojen olmayan aerobik ve anaerobik mikroorganizmalar ile do\u011fal enzimlerin s\u00fcspansiyonudur. Yeni kurulan akvaryum sistemlerinde biyolojik filtrasyonun olu\u015fturulmas\u0131 ve tam besin remineralizasyonu yoluyla nitrifikasyon, denitrifikasyon ve organik at\u0131k par\u00e7alanma h\u0131z\u0131n\u0131n art\u0131r\u0131lmas\u0131 amac\u0131yla \u00f6zel olarak form\u00fcle edilmi\u015ftir.<\/p>\n<p>Yaln\u0131zca tatl\u0131 su akvaryumlar\u0131 i\u00e7in tasarlanm\u0131\u015ft\u0131r. \u00d6zellikle bal\u0131k pop\u00fclasyon yo\u011funlu\u011fu y\u00fcksek, aktif y\u00fcz\u00fcc\u00fc t\u00fcrlerin bulundu\u011fu ve s\u0131k besleme yap\u0131lan sistemlerde son derece etkilidir.<\/p>\n<p>Maksimum raf \u00f6mr\u00fc ve mikroorganizma canl\u0131l\u0131\u011f\u0131n\u0131 korumak amac\u0131yla ask\u0131da (suspended animation) formda sunulmaktad\u0131r. Mikrobiyologlar taraf\u0131ndan derlenen kapsaml\u0131 veriler kullan\u0131larak geli\u015ftirilmi\u015ftir.<\/p>\n<p>Ambalaj Boyutlar\u0131<\/p>\n<p>125 ml | 250 ml | 500 ml | 2 L | 20 L | 210 L<\/p>\n<p>Teknik Arka Plan<\/p>\n<p>Herhangi bir sucul sistemde \u00e7\u00f6z\u00fcnm\u00fc\u015f ve partik\u00fcl h\u00e2lindeki organik maddelerin yo\u011funlu\u011fu; su berrakl\u0131\u011f\u0131, koku ve sistemde ya\u015fayan canl\u0131lar\u0131n genel sa\u011fl\u0131\u011f\u0131 \u00fczerinde do\u011frudan etkilidir. D\u00fc\u015f\u00fck besin seviyesine sahip ortamlar; y\u00fcksek su berrakl\u0131\u011f\u0131, ho\u015f olmayan kokular\u0131n bulunmamas\u0131 ve mikroalg ile siyanobakteri geli\u015fiminin minimum d\u00fczeyde olmas\u0131yla karakterizedir. Bunun temel nedeni, azot, fosfor ve karbon bazl\u0131 at\u0131klar\u0131n s\u0131n\u0131rl\u0131 olmas\u0131d\u0131r.<\/p>\n<p>Buna kar\u015f\u0131l\u0131k, besin a\u00e7\u0131s\u0131ndan zengin akvaryumlar genellikle d\u00fc\u015f\u00fck su berrakl\u0131\u011f\u0131, artm\u0131\u015f alg olu\u015fumu ve sa\u011fl\u0131kl\u0131 canl\u0131 ko\u015fullar\u0131n\u0131n korunmas\u0131nda zorluk ile ili\u015fkilidir; bu nedenle \u00e7o\u011fu akvarist i\u00e7in tercih edilmez.<\/p>\n<p>Brightwell Aquatics FlorinBacter, tatl\u0131 su ekosistemlerinde organik azot, amonyak, nitrit, nitrat, fosfat ve organik karbon konsantrasyonlar\u0131n\u0131 h\u0131zl\u0131 bir \u015fekilde azaltan son derece etkili faydal\u0131 mikroorganizmalar ve enzimlerden olu\u015fan se\u00e7ici bir komplekstir. Su kalitesindeki iyile\u015fme, genellikle daha sa\u011fl\u0131kl\u0131 bal\u0131klar ve bitkilerle sonu\u00e7lan\u0131r.<\/p>\n<p>FlorinBacter kullan\u0131m\u0131, akvaryumda uzun vadeli element dengesinin korunmas\u0131 i\u00e7in gerekli olan d\u00fczenli k\u0131smi su de\u011fi\u015fimlerinin yerini almaz. Hi\u00e7bir \u00fcr\u00fcn bu gereklili\u011fi tamamen ortadan kald\u0131ramaz.<\/p>\n<p>Kullan\u0131m Talimatlar\u0131 ve Uyar\u0131lar<\/p>\n<p>Kullanmadan \u00f6nce iyice \u00e7alkalay\u0131n\u0131z.<\/p>\n<p>A\u015fa\u011f\u0131da belirtilen uygun dozu, temiz bir kapta 250 ml (\u22488 fl. oz.) akvaryum suyu ile kar\u0131\u015ft\u0131rarak akvaryuma ekleyiniz.<\/p>\n<p>Pipet kullan\u0131m\u0131 durumunda, pipeti \u00fcr\u00fcn \u015fi\u015fesine geri koymadan \u00f6nce temiz (tercihen saf) su ile iyice durulay\u0131n\u0131z; aksi h\u00e2lde \u00fcr\u00fcn kontamine olabilir.<\/p>\n<p>En iyi sonu\u00e7lar, kar\u0131\u015f\u0131m\u0131n harici biyolojik filtrasyon sistemine eklenmesiyle elde edilir (varsa).<\/p>\n<p>Pompa emi\u015f giri\u015flerine do\u011frudan eklemeyiniz.<\/p>\n<p>En iyi performans i\u00e7in sat\u0131n alma tarihinden itibaren 1 y\u0131l i\u00e7inde kullan\u0131lmas\u0131 \u00f6nerilir.<\/p>\n<p>A\u015f\u0131r\u0131 doz uygulamas\u0131, \u00fcr\u00fcn\u00fcn etkinli\u011fini anlaml\u0131 \u00f6l\u00e7\u00fcde art\u0131rmaz.<\/p>\n<p>Dozaj<br \/>\nOrta \u2013 Y\u00fcksek Besin Seviyeli Sistemler<\/p>\n<p>(veya yeni kurulan akvaryumlarda biyolojik filtrasyonu ba\u015flatmak i\u00e7in)<\/p>\n<p>\u0130lk 2 hafta boyunca g\u00fcnl\u00fck olarak<br \/>\n25 ABD galonu (94,6 L) ba\u015f\u0131na 5 ml (1 kapak)<\/p>\n<p>\u2248 1 galon (3,8 L) ba\u015f\u0131na 4 damla<\/p>\n<p>Dozlamadan sonra UV sterilizasyonu ve\/veya ozonlama 4 saat kapal\u0131 tutulmal\u0131d\u0131r<\/p>\n<p>Su berrakl\u0131\u011f\u0131ndaki fark genellikle 30 dakika i\u00e7inde g\u00f6zlemlenir<\/p>\n<p>\u0130ki haftan\u0131n ard\u0131ndan d\u00fc\u015f\u00fck besin seviyeli bak\u0131m dozaj\u0131na ge\u00e7iniz.<\/p>\n<p>Stabil, D\u00fc\u015f\u00fck Besin Seviyeli Sistemler<\/p>\n<p>50 ABD galonu (189,3 L) ba\u015f\u0131na 5 ml (1 kapak), haftada en fazla 1 kez<\/p>\n<p>Alternatif ve en iyi sonu\u00e7lar i\u00e7in:<\/p>\n<p>G\u00fcnl\u00fck 50 ABD galonu ba\u015f\u0131na 1 damla, veya<\/p>\n<p>\u0130ki g\u00fcnde bir 25 ABD galonu ba\u015f\u0131na 1 damla<\/p>\n<p>Dozlamadan sonra UV sterilizasyonu ve\/veya ozonlama 4 saat kapal\u0131 tutulmal\u0131d\u0131r.<\/p>\n<p>Maksimum \u00f6nerilen doz:<\/p>\n<p>G\u00fcnl\u00fck 10 ABD galonu ba\u015f\u0131na 1 damlay\u0131 a\u015fmay\u0131n\u0131z.<\/p>\n<p>Biyolojik filtrasyonda de\u011fi\u015fiklikler veya biyoy\u00fck art\u0131\u015f\u0131 s\u0131ras\u0131nda:<\/p>\n<p>1 hafta boyunca, g\u00fcnl\u00fck 25 ABD galonu ba\u015f\u0131na 1 damla, ard\u0131ndan bak\u0131m dozaj\u0131na d\u00f6n\u00fcn\u00fcz.<\/p>\n<p>Uyar\u0131<\/p>\n<p>\u00c7ocuklar\u0131n ula\u015famayaca\u011f\u0131 yerde saklay\u0131n\u0131z.<br \/>\n\u0130nsan t\u00fcketimi i\u00e7in uygun de\u011fildir.<\/p>\n<p>\u0130\u00e7indekiler<\/p>\n<p>Saf su, do\u011fal enzimlerden ve patojen olmayan faydal\u0131 mikroorganizmalardan olu\u015fan tescilli kar\u0131\u015f\u0131m.<\/p>","protected":false},"excerpt":{"rendered":"<p>Brightwell &#8211; FlorinBacter &#8211; Complete Bioculture for all Freshwater and Planted Aquaria &#8211; Bakteri K\u00fclt\u00fcr\u00fc &#8211; 125 ml \u00dcr\u00fcn Ad\u0131:<\/p>","protected":false},"featured_media":13419,"comment_status":"closed","ping_status":"open","template":"","meta":[],"pwb-brand":[],"product_brand":[79],"product_cat":[158],"product_tag":[],"class_list":{"0":"post-12887","1":"product","2":"type-product","3":"status-publish","4":"has-post-thumbnail","6":"product_brand-brightwell","7":"product_cat-bakteri-kulturleri","9":"first","10":"instock","11":"purchasable","12":"product-type-simple"},"brands":[],"_links":{"self":[{"href":"https:\/\/aquabluebursa.com\/en\/wp-json\/wp\/v2\/product\/12887","targetHints":{"allow":["GET"]}}],"collection":[{"href":"https:\/\/aquabluebursa.com\/en\/wp-json\/wp\/v2\/product"}],"about":[{"href":"https:\/\/aquabluebursa.com\/en\/wp-json\/wp\/v2\/types\/product"}],"replies":[{"embeddable":true,"href":"https:\/\/aquabluebursa.com\/en\/wp-json\/wp\/v2\/comments?post=12887"}],"wp:featuredmedia":[{"embeddable":true,"href":"https:\/\/aquabluebursa.com\/en\/wp-json\/wp\/v2\/media\/13419"}],"wp:attachment":[{"href":"https:\/\/aquabluebursa.com\/en\/wp-json\/wp\/v2\/media?parent=12887"}],"wp:term":[{"taxonomy":"pwb-brand","embeddable":true,"href":"https:\/\/aquabluebursa.com\/en\/wp-json\/wp\/v2\/pwb-brand?post=12887"},{"taxonomy":"product_brand","embeddable":true,"href":"https:\/\/aquabluebursa.com\/en\/wp-json\/wp\/v2\/product_brand?post=12887"},{"taxonomy":"product_cat","embeddable":true,"href":"https:\/\/aquabluebursa.com\/en\/wp-json\/wp\/v2\/product_cat?post=12887"},{"taxonomy":"product_tag","embeddable":true,"href":"https:\/\/aquabluebursa.com\/en\/wp-json\/wp\/v2\/product_tag?post=12887"}],"curies":[{"name":"wp","href":"https:\/\/api.w.org\/{rel}","templated":true}]}}