{"id":12909,"date":"2026-03-03T20:49:03","date_gmt":"2026-03-03T20:49:03","guid":{"rendered":"https:\/\/aquabluebursa.com\/?post_type=product&#038;p=12909"},"modified":"2026-04-18T15:19:57","modified_gmt":"2026-04-18T15:19:57","slug":"aquareef-pro5","status":"publish","type":"product","link":"https:\/\/aquabluebursa.com\/en\/magaza\/aydinlatma-sistemleri\/aquareef-pro5\/","title":{"rendered":"AquaReef &#8211; Pro5"},"content":{"rendered":"<p>AquaReef Pro5 Serisi Teknik \u00d6zellikleri<\/p>\n<table class=\"table table-bordered\">\n<tbody>\n<tr>\n<td>\u00dcr\u00fcn Ad\u0131<\/td>\n<td>Ebatlar ( mm )<\/td>\n<td>A\u011f\u0131rl\u0131k ( kg )<\/td>\n<td>Ayd\u0131nlatma Alan\u0131 ( Max )<\/td>\n<td>Led Say\u0131s\u0131<\/td>\n<td>Watt<\/td>\n<td>Lumen<\/td>\n<\/tr>\n<tr>\n<td>Pro 5<\/td>\n<td>320x250x38 mm<\/td>\n<td>2,0 kg<\/td>\n<td>80cm * 80cm<\/td>\n<td>72<\/td>\n<td>150<\/td>\n<td><\/td>\n<\/tr>\n<tr>\n<td>Pro 5 Max<\/td>\n<td>570x250x38mm<\/td>\n<td>3,5 kg<\/td>\n<td>130cm * 80 cm<\/td>\n<td>144<\/td>\n<td>240<\/td>\n<td><\/td>\n<\/tr>\n<\/tbody>\n<\/table>\n<p>Led Kombinasyonu ( Saltwater )<\/p>\n<table class=\"table table-bordered\">\n<tbody>\n<tr>\n<td>Pro5<\/td>\n<td>Pro 5 Max<\/td>\n<\/tr>\n<tr>\n<td>12 Adet &#8211; Royal Blue 440nm ( 2w )<\/td>\n<td>2 x 12 Adet &#8211; Royal Blue 440nm ( 2w )<\/td>\n<\/tr>\n<tr>\n<td>12 Adet &#8211; Blue 460nm ( 3w )<\/td>\n<td>2 x 12 Adet &#8211; Blue 460nm ( 3w )<\/td>\n<\/tr>\n<tr>\n<td>12 Adet &#8211; Royal Blue 440nm ( 2w )<\/td>\n<td>2 x 12 Adet &#8211; Royal Blue 440nm ( 2w )<\/td>\n<\/tr>\n<tr>\n<td>8 Adet &#8211; Violet 430nm ( 2w )<\/td>\n<td>2 x 8 Adet &#8211; Violet 430nm ( 2w )<\/td>\n<\/tr>\n<tr>\n<td>6 Adet &#8211; Uv 410nm ( 2w )<\/td>\n<td>2 x 6 Adet &#8211; Uv 410nm ( 2w )<\/td>\n<\/tr>\n<tr>\n<td>8 Adet &#8211; 3000K Beyaz ( 2w )<\/td>\n<td>2x 8 Adet &#8211; 3000K Beyaz ( 2w )<\/td>\n<\/tr>\n<tr>\n<td>12 Adet &#8211; 20.000K Beyaz ( 2w )<\/td>\n<td>2 x 12 Adet &#8211; 20.000K Beyaz ( 2w )<\/td>\n<\/tr>\n<tr>\n<td>2 Adet &#8211; Red 660nm ( 2w )<\/td>\n<td>2 x 2 Adet &#8211; Red 660nm ( 2w )<\/td>\n<\/tr>\n<tr>\n<td>Toplam : 72 Adet<\/td>\n<td>Toplam : 144 Adet<\/td>\n<\/tr>\n<\/tbody>\n<\/table>","protected":false},"excerpt":{"rendered":"<p>AquaReef Pro5 Serisi Teknik \u00d6zellikleri \u00dcr\u00fcn Ad\u0131 Ebatlar ( mm ) A\u011f\u0131rl\u0131k ( kg ) Ayd\u0131nlatma Alan\u0131 ( Max )<\/p>","protected":false},"featured_media":12910,"comment_status":"open","ping_status":"closed","template":"","meta":[],"pwb-brand":[],"product_brand":[183],"product_cat":[180],"product_tag":[],"class_list":{"0":"post-12909","1":"product","2":"type-product","3":"status-publish","4":"has-post-thumbnail","6":"product_brand-aquareef","7":"product_cat-aydinlatma-sistemleri","9":"first","10":"instock","11":"featured","12":"shipping-taxable","13":"purchasable","14":"product-type-simple"},"brands":[],"_links":{"self":[{"href":"https:\/\/aquabluebursa.com\/en\/wp-json\/wp\/v2\/product\/12909","targetHints":{"allow":["GET"]}}],"collection":[{"href":"https:\/\/aquabluebursa.com\/en\/wp-json\/wp\/v2\/product"}],"about":[{"href":"https:\/\/aquabluebursa.com\/en\/wp-json\/wp\/v2\/types\/product"}],"replies":[{"embeddable":true,"href":"https:\/\/aquabluebursa.com\/en\/wp-json\/wp\/v2\/comments?post=12909"}],"wp:featuredmedia":[{"embeddable":true,"href":"https:\/\/aquabluebursa.com\/en\/wp-json\/wp\/v2\/media\/12910"}],"wp:attachment":[{"href":"https:\/\/aquabluebursa.com\/en\/wp-json\/wp\/v2\/media?parent=12909"}],"wp:term":[{"taxonomy":"pwb-brand","embeddable":true,"href":"https:\/\/aquabluebursa.com\/en\/wp-json\/wp\/v2\/pwb-brand?post=12909"},{"taxonomy":"product_brand","embeddable":true,"href":"https:\/\/aquabluebursa.com\/en\/wp-json\/wp\/v2\/product_brand?post=12909"},{"taxonomy":"product_cat","embeddable":true,"href":"https:\/\/aquabluebursa.com\/en\/wp-json\/wp\/v2\/product_cat?post=12909"},{"taxonomy":"product_tag","embeddable":true,"href":"https:\/\/aquabluebursa.com\/en\/wp-json\/wp\/v2\/product_tag?post=12909"}],"curies":[{"name":"wp","href":"https:\/\/api.w.org\/{rel}","templated":true}]}}