{"id":12925,"date":"2026-03-03T21:39:20","date_gmt":"2026-03-03T21:39:20","guid":{"rendered":"https:\/\/aquabluebursa.com\/?post_type=product&#038;p=12925"},"modified":"2026-03-03T21:45:13","modified_gmt":"2026-03-03T21:45:13","slug":"aquareef-f-serisi-metal-teleskopik-ayak-takimi","status":"publish","type":"product","link":"https:\/\/aquabluebursa.com\/en\/magaza\/aydinlatma-sistemleri\/aquareef-f-serisi-metal-teleskopik-ayak-takimi\/","title":{"rendered":"AquaReef F Serisi &#8211; Metal Teleskopik Ayak Tak\u0131m\u0131"},"content":{"rendered":"<p>AquaReef Marka F Serisi  Armat\u00fcrlere Uygun<\/p>\n<p>Uyumlu Modeller<\/p>\n<p>&#8211; F Serisi tamam\u0131 <\/p>","protected":false},"excerpt":{"rendered":"<p>AquaReef Marka F Serisi Armat\u00fcrlere Uygun Uyumlu Modeller &#8211; F Serisi tamam\u0131<\/p>","protected":false},"featured_media":12926,"comment_status":"open","ping_status":"closed","template":"","meta":[],"pwb-brand":[],"product_brand":[183],"product_cat":[180],"product_tag":[],"class_list":{"0":"post-12925","1":"product","2":"type-product","3":"status-publish","4":"has-post-thumbnail","6":"product_brand-aquareef","7":"product_cat-aydinlatma-sistemleri","9":"first","10":"instock","11":"featured","12":"shipping-taxable","13":"purchasable","14":"product-type-simple"},"brands":[],"_links":{"self":[{"href":"https:\/\/aquabluebursa.com\/en\/wp-json\/wp\/v2\/product\/12925","targetHints":{"allow":["GET"]}}],"collection":[{"href":"https:\/\/aquabluebursa.com\/en\/wp-json\/wp\/v2\/product"}],"about":[{"href":"https:\/\/aquabluebursa.com\/en\/wp-json\/wp\/v2\/types\/product"}],"replies":[{"embeddable":true,"href":"https:\/\/aquabluebursa.com\/en\/wp-json\/wp\/v2\/comments?post=12925"}],"wp:featuredmedia":[{"embeddable":true,"href":"https:\/\/aquabluebursa.com\/en\/wp-json\/wp\/v2\/media\/12926"}],"wp:attachment":[{"href":"https:\/\/aquabluebursa.com\/en\/wp-json\/wp\/v2\/media?parent=12925"}],"wp:term":[{"taxonomy":"pwb-brand","embeddable":true,"href":"https:\/\/aquabluebursa.com\/en\/wp-json\/wp\/v2\/pwb-brand?post=12925"},{"taxonomy":"product_brand","embeddable":true,"href":"https:\/\/aquabluebursa.com\/en\/wp-json\/wp\/v2\/product_brand?post=12925"},{"taxonomy":"product_cat","embeddable":true,"href":"https:\/\/aquabluebursa.com\/en\/wp-json\/wp\/v2\/product_cat?post=12925"},{"taxonomy":"product_tag","embeddable":true,"href":"https:\/\/aquabluebursa.com\/en\/wp-json\/wp\/v2\/product_tag?post=12925"}],"curies":[{"name":"wp","href":"https:\/\/api.w.org\/{rel}","templated":true}]}}